{"id":5025,"date":"2025-11-03T08:51:22","date_gmt":"2025-11-03T08:51:22","guid":{"rendered":"https:\/\/www.lovinghomecollection.com\/?post_type=product&#038;p=5025"},"modified":"2025-11-19T08:41:53","modified_gmt":"2025-11-19T08:41:53","slug":"white-ceramic-vase-wholesale","status":"publish","type":"product","link":"https:\/\/www.lovinghomecollection.com\/es\/producto\/white-ceramic-vase-wholesale\/","title":{"rendered":"Delicado jarr\u00f3n de cer\u00e1mica blanca al por mayor con encaje en relieve"},"content":{"rendered":"<div class=\"wp-block-columns is-layout-flex wp-container-core-columns-is-layout-9d6595d7 wp-block-columns-is-layout-flex\">\n<div class=\"wp-block-column is-layout-flow wp-block-column-is-layout-flow\" style=\"flex-basis:60%\">\n<h2 class=\"wp-block-heading\">Caracter\u00edsticas del jarr\u00f3n de cer\u00e1mica blanca premium al por mayor:<\/h2>\n\n\n\n<ul class=\"wp-block-list\">\n<li><strong>Grabado en encaje: <\/strong>Estos jarrones de cer\u00e1mica blanca al por mayor utilizan una sofisticada tecnolog\u00eda de relieve para reproducir patrones de encaje tridimensionales, resaltando las capas bajo la luz y las sombras, lo que los convierte en elegantes elementos decorativos incluso sin arreglos florales.<\/li>\n\n\n\n<li><strong>Servicio de personalizaci\u00f3n multicolor:<\/strong> Adem\u00e1s del cl\u00e1sico blanco, nuestros jarrones para flores a granel admiten combinaciones de colores personalizadas, como los colores Morandi y los colores macaron, que combinan f\u00e1cilmente con diferentes estilos de escenarios e im\u00e1genes de marca.<\/li>\n\n\n\n<li><strong>Dise\u00f1o vers\u00e1til de la botella: <\/strong>Nuestros jarrones de cer\u00e1mica blanca al por mayor son resistentes y f\u00e1ciles de decorar con flores, adecuados tanto para flores sueltas como para ramos densos, y satisfacen las necesidades diarias de exposici\u00f3n de florister\u00edas y hoteles.<\/li>\n\n\n\n<li><strong>Cooperaci\u00f3n flexible al por mayor: <\/strong>Nuestros jarrones para flores al por mayor aceptan colores mixtos y pedidos por lotes, y ofrecen servicios de grabado de logotipos y personalizaci\u00f3n de embalajes para ayudar a las marcas florales y a las empresas de regalos a crear productos diferenciados.<\/li>\n<\/ul>\n<\/div>\n\n\n\n<div class=\"wp-block-column is-layout-flow wp-block-column-is-layout-flow\" style=\"flex-basis:40%\">\n<figure class=\"wp-block-image size-full\"><img decoding=\"async\" width=\"523\" height=\"523\" src=\"https:\/\/www.lovinghomecollection.com\/wp-content\/uploads\/2025\/11\/Delicate-White-Ceramic-Vase-Wholesale-with-Lace-Embossing-2.webp\" alt=\"Vaso de cer\u00e1mica blanca delicada al por mayor con relieve de encaje-2\" class=\"wp-image-5027\" srcset=\"https:\/\/www.lovinghomecollection.com\/wp-content\/uploads\/2025\/11\/Delicate-White-Ceramic-Vase-Wholesale-with-Lace-Embossing-2.webp 523w, https:\/\/www.lovinghomecollection.com\/wp-content\/uploads\/2025\/11\/Delicate-White-Ceramic-Vase-Wholesale-with-Lace-Embossing-2-300x300.webp 300w, https:\/\/www.lovinghomecollection.com\/wp-content\/uploads\/2025\/11\/Delicate-White-Ceramic-Vase-Wholesale-with-Lace-Embossing-2-150x150.webp 150w, https:\/\/www.lovinghomecollection.com\/wp-content\/uploads\/2025\/11\/Delicate-White-Ceramic-Vase-Wholesale-with-Lace-Embossing-2-12x12.webp 12w, https:\/\/www.lovinghomecollection.com\/wp-content\/uploads\/2025\/11\/Delicate-White-Ceramic-Vase-Wholesale-with-Lace-Embossing-2-100x100.webp 100w\" sizes=\"(max-width: 523px) 100vw, 523px\" \/><\/figure>\n<\/div>\n<\/div>\n\n\n\n<p><\/p>","protected":false},"excerpt":{"rendered":"<p>Bienvenido a la compra al por mayor de jarrones para flores. Nuestros jarrones de cer\u00e1mica blanca al por mayor presentan un delicado relieve de encaje, lo que le da a la botella una textura tridimensional y exquisita. La forma de la botella es sencilla y elegante, y se puede personalizar en varios colores.<\/p>\n<table style=\"border-collapse: collapse; width: 338.02pt;\" border=\"0\" width=\"338\" cellspacing=\"0\" cellpadding=\"0\">\n<tbody>\n<tr style=\"height: 18.00pt;\">\n<td class=\"et3\" style=\"height: 18.00pt; width: 124.50pt;\" width=\"124\" height=\"18\">Fabricante<\/td>\n<td class=\"et3\" style=\"width: 214.40pt;\" width=\"214\">Un hogar lleno de amor<\/td>\n<\/tr>\n<tr style=\"height: 18.00pt;\">\n<td class=\"et3\" style=\"height: 18.00pt; width: 124.50pt;\" width=\"124\" height=\"18\">Tipo de producto<\/td>\n<td class=\"et4\" style=\"width: 214.40pt;\" width=\"214\">Esencia de encaje<\/td>\n<\/tr>\n<tr style=\"height: 18.00pt;\">\n<td class=\"et3\" style=\"height: 18.00pt; width: 124.50pt;\" width=\"124\" height=\"18\">Material<\/td>\n<td class=\"et3\" style=\"width: 214.40pt;\" width=\"214\">Porcelana resistente<\/td>\n<\/tr>\n<tr style=\"height: 18.00pt;\">\n<td class=\"et3\" style=\"height: 18.00pt; width: 124.50pt;\" width=\"124\" height=\"18\">Dimensi\u00f3n<\/td>\n<td class=\"et3\" style=\"width: 214.40pt;\" width=\"214\">Como imagen detallada<\/td>\n<\/tr>\n<tr style=\"height: 18.00pt;\">\n<td class=\"et3\" style=\"height: 18.00pt; width: 124.50pt;\" width=\"124\" height=\"18\">Unidades de venta<\/td>\n<td class=\"et3\" style=\"width: 214.40pt;\" width=\"214\">Art\u00edculo \u00fanico<\/td>\n<\/tr>\n<tr style=\"height: 18.00pt;\">\n<td class=\"et3\" style=\"height: 18.00pt; width: 124.50pt;\" width=\"124\" height=\"18\">MOQ<\/td>\n<td class=\"et3\" style=\"width: 214.40pt;\" width=\"214\">1200 unid. por art\u00edculo<\/td>\n<\/tr>\n<tr style=\"height: 18.00pt;\">\n<td class=\"et3\" style=\"height: 18.00pt; width: 124.50pt;\" width=\"124\" height=\"18\">Opci\u00f3n personalizada<\/td>\n<td class=\"et3\" style=\"width: 214.40pt;\" width=\"214\">Color\/Tama\u00f1o\/Glaseado\/Logotipo\/Embalaje<\/td>\n<\/tr>\n<\/tbody>\n<\/table>","protected":false},"featured_media":5026,"comment_status":"closed","ping_status":"closed","template":"","meta":{"_acf_changed":false},"product_brand":[],"product_cat":[21,50],"product_tag":[],"class_list":{"0":"post-5025","1":"product","2":"type-product","3":"status-publish","4":"has-post-thumbnail","6":"product_cat-ceramic-vases-bulk","7":"product_cat-wholesale-vases-and-pots","9":"first","10":"instock","11":"shipping-taxable","12":"product-type-simple"},"acf":[],"_links":{"self":[{"href":"https:\/\/www.lovinghomecollection.com\/es\/wp-json\/wp\/v2\/product\/5025","targetHints":{"allow":["GET"]}}],"collection":[{"href":"https:\/\/www.lovinghomecollection.com\/es\/wp-json\/wp\/v2\/product"}],"about":[{"href":"https:\/\/www.lovinghomecollection.com\/es\/wp-json\/wp\/v2\/types\/product"}],"replies":[{"embeddable":true,"href":"https:\/\/www.lovinghomecollection.com\/es\/wp-json\/wp\/v2\/comments?post=5025"}],"wp:featuredmedia":[{"embeddable":true,"href":"https:\/\/www.lovinghomecollection.com\/es\/wp-json\/wp\/v2\/media\/5026"}],"wp:attachment":[{"href":"https:\/\/www.lovinghomecollection.com\/es\/wp-json\/wp\/v2\/media?parent=5025"}],"wp:term":[{"taxonomy":"product_brand","embeddable":true,"href":"https:\/\/www.lovinghomecollection.com\/es\/wp-json\/wp\/v2\/product_brand?post=5025"},{"taxonomy":"product_cat","embeddable":true,"href":"https:\/\/www.lovinghomecollection.com\/es\/wp-json\/wp\/v2\/product_cat?post=5025"},{"taxonomy":"product_tag","embeddable":true,"href":"https:\/\/www.lovinghomecollection.com\/es\/wp-json\/wp\/v2\/product_tag?post=5025"}],"curies":[{"name":"wp","href":"https:\/\/api.w.org\/{rel}","templated":true}]}}