{"id":4841,"date":"2025-09-23T07:45:06","date_gmt":"2025-09-23T07:45:06","guid":{"rendered":"https:\/\/www.lovinghomecollection.com\/?post_type=product&#038;p=4841"},"modified":"2025-11-17T09:13:38","modified_gmt":"2025-11-17T09:13:38","slug":"color-dinner-set-wholesale","status":"publish","type":"product","link":"https:\/\/www.lovinghomecollection.com\/es\/producto\/color-dinner-set-wholesale\/","title":{"rendered":"Vajilla de color al por mayor con motivos de caras de \u00f3pera china"},"content":{"rendered":"<div class=\"wp-block-columns is-layout-flex wp-container-core-columns-is-layout-9d6595d7 wp-block-columns-is-layout-flex\">\n<div class=\"wp-block-column is-layout-flow wp-block-column-is-layout-flow\" style=\"flex-basis:60%\">\n<h2 class=\"wp-block-heading\">Premium Color Vajilla al por mayor Caracter\u00edsticas:<\/h2>\n\n\n\n<ul class=\"wp-block-list\">\n<li><strong>Patrimonio Cultural Inmaterial de la \u00d3pera Maquillaje facial: <\/strong>Esta vajilla de colores al por mayor se inspira en el maquillaje facial cl\u00e1sico de la \u00d3pera de Pek\u00edn, con diferentes colores y motivos que corresponden a personajes espec\u00edficos, imbuyendo a la vajilla de una profunda narrativa cultural.<\/li>\n\n\n\n<li><strong>Artesan\u00eda pintada a mano y coleccionismo art\u00edstico: <\/strong>Estas vajillas de porcelana a granel se fabrican mediante t\u00e9cnicas de dibujo y coloreado a mano que proporcionan delicadas aplicaciones de pinceladas con colores vibrantes, lo que significa que cada pieza puede considerarse un coleccionable funcional y art\u00edstico.<\/li>\n\n\n\n<li><strong>Material cer\u00e1mico reforzado y rendimiento pr\u00e1ctico: <\/strong>Nuestra vajilla de colores al por mayor se cuece a 1280\u00b0C, lo que da como resultado una porcelana de alta densidad y un esmalte resistente al desgaste. Son aptas para microondas y lavavajillas, y satisfacen las exigencias de eficacia y durabilidad de la cocina moderna.<\/li>\n\n\n\n<li><strong>Juego completo y adaptabilidad tem\u00e1tica: <\/strong>Nuestra vajilla de porcelana a granel incluye platos redondos, soperas, platos para condimentos y mucho m\u00e1s. Todos los art\u00edculos mantienen un tema oper\u00edstico unificado, creando f\u00e1cilmente una experiencia gastron\u00f3mica cultural envolvente.<\/li>\n\n\n\n<li><strong>Venta al por mayor personalizada y apoyo a la promoci\u00f3n cultural: <\/strong>Esta vajilla de colores al por mayor admite el grabado de logotipos corporativos, envases de regalo personalizados y materiales de marketing que incorporan informaci\u00f3n sobre el trasfondo cultural de la \u00f3pera, lo que ayuda a los clientes a crear una l\u00ednea de productos de propiedad intelectual cultural diferenciada.<\/li>\n<\/ul>\n<\/div>\n\n\n\n<div class=\"wp-block-column is-layout-flow wp-block-column-is-layout-flow\">\n<figure class=\"wp-block-image size-full\"><img decoding=\"async\" width=\"1200\" height=\"1200\" src=\"https:\/\/www.lovinghomecollection.com\/wp-content\/uploads\/2025\/09\/Color-Dinner-Set-Wholesale-With-Chinese-Opera-Faces-Patterns-4.webp\" alt=\"Vajilla De Color Al Por Mayor Con Caras De Opera China Patrones-4\" class=\"wp-image-4845\" srcset=\"https:\/\/www.lovinghomecollection.com\/wp-content\/uploads\/2025\/09\/Color-Dinner-Set-Wholesale-With-Chinese-Opera-Faces-Patterns-4.webp 1200w, https:\/\/www.lovinghomecollection.com\/wp-content\/uploads\/2025\/09\/Color-Dinner-Set-Wholesale-With-Chinese-Opera-Faces-Patterns-4-300x300.webp 300w, https:\/\/www.lovinghomecollection.com\/wp-content\/uploads\/2025\/09\/Color-Dinner-Set-Wholesale-With-Chinese-Opera-Faces-Patterns-4-150x150.webp 150w, https:\/\/www.lovinghomecollection.com\/wp-content\/uploads\/2025\/09\/Color-Dinner-Set-Wholesale-With-Chinese-Opera-Faces-Patterns-4-768x768.webp 768w, https:\/\/www.lovinghomecollection.com\/wp-content\/uploads\/2025\/09\/Color-Dinner-Set-Wholesale-With-Chinese-Opera-Faces-Patterns-4-12x12.webp 12w, https:\/\/www.lovinghomecollection.com\/wp-content\/uploads\/2025\/09\/Color-Dinner-Set-Wholesale-With-Chinese-Opera-Faces-Patterns-4-600x600.webp 600w, https:\/\/www.lovinghomecollection.com\/wp-content\/uploads\/2025\/09\/Color-Dinner-Set-Wholesale-With-Chinese-Opera-Faces-Patterns-4-100x100.webp 100w\" sizes=\"(max-width: 1200px) 100vw, 1200px\" \/><\/figure>\n<\/div>\n<\/div>\n\n\n\n<h2 class=\"wp-block-heading has-text-align-center\">Mostrar productos de Juego de vajilla de colores de caras de \u00f3pera al por mayor<\/h2>\n\n\n\n<div class=\"wp-block-columns is-layout-flex wp-container-core-columns-is-layout-9d6595d7 wp-block-columns-is-layout-flex\">\n<div class=\"wp-block-column is-layout-flow wp-block-column-is-layout-flow\">\n<figure class=\"wp-block-image size-full\"><img decoding=\"async\" width=\"1754\" height=\"1240\" src=\"https:\/\/www.lovinghomecollection.com\/wp-content\/uploads\/2025\/09\/Color-Dinner-Set-Wholesale-With-Chinese-Opera-Faces-Patterns-9.webp\" alt=\"Vajilla De Color Al Por Mayor Con Caras De Opera China Patrones-9\" class=\"wp-image-4850\" srcset=\"https:\/\/www.lovinghomecollection.com\/wp-content\/uploads\/2025\/09\/Color-Dinner-Set-Wholesale-With-Chinese-Opera-Faces-Patterns-9.webp 1754w, https:\/\/www.lovinghomecollection.com\/wp-content\/uploads\/2025\/09\/Color-Dinner-Set-Wholesale-With-Chinese-Opera-Faces-Patterns-9-300x212.webp 300w, https:\/\/www.lovinghomecollection.com\/wp-content\/uploads\/2025\/09\/Color-Dinner-Set-Wholesale-With-Chinese-Opera-Faces-Patterns-9-768x543.webp 768w, https:\/\/www.lovinghomecollection.com\/wp-content\/uploads\/2025\/09\/Color-Dinner-Set-Wholesale-With-Chinese-Opera-Faces-Patterns-9-18x12.webp 18w, https:\/\/www.lovinghomecollection.com\/wp-content\/uploads\/2025\/09\/Color-Dinner-Set-Wholesale-With-Chinese-Opera-Faces-Patterns-9-1200x848.webp 1200w, https:\/\/www.lovinghomecollection.com\/wp-content\/uploads\/2025\/09\/Color-Dinner-Set-Wholesale-With-Chinese-Opera-Faces-Patterns-9-600x424.webp 600w\" sizes=\"(max-width: 1754px) 100vw, 1754px\" \/><\/figure>\n<\/div>\n\n\n\n<div class=\"wp-block-column is-layout-flow wp-block-column-is-layout-flow\">\n<figure class=\"wp-block-image size-full\"><img decoding=\"async\" width=\"1754\" height=\"1240\" src=\"https:\/\/www.lovinghomecollection.com\/wp-content\/uploads\/2025\/09\/Color-Dinner-Set-Wholesale-With-Chinese-Opera-Faces-Patterns-10.webp\" alt=\"Vajilla De Color Al Por Mayor Con Caras De Opera China Patrones-10\" class=\"wp-image-4851\" srcset=\"https:\/\/www.lovinghomecollection.com\/wp-content\/uploads\/2025\/09\/Color-Dinner-Set-Wholesale-With-Chinese-Opera-Faces-Patterns-10.webp 1754w, https:\/\/www.lovinghomecollection.com\/wp-content\/uploads\/2025\/09\/Color-Dinner-Set-Wholesale-With-Chinese-Opera-Faces-Patterns-10-300x212.webp 300w, https:\/\/www.lovinghomecollection.com\/wp-content\/uploads\/2025\/09\/Color-Dinner-Set-Wholesale-With-Chinese-Opera-Faces-Patterns-10-768x543.webp 768w, https:\/\/www.lovinghomecollection.com\/wp-content\/uploads\/2025\/09\/Color-Dinner-Set-Wholesale-With-Chinese-Opera-Faces-Patterns-10-18x12.webp 18w, https:\/\/www.lovinghomecollection.com\/wp-content\/uploads\/2025\/09\/Color-Dinner-Set-Wholesale-With-Chinese-Opera-Faces-Patterns-10-1200x848.webp 1200w, https:\/\/www.lovinghomecollection.com\/wp-content\/uploads\/2025\/09\/Color-Dinner-Set-Wholesale-With-Chinese-Opera-Faces-Patterns-10-600x424.webp 600w\" sizes=\"(max-width: 1754px) 100vw, 1754px\" \/><\/figure>\n<\/div>\n<\/div>","protected":false},"excerpt":{"rendered":"<p>Bienvenido a comprar vajilla de porcelana al por mayor. Esta vajilla de color al por mayor combina maravillosamente los elementos tradicionales de maquillaje facial de la \u00f3pera china con el dise\u00f1o moderno de vajilla, que presentar\u00e1 su encanto de estilo oriental.<\/p>\n<table style=\"border-collapse: collapse; width: 338.02pt;\" border=\"0\" width=\"338\" cellspacing=\"0\" cellpadding=\"0\">\n<tbody>\n<tr style=\"height: 18.00pt;\">\n<td class=\"et3\" style=\"height: 18.00pt; width: 124.50pt;\" width=\"124\" height=\"18\">Fabricante<\/td>\n<td class=\"et3\" style=\"width: 214.40pt;\" width=\"214\">Un hogar lleno de amor<\/td>\n<\/tr>\n<tr style=\"height: 18.00pt;\">\n<td class=\"et3\" style=\"height: 18.00pt; width: 124.50pt;\" width=\"124\" height=\"18\">Nombre de la colecci\u00f3n<\/td>\n<td class=\"et4\" style=\"width: 214.40pt;\" width=\"214\">Caras de \u00f3pera<\/td>\n<\/tr>\n<tr style=\"height: 18.00pt;\">\n<td class=\"et3\" style=\"height: 18.00pt; width: 124.50pt;\" width=\"124\" height=\"18\">Utilizaci\u00f3n<\/td>\n<td class=\"et3\" style=\"width: 214.40pt;\" width=\"214\">Hogar, Restaurante, Hotel<\/td>\n<\/tr>\n<tr style=\"height: 36.00pt;\">\n<td class=\"et3\" style=\"height: 36.00pt; width: 124.50pt;\" width=\"124\" height=\"36\">Tipo de vajilla<\/td>\n<td class=\"et3\" style=\"width: 214.40pt;\" width=\"214\">Plato, Cuenco, Tetera, Cremera, Azucarero, Taza y Plato, Taza<\/td>\n<\/tr>\n<tr style=\"height: 18.00pt;\">\n<td class=\"et3\" style=\"height: 18.00pt; width: 124.50pt;\" width=\"124\" height=\"18\">Material<\/td>\n<td class=\"et3\" style=\"width: 214.40pt;\" width=\"214\">Porcelana resistente<\/td>\n<\/tr>\n<tr style=\"height: 18.00pt;\">\n<td class=\"et3\" style=\"height: 18.00pt; width: 124.50pt;\" width=\"124\" height=\"18\">Dimensi\u00f3n<\/td>\n<td class=\"et3\" style=\"width: 214.40pt;\" width=\"214\">Como imagen detallada<\/td>\n<\/tr>\n<tr style=\"height: 18.00pt;\">\n<td class=\"et3\" style=\"height: 18.00pt; width: 124.50pt;\" width=\"124\" height=\"18\">Unidades de venta<\/td>\n<td class=\"et3\" style=\"width: 214.40pt;\" width=\"214\">Art\u00edculo \u00fanico<\/td>\n<\/tr>\n<tr style=\"height: 18.00pt;\">\n<td class=\"et3\" style=\"height: 18.00pt; width: 124.50pt;\" width=\"124\" height=\"18\">MOQ<\/td>\n<td class=\"et3\" style=\"width: 214.40pt;\" width=\"214\">1200 unid. por art\u00edculo<\/td>\n<\/tr>\n<tr style=\"height: 18.00pt;\">\n<td class=\"et3\" style=\"height: 18.00pt; width: 124.50pt;\" width=\"124\" height=\"18\">Opci\u00f3n personalizada<\/td>\n<td class=\"et3\" style=\"width: 214.40pt;\" width=\"214\">Color\/Tama\u00f1o\/Glaseado\/Logotipo\/Embalaje<\/td>\n<\/tr>\n<\/tbody>\n<\/table>","protected":false},"featured_media":4843,"comment_status":"closed","ping_status":"closed","template":"","meta":{"_acf_changed":false},"product_brand":[],"product_cat":[19],"product_tag":[25,39,27,26],"class_list":{"0":"post-4841","1":"product","2":"type-product","3":"status-publish","4":"has-post-thumbnail","6":"product_cat-dinnerware-wholesale","7":"product_tag-wholesale-plates-and-bowls","8":"product_tag-sugar-jars-wholesale","9":"product_tag-wholesale-tea-cups-and-saucers","10":"product_tag-wholesale-teapots","12":"first","13":"instock","14":"shipping-taxable","15":"product-type-simple"},"acf":[],"_links":{"self":[{"href":"https:\/\/www.lovinghomecollection.com\/es\/wp-json\/wp\/v2\/product\/4841","targetHints":{"allow":["GET"]}}],"collection":[{"href":"https:\/\/www.lovinghomecollection.com\/es\/wp-json\/wp\/v2\/product"}],"about":[{"href":"https:\/\/www.lovinghomecollection.com\/es\/wp-json\/wp\/v2\/types\/product"}],"replies":[{"embeddable":true,"href":"https:\/\/www.lovinghomecollection.com\/es\/wp-json\/wp\/v2\/comments?post=4841"}],"wp:featuredmedia":[{"embeddable":true,"href":"https:\/\/www.lovinghomecollection.com\/es\/wp-json\/wp\/v2\/media\/4843"}],"wp:attachment":[{"href":"https:\/\/www.lovinghomecollection.com\/es\/wp-json\/wp\/v2\/media?parent=4841"}],"wp:term":[{"taxonomy":"product_brand","embeddable":true,"href":"https:\/\/www.lovinghomecollection.com\/es\/wp-json\/wp\/v2\/product_brand?post=4841"},{"taxonomy":"product_cat","embeddable":true,"href":"https:\/\/www.lovinghomecollection.com\/es\/wp-json\/wp\/v2\/product_cat?post=4841"},{"taxonomy":"product_tag","embeddable":true,"href":"https:\/\/www.lovinghomecollection.com\/es\/wp-json\/wp\/v2\/product_tag?post=4841"}],"curies":[{"name":"wp","href":"https:\/\/api.w.org\/{rel}","templated":true}]}}