{"id":4830,"date":"2025-09-23T07:07:14","date_gmt":"2025-09-23T07:07:14","guid":{"rendered":"https:\/\/www.lovinghomecollection.com\/?post_type=product&#038;p=4830"},"modified":"2026-01-30T09:21:00","modified_gmt":"2026-01-30T09:21:00","slug":"colorful-dinner-set-wholesale","status":"publish","type":"product","link":"https:\/\/www.lovinghomecollection.com\/es\/producto\/colorful-dinner-set-wholesale\/","title":{"rendered":"Vajilla de colores al por mayor, Vajilla de flores pintada a mano"},"content":{"rendered":"<div class=\"wp-block-columns is-layout-flex wp-container-core-columns-is-layout-9d6595d7 wp-block-columns-is-layout-flex\">\n<div class=\"wp-block-column is-layout-flow wp-block-column-is-layout-flow\" style=\"flex-basis:60%\">\n<h2 class=\"wp-block-heading\">Juego de vajilla colorida de primera calidad al por mayor Caracter\u00edsticas:<\/h2>\n\n\n\n<ul class=\"wp-block-list\">\n<li><strong>Textura art\u00edstica pintada a mano con acuarela: <\/strong>Nuestros coloridos juegos de vajilla al por mayor est\u00e1n pintados a mano con motivos florales, creando un efecto degradado de acuarela natural y vibrante, lo que hace que la vajilla sea tanto coleccionable como pr\u00e1ctica.<\/li>\n\n\n\n<li><strong>Coordinaci\u00f3n de formato completo: <\/strong>Nuestra vajilla a granel ofrece m\u00e1s de 10 formas, incluyendo platos llanos, cuencos para sopa y tazas de t\u00e9, todos con un color y un dise\u00f1o uniformes, lo que facilita su combinaci\u00f3n con cualquier mesa de comedor.<\/li>\n\n\n\n<li><strong>Porcelana de alta calidad:<\/strong> Este colorido juego de vajilla al por mayor est\u00e1 fabricado con arcilla porcel\u00e1nica reforzada a alta temperatura, lo que le confiere una textura fina y duradera. Es apto para microondas, lavavajillas y horno, lo que garantiza tanto su atractivo est\u00e9tico como su durabilidad en el uso diario.<\/li>\n\n\n\n<li><strong>Coordinaci\u00f3n de m\u00faltiples temas de color: <\/strong>Nuestra vajilla a granel ofrece una variedad de opciones de colores, cada uno con un dise\u00f1o floral a juego para satisfacer diversas necesidades decorativas.<\/li>\n\n\n\n<li><strong>Soluciones al por mayor y personalizadas: <\/strong>Nuestro colorido juego de vajilla al por mayor admite logotipos, personalizaci\u00f3n de envases y compras combinadas, lo que proporciona soluciones de suministro flexibles, desde peque\u00f1os juegos de regalo hasta grandes compras para hoteles.<\/li>\n<\/ul>\n<\/div>\n\n\n\n<div class=\"wp-block-column is-layout-flow wp-block-column-is-layout-flow\">\n<figure class=\"wp-block-image size-full\"><img decoding=\"async\" width=\"1200\" height=\"1200\" src=\"https:\/\/www.lovinghomecollection.com\/wp-content\/uploads\/2025\/09\/Colorful-Dinner-Set-Wholesale-Hand-Painted-Flower-Tableware-7.webp\" alt=\"Juego de vajilla colorida al por mayor, vajilla con flores pintadas a mano-7\" class=\"wp-image-4837\" srcset=\"https:\/\/www.lovinghomecollection.com\/wp-content\/uploads\/2025\/09\/Colorful-Dinner-Set-Wholesale-Hand-Painted-Flower-Tableware-7.webp 1200w, https:\/\/www.lovinghomecollection.com\/wp-content\/uploads\/2025\/09\/Colorful-Dinner-Set-Wholesale-Hand-Painted-Flower-Tableware-7-300x300.webp 300w, https:\/\/www.lovinghomecollection.com\/wp-content\/uploads\/2025\/09\/Colorful-Dinner-Set-Wholesale-Hand-Painted-Flower-Tableware-7-150x150.webp 150w, https:\/\/www.lovinghomecollection.com\/wp-content\/uploads\/2025\/09\/Colorful-Dinner-Set-Wholesale-Hand-Painted-Flower-Tableware-7-768x768.webp 768w, https:\/\/www.lovinghomecollection.com\/wp-content\/uploads\/2025\/09\/Colorful-Dinner-Set-Wholesale-Hand-Painted-Flower-Tableware-7-12x12.webp 12w, https:\/\/www.lovinghomecollection.com\/wp-content\/uploads\/2025\/09\/Colorful-Dinner-Set-Wholesale-Hand-Painted-Flower-Tableware-7-600x600.webp 600w, https:\/\/www.lovinghomecollection.com\/wp-content\/uploads\/2025\/09\/Colorful-Dinner-Set-Wholesale-Hand-Painted-Flower-Tableware-7-100x100.webp 100w\" sizes=\"(max-width: 1200px) 100vw, 1200px\" \/><\/figure>\n<\/div>\n<\/div>\n\n\n\n<h2 class=\"wp-block-heading has-text-align-center\">Exposici\u00f3n del producto: Juego de vajilla colorida Aquarelle Garden al por mayor<\/h2>\n\n\n\n<div class=\"wp-block-columns is-layout-flex wp-container-core-columns-is-layout-9d6595d7 wp-block-columns-is-layout-flex\">\n<div class=\"wp-block-column is-layout-flow wp-block-column-is-layout-flow\">\n<figure class=\"wp-block-image size-full\"><img decoding=\"async\" width=\"1754\" height=\"1240\" src=\"https:\/\/www.lovinghomecollection.com\/wp-content\/uploads\/2025\/09\/Colorful-Dinner-Set-Wholesale-Hand-Painted-Flower-Tableware-8.webp\" alt=\"Juego de vajilla colorida al por mayor, vajilla con flores pintadas a mano-8\" class=\"wp-image-4838\" srcset=\"https:\/\/www.lovinghomecollection.com\/wp-content\/uploads\/2025\/09\/Colorful-Dinner-Set-Wholesale-Hand-Painted-Flower-Tableware-8.webp 1754w, https:\/\/www.lovinghomecollection.com\/wp-content\/uploads\/2025\/09\/Colorful-Dinner-Set-Wholesale-Hand-Painted-Flower-Tableware-8-300x212.webp 300w, https:\/\/www.lovinghomecollection.com\/wp-content\/uploads\/2025\/09\/Colorful-Dinner-Set-Wholesale-Hand-Painted-Flower-Tableware-8-768x543.webp 768w, https:\/\/www.lovinghomecollection.com\/wp-content\/uploads\/2025\/09\/Colorful-Dinner-Set-Wholesale-Hand-Painted-Flower-Tableware-8-18x12.webp 18w, https:\/\/www.lovinghomecollection.com\/wp-content\/uploads\/2025\/09\/Colorful-Dinner-Set-Wholesale-Hand-Painted-Flower-Tableware-8-1200x848.webp 1200w, https:\/\/www.lovinghomecollection.com\/wp-content\/uploads\/2025\/09\/Colorful-Dinner-Set-Wholesale-Hand-Painted-Flower-Tableware-8-600x424.webp 600w\" sizes=\"(max-width: 1754px) 100vw, 1754px\" \/><\/figure>\n<\/div>\n\n\n\n<div class=\"wp-block-column is-layout-flow wp-block-column-is-layout-flow\">\n<figure class=\"wp-block-image size-full\"><img decoding=\"async\" width=\"1754\" height=\"1240\" src=\"https:\/\/www.lovinghomecollection.com\/wp-content\/uploads\/2025\/09\/Colorful-Dinner-Set-Wholesale-Hand-Painted-Flower-Tableware-9.webp\" alt=\"Juego de vajilla colorida al por mayor, vajilla con flores pintadas a mano-9\" class=\"wp-image-4839\" srcset=\"https:\/\/www.lovinghomecollection.com\/wp-content\/uploads\/2025\/09\/Colorful-Dinner-Set-Wholesale-Hand-Painted-Flower-Tableware-9.webp 1754w, https:\/\/www.lovinghomecollection.com\/wp-content\/uploads\/2025\/09\/Colorful-Dinner-Set-Wholesale-Hand-Painted-Flower-Tableware-9-300x212.webp 300w, https:\/\/www.lovinghomecollection.com\/wp-content\/uploads\/2025\/09\/Colorful-Dinner-Set-Wholesale-Hand-Painted-Flower-Tableware-9-768x543.webp 768w, https:\/\/www.lovinghomecollection.com\/wp-content\/uploads\/2025\/09\/Colorful-Dinner-Set-Wholesale-Hand-Painted-Flower-Tableware-9-18x12.webp 18w, https:\/\/www.lovinghomecollection.com\/wp-content\/uploads\/2025\/09\/Colorful-Dinner-Set-Wholesale-Hand-Painted-Flower-Tableware-9-1200x848.webp 1200w, https:\/\/www.lovinghomecollection.com\/wp-content\/uploads\/2025\/09\/Colorful-Dinner-Set-Wholesale-Hand-Painted-Flower-Tableware-9-600x424.webp 600w\" sizes=\"(max-width: 1754px) 100vw, 1754px\" \/><\/figure>\n<\/div>\n<\/div>","protected":false},"excerpt":{"rendered":"<p>Bienvenido a la compra de vajilla al por mayor. Nuestra colorida vajilla al por mayor, con hermosos dise\u00f1os florales pintados a mano, es \u00fanica y art\u00edstica. Ofrecemos una amplia variedad de formas y colores, desde platos llanos y cuencos de sopa individuales hasta tazas.<\/p>\n<table style=\"border-collapse: collapse; width: 338.02pt;\" border=\"0\" width=\"338\" cellspacing=\"0\" cellpadding=\"0\">\n<tbody>\n<tr style=\"height: 18.00pt;\">\n<td class=\"et3\" style=\"height: 18.00pt; width: 124.50pt;\" width=\"124\" height=\"18\">Fabricante<\/td>\n<td class=\"et3\" style=\"width: 214.40pt;\" width=\"214\">Un hogar lleno de amor<\/td>\n<\/tr>\n<tr style=\"height: 18.00pt;\">\n<td class=\"et3\" style=\"height: 18.00pt; width: 124.50pt;\" width=\"124\" height=\"18\">Nombre de la colecci\u00f3n<\/td>\n<td class=\"et4\" style=\"width: 214.40pt;\" width=\"214\">Jard\u00edn de acuarelas<\/td>\n<\/tr>\n<tr style=\"height: 18.00pt;\">\n<td class=\"et3\" style=\"height: 18.00pt; width: 124.50pt;\" width=\"124\" height=\"18\">Utilizaci\u00f3n<\/td>\n<td class=\"et3\" style=\"width: 214.40pt;\" width=\"214\">Hogar, Restaurante, Hotel<\/td>\n<\/tr>\n<tr style=\"height: 36.00pt;\">\n<td class=\"et3\" style=\"height: 36.00pt; width: 124.50pt;\" width=\"124\" height=\"36\">Tipo de vajilla<\/td>\n<td class=\"et3\" style=\"width: 214.40pt;\" width=\"214\">Plato, bol, bandeja para tartas, taza y platillo, taza grande<\/td>\n<\/tr>\n<tr style=\"height: 18.00pt;\">\n<td class=\"et3\" style=\"height: 18.00pt; width: 124.50pt;\" width=\"124\" height=\"18\">Material<\/td>\n<td class=\"et3\" style=\"width: 214.40pt;\" width=\"214\">Porcelana resistente<\/td>\n<\/tr>\n<tr style=\"height: 18.00pt;\">\n<td class=\"et3\" style=\"height: 18.00pt; width: 124.50pt;\" width=\"124\" height=\"18\">Dimensi\u00f3n<\/td>\n<td class=\"et3\" style=\"width: 214.40pt;\" width=\"214\">Como imagen detallada<\/td>\n<\/tr>\n<tr style=\"height: 18.00pt;\">\n<td class=\"et3\" style=\"height: 18.00pt; width: 124.50pt;\" width=\"124\" height=\"18\">Unidades de venta<\/td>\n<td class=\"et3\" style=\"width: 214.40pt;\" width=\"214\">Art\u00edculo \u00fanico<\/td>\n<\/tr>\n<tr style=\"height: 18.00pt;\">\n<td class=\"et3\" style=\"height: 18.00pt; width: 124.50pt;\" width=\"124\" height=\"18\">MOQ<\/td>\n<td class=\"et3\" style=\"width: 214.40pt;\" width=\"214\">1200 unid. por art\u00edculo<\/td>\n<\/tr>\n<tr style=\"height: 18.00pt;\">\n<td class=\"et3\" style=\"height: 18.00pt; width: 124.50pt;\" width=\"124\" height=\"18\">Opci\u00f3n personalizada<\/td>\n<td class=\"et3\" style=\"width: 214.40pt;\" width=\"214\">Color\/Tama\u00f1o\/Glaseado\/Logotipo\/Embalaje<\/td>\n<\/tr>\n<\/tbody>\n<\/table>","protected":false},"featured_media":4840,"comment_status":"closed","ping_status":"closed","template":"","meta":{"_acf_changed":false},"product_brand":[],"product_cat":[19,47],"product_tag":[37,25,27],"class_list":{"0":"post-4830","1":"product","2":"type-product","3":"status-publish","4":"has-post-thumbnail","6":"product_cat-dinnerware-wholesale","7":"product_cat-lightweight-dinnerware-supplier","8":"product_tag-bulk-cake-stands","9":"product_tag-wholesale-plates-and-bowls","10":"product_tag-wholesale-tea-cups-and-saucers","12":"first","13":"instock","14":"shipping-taxable","15":"product-type-simple"},"acf":[],"_links":{"self":[{"href":"https:\/\/www.lovinghomecollection.com\/es\/wp-json\/wp\/v2\/product\/4830","targetHints":{"allow":["GET"]}}],"collection":[{"href":"https:\/\/www.lovinghomecollection.com\/es\/wp-json\/wp\/v2\/product"}],"about":[{"href":"https:\/\/www.lovinghomecollection.com\/es\/wp-json\/wp\/v2\/types\/product"}],"replies":[{"embeddable":true,"href":"https:\/\/www.lovinghomecollection.com\/es\/wp-json\/wp\/v2\/comments?post=4830"}],"wp:featuredmedia":[{"embeddable":true,"href":"https:\/\/www.lovinghomecollection.com\/es\/wp-json\/wp\/v2\/media\/4840"}],"wp:attachment":[{"href":"https:\/\/www.lovinghomecollection.com\/es\/wp-json\/wp\/v2\/media?parent=4830"}],"wp:term":[{"taxonomy":"product_brand","embeddable":true,"href":"https:\/\/www.lovinghomecollection.com\/es\/wp-json\/wp\/v2\/product_brand?post=4830"},{"taxonomy":"product_cat","embeddable":true,"href":"https:\/\/www.lovinghomecollection.com\/es\/wp-json\/wp\/v2\/product_cat?post=4830"},{"taxonomy":"product_tag","embeddable":true,"href":"https:\/\/www.lovinghomecollection.com\/es\/wp-json\/wp\/v2\/product_tag?post=4830"}],"curies":[{"name":"wp","href":"https:\/\/api.w.org\/{rel}","templated":true}]}}