{"id":4802,"date":"2025-09-18T07:51:11","date_gmt":"2025-09-18T07:51:11","guid":{"rendered":"https:\/\/www.lovinghomecollection.com\/?post_type=product&#038;p=4802"},"modified":"2025-11-11T09:13:14","modified_gmt":"2025-11-11T09:13:14","slug":"wholesale-porcelain-dinner-sets","status":"publish","type":"product","link":"https:\/\/www.lovinghomecollection.com\/es\/producto\/wholesale-porcelain-dinner-sets\/","title":{"rendered":"Mayorista Vajillas de Porcelana, Vajillas Blancas y Marrones"},"content":{"rendered":"<div class=\"wp-block-columns is-layout-flex wp-container-core-columns-is-layout-9d6595d7 wp-block-columns-is-layout-flex\">\n<div class=\"wp-block-column is-layout-flow wp-block-column-is-layout-flow\" style=\"flex-basis:60%\">\n<h2 class=\"wp-block-heading\">Vajillas de porcelana al por mayor de primera calidad Caracter\u00edsticas:<\/h2>\n\n\n\n<ul class=\"wp-block-list\">\n<li><strong>Porcelana de alta calidad<\/strong> - Nuestras vajillas de porcelana al por mayor se fabrican con arcilla fina cocida a alta temperatura, lo que les confiere una estabilidad y durabilidad superiores. Su acabado liso y brillante les confiere un aspecto encantador y un f\u00e1cil mantenimiento.<\/li>\n\n\n\n<li><strong>Combinaci\u00f3n de colores cl\u00e1sica<\/strong> - Los colores blanco y marr\u00f3n de estas vajillas a granel son discretos pero vibrantes, c\u00e1lidos y est\u00e9ticamente encantadores. Combinan a la perfecci\u00f3n con cualquier decoraci\u00f3n y entorno de mesa, por lo que son ideales para restaurantes y hogares.<\/li>\n\n\n\n<li><strong>Varias formas<\/strong> - Nuestras vajillas de porcelana al por mayor contienen diversas formas, como platos, cuencos y tazas. La variedad en el dise\u00f1o permite una personalizaci\u00f3n variada con el fin de adaptarse a todas las ocasiones de comedor y presentaci\u00f3n de platos.<\/li>\n\n\n\n<li><strong>Ideal para uso profesional y dom\u00e9stico<\/strong> - Nuestros juegos de vajilla a granel son ideales no s\u00f3lo para uso familiar en casa, sino tambi\u00e9n para establecimientos comerciales como restaurantes y hoteles. Elegantes y duraderos, mejoran la experiencia gastron\u00f3mica y convierten cada comida en una ocasi\u00f3n memorable.<\/li>\n<\/ul>\n<\/div>\n\n\n\n<div class=\"wp-block-column is-layout-flow wp-block-column-is-layout-flow\">\n<figure class=\"wp-block-image size-full\"><img decoding=\"async\" width=\"750\" height=\"750\" src=\"https:\/\/www.lovinghomecollection.com\/wp-content\/uploads\/2025\/09\/Wholesale-Porcelain-Dinner-Sets-White-Brown-Crockery-2.webp\" alt=\"Mayorista Vajillas de Porcelana, Vajilla Blanca y Marr\u00f3n-2\" class=\"wp-image-4804\" srcset=\"https:\/\/www.lovinghomecollection.com\/wp-content\/uploads\/2025\/09\/Wholesale-Porcelain-Dinner-Sets-White-Brown-Crockery-2.webp 750w, https:\/\/www.lovinghomecollection.com\/wp-content\/uploads\/2025\/09\/Wholesale-Porcelain-Dinner-Sets-White-Brown-Crockery-2-300x300.webp 300w, https:\/\/www.lovinghomecollection.com\/wp-content\/uploads\/2025\/09\/Wholesale-Porcelain-Dinner-Sets-White-Brown-Crockery-2-150x150.webp 150w, https:\/\/www.lovinghomecollection.com\/wp-content\/uploads\/2025\/09\/Wholesale-Porcelain-Dinner-Sets-White-Brown-Crockery-2-12x12.webp 12w, https:\/\/www.lovinghomecollection.com\/wp-content\/uploads\/2025\/09\/Wholesale-Porcelain-Dinner-Sets-White-Brown-Crockery-2-600x600.webp 600w, https:\/\/www.lovinghomecollection.com\/wp-content\/uploads\/2025\/09\/Wholesale-Porcelain-Dinner-Sets-White-Brown-Crockery-2-100x100.webp 100w\" sizes=\"(max-width: 750px) 100vw, 750px\" \/><\/figure>\n<\/div>\n<\/div>\n\n\n\n<h2 class=\"wp-block-heading has-text-align-center\">Expositor de Vajillas de Porcelana al por mayor de Arte Interior<\/h2>\n\n\n\n<div class=\"wp-block-columns is-layout-flex wp-container-core-columns-is-layout-9d6595d7 wp-block-columns-is-layout-flex\">\n<div class=\"wp-block-column is-layout-flow wp-block-column-is-layout-flow\">\n<figure class=\"wp-block-image size-full\"><img decoding=\"async\" width=\"1160\" height=\"822\" src=\"https:\/\/www.lovinghomecollection.com\/wp-content\/uploads\/2025\/09\/Wholesale-Porcelain-Dinner-Sets-White-Brown-Crockery-8.webp\" alt=\"Mayorista Vajillas de Porcelana, Vajilla Blanca y Marr\u00f3n-8\" class=\"wp-image-4810\" srcset=\"https:\/\/www.lovinghomecollection.com\/wp-content\/uploads\/2025\/09\/Wholesale-Porcelain-Dinner-Sets-White-Brown-Crockery-8.webp 1160w, https:\/\/www.lovinghomecollection.com\/wp-content\/uploads\/2025\/09\/Wholesale-Porcelain-Dinner-Sets-White-Brown-Crockery-8-300x213.webp 300w, https:\/\/www.lovinghomecollection.com\/wp-content\/uploads\/2025\/09\/Wholesale-Porcelain-Dinner-Sets-White-Brown-Crockery-8-768x544.webp 768w, https:\/\/www.lovinghomecollection.com\/wp-content\/uploads\/2025\/09\/Wholesale-Porcelain-Dinner-Sets-White-Brown-Crockery-8-18x12.webp 18w, https:\/\/www.lovinghomecollection.com\/wp-content\/uploads\/2025\/09\/Wholesale-Porcelain-Dinner-Sets-White-Brown-Crockery-8-600x425.webp 600w\" sizes=\"(max-width: 1160px) 100vw, 1160px\" \/><\/figure>\n<\/div>\n\n\n\n<div class=\"wp-block-column is-layout-flow wp-block-column-is-layout-flow\">\n<figure class=\"wp-block-image size-full\"><img decoding=\"async\" width=\"1156\" height=\"822\" src=\"https:\/\/www.lovinghomecollection.com\/wp-content\/uploads\/2025\/09\/Wholesale-Porcelain-Dinner-Sets-White-Brown-Crockery-7.webp\" alt=\"Mayorista Vajillas de Porcelana, Vajillas Blancas y Marrones-7\" class=\"wp-image-4809\" srcset=\"https:\/\/www.lovinghomecollection.com\/wp-content\/uploads\/2025\/09\/Wholesale-Porcelain-Dinner-Sets-White-Brown-Crockery-7.webp 1156w, https:\/\/www.lovinghomecollection.com\/wp-content\/uploads\/2025\/09\/Wholesale-Porcelain-Dinner-Sets-White-Brown-Crockery-7-300x213.webp 300w, https:\/\/www.lovinghomecollection.com\/wp-content\/uploads\/2025\/09\/Wholesale-Porcelain-Dinner-Sets-White-Brown-Crockery-7-768x546.webp 768w, https:\/\/www.lovinghomecollection.com\/wp-content\/uploads\/2025\/09\/Wholesale-Porcelain-Dinner-Sets-White-Brown-Crockery-7-18x12.webp 18w, https:\/\/www.lovinghomecollection.com\/wp-content\/uploads\/2025\/09\/Wholesale-Porcelain-Dinner-Sets-White-Brown-Crockery-7-600x427.webp 600w\" sizes=\"(max-width: 1156px) 100vw, 1156px\" \/><\/figure>\n<\/div>\n<\/div>","protected":false},"excerpt":{"rendered":"<p>\u00bfBusca vajillas de porcelana al por mayor de primera calidad? Nuestras vajillas al por mayor cl\u00e1sicas en blanco y marr\u00f3n ofrecen una variedad de formas que se adaptan a cualquier evento. Para una reuni\u00f3n familiar o un banquete de empresa, proporcionan una experiencia gastron\u00f3mica elegante a la par que pr\u00e1ctica.<\/p>\n<table style=\"border-collapse: collapse; width: 338.02pt;\" border=\"0\" width=\"338\" cellspacing=\"0\" cellpadding=\"0\">\n<tbody>\n<tr style=\"height: 18.00pt;\">\n<td class=\"et3\" style=\"height: 18.00pt; width: 124.50pt;\" width=\"124\" height=\"18\">Fabricante<\/td>\n<td class=\"et3\" style=\"width: 214.40pt;\" width=\"214\">Un hogar lleno de amor<\/td>\n<\/tr>\n<tr style=\"height: 18.00pt;\">\n<td class=\"et3\" style=\"height: 18.00pt; width: 124.50pt;\" width=\"124\" height=\"18\">Nombre de la colecci\u00f3n<\/td>\n<td class=\"et4\" style=\"width: 214.40pt;\" width=\"214\">Arte interior<\/td>\n<\/tr>\n<tr style=\"height: 18.00pt;\">\n<td class=\"et3\" style=\"height: 18.00pt; width: 124.50pt;\" width=\"124\" height=\"18\">Utilizaci\u00f3n<\/td>\n<td class=\"et3\" style=\"width: 214.40pt;\" width=\"214\">Hogar, Restaurante, Hotel<\/td>\n<\/tr>\n<tr style=\"height: 36.00pt;\">\n<td class=\"et3\" style=\"height: 36.00pt; width: 124.50pt;\" width=\"124\" height=\"36\">Tipo de vajilla<\/td>\n<td class=\"et3\" style=\"width: 214.40pt;\" width=\"214\">Plato, Cuenco, Tetera, Cremera, Azucarero, Taza y Plato, Taza<\/td>\n<\/tr>\n<tr style=\"height: 18.00pt;\">\n<td class=\"et3\" style=\"height: 18.00pt; width: 124.50pt;\" width=\"124\" height=\"18\">Material<\/td>\n<td class=\"et3\" style=\"width: 214.40pt;\" width=\"214\">Porcelana resistente<\/td>\n<\/tr>\n<tr style=\"height: 18.00pt;\">\n<td class=\"et3\" style=\"height: 18.00pt; width: 124.50pt;\" width=\"124\" height=\"18\">Dimensi\u00f3n<\/td>\n<td class=\"et3\" style=\"width: 214.40pt;\" width=\"214\">Como imagen detallada<\/td>\n<\/tr>\n<tr style=\"height: 18.00pt;\">\n<td class=\"et3\" style=\"height: 18.00pt; width: 124.50pt;\" width=\"124\" height=\"18\">Unidades de venta<\/td>\n<td class=\"et3\" style=\"width: 214.40pt;\" width=\"214\">Art\u00edculo \u00fanico<\/td>\n<\/tr>\n<tr style=\"height: 18.00pt;\">\n<td class=\"et3\" style=\"height: 18.00pt; width: 124.50pt;\" width=\"124\" height=\"18\">MOQ<\/td>\n<td class=\"et3\" style=\"width: 214.40pt;\" width=\"214\">1200 unid. por art\u00edculo<\/td>\n<\/tr>\n<tr style=\"height: 18.00pt;\">\n<td class=\"et3\" style=\"height: 18.00pt; width: 124.50pt;\" width=\"124\" height=\"18\">Opci\u00f3n personalizada<\/td>\n<td class=\"et3\" style=\"width: 214.40pt;\" width=\"214\">Color\/Tama\u00f1o\/Glaseado\/Logotipo\/Embalaje<\/td>\n<\/tr>\n<\/tbody>\n<\/table>","protected":false},"featured_media":4811,"comment_status":"closed","ping_status":"closed","template":"","meta":{"_acf_changed":false},"product_brand":[],"product_cat":[19,49],"product_tag":[25,39,27,26],"class_list":{"0":"post-4802","1":"product","2":"type-product","3":"status-publish","4":"has-post-thumbnail","6":"product_cat-dinnerware-wholesale","7":"product_cat-wholesale-white-tableware","8":"product_tag-wholesale-plates-and-bowls","9":"product_tag-sugar-jars-wholesale","10":"product_tag-wholesale-tea-cups-and-saucers","11":"product_tag-wholesale-teapots","13":"first","14":"instock","15":"shipping-taxable","16":"product-type-simple"},"acf":[],"_links":{"self":[{"href":"https:\/\/www.lovinghomecollection.com\/es\/wp-json\/wp\/v2\/product\/4802","targetHints":{"allow":["GET"]}}],"collection":[{"href":"https:\/\/www.lovinghomecollection.com\/es\/wp-json\/wp\/v2\/product"}],"about":[{"href":"https:\/\/www.lovinghomecollection.com\/es\/wp-json\/wp\/v2\/types\/product"}],"replies":[{"embeddable":true,"href":"https:\/\/www.lovinghomecollection.com\/es\/wp-json\/wp\/v2\/comments?post=4802"}],"wp:featuredmedia":[{"embeddable":true,"href":"https:\/\/www.lovinghomecollection.com\/es\/wp-json\/wp\/v2\/media\/4811"}],"wp:attachment":[{"href":"https:\/\/www.lovinghomecollection.com\/es\/wp-json\/wp\/v2\/media?parent=4802"}],"wp:term":[{"taxonomy":"product_brand","embeddable":true,"href":"https:\/\/www.lovinghomecollection.com\/es\/wp-json\/wp\/v2\/product_brand?post=4802"},{"taxonomy":"product_cat","embeddable":true,"href":"https:\/\/www.lovinghomecollection.com\/es\/wp-json\/wp\/v2\/product_cat?post=4802"},{"taxonomy":"product_tag","embeddable":true,"href":"https:\/\/www.lovinghomecollection.com\/es\/wp-json\/wp\/v2\/product_tag?post=4802"}],"curies":[{"name":"wp","href":"https:\/\/api.w.org\/{rel}","templated":true}]}}