{"id":4791,"date":"2025-09-18T07:33:24","date_gmt":"2025-09-18T07:33:24","guid":{"rendered":"https:\/\/www.lovinghomecollection.com\/?post_type=product&#038;p=4791"},"modified":"2025-11-05T06:53:54","modified_gmt":"2025-11-05T06:53:54","slug":"wholesale-square-dinnerware-sets","status":"publish","type":"product","link":"https:\/\/www.lovinghomecollection.com\/es\/producto\/wholesale-square-dinnerware-sets\/","title":{"rendered":"Mayorista Vajillas Cuadradas, Vajillas para Hosteler\u00eda"},"content":{"rendered":"<div class=\"wp-block-columns is-layout-flex wp-container-core-columns-is-layout-9d6595d7 wp-block-columns-is-layout-flex\">\n<div class=\"wp-block-column is-layout-flow wp-block-column-is-layout-flow\" style=\"flex-basis:60%\">\n<h2 class=\"wp-block-heading\">Premium Vajilla Cuadrada al por mayor Caracter\u00edsticas:<\/h2>\n\n\n\n<ul class=\"wp-block-list\">\n<li><strong>Porcelana de alta calidad: <\/strong>Nuestras vajillas cuadradas al por mayor emplean porcelana cocida a alta temperatura especialmente seleccionada, lo que hace que la superficie sea suave, fina y agradable al tacto, y resistente a las manchas, c\u00f3moda de usar y limpiar.<\/li>\n\n\n\n<li><strong>Dise\u00f1o ondulado \u00fanico: <\/strong>Estas vajillas de hosteler\u00eda a granel presentan un exclusivo dise\u00f1o ondulado, que crea un efecto visual fluido que complementa un aspecto moderno y art\u00edstico.<\/li>\n\n\n\n<li><strong>Combinaciones vers\u00e1tiles:<\/strong> Estos juegos de vajilla cuadrada al por mayor incluyen una combinaci\u00f3n de platos cuadrados, cuencos redondos y tazas, que est\u00e1n especialmente dise\u00f1ados en varias formas y tama\u00f1os para adaptarse a cualquier evento gastron\u00f3mico.<\/li>\n\n\n\n<li><strong>Ideal para uso comercial: <\/strong>Nuestras vajillas a granel son modernas y duraderas, resisten un uso intensivo y son f\u00e1ciles de limpiar y mantener, lo que las convierte en una excelente opci\u00f3n para mejorar la experiencia gastron\u00f3mica y complacer a los clientes.<\/li>\n<\/ul>\n<\/div>\n\n\n\n<div class=\"wp-block-column is-layout-flow wp-block-column-is-layout-flow\">\n<figure class=\"wp-block-image size-full\"><img decoding=\"async\" width=\"750\" height=\"750\" src=\"https:\/\/www.lovinghomecollection.com\/wp-content\/uploads\/2025\/09\/Wholesale-Square-Dinnerware-Sets-Catering-Serving-Crockery-6.webp\" alt=\"Mayorista Vajilla Cuadrada, Vajilla para Hosteler\u00eda-6\" class=\"wp-image-4797\" srcset=\"https:\/\/www.lovinghomecollection.com\/wp-content\/uploads\/2025\/09\/Wholesale-Square-Dinnerware-Sets-Catering-Serving-Crockery-6.webp 750w, https:\/\/www.lovinghomecollection.com\/wp-content\/uploads\/2025\/09\/Wholesale-Square-Dinnerware-Sets-Catering-Serving-Crockery-6-300x300.webp 300w, https:\/\/www.lovinghomecollection.com\/wp-content\/uploads\/2025\/09\/Wholesale-Square-Dinnerware-Sets-Catering-Serving-Crockery-6-150x150.webp 150w, https:\/\/www.lovinghomecollection.com\/wp-content\/uploads\/2025\/09\/Wholesale-Square-Dinnerware-Sets-Catering-Serving-Crockery-6-12x12.webp 12w, https:\/\/www.lovinghomecollection.com\/wp-content\/uploads\/2025\/09\/Wholesale-Square-Dinnerware-Sets-Catering-Serving-Crockery-6-600x600.webp 600w, https:\/\/www.lovinghomecollection.com\/wp-content\/uploads\/2025\/09\/Wholesale-Square-Dinnerware-Sets-Catering-Serving-Crockery-6-100x100.webp 100w\" sizes=\"(max-width: 750px) 100vw, 750px\" \/><\/figure>\n<\/div>\n<\/div>\n\n\n\n<h2 class=\"wp-block-heading has-text-align-center\">Exposicion de Productos de Vajillas Cuadradas al por mayor por Grabado<\/h2>\n\n\n\n<div class=\"wp-block-columns is-layout-flex wp-container-core-columns-is-layout-9d6595d7 wp-block-columns-is-layout-flex\">\n<div class=\"wp-block-column is-layout-flow wp-block-column-is-layout-flow\">\n<figure class=\"wp-block-image size-full\"><img decoding=\"async\" width=\"2338\" height=\"1653\" src=\"https:\/\/www.lovinghomecollection.com\/wp-content\/uploads\/2025\/09\/Wholesale-Square-Dinnerware-Sets-Catering-Serving-Crockery-9.webp\" alt=\"Mayorista Vajillas Cuadradas, Catering Servir Crockery-9\" class=\"wp-image-4800\" srcset=\"https:\/\/www.lovinghomecollection.com\/wp-content\/uploads\/2025\/09\/Wholesale-Square-Dinnerware-Sets-Catering-Serving-Crockery-9.webp 2338w, https:\/\/www.lovinghomecollection.com\/wp-content\/uploads\/2025\/09\/Wholesale-Square-Dinnerware-Sets-Catering-Serving-Crockery-9-300x212.webp 300w, https:\/\/www.lovinghomecollection.com\/wp-content\/uploads\/2025\/09\/Wholesale-Square-Dinnerware-Sets-Catering-Serving-Crockery-9-768x543.webp 768w, https:\/\/www.lovinghomecollection.com\/wp-content\/uploads\/2025\/09\/Wholesale-Square-Dinnerware-Sets-Catering-Serving-Crockery-9-18x12.webp 18w, https:\/\/www.lovinghomecollection.com\/wp-content\/uploads\/2025\/09\/Wholesale-Square-Dinnerware-Sets-Catering-Serving-Crockery-9-1200x848.webp 1200w, https:\/\/www.lovinghomecollection.com\/wp-content\/uploads\/2025\/09\/Wholesale-Square-Dinnerware-Sets-Catering-Serving-Crockery-9-600x424.webp 600w\" sizes=\"(max-width: 2338px) 100vw, 2338px\" \/><\/figure>\n<\/div>\n\n\n\n<div class=\"wp-block-column is-layout-flow wp-block-column-is-layout-flow\">\n<figure class=\"wp-block-image size-full\"><img decoding=\"async\" width=\"2338\" height=\"1653\" src=\"https:\/\/www.lovinghomecollection.com\/wp-content\/uploads\/2025\/09\/Wholesale-Square-Dinnerware-Sets-Catering-Serving-Crockery-8.webp\" alt=\"Mayorista Vajilla Cuadrada, Vajilla para Catering-8\" class=\"wp-image-4799\" srcset=\"https:\/\/www.lovinghomecollection.com\/wp-content\/uploads\/2025\/09\/Wholesale-Square-Dinnerware-Sets-Catering-Serving-Crockery-8.webp 2338w, https:\/\/www.lovinghomecollection.com\/wp-content\/uploads\/2025\/09\/Wholesale-Square-Dinnerware-Sets-Catering-Serving-Crockery-8-300x212.webp 300w, https:\/\/www.lovinghomecollection.com\/wp-content\/uploads\/2025\/09\/Wholesale-Square-Dinnerware-Sets-Catering-Serving-Crockery-8-768x543.webp 768w, https:\/\/www.lovinghomecollection.com\/wp-content\/uploads\/2025\/09\/Wholesale-Square-Dinnerware-Sets-Catering-Serving-Crockery-8-18x12.webp 18w, https:\/\/www.lovinghomecollection.com\/wp-content\/uploads\/2025\/09\/Wholesale-Square-Dinnerware-Sets-Catering-Serving-Crockery-8-1200x848.webp 1200w, https:\/\/www.lovinghomecollection.com\/wp-content\/uploads\/2025\/09\/Wholesale-Square-Dinnerware-Sets-Catering-Serving-Crockery-8-600x424.webp 600w\" sizes=\"(max-width: 2338px) 100vw, 2338px\" \/><\/figure>\n<\/div>\n<\/div>","protected":false},"excerpt":{"rendered":"<p>\u00bfBusca un proveedor de vajilla para catering? Nuestras vajillas cuadradas al por mayor est\u00e1n fabricadas en porcelana de alta calidad con platos cuadrados, cuencos redondos y tazas. Las superficies presentan un dise\u00f1o ondulado especial que les confiere un aspecto sencillo pero elegante.<\/p>\n<table style=\"border-collapse: collapse; width: 338.02pt;\" border=\"0\" width=\"338\" cellspacing=\"0\" cellpadding=\"0\">\n<tbody>\n<tr style=\"height: 18.00pt;\">\n<td class=\"et3\" style=\"height: 18.00pt; width: 124.50pt;\" width=\"124\" height=\"18\">Fabricante<\/td>\n<td class=\"et3\" style=\"width: 214.40pt;\" width=\"214\">Un hogar lleno de amor<\/td>\n<\/tr>\n<tr style=\"height: 18.00pt;\">\n<td class=\"et3\" style=\"height: 18.00pt; width: 124.50pt;\" width=\"124\" height=\"18\">Nombre de la colecci\u00f3n<\/td>\n<td class=\"et4\" style=\"width: 214.40pt;\" width=\"214\">Mediante grabado<\/td>\n<\/tr>\n<tr style=\"height: 18.00pt;\">\n<td class=\"et3\" style=\"height: 18.00pt; width: 124.50pt;\" width=\"124\" height=\"18\">Utilizaci\u00f3n<\/td>\n<td class=\"et3\" style=\"width: 214.40pt;\" width=\"214\">Hogar, Restaurante, Hotel<\/td>\n<\/tr>\n<tr style=\"height: 36.00pt;\">\n<td class=\"et3\" style=\"height: 36.00pt; width: 124.50pt;\" width=\"124\" height=\"36\">Tipo de vajilla<\/td>\n<td class=\"et3\" style=\"width: 214.40pt;\" width=\"214\">Plato, cuenco, taza<\/td>\n<\/tr>\n<tr style=\"height: 18.00pt;\">\n<td class=\"et3\" style=\"height: 18.00pt; width: 124.50pt;\" width=\"124\" height=\"18\">Material<\/td>\n<td class=\"et3\" style=\"width: 214.40pt;\" width=\"214\">Porcelana resistente<\/td>\n<\/tr>\n<tr style=\"height: 18.00pt;\">\n<td class=\"et3\" style=\"height: 18.00pt; width: 124.50pt;\" width=\"124\" height=\"18\">Dimensi\u00f3n<\/td>\n<td class=\"et3\" style=\"width: 214.40pt;\" width=\"214\">Como imagen detallada<\/td>\n<\/tr>\n<tr style=\"height: 18.00pt;\">\n<td class=\"et3\" style=\"height: 18.00pt; width: 124.50pt;\" width=\"124\" height=\"18\">Unidades de venta<\/td>\n<td class=\"et3\" style=\"width: 214.40pt;\" width=\"214\">Art\u00edculo \u00fanico<\/td>\n<\/tr>\n<tr style=\"height: 18.00pt;\">\n<td class=\"et3\" style=\"height: 18.00pt; width: 124.50pt;\" width=\"124\" height=\"18\">MOQ<\/td>\n<td class=\"et3\" style=\"width: 214.40pt;\" width=\"214\">1200 unid. por art\u00edculo<\/td>\n<\/tr>\n<tr style=\"height: 18.00pt;\">\n<td class=\"et3\" style=\"height: 18.00pt; width: 124.50pt;\" width=\"124\" height=\"18\">Opci\u00f3n personalizada<\/td>\n<td class=\"et3\" style=\"width: 214.40pt;\" width=\"214\">Color\/Tama\u00f1o\/Glaseado\/Logotipo\/Embalaje<\/td>\n<\/tr>\n<\/tbody>\n<\/table>","protected":false},"featured_media":4792,"comment_status":"closed","ping_status":"closed","template":"","meta":{"_acf_changed":false},"product_brand":[],"product_cat":[19,49],"product_tag":[25,27],"class_list":{"0":"post-4791","1":"product","2":"type-product","3":"status-publish","4":"has-post-thumbnail","6":"product_cat-dinnerware-wholesale","7":"product_cat-wholesale-white-tableware","8":"product_tag-wholesale-plates-and-bowls","9":"product_tag-wholesale-tea-cups-and-saucers","11":"first","12":"instock","13":"shipping-taxable","14":"product-type-simple"},"acf":[],"_links":{"self":[{"href":"https:\/\/www.lovinghomecollection.com\/es\/wp-json\/wp\/v2\/product\/4791","targetHints":{"allow":["GET"]}}],"collection":[{"href":"https:\/\/www.lovinghomecollection.com\/es\/wp-json\/wp\/v2\/product"}],"about":[{"href":"https:\/\/www.lovinghomecollection.com\/es\/wp-json\/wp\/v2\/types\/product"}],"replies":[{"embeddable":true,"href":"https:\/\/www.lovinghomecollection.com\/es\/wp-json\/wp\/v2\/comments?post=4791"}],"wp:featuredmedia":[{"embeddable":true,"href":"https:\/\/www.lovinghomecollection.com\/es\/wp-json\/wp\/v2\/media\/4792"}],"wp:attachment":[{"href":"https:\/\/www.lovinghomecollection.com\/es\/wp-json\/wp\/v2\/media?parent=4791"}],"wp:term":[{"taxonomy":"product_brand","embeddable":true,"href":"https:\/\/www.lovinghomecollection.com\/es\/wp-json\/wp\/v2\/product_brand?post=4791"},{"taxonomy":"product_cat","embeddable":true,"href":"https:\/\/www.lovinghomecollection.com\/es\/wp-json\/wp\/v2\/product_cat?post=4791"},{"taxonomy":"product_tag","embeddable":true,"href":"https:\/\/www.lovinghomecollection.com\/es\/wp-json\/wp\/v2\/product_tag?post=4791"}],"curies":[{"name":"wp","href":"https:\/\/api.w.org\/{rel}","templated":true}]}}