{"id":3627,"date":"2025-05-20T04:08:36","date_gmt":"2025-05-20T04:08:36","guid":{"rendered":"https:\/\/www.lovinghomecollection.com\/?post_type=product&#038;p=3627"},"modified":"2025-11-19T10:02:05","modified_gmt":"2025-11-19T10:02:05","slug":"wholesale-rustic-dinnerware-sets","status":"publish","type":"product","link":"https:\/\/www.lovinghomecollection.com\/es\/producto\/wholesale-rustic-dinnerware-sets\/","title":{"rendered":"Mayorista Vajillas R\u00fasticas Con Motivos Navide\u00f1os"},"content":{"rendered":"<div class=\"wp-block-columns is-layout-flex wp-container-core-columns-is-layout-9d6595d7 wp-block-columns-is-layout-flex\">\n<div class=\"wp-block-column is-layout-flow wp-block-column-is-layout-flow\" style=\"flex-basis:60%\">\n<h2 class=\"wp-block-heading\">Premium Vajilla R\u00fastica al por mayor Caracter\u00edsticas:<\/h2>\n\n\n\n<ul class=\"wp-block-list\">\n<li><strong>Dise\u00f1o de estilo r\u00fastico: <\/strong>Esta vajilla r\u00fastica al por mayor tiene una forma r\u00fastica y natural, creando un ambiente c\u00e1lido y confortable para las cenas navide\u00f1as, en l\u00ednea con la actual tendencia popular de los hogares \u201cr\u00fasticos\u201d.<\/li>\n\n\n\n<li><strong>Decoraci\u00f3n cl\u00e1sica con motivos navide\u00f1os:<\/strong> Estas vajillas de cer\u00e1mica a granel se combinan con elementos navide\u00f1os tradicionales como acebos, \u00e1rboles de Navidad y coronas. El ambiente festivo es fuerte y adecuado para las ventas calientes durante la temporada navide\u00f1a.<\/li>\n\n\n\n<li><strong>Artesan\u00eda cer\u00e1mica de alta calidad: <\/strong>Nuestra vajilla r\u00fastica al por mayor utiliza la tecnolog\u00eda de cocci\u00f3n a alta temperatura, la superficie es fuerte y no es f\u00e1cil de rayar, adecuado para el uso a largo plazo en los hogares y lugares comerciales.<\/li>\n\n\n\n<li><strong>Adecuado para m\u00faltiples canales de venta: <\/strong>Nuestra vajilla de cer\u00e1mica a granel admite la venta al por mayor y la personalizaci\u00f3n, adecuada para supermercados, plataformas de comercio electr\u00f3nico, l\u00edneas de productos de temporada navide\u00f1a de marcas del hogar, etc.<\/li>\n<\/ul>\n<\/div>\n\n\n\n<div class=\"wp-block-column is-layout-flow wp-block-column-is-layout-flow\">\n<figure class=\"wp-block-image size-full\"><img decoding=\"async\" width=\"1200\" height=\"1200\" src=\"https:\/\/www.lovinghomecollection.com\/wp-content\/uploads\/2025\/05\/Wholesale-Rustic-Dinnerware-Sets-With-Christmas-Patterns-5.webp\" alt=\"Mayorista Vajillas R\u00fasticas Con Motivos Navide\u00f1os-5\" class=\"wp-image-3904\" srcset=\"https:\/\/www.lovinghomecollection.com\/wp-content\/uploads\/2025\/05\/Wholesale-Rustic-Dinnerware-Sets-With-Christmas-Patterns-5.webp 1200w, https:\/\/www.lovinghomecollection.com\/wp-content\/uploads\/2025\/05\/Wholesale-Rustic-Dinnerware-Sets-With-Christmas-Patterns-5-300x300.webp 300w, https:\/\/www.lovinghomecollection.com\/wp-content\/uploads\/2025\/05\/Wholesale-Rustic-Dinnerware-Sets-With-Christmas-Patterns-5-150x150.webp 150w, https:\/\/www.lovinghomecollection.com\/wp-content\/uploads\/2025\/05\/Wholesale-Rustic-Dinnerware-Sets-With-Christmas-Patterns-5-768x768.webp 768w, https:\/\/www.lovinghomecollection.com\/wp-content\/uploads\/2025\/05\/Wholesale-Rustic-Dinnerware-Sets-With-Christmas-Patterns-5-12x12.webp 12w, https:\/\/www.lovinghomecollection.com\/wp-content\/uploads\/2025\/05\/Wholesale-Rustic-Dinnerware-Sets-With-Christmas-Patterns-5-600x600.webp 600w, https:\/\/www.lovinghomecollection.com\/wp-content\/uploads\/2025\/05\/Wholesale-Rustic-Dinnerware-Sets-With-Christmas-Patterns-5-100x100.webp 100w\" sizes=\"(max-width: 1200px) 100vw, 1200px\" \/><\/figure>\n<\/div>\n<\/div>\n\n\n\n<h2 class=\"wp-block-heading has-text-align-center\">Expositor de Vajillas R\u00fasticas Mayoristas de Regalos de Pap\u00e1 Noel<\/h2>\n\n\n\n<div class=\"wp-block-columns is-layout-flex wp-container-core-columns-is-layout-9d6595d7 wp-block-columns-is-layout-flex\">\n<div class=\"wp-block-column is-layout-flow wp-block-column-is-layout-flow\">\n<figure class=\"wp-block-image size-full\"><img decoding=\"async\" width=\"1673\" height=\"1658\" src=\"https:\/\/www.lovinghomecollection.com\/wp-content\/uploads\/2025\/05\/Wholesale-Rustic-Dinnerware-Sets-With-Christmas-Patterns-9.webp\" alt=\"Juegos de vajilla r\u00fastica al por mayor con motivos navide\u00f1os-9\" class=\"wp-image-3908\" srcset=\"https:\/\/www.lovinghomecollection.com\/wp-content\/uploads\/2025\/05\/Wholesale-Rustic-Dinnerware-Sets-With-Christmas-Patterns-9.webp 1673w, https:\/\/www.lovinghomecollection.com\/wp-content\/uploads\/2025\/05\/Wholesale-Rustic-Dinnerware-Sets-With-Christmas-Patterns-9-300x297.webp 300w, https:\/\/www.lovinghomecollection.com\/wp-content\/uploads\/2025\/05\/Wholesale-Rustic-Dinnerware-Sets-With-Christmas-Patterns-9-150x150.webp 150w, https:\/\/www.lovinghomecollection.com\/wp-content\/uploads\/2025\/05\/Wholesale-Rustic-Dinnerware-Sets-With-Christmas-Patterns-9-768x761.webp 768w, https:\/\/www.lovinghomecollection.com\/wp-content\/uploads\/2025\/05\/Wholesale-Rustic-Dinnerware-Sets-With-Christmas-Patterns-9-12x12.webp 12w, https:\/\/www.lovinghomecollection.com\/wp-content\/uploads\/2025\/05\/Wholesale-Rustic-Dinnerware-Sets-With-Christmas-Patterns-9-1200x1189.webp 1200w, https:\/\/www.lovinghomecollection.com\/wp-content\/uploads\/2025\/05\/Wholesale-Rustic-Dinnerware-Sets-With-Christmas-Patterns-9-600x595.webp 600w, https:\/\/www.lovinghomecollection.com\/wp-content\/uploads\/2025\/05\/Wholesale-Rustic-Dinnerware-Sets-With-Christmas-Patterns-9-100x100.webp 100w\" sizes=\"(max-width: 1673px) 100vw, 1673px\" \/><\/figure>\n<\/div>\n\n\n\n<div class=\"wp-block-column is-layout-flow wp-block-column-is-layout-flow\">\n<figure class=\"wp-block-image size-full\"><img decoding=\"async\" width=\"1673\" height=\"1403\" src=\"https:\/\/www.lovinghomecollection.com\/wp-content\/uploads\/2025\/05\/Wholesale-Rustic-Dinnerware-Sets-With-Christmas-Patterns-10.webp\" alt=\"Juegos de vajilla r\u00fastica al por mayor con motivos navide\u00f1os-10\" class=\"wp-image-3909\" srcset=\"https:\/\/www.lovinghomecollection.com\/wp-content\/uploads\/2025\/05\/Wholesale-Rustic-Dinnerware-Sets-With-Christmas-Patterns-10.webp 1673w, https:\/\/www.lovinghomecollection.com\/wp-content\/uploads\/2025\/05\/Wholesale-Rustic-Dinnerware-Sets-With-Christmas-Patterns-10-300x252.webp 300w, https:\/\/www.lovinghomecollection.com\/wp-content\/uploads\/2025\/05\/Wholesale-Rustic-Dinnerware-Sets-With-Christmas-Patterns-10-768x644.webp 768w, https:\/\/www.lovinghomecollection.com\/wp-content\/uploads\/2025\/05\/Wholesale-Rustic-Dinnerware-Sets-With-Christmas-Patterns-10-14x12.webp 14w, https:\/\/www.lovinghomecollection.com\/wp-content\/uploads\/2025\/05\/Wholesale-Rustic-Dinnerware-Sets-With-Christmas-Patterns-10-1200x1006.webp 1200w, https:\/\/www.lovinghomecollection.com\/wp-content\/uploads\/2025\/05\/Wholesale-Rustic-Dinnerware-Sets-With-Christmas-Patterns-10-600x503.webp 600w\" sizes=\"(max-width: 1673px) 100vw, 1673px\" \/><\/figure>\n<\/div>\n<\/div>\n\n\n\n<p><\/p>","protected":false},"excerpt":{"rendered":"<p>Bienvenido a comprar vajillas de cer\u00e1mica al por mayor. Nuestra vajilla r\u00fastica al por mayor de estilo navide\u00f1o combina texturas naturales con motivos navide\u00f1os tradicionales. Es c\u00e1lido y r\u00fastico, lleno de ambiente invernal, y es una opci\u00f3n ideal para la configuraci\u00f3n de la mesa de Navidad, regalos de vacaciones y venta al por mayor al por menor.<\/p>\n<table width=\"338\">\n<tbody>\n<tr>\n<td width=\"124\">Fabricante<\/td>\n<td width=\"214\">Un hogar lleno de amor<\/td>\n<\/tr>\n<tr>\n<td width=\"124\">Nombre de la colecci\u00f3n<\/td>\n<td width=\"214\">Colecci\u00f3n de regalos de Pap\u00e1 Noel<\/td>\n<\/tr>\n<tr>\n<td width=\"124\">Utilizaci\u00f3n<\/td>\n<td width=\"214\">Hogar, Hotel, Restaurante<\/td>\n<\/tr>\n<tr>\n<td width=\"124\">Tipo de vajilla<\/td>\n<td width=\"214\">Taza, Taza y Plato, Plato hondo, Taz\u00f3n, Taz\u00f3n para mojar<\/td>\n<\/tr>\n<tr>\n<td width=\"124\">Material<\/td>\n<td width=\"214\">Porcelana resistente<\/td>\n<\/tr>\n<tr>\n<td width=\"124\">Dimensi\u00f3n<\/td>\n<td width=\"214\">Como imagen detallada<\/td>\n<\/tr>\n<tr>\n<td width=\"124\">Unidades de venta<\/td>\n<td width=\"214\">Art\u00edculo \u00fanico<\/td>\n<\/tr>\n<tr>\n<td width=\"124\">MOQ<\/td>\n<td width=\"214\">1200 unid. por art\u00edculo<\/td>\n<\/tr>\n<tr>\n<td width=\"124\">Opci\u00f3n personalizada<\/td>\n<td width=\"214\">Color\/Tama\u00f1o\/Glaseado\/Logotipo\/Embalaje<\/td>\n<\/tr>\n<\/tbody>\n<\/table>","protected":false},"featured_media":3900,"comment_status":"closed","ping_status":"closed","template":"","meta":{"_acf_changed":false},"product_brand":[],"product_cat":[19,52],"product_tag":[25,34,27],"class_list":{"0":"post-3627","1":"product","2":"type-product","3":"status-publish","4":"has-post-thumbnail","6":"product_cat-dinnerware-wholesale","7":"product_cat-holiday-tableware-supplier","8":"product_tag-wholesale-plates-and-bowls","9":"product_tag-olive-oil-dipping-bowls-wholesale","10":"product_tag-wholesale-tea-cups-and-saucers","12":"first","13":"instock","14":"shipping-taxable","15":"product-type-simple"},"acf":[],"_links":{"self":[{"href":"https:\/\/www.lovinghomecollection.com\/es\/wp-json\/wp\/v2\/product\/3627","targetHints":{"allow":["GET"]}}],"collection":[{"href":"https:\/\/www.lovinghomecollection.com\/es\/wp-json\/wp\/v2\/product"}],"about":[{"href":"https:\/\/www.lovinghomecollection.com\/es\/wp-json\/wp\/v2\/types\/product"}],"replies":[{"embeddable":true,"href":"https:\/\/www.lovinghomecollection.com\/es\/wp-json\/wp\/v2\/comments?post=3627"}],"wp:featuredmedia":[{"embeddable":true,"href":"https:\/\/www.lovinghomecollection.com\/es\/wp-json\/wp\/v2\/media\/3900"}],"wp:attachment":[{"href":"https:\/\/www.lovinghomecollection.com\/es\/wp-json\/wp\/v2\/media?parent=3627"}],"wp:term":[{"taxonomy":"product_brand","embeddable":true,"href":"https:\/\/www.lovinghomecollection.com\/es\/wp-json\/wp\/v2\/product_brand?post=3627"},{"taxonomy":"product_cat","embeddable":true,"href":"https:\/\/www.lovinghomecollection.com\/es\/wp-json\/wp\/v2\/product_cat?post=3627"},{"taxonomy":"product_tag","embeddable":true,"href":"https:\/\/www.lovinghomecollection.com\/es\/wp-json\/wp\/v2\/product_tag?post=3627"}],"curies":[{"name":"wp","href":"https:\/\/api.w.org\/{rel}","templated":true}]}}