{"id":3605,"date":"2025-05-20T03:31:30","date_gmt":"2025-05-20T03:31:30","guid":{"rendered":"https:\/\/www.lovinghomecollection.com\/?post_type=product&#038;p=3605"},"modified":"2025-05-20T03:31:32","modified_gmt":"2025-05-20T03:31:32","slug":"dinnerware-sets-bulk","status":"publish","type":"product","link":"https:\/\/www.lovinghomecollection.com\/es\/producto\/dinnerware-sets-bulk\/","title":{"rendered":"Cupid's Love Juegos de Vajilla a Granel para Eventos"},"content":{"rendered":"<div class=\"wp-block-columns is-layout-flex wp-container-core-columns-is-layout-9d6595d7 wp-block-columns-is-layout-flex\">\n<div class=\"wp-block-column is-layout-flow wp-block-column-is-layout-flow\" style=\"flex-basis:60%\">\n<h2 class=\"wp-block-heading\">Vajilla Premium a Granel Caracter\u00edsticas:<\/h2>\n\n\n\n<ul class=\"wp-block-list\">\n<li><strong>Dulce dise\u00f1o en color rojo y blanco:<\/strong> Estos juegos de vajilla a granel adoptar cl\u00e1sico rojo y blanco a juego, que es visualmente fresco, y el patr\u00f3n de coraz\u00f3n adorno hace que sea m\u00e1s lindo y rom\u00e1ntico, y es profundamente amado por las mujeres y los usuarios de pareja.<\/li>\n\n\n\n<li><strong>Aplicable a m\u00faltiples actividades de escena: <\/strong>Estos juegos de vajilla al por mayor con temas rom\u00e1nticos son especialmente ideales para San Valent\u00edn, banquetes de boda, fiestas tem\u00e1ticas y otras actividades de celebraci\u00f3n para realzar el ambiente.<\/li>\n\n\n\n<li><strong>Material cer\u00e1mico de alta calidad: <\/strong>Nuestras vajillas a granel est\u00e1n fabricadas en cer\u00e1mica cocida a alta temperatura, con una superficie lisa y f\u00e1cil de limpiar, que combina belleza y practicidad.<\/li>\n\n\n\n<li><strong>Admite el suministro a granel y la personalizaci\u00f3n:<\/strong> Ofrecemos servicios de suministro al por mayor de juegos de vajilla, y podemos personalizar los dise\u00f1os y el embalaje seg\u00fan los requisitos del evento o de la marca.<\/li>\n<\/ul>\n<\/div>\n\n\n\n<div class=\"wp-block-column is-layout-flow wp-block-column-is-layout-flow\">\n<figure class=\"wp-block-image size-full\"><img decoding=\"async\" width=\"1200\" height=\"1200\" src=\"https:\/\/www.lovinghomecollection.com\/wp-content\/uploads\/2025\/05\/Cupids-Love-Cute-Dinnerware-Sets-Bulk-Supply-For-Events-1.webp\" alt=\"Cupid&#039;s Love Juegos de Vajilla a Granel para Eventos-1\" class=\"wp-image-3878\" srcset=\"https:\/\/www.lovinghomecollection.com\/wp-content\/uploads\/2025\/05\/Cupids-Love-Cute-Dinnerware-Sets-Bulk-Supply-For-Events-1.webp 1200w, https:\/\/www.lovinghomecollection.com\/wp-content\/uploads\/2025\/05\/Cupids-Love-Cute-Dinnerware-Sets-Bulk-Supply-For-Events-1-300x300.webp 300w, https:\/\/www.lovinghomecollection.com\/wp-content\/uploads\/2025\/05\/Cupids-Love-Cute-Dinnerware-Sets-Bulk-Supply-For-Events-1-150x150.webp 150w, https:\/\/www.lovinghomecollection.com\/wp-content\/uploads\/2025\/05\/Cupids-Love-Cute-Dinnerware-Sets-Bulk-Supply-For-Events-1-768x768.webp 768w, https:\/\/www.lovinghomecollection.com\/wp-content\/uploads\/2025\/05\/Cupids-Love-Cute-Dinnerware-Sets-Bulk-Supply-For-Events-1-12x12.webp 12w, https:\/\/www.lovinghomecollection.com\/wp-content\/uploads\/2025\/05\/Cupids-Love-Cute-Dinnerware-Sets-Bulk-Supply-For-Events-1-600x600.webp 600w, https:\/\/www.lovinghomecollection.com\/wp-content\/uploads\/2025\/05\/Cupids-Love-Cute-Dinnerware-Sets-Bulk-Supply-For-Events-1-100x100.webp 100w\" sizes=\"(max-width: 1200px) 100vw, 1200px\" \/><\/figure>\n<\/div>\n<\/div>\n\n\n\n<h2 class=\"wp-block-heading has-text-align-center\">Expositor de Vajillas Amor de Cupido Granel<\/h2>\n\n\n\n<div class=\"wp-block-columns is-layout-flex wp-container-core-columns-is-layout-9d6595d7 wp-block-columns-is-layout-flex\">\n<div class=\"wp-block-column is-layout-flow wp-block-column-is-layout-flow\">\n<figure class=\"wp-block-image size-full\"><img decoding=\"async\" width=\"1673\" height=\"2640\" src=\"https:\/\/www.lovinghomecollection.com\/wp-content\/uploads\/2025\/05\/Cupids-Love-Cute-Dinnerware-Sets-Bulk-Supply-For-Events-9.webp\" alt=\"Cupido&#039;s Love Vajilla a granel para eventos-9\" class=\"wp-image-3886\" srcset=\"https:\/\/www.lovinghomecollection.com\/wp-content\/uploads\/2025\/05\/Cupids-Love-Cute-Dinnerware-Sets-Bulk-Supply-For-Events-9.webp 1673w, https:\/\/www.lovinghomecollection.com\/wp-content\/uploads\/2025\/05\/Cupids-Love-Cute-Dinnerware-Sets-Bulk-Supply-For-Events-9-190x300.webp 190w, https:\/\/www.lovinghomecollection.com\/wp-content\/uploads\/2025\/05\/Cupids-Love-Cute-Dinnerware-Sets-Bulk-Supply-For-Events-9-768x1212.webp 768w, https:\/\/www.lovinghomecollection.com\/wp-content\/uploads\/2025\/05\/Cupids-Love-Cute-Dinnerware-Sets-Bulk-Supply-For-Events-9-8x12.webp 8w, https:\/\/www.lovinghomecollection.com\/wp-content\/uploads\/2025\/05\/Cupids-Love-Cute-Dinnerware-Sets-Bulk-Supply-For-Events-9-1200x1894.webp 1200w, https:\/\/www.lovinghomecollection.com\/wp-content\/uploads\/2025\/05\/Cupids-Love-Cute-Dinnerware-Sets-Bulk-Supply-For-Events-9-600x947.webp 600w\" sizes=\"(max-width: 1673px) 100vw, 1673px\" \/><\/figure>\n<\/div>\n\n\n\n<div class=\"wp-block-column is-layout-flow wp-block-column-is-layout-flow\">\n<figure class=\"wp-block-image size-full\"><img decoding=\"async\" width=\"1673\" height=\"2070\" src=\"https:\/\/www.lovinghomecollection.com\/wp-content\/uploads\/2025\/05\/Cupids-Love-Cute-Dinnerware-Sets-Bulk-Supply-For-Events-10.webp\" alt=\"Cupid&#039;s Love Juegos de Vajilla para Eventos-10\" class=\"wp-image-3887\" srcset=\"https:\/\/www.lovinghomecollection.com\/wp-content\/uploads\/2025\/05\/Cupids-Love-Cute-Dinnerware-Sets-Bulk-Supply-For-Events-10.webp 1673w, https:\/\/www.lovinghomecollection.com\/wp-content\/uploads\/2025\/05\/Cupids-Love-Cute-Dinnerware-Sets-Bulk-Supply-For-Events-10-242x300.webp 242w, https:\/\/www.lovinghomecollection.com\/wp-content\/uploads\/2025\/05\/Cupids-Love-Cute-Dinnerware-Sets-Bulk-Supply-For-Events-10-768x950.webp 768w, https:\/\/www.lovinghomecollection.com\/wp-content\/uploads\/2025\/05\/Cupids-Love-Cute-Dinnerware-Sets-Bulk-Supply-For-Events-10-10x12.webp 10w, https:\/\/www.lovinghomecollection.com\/wp-content\/uploads\/2025\/05\/Cupids-Love-Cute-Dinnerware-Sets-Bulk-Supply-For-Events-10-1200x1485.webp 1200w, https:\/\/www.lovinghomecollection.com\/wp-content\/uploads\/2025\/05\/Cupids-Love-Cute-Dinnerware-Sets-Bulk-Supply-For-Events-10-600x742.webp 600w\" sizes=\"(max-width: 1673px) 100vw, 1673px\" \/><\/figure>\n<\/div>\n<\/div>\n\n\n\n<p><\/p>","protected":false},"excerpt":{"rendered":"<p>Bienvenido a comprar suministros vajilla comercial. Este estilo lindo vajilla establece a granel est\u00e1 decorado con patrones de amor rojo juguet\u00f3n, que es dulce y rom\u00e1ntico. Es muy adecuado para la disposici\u00f3n y el suministro a granel del D\u00eda de San Valent\u00edn, bodas, fiestas de cumplea\u00f1os y otras escenas de eventos.<\/p>\n<table style=\"border-collapse: collapse; width: 338.02pt;\" border=\"0\" width=\"338\" cellspacing=\"0\" cellpadding=\"0\">\n<tbody>\n<tr style=\"height: 18.00pt;\">\n<td class=\"et3\" style=\"height: 18.00pt; width: 124.50pt;\" width=\"124\" height=\"18\">Fabricante<\/td>\n<td class=\"et3\" style=\"width: 214.40pt;\" width=\"214\">Un hogar lleno de amor<\/td>\n<\/tr>\n<tr style=\"height: 18.00pt;\">\n<td class=\"et3\" style=\"height: 18.00pt; width: 124.50pt;\" width=\"124\" height=\"18\">Nombre de la colecci\u00f3n<\/td>\n<td class=\"et4\" style=\"width: 214.40pt;\" width=\"214\">Colecci\u00f3n Amor de Cupido<\/td>\n<\/tr>\n<tr style=\"height: 18.00pt;\">\n<td class=\"et3\" style=\"height: 18.00pt; width: 124.50pt;\" width=\"124\" height=\"18\">Utilizaci\u00f3n<\/td>\n<td class=\"et3\" style=\"width: 214.40pt;\" width=\"214\">Hogar, Restaurante, Hotel<\/td>\n<\/tr>\n<tr style=\"height: 36.00pt;\">\n<td class=\"et3\" style=\"height: 36.00pt; width: 124.50pt;\" width=\"124\" height=\"36\">Tipo de vajilla<\/td>\n<td class=\"et3\" style=\"width: 214.40pt;\" width=\"214\">Tetera, azucarero, cremera, taza y platillo, taza, plato, cuenco, soporte para tartas<\/td>\n<\/tr>\n<tr style=\"height: 18.00pt;\">\n<td class=\"et3\" style=\"height: 18.00pt; width: 124.50pt;\" width=\"124\" height=\"18\">Material<\/td>\n<td class=\"et3\" style=\"width: 214.40pt;\" width=\"214\">Porcelana resistente<\/td>\n<\/tr>\n<tr style=\"height: 18.00pt;\">\n<td class=\"et3\" style=\"height: 18.00pt; width: 124.50pt;\" width=\"124\" height=\"18\">Dimensi\u00f3n<\/td>\n<td class=\"et3\" style=\"width: 214.40pt;\" width=\"214\">Como imagen detallada<\/td>\n<\/tr>\n<tr style=\"height: 18.00pt;\">\n<td class=\"et3\" style=\"height: 18.00pt; width: 124.50pt;\" width=\"124\" height=\"18\">Unidades de venta<\/td>\n<td class=\"et3\" style=\"width: 214.40pt;\" width=\"214\">Art\u00edculo \u00fanico<\/td>\n<\/tr>\n<tr style=\"height: 18.00pt;\">\n<td class=\"et3\" style=\"height: 18.00pt; width: 124.50pt;\" width=\"124\" height=\"18\">MOQ<\/td>\n<td class=\"et3\" style=\"width: 214.40pt;\" width=\"214\">1200 unid. por art\u00edculo<\/td>\n<\/tr>\n<tr style=\"height: 18.00pt;\">\n<td class=\"et3\" style=\"height: 18.00pt; width: 124.50pt;\" width=\"124\" height=\"18\">Opci\u00f3n personalizada<\/td>\n<td class=\"et3\" style=\"width: 214.40pt;\" width=\"214\">Color\/Tama\u00f1o\/Glaseado\/Logotipo\/Embalaje<\/td>\n<\/tr>\n<\/tbody>\n<\/table>","protected":false},"featured_media":3885,"comment_status":"closed","ping_status":"closed","template":"","meta":{"_acf_changed":false},"product_brand":[],"product_cat":[19],"product_tag":[37,25,27,26],"class_list":{"0":"post-3605","1":"product","2":"type-product","3":"status-publish","4":"has-post-thumbnail","6":"product_cat-dinnerware-wholesale","7":"product_tag-bulk-cake-stands","8":"product_tag-wholesale-plates-and-bowls","9":"product_tag-wholesale-tea-cups-and-saucers","10":"product_tag-wholesale-teapots","12":"first","13":"instock","14":"shipping-taxable","15":"product-type-simple"},"acf":[],"_links":{"self":[{"href":"https:\/\/www.lovinghomecollection.com\/es\/wp-json\/wp\/v2\/product\/3605","targetHints":{"allow":["GET"]}}],"collection":[{"href":"https:\/\/www.lovinghomecollection.com\/es\/wp-json\/wp\/v2\/product"}],"about":[{"href":"https:\/\/www.lovinghomecollection.com\/es\/wp-json\/wp\/v2\/types\/product"}],"replies":[{"embeddable":true,"href":"https:\/\/www.lovinghomecollection.com\/es\/wp-json\/wp\/v2\/comments?post=3605"}],"wp:featuredmedia":[{"embeddable":true,"href":"https:\/\/www.lovinghomecollection.com\/es\/wp-json\/wp\/v2\/media\/3885"}],"wp:attachment":[{"href":"https:\/\/www.lovinghomecollection.com\/es\/wp-json\/wp\/v2\/media?parent=3605"}],"wp:term":[{"taxonomy":"product_brand","embeddable":true,"href":"https:\/\/www.lovinghomecollection.com\/es\/wp-json\/wp\/v2\/product_brand?post=3605"},{"taxonomy":"product_cat","embeddable":true,"href":"https:\/\/www.lovinghomecollection.com\/es\/wp-json\/wp\/v2\/product_cat?post=3605"},{"taxonomy":"product_tag","embeddable":true,"href":"https:\/\/www.lovinghomecollection.com\/es\/wp-json\/wp\/v2\/product_tag?post=3605"}],"curies":[{"name":"wp","href":"https:\/\/api.w.org\/{rel}","templated":true}]}}