{"id":3594,"date":"2025-05-20T03:22:03","date_gmt":"2025-05-20T03:22:03","guid":{"rendered":"https:\/\/www.lovinghomecollection.com\/?post_type=product&#038;p=3594"},"modified":"2025-11-19T10:02:26","modified_gmt":"2025-11-19T10:02:26","slug":"dinnerware-set-wholesale","status":"publish","type":"product","link":"https:\/\/www.lovinghomecollection.com\/es\/producto\/dinnerware-set-wholesale\/","title":{"rendered":"Vajilla de Navidad al por mayor, Vajilla de Navidad a medida"},"content":{"rendered":"<div class=\"wp-block-columns is-layout-flex wp-container-core-columns-is-layout-9d6595d7 wp-block-columns-is-layout-flex\">\n<div class=\"wp-block-column is-layout-flow wp-block-column-is-layout-flow\" style=\"flex-basis:60%\">\n<h2 class=\"wp-block-heading\">Vajilla Premium al por mayor Caracter\u00edsticas:<\/h2>\n\n\n\n<ul class=\"wp-block-list\">\n<li><strong>Fuerte ambiente festivo: <\/strong>Esta vajilla al por mayor tiene una cl\u00e1sica combinaci\u00f3n de colores rojo y blanco, con un estampado de setas de cuento de hadas, que crea un ambiente navide\u00f1o c\u00e1lido y alegre.<\/li>\n\n\n\n<li><strong>Servicio exclusivo de personalizaci\u00f3n: <\/strong>Nuestros juegos de vajilla a medida se pueden personalizar en patr\u00f3n, color y embalaje seg\u00fan las necesidades del cliente, adecuados para el desarrollo de la l\u00ednea de productos de vacaciones de la marca.<\/li>\n\n\n\n<li><strong>Artesan\u00eda cer\u00e1mica de alta calidad: <\/strong>Nuestra vajilla navide\u00f1a al por mayor utiliza materiales cer\u00e1micos resistentes a altas temperaturas, que son delicados, duraderos y a la vez decorativos y pr\u00e1cticos.<\/li>\n\n\n\n<li><strong>Aplicaci\u00f3n multiescenario: <\/strong>Estas vajillas a medida son id\u00f3neas para reuniones familiares festivas, venta de regalos, mercadillos navide\u00f1os, plataformas de comercio electr\u00f3nico y otros canales de venta.<\/li>\n<\/ul>\n<\/div>\n\n\n\n<div class=\"wp-block-column is-layout-flow wp-block-column-is-layout-flow\">\n<figure class=\"wp-block-image size-full\"><img decoding=\"async\" width=\"1200\" height=\"1200\" src=\"https:\/\/www.lovinghomecollection.com\/wp-content\/uploads\/2025\/05\/Holiday-Dinnerware-Set-Wholesale-Bespoke-Christmas-Crockery-6.webp\" alt=\"Vajilla de Navidad al por mayor, Vajilla de Navidad a medida-6\" class=\"wp-image-3872\" srcset=\"https:\/\/www.lovinghomecollection.com\/wp-content\/uploads\/2025\/05\/Holiday-Dinnerware-Set-Wholesale-Bespoke-Christmas-Crockery-6.webp 1200w, https:\/\/www.lovinghomecollection.com\/wp-content\/uploads\/2025\/05\/Holiday-Dinnerware-Set-Wholesale-Bespoke-Christmas-Crockery-6-300x300.webp 300w, https:\/\/www.lovinghomecollection.com\/wp-content\/uploads\/2025\/05\/Holiday-Dinnerware-Set-Wholesale-Bespoke-Christmas-Crockery-6-150x150.webp 150w, https:\/\/www.lovinghomecollection.com\/wp-content\/uploads\/2025\/05\/Holiday-Dinnerware-Set-Wholesale-Bespoke-Christmas-Crockery-6-768x768.webp 768w, https:\/\/www.lovinghomecollection.com\/wp-content\/uploads\/2025\/05\/Holiday-Dinnerware-Set-Wholesale-Bespoke-Christmas-Crockery-6-12x12.webp 12w, https:\/\/www.lovinghomecollection.com\/wp-content\/uploads\/2025\/05\/Holiday-Dinnerware-Set-Wholesale-Bespoke-Christmas-Crockery-6-600x600.webp 600w, https:\/\/www.lovinghomecollection.com\/wp-content\/uploads\/2025\/05\/Holiday-Dinnerware-Set-Wholesale-Bespoke-Christmas-Crockery-6-100x100.webp 100w\" sizes=\"(max-width: 1200px) 100vw, 1200px\" \/><\/figure>\n<\/div>\n<\/div>\n\n\n\n<h2 class=\"wp-block-heading has-text-align-center\">Mostrar productos de Vajilla de setas de hadas al por mayor<\/h2>\n\n\n\n<div class=\"wp-block-columns is-layout-flex wp-container-core-columns-is-layout-9d6595d7 wp-block-columns-is-layout-flex\">\n<div class=\"wp-block-column is-layout-flow wp-block-column-is-layout-flow\">\n<figure class=\"wp-block-image size-full\"><img decoding=\"async\" width=\"1789\" height=\"1185\" src=\"https:\/\/www.lovinghomecollection.com\/wp-content\/uploads\/2025\/05\/Holiday-Dinnerware-Set-Wholesale-Bespoke-Christmas-Crockery-9.webp\" alt=\"Vajilla de Navidad al por mayor, Vajilla de Navidad a medida Crockery-9\" class=\"wp-image-3875\" srcset=\"https:\/\/www.lovinghomecollection.com\/wp-content\/uploads\/2025\/05\/Holiday-Dinnerware-Set-Wholesale-Bespoke-Christmas-Crockery-9.webp 1789w, https:\/\/www.lovinghomecollection.com\/wp-content\/uploads\/2025\/05\/Holiday-Dinnerware-Set-Wholesale-Bespoke-Christmas-Crockery-9-300x199.webp 300w, https:\/\/www.lovinghomecollection.com\/wp-content\/uploads\/2025\/05\/Holiday-Dinnerware-Set-Wholesale-Bespoke-Christmas-Crockery-9-768x509.webp 768w, https:\/\/www.lovinghomecollection.com\/wp-content\/uploads\/2025\/05\/Holiday-Dinnerware-Set-Wholesale-Bespoke-Christmas-Crockery-9-18x12.webp 18w, https:\/\/www.lovinghomecollection.com\/wp-content\/uploads\/2025\/05\/Holiday-Dinnerware-Set-Wholesale-Bespoke-Christmas-Crockery-9-1200x795.webp 1200w, https:\/\/www.lovinghomecollection.com\/wp-content\/uploads\/2025\/05\/Holiday-Dinnerware-Set-Wholesale-Bespoke-Christmas-Crockery-9-600x397.webp 600w\" sizes=\"(max-width: 1789px) 100vw, 1789px\" \/><\/figure>\n<\/div>\n\n\n\n<div class=\"wp-block-column is-layout-flow wp-block-column-is-layout-flow\">\n<figure class=\"wp-block-image size-full\"><img decoding=\"async\" width=\"1765\" height=\"1019\" src=\"https:\/\/www.lovinghomecollection.com\/wp-content\/uploads\/2025\/05\/Holiday-Dinnerware-Set-Wholesale-Bespoke-Christmas-Crockery-10.webp\" alt=\"Vajilla de Navidad al por mayor, Vajilla de Navidad a medida-10\" class=\"wp-image-3876\" srcset=\"https:\/\/www.lovinghomecollection.com\/wp-content\/uploads\/2025\/05\/Holiday-Dinnerware-Set-Wholesale-Bespoke-Christmas-Crockery-10.webp 1765w, https:\/\/www.lovinghomecollection.com\/wp-content\/uploads\/2025\/05\/Holiday-Dinnerware-Set-Wholesale-Bespoke-Christmas-Crockery-10-300x173.webp 300w, https:\/\/www.lovinghomecollection.com\/wp-content\/uploads\/2025\/05\/Holiday-Dinnerware-Set-Wholesale-Bespoke-Christmas-Crockery-10-768x443.webp 768w, https:\/\/www.lovinghomecollection.com\/wp-content\/uploads\/2025\/05\/Holiday-Dinnerware-Set-Wholesale-Bespoke-Christmas-Crockery-10-18x10.webp 18w, https:\/\/www.lovinghomecollection.com\/wp-content\/uploads\/2025\/05\/Holiday-Dinnerware-Set-Wholesale-Bespoke-Christmas-Crockery-10-1200x693.webp 1200w, https:\/\/www.lovinghomecollection.com\/wp-content\/uploads\/2025\/05\/Holiday-Dinnerware-Set-Wholesale-Bespoke-Christmas-Crockery-10-600x346.webp 600w\" sizes=\"(max-width: 1765px) 100vw, 1765px\" \/><\/figure>\n<\/div>\n<\/div>\n\n\n\n<p><\/p>","protected":false},"excerpt":{"rendered":"<p>Bienvenido a comprar juegos de vajilla a medida. Este juego de vajilla de vacaciones al por mayor se crea con un esquema de color rojo y blanco con clase con un patr\u00f3n de hongo de cuento de hadas, que es adecuado para la configuraci\u00f3n de la mesa de Navidad y las ventas de regalos.<\/p>\n<table style=\"border-collapse: collapse; width: 338.02pt;\" border=\"0\" width=\"338\" cellspacing=\"0\" cellpadding=\"0\">\n<tbody>\n<tr style=\"height: 18.00pt;\">\n<td class=\"et3\" style=\"height: 18.00pt; width: 124.50pt;\" width=\"124\" height=\"18\">Fabricante<\/td>\n<td class=\"et3\" style=\"width: 214.40pt;\" width=\"214\">Un hogar lleno de amor<\/td>\n<\/tr>\n<tr style=\"height: 18.00pt;\">\n<td class=\"et3\" style=\"height: 18.00pt; width: 124.50pt;\" width=\"124\" height=\"18\">Nombre de la colecci\u00f3n<\/td>\n<td class=\"et4\" style=\"width: 214.40pt;\" width=\"214\">Colecci\u00f3n Fairy Mushroom<\/td>\n<\/tr>\n<tr style=\"height: 18.00pt;\">\n<td class=\"et3\" style=\"height: 18.00pt; width: 124.50pt;\" width=\"124\" height=\"18\">Utilizaci\u00f3n<\/td>\n<td class=\"et3\" style=\"width: 214.40pt;\" width=\"214\">Hogar, Restaurante, Hotel<\/td>\n<\/tr>\n<tr style=\"height: 36.00pt;\">\n<td class=\"et3\" style=\"height: 36.00pt; width: 124.50pt;\" width=\"124\" height=\"36\">Tipo de vajilla<\/td>\n<td class=\"et3\" style=\"width: 214.40pt;\" width=\"214\">Tetera, azucarero, cremera, taza y platillo, taza, plato, cuenco, soporte para tartas<\/td>\n<\/tr>\n<tr style=\"height: 18.00pt;\">\n<td class=\"et3\" style=\"height: 18.00pt; width: 124.50pt;\" width=\"124\" height=\"18\">Material<\/td>\n<td class=\"et3\" style=\"width: 214.40pt;\" width=\"214\">Porcelana resistente<\/td>\n<\/tr>\n<tr style=\"height: 18.00pt;\">\n<td class=\"et3\" style=\"height: 18.00pt; width: 124.50pt;\" width=\"124\" height=\"18\">Dimensi\u00f3n<\/td>\n<td class=\"et3\" style=\"width: 214.40pt;\" width=\"214\">Como imagen detallada<\/td>\n<\/tr>\n<tr style=\"height: 18.00pt;\">\n<td class=\"et3\" style=\"height: 18.00pt; width: 124.50pt;\" width=\"124\" height=\"18\">Unidades de venta<\/td>\n<td class=\"et3\" style=\"width: 214.40pt;\" width=\"214\">Art\u00edculo \u00fanico<\/td>\n<\/tr>\n<tr style=\"height: 18.00pt;\">\n<td class=\"et3\" style=\"height: 18.00pt; width: 124.50pt;\" width=\"124\" height=\"18\">MOQ<\/td>\n<td class=\"et3\" style=\"width: 214.40pt;\" width=\"214\">1200 unid. por art\u00edculo<\/td>\n<\/tr>\n<tr style=\"height: 18.00pt;\">\n<td class=\"et3\" style=\"height: 18.00pt; width: 124.50pt;\" width=\"124\" height=\"18\">Opci\u00f3n personalizada<\/td>\n<td class=\"et3\" style=\"width: 214.40pt;\" width=\"214\">Color\/Tama\u00f1o\/Glaseado\/Logotipo\/Embalaje<\/td>\n<\/tr>\n<\/tbody>\n<\/table>","protected":false},"featured_media":3867,"comment_status":"closed","ping_status":"closed","template":"","meta":{"_acf_changed":false},"product_brand":[],"product_cat":[19,52],"product_tag":[37,25,39,27,26],"class_list":{"0":"post-3594","1":"product","2":"type-product","3":"status-publish","4":"has-post-thumbnail","6":"product_cat-dinnerware-wholesale","7":"product_cat-holiday-tableware-supplier","8":"product_tag-bulk-cake-stands","9":"product_tag-wholesale-plates-and-bowls","10":"product_tag-sugar-jars-wholesale","11":"product_tag-wholesale-tea-cups-and-saucers","12":"product_tag-wholesale-teapots","14":"first","15":"instock","16":"shipping-taxable","17":"product-type-simple"},"acf":[],"_links":{"self":[{"href":"https:\/\/www.lovinghomecollection.com\/es\/wp-json\/wp\/v2\/product\/3594","targetHints":{"allow":["GET"]}}],"collection":[{"href":"https:\/\/www.lovinghomecollection.com\/es\/wp-json\/wp\/v2\/product"}],"about":[{"href":"https:\/\/www.lovinghomecollection.com\/es\/wp-json\/wp\/v2\/types\/product"}],"replies":[{"embeddable":true,"href":"https:\/\/www.lovinghomecollection.com\/es\/wp-json\/wp\/v2\/comments?post=3594"}],"wp:featuredmedia":[{"embeddable":true,"href":"https:\/\/www.lovinghomecollection.com\/es\/wp-json\/wp\/v2\/media\/3867"}],"wp:attachment":[{"href":"https:\/\/www.lovinghomecollection.com\/es\/wp-json\/wp\/v2\/media?parent=3594"}],"wp:term":[{"taxonomy":"product_brand","embeddable":true,"href":"https:\/\/www.lovinghomecollection.com\/es\/wp-json\/wp\/v2\/product_brand?post=3594"},{"taxonomy":"product_cat","embeddable":true,"href":"https:\/\/www.lovinghomecollection.com\/es\/wp-json\/wp\/v2\/product_cat?post=3594"},{"taxonomy":"product_tag","embeddable":true,"href":"https:\/\/www.lovinghomecollection.com\/es\/wp-json\/wp\/v2\/product_tag?post=3594"}],"curies":[{"name":"wp","href":"https:\/\/api.w.org\/{rel}","templated":true}]}}