{"id":3560,"date":"2025-05-12T03:08:49","date_gmt":"2025-05-12T03:08:49","guid":{"rendered":"https:\/\/www.lovinghomecollection.com\/?post_type=product&#038;p=3560"},"modified":"2025-05-12T03:08:51","modified_gmt":"2025-05-12T03:08:51","slug":"ceramic-cookie-jars-wholesale","status":"publish","type":"product","link":"https:\/\/www.lovinghomecollection.com\/es\/producto\/ceramic-cookie-jars-wholesale\/","title":{"rendered":"Tarros De Cer\u00e1mica Para Galletas Al Por Mayor, Tarros De Cer\u00e1mica Para Cocina"},"content":{"rendered":"<div class=\"wp-block-columns is-layout-flex wp-container-core-columns-is-layout-9d6595d7 wp-block-columns-is-layout-flex\">\n<div class=\"wp-block-column is-layout-flow wp-block-column-is-layout-flow\" style=\"flex-basis:60%\">\n<h2 class=\"wp-block-heading\">Tarros de cer\u00e1mica de la galleta de la prima Caracter\u00edsticas al por mayor :<\/h2>\n\n\n\n<ul class=\"wp-block-list\">\n<li><strong>Elegantes motivos florales y afrutados iluminan el espacio de la cocina: <\/strong>Estos tarros de galletas de cer\u00e1mica al por mayor tienen elegantes motivos florales y frutales, que inyectan un ambiente fresco y vivo a la cocina, adem\u00e1s de ser muy funcionales y decorativos.<\/li>\n\n\n\n<li><strong>Cer\u00e1mica cocida a alta temperatura, sana y duradera:<\/strong> Nuestros botes de cocina al por mayor est\u00e1n hechos de cer\u00e1mica de alta calidad cocida a altas temperaturas, con buen sellado y sin olor, y pueden almacenar con seguridad productos secos como galletas, t\u00e9 y caramelos.<\/li>\n\n\n\n<li><strong>Base blanca cl\u00e1sica, estilos vers\u00e1tiles y polivalentes: <\/strong>Estos tarros de galletas de cer\u00e1mica al por mayor est\u00e1n hechos de esmalte base blanca con hermosos dise\u00f1os, siendo simple y de aspecto fresco, f\u00e1cil de combinar con moderno, campo, retro y otros estilos de decoraci\u00f3n de la cocina.<\/li>\n\n\n\n<li><strong>Hay varias capacidades disponibles para satisfacer diferentes necesidades de almacenamiento: <\/strong>Proporcionamos botes de cocina al por mayor con una variedad de especificaciones y tama\u00f1os, que se pueden utilizar para envasar diversos tipos de productos secos, o se pueden combinar como un conjunto, adecuado para uso dom\u00e9stico o al por mayor al por menor.<\/li>\n<\/ul>\n<\/div>\n\n\n\n<div class=\"wp-block-column is-layout-flow wp-block-column-is-layout-flow\">\n<figure class=\"wp-block-image size-full\"><img decoding=\"async\" width=\"1200\" height=\"1200\" src=\"https:\/\/www.lovinghomecollection.com\/wp-content\/uploads\/2025\/05\/Ceramic-Cookie-Jars-Wholesale-Ceramic-Canisters-For-Kitchen-2.webp\" alt=\"Tarros De Cer\u00e1mica Para Galletas Al Por Mayor, Tarros De Cer\u00e1mica Para Cocina-2\" class=\"wp-image-3818\" srcset=\"https:\/\/www.lovinghomecollection.com\/wp-content\/uploads\/2025\/05\/Ceramic-Cookie-Jars-Wholesale-Ceramic-Canisters-For-Kitchen-2.webp 1200w, https:\/\/www.lovinghomecollection.com\/wp-content\/uploads\/2025\/05\/Ceramic-Cookie-Jars-Wholesale-Ceramic-Canisters-For-Kitchen-2-300x300.webp 300w, https:\/\/www.lovinghomecollection.com\/wp-content\/uploads\/2025\/05\/Ceramic-Cookie-Jars-Wholesale-Ceramic-Canisters-For-Kitchen-2-150x150.webp 150w, https:\/\/www.lovinghomecollection.com\/wp-content\/uploads\/2025\/05\/Ceramic-Cookie-Jars-Wholesale-Ceramic-Canisters-For-Kitchen-2-768x768.webp 768w, https:\/\/www.lovinghomecollection.com\/wp-content\/uploads\/2025\/05\/Ceramic-Cookie-Jars-Wholesale-Ceramic-Canisters-For-Kitchen-2-12x12.webp 12w, https:\/\/www.lovinghomecollection.com\/wp-content\/uploads\/2025\/05\/Ceramic-Cookie-Jars-Wholesale-Ceramic-Canisters-For-Kitchen-2-600x600.webp 600w, https:\/\/www.lovinghomecollection.com\/wp-content\/uploads\/2025\/05\/Ceramic-Cookie-Jars-Wholesale-Ceramic-Canisters-For-Kitchen-2-100x100.webp 100w\" sizes=\"(max-width: 1200px) 100vw, 1200px\" \/><\/figure>\n<\/div>\n<\/div>\n\n\n\n<h2 class=\"wp-block-heading has-text-align-center\">Expositor de productos de Jolly Jars Mayorista de Tarros de Cer\u00e1mica<\/h2>\n\n\n\n<div class=\"wp-block-columns is-layout-flex wp-container-core-columns-is-layout-9d6595d7 wp-block-columns-is-layout-flex\">\n<div class=\"wp-block-column is-layout-flow wp-block-column-is-layout-flow\">\n<figure class=\"wp-block-image size-full\"><img decoding=\"async\" width=\"2383\" height=\"2723\" src=\"https:\/\/www.lovinghomecollection.com\/wp-content\/uploads\/2025\/05\/Ceramic-Cookie-Jars-Wholesale-Ceramic-Canisters-For-Kitchen-9.webp\" alt=\"Tarros De Cer\u00e1mica Para Galletas Al Por Mayor, Tarros De Cer\u00e1mica Para Cocina-9\" class=\"wp-image-3825\" srcset=\"https:\/\/www.lovinghomecollection.com\/wp-content\/uploads\/2025\/05\/Ceramic-Cookie-Jars-Wholesale-Ceramic-Canisters-For-Kitchen-9.webp 2383w, https:\/\/www.lovinghomecollection.com\/wp-content\/uploads\/2025\/05\/Ceramic-Cookie-Jars-Wholesale-Ceramic-Canisters-For-Kitchen-9-263x300.webp 263w, https:\/\/www.lovinghomecollection.com\/wp-content\/uploads\/2025\/05\/Ceramic-Cookie-Jars-Wholesale-Ceramic-Canisters-For-Kitchen-9-768x878.webp 768w, https:\/\/www.lovinghomecollection.com\/wp-content\/uploads\/2025\/05\/Ceramic-Cookie-Jars-Wholesale-Ceramic-Canisters-For-Kitchen-9-11x12.webp 11w, https:\/\/www.lovinghomecollection.com\/wp-content\/uploads\/2025\/05\/Ceramic-Cookie-Jars-Wholesale-Ceramic-Canisters-For-Kitchen-9-1200x1371.webp 1200w, https:\/\/www.lovinghomecollection.com\/wp-content\/uploads\/2025\/05\/Ceramic-Cookie-Jars-Wholesale-Ceramic-Canisters-For-Kitchen-9-600x686.webp 600w\" sizes=\"(max-width: 2383px) 100vw, 2383px\" \/><\/figure>\n<\/div>\n\n\n\n<div class=\"wp-block-column is-layout-flow wp-block-column-is-layout-flow\">\n<figure class=\"wp-block-image size-full\"><img decoding=\"async\" width=\"2383\" height=\"2227\" src=\"https:\/\/www.lovinghomecollection.com\/wp-content\/uploads\/2025\/05\/Ceramic-Cookie-Jars-Wholesale-Ceramic-Canisters-For-Kitchen-10.webp\" alt=\"Tarros De Cer\u00e1mica Para Galletas Al Por Mayor, Tarros De Cer\u00e1mica Para Cocina-10\" class=\"wp-image-3826\" srcset=\"https:\/\/www.lovinghomecollection.com\/wp-content\/uploads\/2025\/05\/Ceramic-Cookie-Jars-Wholesale-Ceramic-Canisters-For-Kitchen-10.webp 2383w, https:\/\/www.lovinghomecollection.com\/wp-content\/uploads\/2025\/05\/Ceramic-Cookie-Jars-Wholesale-Ceramic-Canisters-For-Kitchen-10-300x280.webp 300w, https:\/\/www.lovinghomecollection.com\/wp-content\/uploads\/2025\/05\/Ceramic-Cookie-Jars-Wholesale-Ceramic-Canisters-For-Kitchen-10-768x718.webp 768w, https:\/\/www.lovinghomecollection.com\/wp-content\/uploads\/2025\/05\/Ceramic-Cookie-Jars-Wholesale-Ceramic-Canisters-For-Kitchen-10-13x12.webp 13w, https:\/\/www.lovinghomecollection.com\/wp-content\/uploads\/2025\/05\/Ceramic-Cookie-Jars-Wholesale-Ceramic-Canisters-For-Kitchen-10-1200x1121.webp 1200w, https:\/\/www.lovinghomecollection.com\/wp-content\/uploads\/2025\/05\/Ceramic-Cookie-Jars-Wholesale-Ceramic-Canisters-For-Kitchen-10-600x561.webp 600w\" sizes=\"(max-width: 2383px) 100vw, 2383px\" \/><\/figure>\n<\/div>\n<\/div>\n\n\n\n<p><\/p>","protected":false},"excerpt":{"rendered":"<p>Bienvenido a comprar botes de cocina al por mayor. Esta serie de botes de cer\u00e1mica para galletas al por mayor tiene una forma elegante y es adecuada para almacenar productos secos de cocina como galletas, frutos secos y t\u00e9. No s\u00f3lo son pr\u00e1cticos, sino que tambi\u00e9n pueden utilizarse como decoraci\u00f3n de cocina.<\/p>\n<table style=\"border-collapse: collapse; width: 338.02pt;\" border=\"0\" width=\"338\" cellspacing=\"0\" cellpadding=\"0\">\n<tbody>\n<tr style=\"height: 18.00pt;\">\n<td class=\"et3\" style=\"height: 18.00pt; width: 124.50pt;\" width=\"124\" height=\"18\">Fabricante<\/td>\n<td class=\"et3\" style=\"width: 214.40pt;\" width=\"214\">Un hogar lleno de amor<\/td>\n<\/tr>\n<tr style=\"height: 18.00pt;\">\n<td class=\"et3\" style=\"height: 18.00pt; width: 124.50pt;\" width=\"124\" height=\"18\">Nombre de la colecci\u00f3n<\/td>\n<td class=\"et4\" style=\"width: 214.40pt;\" width=\"214\">Tarros Jolly<\/td>\n<\/tr>\n<tr style=\"height: 18.00pt;\">\n<td class=\"et3\" style=\"height: 18.00pt; width: 124.50pt;\" width=\"124\" height=\"18\">Utilizaci\u00f3n<\/td>\n<td class=\"et3\" style=\"width: 214.40pt;\" width=\"214\">Hogar, Restaurante, Hotel<\/td>\n<\/tr>\n<tr style=\"height: 53.00pt;\">\n<td class=\"et3\" style=\"height: 53.00pt; width: 124.50pt;\" width=\"124\" height=\"53\">Tipo de vajilla<\/td>\n<td class=\"et3\" style=\"width: 214.40pt;\" width=\"214\">Botes de cer\u00e1mica<\/td>\n<\/tr>\n<tr style=\"height: 18.00pt;\">\n<td class=\"et3\" style=\"height: 18.00pt; width: 124.50pt;\" width=\"124\" height=\"18\">Material<\/td>\n<td class=\"et3\" style=\"width: 214.40pt;\" width=\"214\">Porcelana resistente<\/td>\n<\/tr>\n<tr style=\"height: 18.00pt;\">\n<td class=\"et3\" style=\"height: 18.00pt; width: 124.50pt;\" width=\"124\" height=\"18\">Dimensi\u00f3n<\/td>\n<td class=\"et3\" style=\"width: 214.40pt;\" width=\"214\">Como imagen detallada<\/td>\n<\/tr>\n<tr style=\"height: 18.00pt;\">\n<td class=\"et3\" style=\"height: 18.00pt; width: 124.50pt;\" width=\"124\" height=\"18\">Unidades de venta<\/td>\n<td class=\"et3\" style=\"width: 214.40pt;\" width=\"214\">Art\u00edculo \u00fanico<\/td>\n<\/tr>\n<tr style=\"height: 18.00pt;\">\n<td class=\"et3\" style=\"height: 18.00pt; width: 124.50pt;\" width=\"124\" height=\"18\">MOQ<\/td>\n<td class=\"et3\" style=\"width: 214.40pt;\" width=\"214\">1200 unid. por art\u00edculo<\/td>\n<\/tr>\n<tr style=\"height: 18.00pt;\">\n<td class=\"et3\" style=\"height: 18.00pt; width: 124.50pt;\" width=\"124\" height=\"18\">Opci\u00f3n personalizada<\/td>\n<td class=\"et3\" style=\"width: 214.40pt;\" width=\"214\">Color\/Tama\u00f1o\/Glaseado\/Logotipo\/Embalaje<\/td>\n<\/tr>\n<\/tbody>\n<\/table>","protected":false},"featured_media":3824,"comment_status":"closed","ping_status":"closed","template":"","meta":{"_acf_changed":false},"product_brand":[],"product_cat":[18],"product_tag":[39],"class_list":{"0":"post-3560","1":"product","2":"type-product","3":"status-publish","4":"has-post-thumbnail","6":"product_cat-ceramic-kitchenware-wholesale","7":"product_tag-sugar-jars-wholesale","9":"first","10":"instock","11":"shipping-taxable","12":"product-type-simple"},"acf":[],"_links":{"self":[{"href":"https:\/\/www.lovinghomecollection.com\/es\/wp-json\/wp\/v2\/product\/3560","targetHints":{"allow":["GET"]}}],"collection":[{"href":"https:\/\/www.lovinghomecollection.com\/es\/wp-json\/wp\/v2\/product"}],"about":[{"href":"https:\/\/www.lovinghomecollection.com\/es\/wp-json\/wp\/v2\/types\/product"}],"replies":[{"embeddable":true,"href":"https:\/\/www.lovinghomecollection.com\/es\/wp-json\/wp\/v2\/comments?post=3560"}],"wp:featuredmedia":[{"embeddable":true,"href":"https:\/\/www.lovinghomecollection.com\/es\/wp-json\/wp\/v2\/media\/3824"}],"wp:attachment":[{"href":"https:\/\/www.lovinghomecollection.com\/es\/wp-json\/wp\/v2\/media?parent=3560"}],"wp:term":[{"taxonomy":"product_brand","embeddable":true,"href":"https:\/\/www.lovinghomecollection.com\/es\/wp-json\/wp\/v2\/product_brand?post=3560"},{"taxonomy":"product_cat","embeddable":true,"href":"https:\/\/www.lovinghomecollection.com\/es\/wp-json\/wp\/v2\/product_cat?post=3560"},{"taxonomy":"product_tag","embeddable":true,"href":"https:\/\/www.lovinghomecollection.com\/es\/wp-json\/wp\/v2\/product_tag?post=3560"}],"curies":[{"name":"wp","href":"https:\/\/api.w.org\/{rel}","templated":true}]}}