{"id":3548,"date":"2025-05-12T02:50:40","date_gmt":"2025-05-12T02:50:40","guid":{"rendered":"https:\/\/www.lovinghomecollection.com\/?post_type=product&#038;p=3548"},"modified":"2025-07-25T02:49:47","modified_gmt":"2025-07-25T02:49:47","slug":"commercial-dinnerware-wholesale","status":"publish","type":"product","link":"https:\/\/www.lovinghomecollection.com\/es\/producto\/commercial-dinnerware-wholesale\/","title":{"rendered":"Vajilla Comercial Ligera al por Mayor, Vajilla Blanca"},"content":{"rendered":"<div class=\"wp-block-columns is-layout-flex wp-container-core-columns-is-layout-9d6595d7 wp-block-columns-is-layout-flex\">\n<div class=\"wp-block-column is-layout-flow wp-block-column-is-layout-flow\" style=\"flex-basis:60%\">\n<h2 class=\"wp-block-heading\">Vajilla Comercial Premium al por mayor Caracter\u00edsticas:<\/h2>\n\n\n\n<ul class=\"wp-block-list\">\n<li><strong>Fabricado en cer\u00e1mica ligera para mejorar la experiencia del usuario: <\/strong>Esta vajilla comercial al por mayor est\u00e1 fabricada en cer\u00e1mica ligera al tacto, resistente y duradera, y es especialmente adecuada para situaciones de uso frecuente en la restauraci\u00f3n comercial.<\/li>\n\n\n\n<li><strong>Ricas combinaciones para satisfacer los montajes de mesa \u00fanicos: <\/strong>Nuestros juegos de vajilla blanca a granel abarcan platos, cuencos, tablas de quesos, latas de conservas, aceiteras, tazas y platillos, teteras, azucareros, etc. de varios tama\u00f1os, que no s\u00f3lo pueden satisfacer las necesidades de las comidas diarias, sino que tambi\u00e9n son adecuados para un juego completo de equipamiento para hoteles, cafeter\u00edas y banquetes.<\/li>\n\n\n\n<li><strong>Fondo blanco cl\u00e1sico con rayas negras, vers\u00e1til y duradero: <\/strong>Esta serie de vajillas comerciales al por mayor utiliza el blanco como color principal, complementado con exquisitas rayas negras, mostrando una belleza sencilla y moderna.<\/li>\n\n\n\n<li><strong>M\u00faltiples opciones de tama\u00f1o, soporte flexible de emparejamiento y personalizaci\u00f3n: <\/strong>Nuestra serie de vajillas blancas a granel ofrece una gran variedad de especificaciones y combinaciones. Los usuarios pueden combinarlas libremente en funci\u00f3n de las diferentes situaciones de uso, y tambi\u00e9n admiten servicios de personalizaci\u00f3n a granel.<\/li>\n<\/ul>\n<\/div>\n\n\n\n<div class=\"wp-block-column is-layout-flow wp-block-column-is-layout-flow\">\n<figure class=\"wp-block-image size-full\"><img decoding=\"async\" width=\"1200\" height=\"1200\" src=\"https:\/\/www.lovinghomecollection.com\/wp-content\/uploads\/2025\/05\/Light-Weight-Commercial-Dinnerware-Wholesale-White-Crockery-4.webp\" alt=\"Vajilla Comercial Ligera al por Mayor, Vajilla Blanca-4\" class=\"wp-image-3808\" srcset=\"https:\/\/www.lovinghomecollection.com\/wp-content\/uploads\/2025\/05\/Light-Weight-Commercial-Dinnerware-Wholesale-White-Crockery-4.webp 1200w, https:\/\/www.lovinghomecollection.com\/wp-content\/uploads\/2025\/05\/Light-Weight-Commercial-Dinnerware-Wholesale-White-Crockery-4-300x300.webp 300w, https:\/\/www.lovinghomecollection.com\/wp-content\/uploads\/2025\/05\/Light-Weight-Commercial-Dinnerware-Wholesale-White-Crockery-4-150x150.webp 150w, https:\/\/www.lovinghomecollection.com\/wp-content\/uploads\/2025\/05\/Light-Weight-Commercial-Dinnerware-Wholesale-White-Crockery-4-768x768.webp 768w, https:\/\/www.lovinghomecollection.com\/wp-content\/uploads\/2025\/05\/Light-Weight-Commercial-Dinnerware-Wholesale-White-Crockery-4-12x12.webp 12w, https:\/\/www.lovinghomecollection.com\/wp-content\/uploads\/2025\/05\/Light-Weight-Commercial-Dinnerware-Wholesale-White-Crockery-4-600x600.webp 600w, https:\/\/www.lovinghomecollection.com\/wp-content\/uploads\/2025\/05\/Light-Weight-Commercial-Dinnerware-Wholesale-White-Crockery-4-100x100.webp 100w\" sizes=\"(max-width: 1200px) 100vw, 1200px\" \/><\/figure>\n<\/div>\n<\/div>\n\n\n\n<h2 class=\"wp-block-heading has-text-align-center\">Mostrar productos de Vajilla comercial al por mayor de peso ligero Bold Path<\/h2>\n\n\n\n<div class=\"wp-block-columns is-layout-flex wp-container-core-columns-is-layout-9d6595d7 wp-block-columns-is-layout-flex\">\n<div class=\"wp-block-column is-layout-flow wp-block-column-is-layout-flow\">\n<figure class=\"wp-block-image size-full\"><img decoding=\"async\" width=\"2383\" height=\"3247\" src=\"https:\/\/www.lovinghomecollection.com\/wp-content\/uploads\/2025\/05\/Light-Weight-Commercial-Dinnerware-Wholesale-White-Crockery-10.webp\" alt=\"Vajilla Comercial Ligera al por Mayor, Vajilla Blanca-10\" class=\"wp-image-3814\" srcset=\"https:\/\/www.lovinghomecollection.com\/wp-content\/uploads\/2025\/05\/Light-Weight-Commercial-Dinnerware-Wholesale-White-Crockery-10.webp 2383w, https:\/\/www.lovinghomecollection.com\/wp-content\/uploads\/2025\/05\/Light-Weight-Commercial-Dinnerware-Wholesale-White-Crockery-10-220x300.webp 220w, https:\/\/www.lovinghomecollection.com\/wp-content\/uploads\/2025\/05\/Light-Weight-Commercial-Dinnerware-Wholesale-White-Crockery-10-768x1046.webp 768w, https:\/\/www.lovinghomecollection.com\/wp-content\/uploads\/2025\/05\/Light-Weight-Commercial-Dinnerware-Wholesale-White-Crockery-10-9x12.webp 9w, https:\/\/www.lovinghomecollection.com\/wp-content\/uploads\/2025\/05\/Light-Weight-Commercial-Dinnerware-Wholesale-White-Crockery-10-1200x1635.webp 1200w, https:\/\/www.lovinghomecollection.com\/wp-content\/uploads\/2025\/05\/Light-Weight-Commercial-Dinnerware-Wholesale-White-Crockery-10-600x818.webp 600w\" sizes=\"(max-width: 2383px) 100vw, 2383px\" \/><\/figure>\n<\/div>\n\n\n\n<div class=\"wp-block-column is-layout-flow wp-block-column-is-layout-flow\">\n<figure class=\"wp-block-image size-full\"><img decoding=\"async\" width=\"2383\" height=\"2711\" src=\"https:\/\/www.lovinghomecollection.com\/wp-content\/uploads\/2025\/05\/Light-Weight-Commercial-Dinnerware-Wholesale-White-Crockery-11.webp\" alt=\"Vajilla Comercial Ligera al por Mayor, Vajilla Blanca-11\" class=\"wp-image-3815\" srcset=\"https:\/\/www.lovinghomecollection.com\/wp-content\/uploads\/2025\/05\/Light-Weight-Commercial-Dinnerware-Wholesale-White-Crockery-11.webp 2383w, https:\/\/www.lovinghomecollection.com\/wp-content\/uploads\/2025\/05\/Light-Weight-Commercial-Dinnerware-Wholesale-White-Crockery-11-264x300.webp 264w, https:\/\/www.lovinghomecollection.com\/wp-content\/uploads\/2025\/05\/Light-Weight-Commercial-Dinnerware-Wholesale-White-Crockery-11-768x874.webp 768w, https:\/\/www.lovinghomecollection.com\/wp-content\/uploads\/2025\/05\/Light-Weight-Commercial-Dinnerware-Wholesale-White-Crockery-11-11x12.webp 11w, https:\/\/www.lovinghomecollection.com\/wp-content\/uploads\/2025\/05\/Light-Weight-Commercial-Dinnerware-Wholesale-White-Crockery-11-1200x1365.webp 1200w, https:\/\/www.lovinghomecollection.com\/wp-content\/uploads\/2025\/05\/Light-Weight-Commercial-Dinnerware-Wholesale-White-Crockery-11-600x683.webp 600w\" sizes=\"(max-width: 2383px) 100vw, 2383px\" \/><\/figure>\n<\/div>\n<\/div>\n\n\n\n<p><\/p>","protected":false},"excerpt":{"rendered":"<p>Bienvenido a comprar vajilla comercial al por mayor. Esta serie de vajilla blanca ligera al por mayor tiene un aspecto sencillo y moderno y es adecuada para el uso frecuente en lugares comerciales. La cartera de productos es completa, cubriendo todo tipo de vajilla desde comedor hasta pausas para el t\u00e9, satisfaciendo las necesidades de hoteles, restaurantes, cafeter\u00edas y personalizaci\u00f3n.<\/p>\n<table style=\"border-collapse: collapse; width: 338.02pt;\" border=\"0\" width=\"338\" cellspacing=\"0\" cellpadding=\"0\">\n<tbody>\n<tr style=\"height: 18.00pt;\">\n<td class=\"et3\" style=\"height: 18.00pt; width: 124.50pt;\" width=\"124\" height=\"18\">Fabricante<\/td>\n<td class=\"et3\" style=\"width: 214.40pt;\" width=\"214\">Un hogar lleno de amor<\/td>\n<\/tr>\n<tr style=\"height: 18.00pt;\">\n<td class=\"et3\" style=\"height: 18.00pt; width: 124.50pt;\" width=\"124\" height=\"18\">Nombre de la colecci\u00f3n<\/td>\n<td class=\"et3\" style=\"width: 214.40pt;\" width=\"214\">Porcelana ligera<\/td>\n<\/tr>\n<tr style=\"height: 18.00pt;\">\n<td class=\"et3\" style=\"height: 18.00pt; width: 124.50pt;\" width=\"124\" height=\"18\">Utilizaci\u00f3n<\/td>\n<td class=\"et3\" style=\"width: 214.40pt;\" width=\"214\">Hogar, Restaurante, Hotel<\/td>\n<\/tr>\n<tr style=\"height: 18.00pt;\">\n<td class=\"et3\" style=\"height: 18.00pt; width: 124.50pt;\" width=\"124\" height=\"18\">Tipo de vajilla<\/td>\n<td class=\"et3\" style=\"width: 214.40pt;\" width=\"214\">Plato, Cuenco<\/td>\n<\/tr>\n<tr style=\"height: 18.00pt;\">\n<td class=\"et3\" style=\"height: 18.00pt; width: 124.50pt;\" width=\"124\" height=\"18\">Material<\/td>\n<td class=\"et3\" style=\"width: 214.40pt;\" width=\"214\">Porcelana resistente<\/td>\n<\/tr>\n<tr style=\"height: 18.00pt;\">\n<td class=\"et3\" style=\"height: 18.00pt; width: 124.50pt;\" width=\"124\" height=\"18\">Dimensi\u00f3n<\/td>\n<td class=\"et3\" style=\"width: 214.40pt;\" width=\"214\">Como imagen detallada<\/td>\n<\/tr>\n<tr style=\"height: 18.00pt;\">\n<td class=\"et3\" style=\"height: 18.00pt; width: 124.50pt;\" width=\"124\" height=\"18\">Unidades de venta<\/td>\n<td class=\"et3\" style=\"width: 214.40pt;\" width=\"214\">Art\u00edculo \u00fanico<\/td>\n<\/tr>\n<tr style=\"height: 18.00pt;\">\n<td class=\"et3\" style=\"height: 18.00pt; width: 124.50pt;\" width=\"124\" height=\"18\">MOQ<\/td>\n<td class=\"et3\" style=\"width: 214.40pt;\" width=\"214\">1200 unid. por art\u00edculo<\/td>\n<\/tr>\n<tr style=\"height: 18.00pt;\">\n<td class=\"et3\" style=\"height: 18.00pt; width: 124.50pt;\" width=\"124\" height=\"18\">Opci\u00f3n personalizada<\/td>\n<td class=\"et3\" style=\"width: 214.40pt;\" width=\"214\">Color\/Tama\u00f1o\/Glaseado\/Logotipo\/Embalaje<\/td>\n<\/tr>\n<\/tbody>\n<\/table>","protected":false},"featured_media":3809,"comment_status":"closed","ping_status":"closed","template":"","meta":{"_acf_changed":false},"product_brand":[],"product_cat":[19,47],"product_tag":[35,40,25,39,34,27,26],"class_list":{"0":"post-3548","1":"product","2":"type-product","3":"status-publish","4":"has-post-thumbnail","6":"product_cat-dinnerware-wholesale","7":"product_cat-lightweight-dinnerware-supplier","8":"product_tag-wholesale-cheese-boards","9":"product_tag-oil-bottles-wholesale","10":"product_tag-wholesale-plates-and-bowls","11":"product_tag-sugar-jars-wholesale","12":"product_tag-olive-oil-dipping-bowls-wholesale","13":"product_tag-wholesale-tea-cups-and-saucers","14":"product_tag-wholesale-teapots","16":"first","17":"instock","18":"shipping-taxable","19":"product-type-simple"},"acf":[],"_links":{"self":[{"href":"https:\/\/www.lovinghomecollection.com\/es\/wp-json\/wp\/v2\/product\/3548","targetHints":{"allow":["GET"]}}],"collection":[{"href":"https:\/\/www.lovinghomecollection.com\/es\/wp-json\/wp\/v2\/product"}],"about":[{"href":"https:\/\/www.lovinghomecollection.com\/es\/wp-json\/wp\/v2\/types\/product"}],"replies":[{"embeddable":true,"href":"https:\/\/www.lovinghomecollection.com\/es\/wp-json\/wp\/v2\/comments?post=3548"}],"wp:featuredmedia":[{"embeddable":true,"href":"https:\/\/www.lovinghomecollection.com\/es\/wp-json\/wp\/v2\/media\/3809"}],"wp:attachment":[{"href":"https:\/\/www.lovinghomecollection.com\/es\/wp-json\/wp\/v2\/media?parent=3548"}],"wp:term":[{"taxonomy":"product_brand","embeddable":true,"href":"https:\/\/www.lovinghomecollection.com\/es\/wp-json\/wp\/v2\/product_brand?post=3548"},{"taxonomy":"product_cat","embeddable":true,"href":"https:\/\/www.lovinghomecollection.com\/es\/wp-json\/wp\/v2\/product_cat?post=3548"},{"taxonomy":"product_tag","embeddable":true,"href":"https:\/\/www.lovinghomecollection.com\/es\/wp-json\/wp\/v2\/product_tag?post=3548"}],"curies":[{"name":"wp","href":"https:\/\/api.w.org\/{rel}","templated":true}]}}