{"id":3537,"date":"2025-05-12T07:36:23","date_gmt":"2025-05-12T07:36:23","guid":{"rendered":"https:\/\/www.lovinghomecollection.com\/?post_type=product&#038;p=3537"},"modified":"2025-06-05T03:43:22","modified_gmt":"2025-06-05T03:43:22","slug":"wholesale-ceramic-dinner-set","status":"publish","type":"product","link":"https:\/\/www.lovinghomecollection.com\/es\/producto\/wholesale-ceramic-dinner-set\/","title":{"rendered":"Vajilla Mayorista de Cer\u00e1mica Color Pastel, Platos Tazones Tazas"},"content":{"rendered":"<div class=\"wp-block-columns is-layout-flex wp-container-core-columns-is-layout-9d6595d7 wp-block-columns-is-layout-flex\">\n<div class=\"wp-block-column is-layout-flow wp-block-column-is-layout-flow\" style=\"flex-basis:60%\">\n<h2 class=\"wp-block-heading\">Vajilla de cer\u00e1mica al por mayor de primera calidad Caracter\u00edsticas:<\/h2>\n\n\n\n<ul class=\"wp-block-list\">\n<li><strong>Suave combinaci\u00f3n de colores macaron, creando una mesa de comedor curativa: <\/strong>Esta vajilla de cer\u00e1mica al por mayor utiliza colores pastel frescos y suaves, como el rosa claro, el verde menta, el azul cielo, etc., para crear un ambiente de comedor c\u00e1lido y confortable, que gusta mucho a los consumidores j\u00f3venes.<\/li>\n\n\n\n<li><strong>Configuraci\u00f3n de juego completo para satisfacer las necesidades culinarias diarias: <\/strong>Nuestra vajilla a granel incluye vajillas b\u00e1sicas como platos, cuencos, tazas, etc. de varios tama\u00f1os, adecuadas para el desayuno, las comidas principales, el t\u00e9 de la tarde y otras escenas.<\/li>\n\n\n\n<li><strong>Cer\u00e1mica cocida a alta temperatura, sana y duradera: <\/strong>Nuestra vajilla de cer\u00e1mica al por mayor utiliza materiales cer\u00e1micos de alta calidad, cocidos a alta temperatura, no contiene sustancias nocivas, es resistente y duradera, y no es f\u00e1cil que absorba olores. Es adecuado para uso dom\u00e9stico y comercial de catering.<\/li>\n\n\n\n<li><strong>Hay disponibles varias combinaciones de colores y se puede personalizar mezclando y combinando: <\/strong>Estas vajillas a granel tienen una variedad de colores que pueden combinarse y combinarse libremente, y tambi\u00e9n admiten servicios de personalizaci\u00f3n OEM\/ODM, que son adecuados para la adquisici\u00f3n de marcas, el desarrollo de juegos de regalo y las ventas al canal mayorista.<\/li>\n<\/ul>\n<\/div>\n\n\n\n<div class=\"wp-block-column is-layout-flow wp-block-column-is-layout-flow\">\n<figure class=\"wp-block-image size-full\"><img decoding=\"async\" width=\"1200\" height=\"1200\" src=\"https:\/\/www.lovinghomecollection.com\/wp-content\/uploads\/2025\/05\/Pastel-Color-Wholesale-Ceramic-Dinner-Set-Plates-Bowls-Cups-2.webp\" alt=\"Vajilla Mayorista de Cer\u00e1mica Color Pastel, Platos Tazones Tazas-2\" class=\"wp-image-3841\" srcset=\"https:\/\/www.lovinghomecollection.com\/wp-content\/uploads\/2025\/05\/Pastel-Color-Wholesale-Ceramic-Dinner-Set-Plates-Bowls-Cups-2.webp 1200w, https:\/\/www.lovinghomecollection.com\/wp-content\/uploads\/2025\/05\/Pastel-Color-Wholesale-Ceramic-Dinner-Set-Plates-Bowls-Cups-2-300x300.webp 300w, https:\/\/www.lovinghomecollection.com\/wp-content\/uploads\/2025\/05\/Pastel-Color-Wholesale-Ceramic-Dinner-Set-Plates-Bowls-Cups-2-150x150.webp 150w, https:\/\/www.lovinghomecollection.com\/wp-content\/uploads\/2025\/05\/Pastel-Color-Wholesale-Ceramic-Dinner-Set-Plates-Bowls-Cups-2-768x768.webp 768w, https:\/\/www.lovinghomecollection.com\/wp-content\/uploads\/2025\/05\/Pastel-Color-Wholesale-Ceramic-Dinner-Set-Plates-Bowls-Cups-2-12x12.webp 12w, https:\/\/www.lovinghomecollection.com\/wp-content\/uploads\/2025\/05\/Pastel-Color-Wholesale-Ceramic-Dinner-Set-Plates-Bowls-Cups-2-600x600.webp 600w, https:\/\/www.lovinghomecollection.com\/wp-content\/uploads\/2025\/05\/Pastel-Color-Wholesale-Ceramic-Dinner-Set-Plates-Bowls-Cups-2-100x100.webp 100w\" sizes=\"(max-width: 1200px) 100vw, 1200px\" \/><\/figure>\n<\/div>\n<\/div>\n\n\n\n<h2 class=\"wp-block-heading has-text-align-center\">Mostrar productos de Luna Pastel Vajilla de Cer\u00e1mica al por mayor<\/h2>\n\n\n\n<div class=\"wp-block-columns is-layout-flex wp-container-core-columns-is-layout-9d6595d7 wp-block-columns-is-layout-flex\">\n<div class=\"wp-block-column is-layout-flow wp-block-column-is-layout-flow\">\n<figure class=\"wp-block-image size-full\"><img decoding=\"async\" width=\"2406\" height=\"2482\" src=\"https:\/\/www.lovinghomecollection.com\/wp-content\/uploads\/2025\/05\/Pastel-Color-Wholesale-Ceramic-Dinner-Set-Plates-Bowls-Cups-9.webp\" alt=\"Pastel Color al por mayor de cer\u00e1mica Vajilla, Platos Tazones Tazas-9\" class=\"wp-image-3848\" srcset=\"https:\/\/www.lovinghomecollection.com\/wp-content\/uploads\/2025\/05\/Pastel-Color-Wholesale-Ceramic-Dinner-Set-Plates-Bowls-Cups-9.webp 2406w, https:\/\/www.lovinghomecollection.com\/wp-content\/uploads\/2025\/05\/Pastel-Color-Wholesale-Ceramic-Dinner-Set-Plates-Bowls-Cups-9-291x300.webp 291w, https:\/\/www.lovinghomecollection.com\/wp-content\/uploads\/2025\/05\/Pastel-Color-Wholesale-Ceramic-Dinner-Set-Plates-Bowls-Cups-9-768x792.webp 768w, https:\/\/www.lovinghomecollection.com\/wp-content\/uploads\/2025\/05\/Pastel-Color-Wholesale-Ceramic-Dinner-Set-Plates-Bowls-Cups-9-12x12.webp 12w, https:\/\/www.lovinghomecollection.com\/wp-content\/uploads\/2025\/05\/Pastel-Color-Wholesale-Ceramic-Dinner-Set-Plates-Bowls-Cups-9-1200x1238.webp 1200w, https:\/\/www.lovinghomecollection.com\/wp-content\/uploads\/2025\/05\/Pastel-Color-Wholesale-Ceramic-Dinner-Set-Plates-Bowls-Cups-9-600x619.webp 600w\" sizes=\"(max-width: 2406px) 100vw, 2406px\" \/><\/figure>\n<\/div>\n\n\n\n<div class=\"wp-block-column is-layout-flow wp-block-column-is-layout-flow\">\n<figure class=\"wp-block-image size-full\"><img decoding=\"async\" width=\"2406\" height=\"2098\" src=\"https:\/\/www.lovinghomecollection.com\/wp-content\/uploads\/2025\/05\/Pastel-Color-Wholesale-Ceramic-Dinner-Set-Plates-Bowls-Cups-10.webp\" alt=\"Pastel Color al por mayor de cer\u00e1mica Vajilla, Platos Tazones Tazas-10\" class=\"wp-image-3849\" srcset=\"https:\/\/www.lovinghomecollection.com\/wp-content\/uploads\/2025\/05\/Pastel-Color-Wholesale-Ceramic-Dinner-Set-Plates-Bowls-Cups-10.webp 2406w, https:\/\/www.lovinghomecollection.com\/wp-content\/uploads\/2025\/05\/Pastel-Color-Wholesale-Ceramic-Dinner-Set-Plates-Bowls-Cups-10-300x262.webp 300w, https:\/\/www.lovinghomecollection.com\/wp-content\/uploads\/2025\/05\/Pastel-Color-Wholesale-Ceramic-Dinner-Set-Plates-Bowls-Cups-10-768x670.webp 768w, https:\/\/www.lovinghomecollection.com\/wp-content\/uploads\/2025\/05\/Pastel-Color-Wholesale-Ceramic-Dinner-Set-Plates-Bowls-Cups-10-14x12.webp 14w, https:\/\/www.lovinghomecollection.com\/wp-content\/uploads\/2025\/05\/Pastel-Color-Wholesale-Ceramic-Dinner-Set-Plates-Bowls-Cups-10-1200x1046.webp 1200w, https:\/\/www.lovinghomecollection.com\/wp-content\/uploads\/2025\/05\/Pastel-Color-Wholesale-Ceramic-Dinner-Set-Plates-Bowls-Cups-10-600x523.webp 600w\" sizes=\"(max-width: 2406px) 100vw, 2406px\" \/><\/figure>\n<\/div>\n<\/div>\n\n\n\n<p><\/p>","protected":false},"excerpt":{"rendered":"<p>Bienvenido a comprar vajillas al por mayor. Esta serie de vajillas al por mayor de color Morandi incluye una variedad de cuencos, platos y utensilios. Est\u00e1 disponible en tres elegantes colores: beige, verde claro y rosa. Combina un dise\u00f1o moderno con belleza y practicidad. Est\u00e1 fabricada con materiales cer\u00e1micos de alta calidad, resistentes y duraderos. Es adecuada para las comidas familiares diarias y los banquetes, y realza el estilo general de la mesa de comedor.<\/p>\n<table style=\"border-collapse: collapse; width: 338.02pt;\" border=\"0\" width=\"338\" cellspacing=\"0\" cellpadding=\"0\">\n<tbody>\n<tr style=\"height: 18.00pt;\">\n<td class=\"et3\" style=\"height: 18.00pt; width: 124.50pt;\" width=\"124\" height=\"18\">Fabricante<\/td>\n<td class=\"et3\" style=\"width: 214.40pt;\" width=\"214\">Un hogar lleno de amor<\/td>\n<\/tr>\n<tr style=\"height: 18.00pt;\">\n<td class=\"et3\" style=\"height: 18.00pt; width: 124.50pt;\" width=\"124\" height=\"18\">Nombre de la colecci\u00f3n<\/td>\n<td class=\"et4\" style=\"width: 214.40pt;\" width=\"214\">Luna Pastel<\/td>\n<\/tr>\n<tr style=\"height: 18.00pt;\">\n<td class=\"et3\" style=\"height: 18.00pt; width: 124.50pt;\" width=\"124\" height=\"18\">Utilizaci\u00f3n<\/td>\n<td class=\"et3\" style=\"width: 214.40pt;\" width=\"214\">Hogar, Restaurante, Hotel<\/td>\n<\/tr>\n<tr style=\"height: 106.00pt;\">\n<td class=\"et3\" style=\"height: 106.00pt; width: 124.50pt;\" width=\"124\" height=\"106\">Tipo de vajilla<\/td>\n<td class=\"et3\" style=\"width: 214.40pt;\" width=\"214\">Tetera, Azucarera, Cremera, Taza y Plato, Taza, Plato, Bol, Tarro, Mantequera, Tabla de quesos, Aceitera, Plato de aceitunas, Juego de Tapas, Utensilio, Soporte, Soporte para tartas, Huevera<\/td>\n<\/tr>\n<tr style=\"height: 18.00pt;\">\n<td class=\"et3\" style=\"height: 18.00pt; width: 124.50pt;\" width=\"124\" height=\"18\">Material<\/td>\n<td class=\"et3\" style=\"width: 214.40pt;\" width=\"214\">Porcelana resistente<\/td>\n<\/tr>\n<tr style=\"height: 18.00pt;\">\n<td class=\"et3\" style=\"height: 18.00pt; width: 124.50pt;\" width=\"124\" height=\"18\">Dimensi\u00f3n<\/td>\n<td class=\"et3\" style=\"width: 214.40pt;\" width=\"214\">Como imagen detallada<\/td>\n<\/tr>\n<tr style=\"height: 18.00pt;\">\n<td class=\"et3\" style=\"height: 18.00pt; width: 124.50pt;\" width=\"124\" height=\"18\">Unidades de venta<\/td>\n<td class=\"et3\" style=\"width: 214.40pt;\" width=\"214\">Art\u00edculo \u00fanico<\/td>\n<\/tr>\n<tr style=\"height: 18.00pt;\">\n<td class=\"et3\" style=\"height: 18.00pt; width: 124.50pt;\" width=\"124\" height=\"18\">MOQ<\/td>\n<td class=\"et3\" style=\"width: 214.40pt;\" width=\"214\">1200 unid. por art\u00edculo<\/td>\n<\/tr>\n<tr style=\"height: 18.00pt;\">\n<td class=\"et3\" style=\"height: 18.00pt; width: 124.50pt;\" width=\"124\" height=\"18\">Opci\u00f3n personalizada<\/td>\n<td class=\"et3\" style=\"width: 214.40pt;\" width=\"214\">Color\/Tama\u00f1o\/Glaseado\/Logotipo\/Embalaje<\/td>\n<\/tr>\n<\/tbody>\n<\/table>","protected":false},"featured_media":3845,"comment_status":"closed","ping_status":"closed","template":"","meta":{"_acf_changed":false},"product_brand":[],"product_cat":[19],"product_tag":[40,25,41,39,27,26],"class_list":{"0":"post-3537","1":"product","2":"type-product","3":"status-publish","4":"has-post-thumbnail","6":"product_cat-dinnerware-wholesale","7":"product_tag-oil-bottles-wholesale","8":"product_tag-wholesale-plates-and-bowls","9":"product_tag-salt-and-pepper-shakers-bulk","10":"product_tag-sugar-jars-wholesale","11":"product_tag-wholesale-tea-cups-and-saucers","12":"product_tag-wholesale-teapots","14":"first","15":"instock","16":"shipping-taxable","17":"product-type-simple"},"acf":[],"_links":{"self":[{"href":"https:\/\/www.lovinghomecollection.com\/es\/wp-json\/wp\/v2\/product\/3537","targetHints":{"allow":["GET"]}}],"collection":[{"href":"https:\/\/www.lovinghomecollection.com\/es\/wp-json\/wp\/v2\/product"}],"about":[{"href":"https:\/\/www.lovinghomecollection.com\/es\/wp-json\/wp\/v2\/types\/product"}],"replies":[{"embeddable":true,"href":"https:\/\/www.lovinghomecollection.com\/es\/wp-json\/wp\/v2\/comments?post=3537"}],"wp:featuredmedia":[{"embeddable":true,"href":"https:\/\/www.lovinghomecollection.com\/es\/wp-json\/wp\/v2\/media\/3845"}],"wp:attachment":[{"href":"https:\/\/www.lovinghomecollection.com\/es\/wp-json\/wp\/v2\/media?parent=3537"}],"wp:term":[{"taxonomy":"product_brand","embeddable":true,"href":"https:\/\/www.lovinghomecollection.com\/es\/wp-json\/wp\/v2\/product_brand?post=3537"},{"taxonomy":"product_cat","embeddable":true,"href":"https:\/\/www.lovinghomecollection.com\/es\/wp-json\/wp\/v2\/product_cat?post=3537"},{"taxonomy":"product_tag","embeddable":true,"href":"https:\/\/www.lovinghomecollection.com\/es\/wp-json\/wp\/v2\/product_tag?post=3537"}],"curies":[{"name":"wp","href":"https:\/\/api.w.org\/{rel}","templated":true}]}}