{"id":3526,"date":"2025-05-09T07:03:22","date_gmt":"2025-05-09T07:03:22","guid":{"rendered":"https:\/\/www.lovinghomecollection.com\/?post_type=product&#038;p=3526"},"modified":"2025-05-09T07:03:24","modified_gmt":"2025-05-09T07:03:24","slug":"bulk-catering-crockery","status":"publish","type":"product","link":"https:\/\/www.lovinghomecollection.com\/es\/producto\/bulk-catering-crockery\/","title":{"rendered":"Vajilla de Catering a Granel Naranja, Vajilla de Cer\u00e1mica al por Mayor"},"content":{"rendered":"<div class=\"wp-block-columns is-layout-flex wp-container-core-columns-is-layout-9d6595d7 wp-block-columns-is-layout-flex\">\n<div class=\"wp-block-column is-layout-flow wp-block-column-is-layout-flow\" style=\"flex-basis:60%\">\n<h2 class=\"wp-block-heading\">Vajilla a granel de primera calidad para catering Caracter\u00edsticas:<\/h2>\n\n\n\n<ul class=\"wp-block-list\">\n<li><strong>Dise\u00f1o naranja brillante, llamativo: <\/strong>Nuestra vajilla de cer\u00e1mica al por mayor de color naranja brillante inyecta vitalidad al espacio de comedor y realza el ambiente de la mesa. Es adecuado para lugares de restauraci\u00f3n comercial o decoraci\u00f3n del hogar.<\/li>\n\n\n\n<li><strong>Juego completo, funci\u00f3n completa:<\/strong> Nuestros juegos de vajilla a granel para catering incluyen vajilla, cuberter\u00eda, jarras para velas y jarrones, que satisfacen las necesidades de la mesa de comedor y la distribuci\u00f3n del espacio en una sola parada.<\/li>\n\n\n\n<li><strong>Se pueden combinar varios estilos a voluntad: <\/strong>Este juego de vajilla de cer\u00e1mica al por mayor tiene una variedad de especificaciones y formas de vajilla para elegir, adecuado para diferentes estilos y escenas, y mejora la flexibilidad de emparejamiento de productos.<\/li>\n\n\n\n<li><strong>Suministro a granel, apoyo a la personalizaci\u00f3n: <\/strong>Nuestra vajilla de hosteler\u00eda a granel es adecuada para la hosteler\u00eda a gran escala, la contrataci\u00f3n hotelera y los clientes mayoristas de marca, y admite la personalizaci\u00f3n de dise\u00f1os, colores y envases.<\/li>\n<\/ul>\n<\/div>\n\n\n\n<div class=\"wp-block-column is-layout-flow wp-block-column-is-layout-flow\">\n<figure class=\"wp-block-image size-full\"><img decoding=\"async\" width=\"1200\" height=\"1200\" src=\"https:\/\/www.lovinghomecollection.com\/wp-content\/uploads\/2025\/05\/Orange-Bulk-Catering-Crockery-Wholesale-Ceramic-Dinner-Set-6.webp\" alt=\"Vajilla de Catering a Granel Naranja, Vajilla de Cer\u00e1mica al por Mayor-6\" class=\"wp-image-3771\" srcset=\"https:\/\/www.lovinghomecollection.com\/wp-content\/uploads\/2025\/05\/Orange-Bulk-Catering-Crockery-Wholesale-Ceramic-Dinner-Set-6.webp 1200w, https:\/\/www.lovinghomecollection.com\/wp-content\/uploads\/2025\/05\/Orange-Bulk-Catering-Crockery-Wholesale-Ceramic-Dinner-Set-6-300x300.webp 300w, https:\/\/www.lovinghomecollection.com\/wp-content\/uploads\/2025\/05\/Orange-Bulk-Catering-Crockery-Wholesale-Ceramic-Dinner-Set-6-150x150.webp 150w, https:\/\/www.lovinghomecollection.com\/wp-content\/uploads\/2025\/05\/Orange-Bulk-Catering-Crockery-Wholesale-Ceramic-Dinner-Set-6-768x768.webp 768w, https:\/\/www.lovinghomecollection.com\/wp-content\/uploads\/2025\/05\/Orange-Bulk-Catering-Crockery-Wholesale-Ceramic-Dinner-Set-6-12x12.webp 12w, https:\/\/www.lovinghomecollection.com\/wp-content\/uploads\/2025\/05\/Orange-Bulk-Catering-Crockery-Wholesale-Ceramic-Dinner-Set-6-600x600.webp 600w, https:\/\/www.lovinghomecollection.com\/wp-content\/uploads\/2025\/05\/Orange-Bulk-Catering-Crockery-Wholesale-Ceramic-Dinner-Set-6-100x100.webp 100w\" sizes=\"(max-width: 1200px) 100vw, 1200px\" \/><\/figure>\n<\/div>\n<\/div>\n\n\n\n<h2 class=\"wp-block-heading has-text-align-center\">Exposici\u00f3n de productos de Vajilla para hosteler\u00eda a granel Terrain Scape<\/h2>\n\n\n\n<div class=\"wp-block-columns is-layout-flex wp-container-core-columns-is-layout-9d6595d7 wp-block-columns-is-layout-flex\">\n<div class=\"wp-block-column is-layout-flow wp-block-column-is-layout-flow\">\n<figure class=\"wp-block-image size-full\"><img decoding=\"async\" width=\"2383\" height=\"2751\" src=\"https:\/\/www.lovinghomecollection.com\/wp-content\/uploads\/2025\/05\/Orange-Bulk-Catering-Crockery-Wholesale-Ceramic-Dinner-Set-9.webp\" alt=\"Vajilla de Catering a Granel Naranja, Vajilla de Cer\u00e1mica al por Mayor-9\" class=\"wp-image-3774\" srcset=\"https:\/\/www.lovinghomecollection.com\/wp-content\/uploads\/2025\/05\/Orange-Bulk-Catering-Crockery-Wholesale-Ceramic-Dinner-Set-9.webp 2383w, https:\/\/www.lovinghomecollection.com\/wp-content\/uploads\/2025\/05\/Orange-Bulk-Catering-Crockery-Wholesale-Ceramic-Dinner-Set-9-260x300.webp 260w, https:\/\/www.lovinghomecollection.com\/wp-content\/uploads\/2025\/05\/Orange-Bulk-Catering-Crockery-Wholesale-Ceramic-Dinner-Set-9-768x887.webp 768w, https:\/\/www.lovinghomecollection.com\/wp-content\/uploads\/2025\/05\/Orange-Bulk-Catering-Crockery-Wholesale-Ceramic-Dinner-Set-9-10x12.webp 10w, https:\/\/www.lovinghomecollection.com\/wp-content\/uploads\/2025\/05\/Orange-Bulk-Catering-Crockery-Wholesale-Ceramic-Dinner-Set-9-1200x1385.webp 1200w, https:\/\/www.lovinghomecollection.com\/wp-content\/uploads\/2025\/05\/Orange-Bulk-Catering-Crockery-Wholesale-Ceramic-Dinner-Set-9-600x693.webp 600w\" sizes=\"(max-width: 2383px) 100vw, 2383px\" \/><\/figure>\n<\/div>\n\n\n\n<div class=\"wp-block-column is-layout-flow wp-block-column-is-layout-flow\">\n<figure class=\"wp-block-image size-full\"><img decoding=\"async\" width=\"2383\" height=\"3535\" src=\"https:\/\/www.lovinghomecollection.com\/wp-content\/uploads\/2025\/05\/Orange-Bulk-Catering-Crockery-Wholesale-Ceramic-Dinner-Set-10.webp\" alt=\"Vajilla de Catering a Granel Naranja, Vajilla de Cer\u00e1mica al por Mayor-10\" class=\"wp-image-3775\" srcset=\"https:\/\/www.lovinghomecollection.com\/wp-content\/uploads\/2025\/05\/Orange-Bulk-Catering-Crockery-Wholesale-Ceramic-Dinner-Set-10.webp 2383w, https:\/\/www.lovinghomecollection.com\/wp-content\/uploads\/2025\/05\/Orange-Bulk-Catering-Crockery-Wholesale-Ceramic-Dinner-Set-10-202x300.webp 202w, https:\/\/www.lovinghomecollection.com\/wp-content\/uploads\/2025\/05\/Orange-Bulk-Catering-Crockery-Wholesale-Ceramic-Dinner-Set-10-768x1139.webp 768w, https:\/\/www.lovinghomecollection.com\/wp-content\/uploads\/2025\/05\/Orange-Bulk-Catering-Crockery-Wholesale-Ceramic-Dinner-Set-10-8x12.webp 8w, https:\/\/www.lovinghomecollection.com\/wp-content\/uploads\/2025\/05\/Orange-Bulk-Catering-Crockery-Wholesale-Ceramic-Dinner-Set-10-1200x1780.webp 1200w, https:\/\/www.lovinghomecollection.com\/wp-content\/uploads\/2025\/05\/Orange-Bulk-Catering-Crockery-Wholesale-Ceramic-Dinner-Set-10-600x890.webp 600w\" sizes=\"(max-width: 2383px) 100vw, 2383px\" \/><\/figure>\n<\/div>\n<\/div>","protected":false},"excerpt":{"rendered":"<p>Bienvenido a comprar vajillas de cer\u00e1mica al por mayor. Esta vajilla de catering a granel naranja adopta tonos c\u00e1lidos y vibrantes, que cubre una variedad de productos tales como vajilla, tazas, tarros de velas y jarrones, con diversas formas, adecuado para la restauraci\u00f3n comercial, muebles para el hogar y la marca de personalizaci\u00f3n al por mayor.<\/p>\n<table width=\"338\">\n<tbody>\n<tr>\n<td width=\"124\">Fabricante<\/td>\n<td width=\"214\">Un hogar lleno de amor<\/td>\n<\/tr>\n<tr>\n<td width=\"124\">Nombre de la colecci\u00f3n<\/td>\n<td width=\"214\">Paisaje<\/td>\n<\/tr>\n<tr>\n<td width=\"124\">Utilizaci\u00f3n<\/td>\n<td width=\"214\">Hogar, Restaurante, Hotel<\/td>\n<\/tr>\n<tr>\n<td width=\"124\">Tipo de vajilla<\/td>\n<td width=\"214\">Tetera, Azucarero, Cremera, Taza y Plato, Taza, Plato, Bol, Tarro, Juego de Tapas, Soporte para Pasteles, Botella de Aceite, Salero y Pimentero, Mantequera, Portaherramientas<\/td>\n<\/tr>\n<tr>\n<td width=\"124\">Material<\/td>\n<td width=\"214\">Porcelana resistente<\/td>\n<\/tr>\n<tr>\n<td width=\"124\">Dimensi\u00f3n<\/td>\n<td width=\"214\">Como imagen detallada<\/td>\n<\/tr>\n<tr>\n<td width=\"124\">Unidades de venta<\/td>\n<td width=\"214\">Art\u00edculo \u00fanico<\/td>\n<\/tr>\n<tr>\n<td width=\"124\">MOQ<\/td>\n<td width=\"214\">1200 unid. por art\u00edculo<\/td>\n<\/tr>\n<tr>\n<td width=\"124\">Opci\u00f3n personalizada<\/td>\n<td width=\"214\">Color\/Tama\u00f1o\/Glaseado\/Logotipo\/Embalaje<\/td>\n<\/tr>\n<\/tbody>\n<\/table>","protected":false},"featured_media":3767,"comment_status":"closed","ping_status":"closed","template":"","meta":{"_acf_changed":false},"product_brand":[],"product_cat":[19],"product_tag":[36,25,39,27,26],"class_list":{"0":"post-3526","1":"product","2":"type-product","3":"status-publish","4":"has-post-thumbnail","6":"product_cat-dinnerware-wholesale","7":"product_tag-wholesale-kettles","8":"product_tag-wholesale-plates-and-bowls","9":"product_tag-sugar-jars-wholesale","10":"product_tag-wholesale-tea-cups-and-saucers","11":"product_tag-wholesale-teapots","13":"first","14":"instock","15":"shipping-taxable","16":"product-type-simple"},"acf":[],"_links":{"self":[{"href":"https:\/\/www.lovinghomecollection.com\/es\/wp-json\/wp\/v2\/product\/3526","targetHints":{"allow":["GET"]}}],"collection":[{"href":"https:\/\/www.lovinghomecollection.com\/es\/wp-json\/wp\/v2\/product"}],"about":[{"href":"https:\/\/www.lovinghomecollection.com\/es\/wp-json\/wp\/v2\/types\/product"}],"replies":[{"embeddable":true,"href":"https:\/\/www.lovinghomecollection.com\/es\/wp-json\/wp\/v2\/comments?post=3526"}],"wp:featuredmedia":[{"embeddable":true,"href":"https:\/\/www.lovinghomecollection.com\/es\/wp-json\/wp\/v2\/media\/3767"}],"wp:attachment":[{"href":"https:\/\/www.lovinghomecollection.com\/es\/wp-json\/wp\/v2\/media?parent=3526"}],"wp:term":[{"taxonomy":"product_brand","embeddable":true,"href":"https:\/\/www.lovinghomecollection.com\/es\/wp-json\/wp\/v2\/product_brand?post=3526"},{"taxonomy":"product_cat","embeddable":true,"href":"https:\/\/www.lovinghomecollection.com\/es\/wp-json\/wp\/v2\/product_cat?post=3526"},{"taxonomy":"product_tag","embeddable":true,"href":"https:\/\/www.lovinghomecollection.com\/es\/wp-json\/wp\/v2\/product_tag?post=3526"}],"curies":[{"name":"wp","href":"https:\/\/api.w.org\/{rel}","templated":true}]}}