{"id":3500,"date":"2025-05-09T06:52:04","date_gmt":"2025-05-09T06:52:04","guid":{"rendered":"https:\/\/www.lovinghomecollection.com\/?post_type=product&#038;p=3500"},"modified":"2025-05-09T06:52:05","modified_gmt":"2025-05-09T06:52:05","slug":"wholesale-china-dinnerware-sets","status":"publish","type":"product","link":"https:\/\/www.lovinghomecollection.com\/es\/producto\/wholesale-china-dinnerware-sets\/","title":{"rendered":"Mayorista Vajilla China, Vajilla Tema Cactus Granel"},"content":{"rendered":"<div class=\"wp-block-columns is-layout-flex wp-container-core-columns-is-layout-9d6595d7 wp-block-columns-is-layout-flex\">\n<div class=\"wp-block-column is-layout-flow wp-block-column-is-layout-flow\" style=\"flex-basis:60%\">\n<h2 class=\"wp-block-heading\">Premium al por mayor de China Vajilla Sets Caracter\u00edsticas:<\/h2>\n\n\n\n<ul class=\"wp-block-list\">\n<li><strong>Dise\u00f1o tem\u00e1tico \u00fanico de cactus:<\/strong> Estas vajillas de porcelana al por mayor combinan un estilo natural con una est\u00e9tica moderna, fresca y verde para decorar la mesa, apta para las comidas diarias y las reuniones festivas.<\/li>\n\n\n\n<li><strong>Conjunto completo de m\u00faltiples categor\u00edas: <\/strong>Nuestros juegos de vajilla a granel incluyen vajillas, tazas, tarros para velas, jarrones y otras combinaciones, que permiten crear f\u00e1cilmente un estilo de mesa unificado.<\/li>\n\n\n\n<li><strong>Diversa selecci\u00f3n de estilos: <\/strong>Nuestros juegos de vajilla de porcelana al por mayor con tema de cactus est\u00e1n disponibles en una variedad de tama\u00f1os, formas y estilos de dise\u00f1o para satisfacer las necesidades personalizadas de los diferentes usuarios.<\/li>\n\n\n\n<li><strong>Apto para venta al por mayor y personalizaci\u00f3n: <\/strong>Nuestros juegos de vajilla de porcelana al por mayor con tema de cactus al por mayor admiten pedidos a gran escala y la personalizaci\u00f3n de patrones y colores, lo que ayuda a las marcas a crear l\u00edneas de productos \u00fanicas.<\/li>\n<\/ul>\n<\/div>\n\n\n\n<div class=\"wp-block-column is-layout-flow wp-block-column-is-layout-flow\">\n<figure class=\"wp-block-image size-full\"><img decoding=\"async\" width=\"1200\" height=\"1200\" src=\"https:\/\/www.lovinghomecollection.com\/wp-content\/uploads\/2025\/05\/Wholesale-China-Dinnerware-Sets-Cactus-Themed-Tableware-8.webp\" alt=\"Mayorista Vajilla China, Vajilla Tem\u00e1tica Cactus-8\" class=\"wp-image-3759\" srcset=\"https:\/\/www.lovinghomecollection.com\/wp-content\/uploads\/2025\/05\/Wholesale-China-Dinnerware-Sets-Cactus-Themed-Tableware-8.webp 1200w, https:\/\/www.lovinghomecollection.com\/wp-content\/uploads\/2025\/05\/Wholesale-China-Dinnerware-Sets-Cactus-Themed-Tableware-8-300x300.webp 300w, https:\/\/www.lovinghomecollection.com\/wp-content\/uploads\/2025\/05\/Wholesale-China-Dinnerware-Sets-Cactus-Themed-Tableware-8-150x150.webp 150w, https:\/\/www.lovinghomecollection.com\/wp-content\/uploads\/2025\/05\/Wholesale-China-Dinnerware-Sets-Cactus-Themed-Tableware-8-768x768.webp 768w, https:\/\/www.lovinghomecollection.com\/wp-content\/uploads\/2025\/05\/Wholesale-China-Dinnerware-Sets-Cactus-Themed-Tableware-8-12x12.webp 12w, https:\/\/www.lovinghomecollection.com\/wp-content\/uploads\/2025\/05\/Wholesale-China-Dinnerware-Sets-Cactus-Themed-Tableware-8-600x600.webp 600w, https:\/\/www.lovinghomecollection.com\/wp-content\/uploads\/2025\/05\/Wholesale-China-Dinnerware-Sets-Cactus-Themed-Tableware-8-100x100.webp 100w\" sizes=\"(max-width: 1200px) 100vw, 1200px\" \/><\/figure>\n<\/div>\n<\/div>\n\n\n\n<h2 class=\"wp-block-heading has-text-align-center\">Exposici\u00f3n de productos Vajilla China al por mayor Oasis de Cactus<\/h2>\n\n\n\n<div class=\"wp-block-columns is-layout-flex wp-container-core-columns-is-layout-9d6595d7 wp-block-columns-is-layout-flex\">\n<div class=\"wp-block-column is-layout-flow wp-block-column-is-layout-flow\">\n<figure class=\"wp-block-image size-full\"><img decoding=\"async\" width=\"2383\" height=\"3255\" src=\"https:\/\/www.lovinghomecollection.com\/wp-content\/uploads\/2025\/05\/Wholesale-China-Dinnerware-Sets-Cactus-Themed-Tableware-13.webp\" alt=\"Vajilla China al por mayor, Vajilla tem\u00e1tica Cactus-13\" class=\"wp-image-3764\" srcset=\"https:\/\/www.lovinghomecollection.com\/wp-content\/uploads\/2025\/05\/Wholesale-China-Dinnerware-Sets-Cactus-Themed-Tableware-13.webp 2383w, https:\/\/www.lovinghomecollection.com\/wp-content\/uploads\/2025\/05\/Wholesale-China-Dinnerware-Sets-Cactus-Themed-Tableware-13-220x300.webp 220w, https:\/\/www.lovinghomecollection.com\/wp-content\/uploads\/2025\/05\/Wholesale-China-Dinnerware-Sets-Cactus-Themed-Tableware-13-768x1049.webp 768w, https:\/\/www.lovinghomecollection.com\/wp-content\/uploads\/2025\/05\/Wholesale-China-Dinnerware-Sets-Cactus-Themed-Tableware-13-9x12.webp 9w, https:\/\/www.lovinghomecollection.com\/wp-content\/uploads\/2025\/05\/Wholesale-China-Dinnerware-Sets-Cactus-Themed-Tableware-13-1200x1639.webp 1200w, https:\/\/www.lovinghomecollection.com\/wp-content\/uploads\/2025\/05\/Wholesale-China-Dinnerware-Sets-Cactus-Themed-Tableware-13-600x820.webp 600w\" sizes=\"(max-width: 2383px) 100vw, 2383px\" \/><\/figure>\n<\/div>\n\n\n\n<div class=\"wp-block-column is-layout-flow wp-block-column-is-layout-flow\">\n<figure class=\"wp-block-image size-full\"><img decoding=\"async\" width=\"2383\" height=\"3327\" src=\"https:\/\/www.lovinghomecollection.com\/wp-content\/uploads\/2025\/05\/Wholesale-China-Dinnerware-Sets-Cactus-Themed-Tableware-12.webp\" alt=\"Vajilla China al por mayor, Vajilla tem\u00e1tica Cactus-12\" class=\"wp-image-3763\" srcset=\"https:\/\/www.lovinghomecollection.com\/wp-content\/uploads\/2025\/05\/Wholesale-China-Dinnerware-Sets-Cactus-Themed-Tableware-12.webp 2383w, https:\/\/www.lovinghomecollection.com\/wp-content\/uploads\/2025\/05\/Wholesale-China-Dinnerware-Sets-Cactus-Themed-Tableware-12-215x300.webp 215w, https:\/\/www.lovinghomecollection.com\/wp-content\/uploads\/2025\/05\/Wholesale-China-Dinnerware-Sets-Cactus-Themed-Tableware-12-768x1072.webp 768w, https:\/\/www.lovinghomecollection.com\/wp-content\/uploads\/2025\/05\/Wholesale-China-Dinnerware-Sets-Cactus-Themed-Tableware-12-9x12.webp 9w, https:\/\/www.lovinghomecollection.com\/wp-content\/uploads\/2025\/05\/Wholesale-China-Dinnerware-Sets-Cactus-Themed-Tableware-12-1200x1675.webp 1200w, https:\/\/www.lovinghomecollection.com\/wp-content\/uploads\/2025\/05\/Wholesale-China-Dinnerware-Sets-Cactus-Themed-Tableware-12-600x838.webp 600w\" sizes=\"(max-width: 2383px) 100vw, 2383px\" \/><\/figure>\n<\/div>\n<\/div>\n\n\n\n<p><\/p>","protected":false},"excerpt":{"rendered":"<p>Bienvenido a comprar juegos de vajilla al por mayor. Este tema de cactus al por mayor china vajilla conjuga perfectamente elementos naturales con funciones pr\u00e1cticas, cubriendo vajilla, vajilla, jarras de velas decorativas y jarrones, con una variedad de dise\u00f1os, es una opci\u00f3n ideal para uso dom\u00e9stico diario, caf\u00e9s y venta por menor de la marca.<\/p>\n<table style=\"border-collapse: collapse; width: 338.02pt;\" border=\"0\" width=\"338\" cellspacing=\"0\" cellpadding=\"0\">\n<tbody>\n<tr style=\"height: 18.00pt;\">\n<td class=\"et3\" style=\"height: 18.00pt; width: 124.50pt;\" width=\"124\" height=\"18\">Fabricante<\/td>\n<td class=\"et3\" style=\"width: 214.40pt;\" width=\"214\">Un hogar lleno de amor<\/td>\n<\/tr>\n<tr style=\"height: 18.00pt;\">\n<td class=\"et3\" style=\"height: 18.00pt; width: 124.50pt;\" width=\"124\" height=\"18\">Nombre de la colecci\u00f3n<\/td>\n<td class=\"et3\" style=\"width: 214.40pt;\" width=\"214\">Oasis de cactus<\/td>\n<\/tr>\n<tr style=\"height: 18.00pt;\">\n<td class=\"et3\" style=\"height: 18.00pt; width: 124.50pt;\" width=\"124\" height=\"18\">Tipo de producto<\/td>\n<td class=\"et4\" style=\"width: 214.40pt;\" width=\"214\">Plato de cer\u00e1mica, cuenco, taza y platillo, taza, tetera, portavelas, jarr\u00f3n<\/td>\n<\/tr>\n<tr style=\"height: 18.00pt;\">\n<td class=\"et3\" style=\"height: 18.00pt; width: 124.50pt;\" width=\"124\" height=\"18\">Material<\/td>\n<td class=\"et3\" style=\"width: 214.40pt;\" width=\"214\">Porcelana resistente<\/td>\n<\/tr>\n<tr style=\"height: 18.00pt;\">\n<td class=\"et3\" style=\"height: 18.00pt; width: 124.50pt;\" width=\"124\" height=\"18\">Dimensi\u00f3n<\/td>\n<td class=\"et3\" style=\"width: 214.40pt;\" width=\"214\">Como imagen detallada<\/td>\n<\/tr>\n<tr style=\"height: 18.00pt;\">\n<td class=\"et3\" style=\"height: 18.00pt; width: 124.50pt;\" width=\"124\" height=\"18\">Unidades de venta<\/td>\n<td class=\"et3\" style=\"width: 214.40pt;\" width=\"214\">Art\u00edculo \u00fanico<\/td>\n<\/tr>\n<tr style=\"height: 18.00pt;\">\n<td class=\"et3\" style=\"height: 18.00pt; width: 124.50pt;\" width=\"124\" height=\"18\">MOQ<\/td>\n<td class=\"et3\" style=\"width: 214.40pt;\" width=\"214\">1200 unid. por art\u00edculo<\/td>\n<\/tr>\n<tr style=\"height: 18.00pt;\">\n<td class=\"et3\" style=\"height: 18.00pt; width: 124.50pt;\" width=\"124\" height=\"18\">Opci\u00f3n personalizada<\/td>\n<td class=\"et3\" style=\"width: 214.40pt;\" width=\"214\">Color\/Tama\u00f1o\/Glaseado\/Logotipo\/Embalaje<\/td>\n<\/tr>\n<\/tbody>\n<\/table>","protected":false},"featured_media":3753,"comment_status":"closed","ping_status":"closed","template":"","meta":{"_acf_changed":false},"product_brand":[],"product_cat":[19],"product_tag":[25,41,27,26],"class_list":{"0":"post-3500","1":"product","2":"type-product","3":"status-publish","4":"has-post-thumbnail","6":"product_cat-dinnerware-wholesale","7":"product_tag-wholesale-plates-and-bowls","8":"product_tag-salt-and-pepper-shakers-bulk","9":"product_tag-wholesale-tea-cups-and-saucers","10":"product_tag-wholesale-teapots","12":"first","13":"instock","14":"shipping-taxable","15":"product-type-simple"},"acf":[],"_links":{"self":[{"href":"https:\/\/www.lovinghomecollection.com\/es\/wp-json\/wp\/v2\/product\/3500","targetHints":{"allow":["GET"]}}],"collection":[{"href":"https:\/\/www.lovinghomecollection.com\/es\/wp-json\/wp\/v2\/product"}],"about":[{"href":"https:\/\/www.lovinghomecollection.com\/es\/wp-json\/wp\/v2\/types\/product"}],"replies":[{"embeddable":true,"href":"https:\/\/www.lovinghomecollection.com\/es\/wp-json\/wp\/v2\/comments?post=3500"}],"wp:featuredmedia":[{"embeddable":true,"href":"https:\/\/www.lovinghomecollection.com\/es\/wp-json\/wp\/v2\/media\/3753"}],"wp:attachment":[{"href":"https:\/\/www.lovinghomecollection.com\/es\/wp-json\/wp\/v2\/media?parent=3500"}],"wp:term":[{"taxonomy":"product_brand","embeddable":true,"href":"https:\/\/www.lovinghomecollection.com\/es\/wp-json\/wp\/v2\/product_brand?post=3500"},{"taxonomy":"product_cat","embeddable":true,"href":"https:\/\/www.lovinghomecollection.com\/es\/wp-json\/wp\/v2\/product_cat?post=3500"},{"taxonomy":"product_tag","embeddable":true,"href":"https:\/\/www.lovinghomecollection.com\/es\/wp-json\/wp\/v2\/product_tag?post=3500"}],"curies":[{"name":"wp","href":"https:\/\/api.w.org\/{rel}","templated":true}]}}