{"id":3475,"date":"2025-05-06T08:15:44","date_gmt":"2025-05-06T08:15:44","guid":{"rendered":"https:\/\/www.lovinghomecollection.com\/?post_type=product&#038;p=3475"},"modified":"2025-05-06T08:32:32","modified_gmt":"2025-05-06T08:32:32","slug":"white-dinner-plates-in-bulk","status":"publish","type":"product","link":"https:\/\/www.lovinghomecollection.com\/es\/producto\/white-dinner-plates-in-bulk\/","title":{"rendered":"Platos Blancos y Negros a Granel, Platos para Catering"},"content":{"rendered":"<div class=\"wp-block-columns is-layout-flex wp-container-core-columns-is-layout-9d6595d7 wp-block-columns-is-layout-flex\">\n<div class=\"wp-block-column is-layout-flow wp-block-column-is-layout-flow\" style=\"flex-basis:60%\">\n<h2 class=\"wp-block-heading\">Platos de cena blancos y negros de primera calidad a granel Caracter\u00edsticas:<\/h2>\n\n\n\n<ul class=\"wp-block-list\">\n<li><strong>Combinaci\u00f3n cl\u00e1sica de colores blanco y negro, estilo vers\u00e1til y nada exigente: <\/strong>Estos platos blancos y negros al por mayor tienen un dise\u00f1o sencillo y elegante, adecuado para diversos estilos de decoraci\u00f3n de restaurantes, banquetes u hogares, y realzan el ambiente general de la cena.<\/li>\n\n\n\n<li><strong>Material cer\u00e1mico de alta calidad, resistente y duradero: <\/strong>Nuestros platos de servicio al por mayor para catering est\u00e1n hechos de cer\u00e1mica cocida de alta temperatura, que son resistentes a los ara\u00f1azos y al calor, adecuados para el uso de alta frecuencia, y cumplen con los requisitos de alta durabilidad de la industria del catering.<\/li>\n\n\n\n<li><strong>Adecuado para servicios de catering en m\u00faltiples escenarios:<\/strong> Nuestros platos blancos y negros a granel est\u00e1n dise\u00f1ados para ser pr\u00e1cticos y bonitos a la vez, aptos para servir platos principales, fuentes o postres, y son ideales para hoteles y locales de restauraci\u00f3n.<\/li>\n\n\n\n<li><strong>Apoyo a la venta al por mayor y servicios personalizados: <\/strong>Suministramos platos de servicio de catering al por mayor a gran escala, con personalizaci\u00f3n de tama\u00f1o, color y LOGO, y satisfacemos las diversas necesidades de los propietarios de marcas y proyectos de adquisici\u00f3n a gran escala.<\/li>\n<\/ul>\n<\/div>\n\n\n\n<div class=\"wp-block-column is-layout-flow wp-block-column-is-layout-flow\">\n<figure class=\"wp-block-image size-full\"><img decoding=\"async\" width=\"1200\" height=\"1200\" src=\"https:\/\/www.lovinghomecollection.com\/wp-content\/uploads\/2025\/05\/Black-White-Dinner-Plates-In-Bulk-Catering-Serving-Plates-4.webp\" alt=\"Black &amp; White Dinner Plates In Bulk, Catering Platos para Servir-4\" class=\"wp-image-3479\" srcset=\"https:\/\/www.lovinghomecollection.com\/wp-content\/uploads\/2025\/05\/Black-White-Dinner-Plates-In-Bulk-Catering-Serving-Plates-4.webp 1200w, https:\/\/www.lovinghomecollection.com\/wp-content\/uploads\/2025\/05\/Black-White-Dinner-Plates-In-Bulk-Catering-Serving-Plates-4-300x300.webp 300w, https:\/\/www.lovinghomecollection.com\/wp-content\/uploads\/2025\/05\/Black-White-Dinner-Plates-In-Bulk-Catering-Serving-Plates-4-150x150.webp 150w, https:\/\/www.lovinghomecollection.com\/wp-content\/uploads\/2025\/05\/Black-White-Dinner-Plates-In-Bulk-Catering-Serving-Plates-4-768x768.webp 768w, https:\/\/www.lovinghomecollection.com\/wp-content\/uploads\/2025\/05\/Black-White-Dinner-Plates-In-Bulk-Catering-Serving-Plates-4-12x12.webp 12w, https:\/\/www.lovinghomecollection.com\/wp-content\/uploads\/2025\/05\/Black-White-Dinner-Plates-In-Bulk-Catering-Serving-Plates-4-600x600.webp 600w, https:\/\/www.lovinghomecollection.com\/wp-content\/uploads\/2025\/05\/Black-White-Dinner-Plates-In-Bulk-Catering-Serving-Plates-4-100x100.webp 100w\" sizes=\"(max-width: 1200px) 100vw, 1200px\" \/><\/figure>\n<\/div>\n<\/div>\n\n\n\n<h2 class=\"wp-block-heading has-text-align-center\">Exposici\u00f3n de productos de <mark style=\"background-color:rgba(0, 0, 0, 0)\" class=\"has-inline-color has-vivid-red-color\"><a href=\"https:\/\/www.lovinghomecollection.com\/es\/producto\/bulk-plates-and-bowls\/\">Pizarra salvaje<\/a><\/mark> Vajilla al por mayor<\/h2>\n\n\n\n<div class=\"wp-block-columns is-layout-flex wp-container-core-columns-is-layout-9d6595d7 wp-block-columns-is-layout-flex\">\n<div class=\"wp-block-column is-layout-flow wp-block-column-is-layout-flow\">\n<figure class=\"wp-block-image size-full\"><a href=\"https:\/\/www.lovinghomecollection.com\/es\/producto\/bulk-plates-and-bowls\/\"><img decoding=\"async\" width=\"1200\" height=\"1200\" src=\"https:\/\/www.lovinghomecollection.com\/wp-content\/uploads\/2024\/10\/Matte-Black-White-Bulk-Plates-And-Bowls-Teapots-and-Cups-1.webp\" alt=\"Platos y cuencos, teteras y tazas a granel en blanco y negro mate (1)\" class=\"wp-image-1584\" srcset=\"https:\/\/www.lovinghomecollection.com\/wp-content\/uploads\/2024\/10\/Matte-Black-White-Bulk-Plates-And-Bowls-Teapots-and-Cups-1.webp 1200w, https:\/\/www.lovinghomecollection.com\/wp-content\/uploads\/2024\/10\/Matte-Black-White-Bulk-Plates-And-Bowls-Teapots-and-Cups-1-300x300.webp 300w, https:\/\/www.lovinghomecollection.com\/wp-content\/uploads\/2024\/10\/Matte-Black-White-Bulk-Plates-And-Bowls-Teapots-and-Cups-1-150x150.webp 150w, https:\/\/www.lovinghomecollection.com\/wp-content\/uploads\/2024\/10\/Matte-Black-White-Bulk-Plates-And-Bowls-Teapots-and-Cups-1-768x768.webp 768w, https:\/\/www.lovinghomecollection.com\/wp-content\/uploads\/2024\/10\/Matte-Black-White-Bulk-Plates-And-Bowls-Teapots-and-Cups-1-12x12.webp 12w, https:\/\/www.lovinghomecollection.com\/wp-content\/uploads\/2024\/10\/Matte-Black-White-Bulk-Plates-And-Bowls-Teapots-and-Cups-1-600x600.webp 600w, https:\/\/www.lovinghomecollection.com\/wp-content\/uploads\/2024\/10\/Matte-Black-White-Bulk-Plates-And-Bowls-Teapots-and-Cups-1-100x100.webp 100w\" sizes=\"(max-width: 1200px) 100vw, 1200px\" \/><\/a><\/figure>\n<\/div>\n\n\n\n<div class=\"wp-block-column is-layout-flow wp-block-column-is-layout-flow\">\n<figure class=\"wp-block-image size-full\"><a href=\"https:\/\/www.lovinghomecollection.com\/es\/producto\/bulk-plates-and-bowls\/\"><img decoding=\"async\" width=\"1200\" height=\"1200\" src=\"https:\/\/www.lovinghomecollection.com\/wp-content\/uploads\/2024\/10\/Matte-Black-White-Bulk-Plates-And-Bowls-Teapots-and-Cups-6.webp\" alt=\"Platos y cuencos, teteras y tazas a granel en blanco y negro mate (6)\" class=\"wp-image-1589\" srcset=\"https:\/\/www.lovinghomecollection.com\/wp-content\/uploads\/2024\/10\/Matte-Black-White-Bulk-Plates-And-Bowls-Teapots-and-Cups-6.webp 1200w, https:\/\/www.lovinghomecollection.com\/wp-content\/uploads\/2024\/10\/Matte-Black-White-Bulk-Plates-And-Bowls-Teapots-and-Cups-6-300x300.webp 300w, https:\/\/www.lovinghomecollection.com\/wp-content\/uploads\/2024\/10\/Matte-Black-White-Bulk-Plates-And-Bowls-Teapots-and-Cups-6-150x150.webp 150w, https:\/\/www.lovinghomecollection.com\/wp-content\/uploads\/2024\/10\/Matte-Black-White-Bulk-Plates-And-Bowls-Teapots-and-Cups-6-768x768.webp 768w, https:\/\/www.lovinghomecollection.com\/wp-content\/uploads\/2024\/10\/Matte-Black-White-Bulk-Plates-And-Bowls-Teapots-and-Cups-6-12x12.webp 12w, https:\/\/www.lovinghomecollection.com\/wp-content\/uploads\/2024\/10\/Matte-Black-White-Bulk-Plates-And-Bowls-Teapots-and-Cups-6-600x600.webp 600w, https:\/\/www.lovinghomecollection.com\/wp-content\/uploads\/2024\/10\/Matte-Black-White-Bulk-Plates-And-Bowls-Teapots-and-Cups-6-100x100.webp 100w\" sizes=\"(max-width: 1200px) 100vw, 1200px\" \/><\/a><\/figure>\n<\/div>\n<\/div>\n\n\n\n<p><\/p>","protected":false},"excerpt":{"rendered":"<p>Bienvenido a comprar platos al por mayor para catering. Nuestros platos de servicio en blanco y negro al por mayor son de dise\u00f1o sencillo y elegante, adecuados para todo tipo de escenarios de catering, como hoteles, buffets, banquetes y reuniones familiares. Proporcionamos suministros a gran escala y servicios personalizados para satisfacer las necesidades de restauraci\u00f3n profesional.<\/p>\n<table style=\"border-collapse: collapse; width: 338.02pt;\" border=\"0\" width=\"338\" cellspacing=\"0\" cellpadding=\"0\">\n<tbody>\n<tr style=\"height: 18.00pt;\">\n<td class=\"et3\" style=\"height: 18.00pt; width: 124.50pt;\" width=\"124\" height=\"18\">Fabricante<\/td>\n<td class=\"et3\" style=\"width: 214.40pt;\" width=\"214\">Un hogar lleno de amor<\/td>\n<\/tr>\n<tr style=\"height: 18.00pt;\">\n<td class=\"et3\" style=\"height: 18.00pt; width: 124.50pt;\" width=\"124\" height=\"18\">Nombre de la colecci\u00f3n<\/td>\n<td class=\"et3\" style=\"width: 214.40pt;\" width=\"214\">Pizarra salvaje<\/td>\n<\/tr>\n<tr style=\"height: 18.00pt;\">\n<td class=\"et3\" style=\"height: 18.00pt; width: 124.50pt;\" width=\"124\" height=\"18\">Tipo de producto<\/td>\n<td class=\"et4\" style=\"width: 214.40pt;\" width=\"214\">Placas de cer\u00e1mica<\/td>\n<\/tr>\n<tr style=\"height: 18.00pt;\">\n<td class=\"et3\" style=\"height: 18.00pt; width: 124.50pt;\" width=\"124\" height=\"18\">Material<\/td>\n<td class=\"et3\" style=\"width: 214.40pt;\" width=\"214\">Porcelana resistente<\/td>\n<\/tr>\n<tr style=\"height: 18.00pt;\">\n<td class=\"et3\" style=\"height: 18.00pt; width: 124.50pt;\" width=\"124\" height=\"18\">Dimensi\u00f3n<\/td>\n<td class=\"et3\" style=\"width: 214.40pt;\" width=\"214\">Como imagen detallada<\/td>\n<\/tr>\n<tr style=\"height: 18.00pt;\">\n<td class=\"et3\" style=\"height: 18.00pt; width: 124.50pt;\" width=\"124\" height=\"18\">Unidades de venta<\/td>\n<td class=\"et3\" style=\"width: 214.40pt;\" width=\"214\">Art\u00edculo \u00fanico<\/td>\n<\/tr>\n<tr style=\"height: 18.00pt;\">\n<td class=\"et3\" style=\"height: 18.00pt; width: 124.50pt;\" width=\"124\" height=\"18\">MOQ<\/td>\n<td class=\"et3\" style=\"width: 214.40pt;\" width=\"214\">1200 unid. por art\u00edculo<\/td>\n<\/tr>\n<tr style=\"height: 18.00pt;\">\n<td class=\"et3\" style=\"height: 18.00pt; width: 124.50pt;\" width=\"124\" height=\"18\">Opci\u00f3n personalizada<\/td>\n<td class=\"et3\" style=\"width: 214.40pt;\" width=\"214\">Color\/Tama\u00f1o\/Glaseado\/Logotipo\/Embalaje<\/td>\n<\/tr>\n<\/tbody>\n<\/table>","protected":false},"featured_media":3478,"comment_status":"closed","ping_status":"closed","template":"","meta":{"_acf_changed":false},"product_brand":[],"product_cat":[42],"product_tag":[],"class_list":{"0":"post-3475","1":"product","2":"type-product","3":"status-publish","4":"has-post-thumbnail","6":"product_cat-ceramic-plates-wholesale","8":"first","9":"instock","10":"shipping-taxable","11":"product-type-simple"},"acf":[],"_links":{"self":[{"href":"https:\/\/www.lovinghomecollection.com\/es\/wp-json\/wp\/v2\/product\/3475","targetHints":{"allow":["GET"]}}],"collection":[{"href":"https:\/\/www.lovinghomecollection.com\/es\/wp-json\/wp\/v2\/product"}],"about":[{"href":"https:\/\/www.lovinghomecollection.com\/es\/wp-json\/wp\/v2\/types\/product"}],"replies":[{"embeddable":true,"href":"https:\/\/www.lovinghomecollection.com\/es\/wp-json\/wp\/v2\/comments?post=3475"}],"wp:featuredmedia":[{"embeddable":true,"href":"https:\/\/www.lovinghomecollection.com\/es\/wp-json\/wp\/v2\/media\/3478"}],"wp:attachment":[{"href":"https:\/\/www.lovinghomecollection.com\/es\/wp-json\/wp\/v2\/media?parent=3475"}],"wp:term":[{"taxonomy":"product_brand","embeddable":true,"href":"https:\/\/www.lovinghomecollection.com\/es\/wp-json\/wp\/v2\/product_brand?post=3475"},{"taxonomy":"product_cat","embeddable":true,"href":"https:\/\/www.lovinghomecollection.com\/es\/wp-json\/wp\/v2\/product_cat?post=3475"},{"taxonomy":"product_tag","embeddable":true,"href":"https:\/\/www.lovinghomecollection.com\/es\/wp-json\/wp\/v2\/product_tag?post=3475"}],"curies":[{"name":"wp","href":"https:\/\/api.w.org\/{rel}","templated":true}]}}