{"id":2225,"date":"2024-12-06T02:19:39","date_gmt":"2024-12-06T02:19:39","guid":{"rendered":"https:\/\/www.lovinghomecollection.com\/?post_type=product&#038;p=2225"},"modified":"2024-12-06T02:19:40","modified_gmt":"2024-12-06T02:19:40","slug":"wholesale-dinner-set","status":"publish","type":"product","link":"https:\/\/www.lovinghomecollection.com\/es\/producto\/wholesale-dinner-set\/","title":{"rendered":"Raw Wild Wholesale Vajilla, Platos de Porcelana, Tazones, Tazas a Granel"},"content":{"rendered":"<div class=\"wp-block-columns is-layout-flex wp-container-core-columns-is-layout-9d6595d7 wp-block-columns-is-layout-flex\">\n<div class=\"wp-block-column is-layout-flow wp-block-column-is-layout-flow\" style=\"flex-basis:60%\">\n<h2 class=\"wp-block-heading\">Vajilla al por mayor de primera calidad Caracter\u00edsticas:<\/h2>\n\n\n\n<ul class=\"wp-block-list\">\n<li><strong>Dise\u00f1o en negro mate:<\/strong> Esta vajilla al por mayor presenta un dise\u00f1o en negro mate profundo, con una textura \u00fanica de alta gama, con motivos de animales salvajes, llenos de fuerza natural y personalidad, adecuados para la configuraci\u00f3n de mesas que persiguen un estilo \u00fanico.<\/li>\n\n\n\n<li><strong>Decoraci\u00f3n con motivos de animales salvajes:<\/strong> Estos platos, cuencos y tazas de porcelana presentan exquisitos motivos de animales salvajes. Mientras que la mayor\u00eda de los dise\u00f1os modernos se inspiran en la naturaleza, \u00e9ste a\u00f1ade un toque art\u00edstico para hacer m\u00e1s v\u00edvida la hora de la cena. A\u00f1adir\u00e1 belleza no s\u00f3lo a la mesa, sino que tambi\u00e9n podr\u00eda servir como tema de conversaci\u00f3n.<\/li>\n\n\n\n<li><strong>Satisface las necesidades de m\u00faltiples escenas gastron\u00f3micas: <\/strong>Nuestra vajilla al por mayor incluye platos llanos, cuencos, teteras, tazas y platos para queso, etc. que pueden utilizarse en multitud de escenas gastron\u00f3micas: desayuno, almuerzo y cena. Y las ricas combinaciones de utensilios satisfar\u00e1n todo tipo de necesidades culinarias, y crear\u00e1n una gran comodidad y flexibilidad para la familia y el catering.<\/li>\n\n\n\n<li><strong>Duradero y f\u00e1cil de limpiar: <\/strong>Estos platos de la cena de porcelana, cuencos, tazas a granel est\u00e1n hechos de porcelana de calidad superior, que es muy duro y duradero, con super resistencia a los ara\u00f1azos y resistencia al calor. La superficie es lisa y fina, f\u00e1cil de limpiar; es apto para lavavajillas y microondas, a la vez pr\u00e1ctico y hermoso.<\/li>\n<\/ul>\n<\/div>\n\n\n\n<div class=\"wp-block-column is-layout-flow wp-block-column-is-layout-flow\">\n<figure class=\"wp-block-image size-full\"><img decoding=\"async\" width=\"1200\" height=\"1200\" src=\"https:\/\/www.lovinghomecollection.com\/wp-content\/uploads\/2024\/11\/Raw-Wild-Wholesale-Dinner-Set-Porcelain-Dinner-Plates-Bowls-Cups-Bulk-2.webp\" alt=\"Raw Wild Wholesale Vajilla, Porcelana Platos, Tazones, Tazas Bulk-2\" class=\"wp-image-2450\" srcset=\"https:\/\/www.lovinghomecollection.com\/wp-content\/uploads\/2024\/11\/Raw-Wild-Wholesale-Dinner-Set-Porcelain-Dinner-Plates-Bowls-Cups-Bulk-2.webp 1200w, https:\/\/www.lovinghomecollection.com\/wp-content\/uploads\/2024\/11\/Raw-Wild-Wholesale-Dinner-Set-Porcelain-Dinner-Plates-Bowls-Cups-Bulk-2-300x300.webp 300w, https:\/\/www.lovinghomecollection.com\/wp-content\/uploads\/2024\/11\/Raw-Wild-Wholesale-Dinner-Set-Porcelain-Dinner-Plates-Bowls-Cups-Bulk-2-150x150.webp 150w, https:\/\/www.lovinghomecollection.com\/wp-content\/uploads\/2024\/11\/Raw-Wild-Wholesale-Dinner-Set-Porcelain-Dinner-Plates-Bowls-Cups-Bulk-2-768x768.webp 768w, https:\/\/www.lovinghomecollection.com\/wp-content\/uploads\/2024\/11\/Raw-Wild-Wholesale-Dinner-Set-Porcelain-Dinner-Plates-Bowls-Cups-Bulk-2-12x12.webp 12w, https:\/\/www.lovinghomecollection.com\/wp-content\/uploads\/2024\/11\/Raw-Wild-Wholesale-Dinner-Set-Porcelain-Dinner-Plates-Bowls-Cups-Bulk-2-600x600.webp 600w, https:\/\/www.lovinghomecollection.com\/wp-content\/uploads\/2024\/11\/Raw-Wild-Wholesale-Dinner-Set-Porcelain-Dinner-Plates-Bowls-Cups-Bulk-2-100x100.webp 100w\" sizes=\"(max-width: 1200px) 100vw, 1200px\" \/><\/figure>\n<\/div>\n<\/div>\n\n\n\n<h2 class=\"wp-block-heading has-text-align-center\">Exposici\u00f3n de productos Vajilla al por mayor de crudos silvestres<\/h2>\n\n\n\n<div class=\"wp-block-columns is-layout-flex wp-container-core-columns-is-layout-9d6595d7 wp-block-columns-is-layout-flex\">\n<div class=\"wp-block-column is-layout-flow wp-block-column-is-layout-flow\">\n<figure class=\"wp-block-image size-full\"><img decoding=\"async\" width=\"1750\" height=\"1264\" src=\"https:\/\/www.lovinghomecollection.com\/wp-content\/uploads\/2024\/11\/Raw-Wild-Wholesale-Dinner-Set-Porcelain-Dinner-Plates-Bowls-Cups-Bulk-10.webp\" alt=\"Raw Wild Wholesale Vajilla, Porcelana Platos, Tazones, Tazas Bulk-10\" class=\"wp-image-2458\" srcset=\"https:\/\/www.lovinghomecollection.com\/wp-content\/uploads\/2024\/11\/Raw-Wild-Wholesale-Dinner-Set-Porcelain-Dinner-Plates-Bowls-Cups-Bulk-10.webp 1750w, https:\/\/www.lovinghomecollection.com\/wp-content\/uploads\/2024\/11\/Raw-Wild-Wholesale-Dinner-Set-Porcelain-Dinner-Plates-Bowls-Cups-Bulk-10-300x217.webp 300w, https:\/\/www.lovinghomecollection.com\/wp-content\/uploads\/2024\/11\/Raw-Wild-Wholesale-Dinner-Set-Porcelain-Dinner-Plates-Bowls-Cups-Bulk-10-768x555.webp 768w, https:\/\/www.lovinghomecollection.com\/wp-content\/uploads\/2024\/11\/Raw-Wild-Wholesale-Dinner-Set-Porcelain-Dinner-Plates-Bowls-Cups-Bulk-10-18x12.webp 18w, https:\/\/www.lovinghomecollection.com\/wp-content\/uploads\/2024\/11\/Raw-Wild-Wholesale-Dinner-Set-Porcelain-Dinner-Plates-Bowls-Cups-Bulk-10-1200x867.webp 1200w, https:\/\/www.lovinghomecollection.com\/wp-content\/uploads\/2024\/11\/Raw-Wild-Wholesale-Dinner-Set-Porcelain-Dinner-Plates-Bowls-Cups-Bulk-10-600x433.webp 600w\" sizes=\"(max-width: 1750px) 100vw, 1750px\" \/><\/figure>\n<\/div>\n\n\n\n<div class=\"wp-block-column is-layout-flow wp-block-column-is-layout-flow\">\n<figure class=\"wp-block-image size-full\"><img decoding=\"async\" width=\"1750\" height=\"1406\" src=\"https:\/\/www.lovinghomecollection.com\/wp-content\/uploads\/2024\/11\/Raw-Wild-Wholesale-Dinner-Set-Porcelain-Dinner-Plates-Bowls-Cups-Bulk-9.webp\" alt=\"Raw Wild Wholesale Vajilla, Porcelana Platos, Tazones, Tazas Bulk-9\" class=\"wp-image-2457\" srcset=\"https:\/\/www.lovinghomecollection.com\/wp-content\/uploads\/2024\/11\/Raw-Wild-Wholesale-Dinner-Set-Porcelain-Dinner-Plates-Bowls-Cups-Bulk-9.webp 1750w, https:\/\/www.lovinghomecollection.com\/wp-content\/uploads\/2024\/11\/Raw-Wild-Wholesale-Dinner-Set-Porcelain-Dinner-Plates-Bowls-Cups-Bulk-9-300x241.webp 300w, https:\/\/www.lovinghomecollection.com\/wp-content\/uploads\/2024\/11\/Raw-Wild-Wholesale-Dinner-Set-Porcelain-Dinner-Plates-Bowls-Cups-Bulk-9-768x617.webp 768w, https:\/\/www.lovinghomecollection.com\/wp-content\/uploads\/2024\/11\/Raw-Wild-Wholesale-Dinner-Set-Porcelain-Dinner-Plates-Bowls-Cups-Bulk-9-15x12.webp 15w, https:\/\/www.lovinghomecollection.com\/wp-content\/uploads\/2024\/11\/Raw-Wild-Wholesale-Dinner-Set-Porcelain-Dinner-Plates-Bowls-Cups-Bulk-9-1200x964.webp 1200w, https:\/\/www.lovinghomecollection.com\/wp-content\/uploads\/2024\/11\/Raw-Wild-Wholesale-Dinner-Set-Porcelain-Dinner-Plates-Bowls-Cups-Bulk-9-600x482.webp 600w\" sizes=\"(max-width: 1750px) 100vw, 1750px\" \/><\/figure>\n<\/div>\n<\/div>","protected":false},"excerpt":{"rendered":"<p>Bienvenido a comprar vajilla al por mayor. Nuestros platos, cuencos y tazas de porcelana al por mayor presentan dise\u00f1os mates y motivos de animales salvajes, que muestran la naturaleza salvaje y la belleza art\u00edstica. La combinaci\u00f3n multifuncional satisface las necesidades de m\u00faltiples escenarios de comedor, y los materiales de alta calidad proporcionan una excelente durabilidad y f\u00e1cil limpieza, por lo que es la mejor opci\u00f3n para las familias y los lugares de catering de gama alta.<\/p>\n<table style=\"border-collapse: collapse; width: 338.02pt;\" border=\"0\" width=\"338\" cellspacing=\"0\" cellpadding=\"0\">\n<tbody>\n<tr style=\"height: 18.00pt;\">\n<td class=\"et3\" style=\"height: 18.00pt; width: 124.50pt;\" width=\"124\" height=\"18\">Fabricante<\/td>\n<td class=\"et3\" style=\"width: 214.40pt;\" width=\"214\">Un hogar lleno de amor<\/td>\n<\/tr>\n<tr style=\"height: 18.00pt;\">\n<td class=\"et3\" style=\"height: 18.00pt; width: 124.50pt;\" width=\"124\" height=\"18\">Nombre de la colecci\u00f3n<\/td>\n<td class=\"et4\" style=\"width: 214.40pt;\" width=\"214\">Crudo salvaje<\/td>\n<\/tr>\n<tr style=\"height: 18.00pt;\">\n<td class=\"et3\" style=\"height: 18.00pt; width: 124.50pt;\" width=\"124\" height=\"18\">Utilizaci\u00f3n<\/td>\n<td class=\"et3\" style=\"width: 214.40pt;\" width=\"214\">Hogar, Restaurante, Hotel<\/td>\n<\/tr>\n<tr style=\"height: 53.00pt;\">\n<td class=\"et3\" style=\"height: 53.00pt; width: 124.50pt;\" width=\"124\" height=\"53\">Tipo de vajilla<\/td>\n<td class=\"et3\" style=\"width: 214.40pt;\" width=\"214\">Tetera, azucarero, cremera, taza y platillo, taza, plato, cuenco, tarro, tabla de quesos<\/td>\n<\/tr>\n<tr style=\"height: 18.00pt;\">\n<td class=\"et3\" style=\"height: 18.00pt; width: 124.50pt;\" width=\"124\" height=\"18\">Material<\/td>\n<td class=\"et3\" style=\"width: 214.40pt;\" width=\"214\">Porcelana resistente<\/td>\n<\/tr>\n<tr style=\"height: 18.00pt;\">\n<td class=\"et3\" style=\"height: 18.00pt; width: 124.50pt;\" width=\"124\" height=\"18\">Dimensi\u00f3n<\/td>\n<td class=\"et3\" style=\"width: 214.40pt;\" width=\"214\">Como imagen detallada<\/td>\n<\/tr>\n<tr style=\"height: 18.00pt;\">\n<td class=\"et3\" style=\"height: 18.00pt; width: 124.50pt;\" width=\"124\" height=\"18\">Unidades de venta<\/td>\n<td class=\"et3\" style=\"width: 214.40pt;\" width=\"214\">Art\u00edculo \u00fanico<\/td>\n<\/tr>\n<tr style=\"height: 18.00pt;\">\n<td class=\"et3\" style=\"height: 18.00pt; width: 124.50pt;\" width=\"124\" height=\"18\">MOQ<\/td>\n<td class=\"et3\" style=\"width: 214.40pt;\" width=\"214\">1200 unid. por art\u00edculo<\/td>\n<\/tr>\n<tr style=\"height: 18.00pt;\">\n<td class=\"et3\" style=\"height: 18.00pt; width: 124.50pt;\" width=\"124\" height=\"18\">Opci\u00f3n personalizada<\/td>\n<td class=\"et3\" style=\"width: 214.40pt;\" width=\"214\">Color\/Tama\u00f1o\/Glaseado\/Logotipo\/Embalaje<\/td>\n<\/tr>\n<\/tbody>\n<\/table>","protected":false},"featured_media":2449,"comment_status":"closed","ping_status":"closed","template":"","meta":{"_acf_changed":false},"product_brand":[],"product_cat":[19],"product_tag":[35,25,39,27,26],"class_list":{"0":"post-2225","1":"product","2":"type-product","3":"status-publish","4":"has-post-thumbnail","6":"product_cat-dinnerware-wholesale","7":"product_tag-wholesale-cheese-boards","8":"product_tag-wholesale-plates-and-bowls","9":"product_tag-sugar-jars-wholesale","10":"product_tag-wholesale-tea-cups-and-saucers","11":"product_tag-wholesale-teapots","13":"first","14":"instock","15":"shipping-taxable","16":"product-type-simple"},"acf":[],"_links":{"self":[{"href":"https:\/\/www.lovinghomecollection.com\/es\/wp-json\/wp\/v2\/product\/2225","targetHints":{"allow":["GET"]}}],"collection":[{"href":"https:\/\/www.lovinghomecollection.com\/es\/wp-json\/wp\/v2\/product"}],"about":[{"href":"https:\/\/www.lovinghomecollection.com\/es\/wp-json\/wp\/v2\/types\/product"}],"replies":[{"embeddable":true,"href":"https:\/\/www.lovinghomecollection.com\/es\/wp-json\/wp\/v2\/comments?post=2225"}],"wp:featuredmedia":[{"embeddable":true,"href":"https:\/\/www.lovinghomecollection.com\/es\/wp-json\/wp\/v2\/media\/2449"}],"wp:attachment":[{"href":"https:\/\/www.lovinghomecollection.com\/es\/wp-json\/wp\/v2\/media?parent=2225"}],"wp:term":[{"taxonomy":"product_brand","embeddable":true,"href":"https:\/\/www.lovinghomecollection.com\/es\/wp-json\/wp\/v2\/product_brand?post=2225"},{"taxonomy":"product_cat","embeddable":true,"href":"https:\/\/www.lovinghomecollection.com\/es\/wp-json\/wp\/v2\/product_cat?post=2225"},{"taxonomy":"product_tag","embeddable":true,"href":"https:\/\/www.lovinghomecollection.com\/es\/wp-json\/wp\/v2\/product_tag?post=2225"}],"curies":[{"name":"wp","href":"https:\/\/api.w.org\/{rel}","templated":true}]}}