{"id":2134,"date":"2024-12-09T07:10:57","date_gmt":"2024-12-09T07:10:57","guid":{"rendered":"https:\/\/www.lovinghomecollection.com\/?post_type=product&#038;p=2134"},"modified":"2024-12-09T07:11:00","modified_gmt":"2024-12-09T07:11:00","slug":"bulk-china-dinnerware","status":"publish","type":"product","link":"https:\/\/www.lovinghomecollection.com\/es\/producto\/bulk-china-dinnerware\/","title":{"rendered":"Vajilla de China al por mayor en forma de lim\u00f3n, Platos y cuencos al por mayor"},"content":{"rendered":"<div class=\"wp-block-columns is-layout-flex wp-container-core-columns-is-layout-9d6595d7 wp-block-columns-is-layout-flex\">\n<div class=\"wp-block-column is-layout-flow wp-block-column-is-layout-flow\" style=\"flex-basis:60%\">\n<h2 class=\"wp-block-heading\">Vajilla China Granel Premium Caracter\u00edsticas:<\/h2>\n\n\n\n<ul class=\"wp-block-list\">\n<li><strong>Dise\u00f1o \u00fanico en forma de lim\u00f3n: <\/strong>Esta serie de vajillas de porcelana a granel presenta una novedosa forma de lim\u00f3n con bordes lisos y detalles realistas, que a\u00f1ade un inter\u00e9s fresco y natural a la mesa y atrae todas las miradas.<\/li>\n\n\n\n<li><strong>Opciones ricas y vers\u00e1tiles: <\/strong>Hay disponibles platos y cuencos al por mayor de distintos tama\u00f1os para presentar ensaladas, postres, sopas y platos principales, y pueden utilizarse para una amplia gama de fines gastron\u00f3micos, desde cenas cotidianas hasta banquetes tem\u00e1ticos.<\/li>\n\n\n\n<li><strong>Cer\u00e1mica china de alta calidad: <\/strong>Nuestra vajilla de porcelana al por mayor est\u00e1 fabricada con cer\u00e1mica al por mayor de alta calidad, que tiene una durabilidad y una resistencia a los ara\u00f1azos excepcionalmente excelentes, a la vez que ofrece las comodidades de los equipos modernos de su cocina, como un microondas o un lavavajillas.<\/li>\n\n\n\n<li><strong>Compras a granel y servicios personalizados: <\/strong>Nuestros platos y cuencos al por mayor est\u00e1n dise\u00f1ados para clientes comerciales, disponibles a granel, y pueden personalizarse con colores, detalles o logotipos de marca seg\u00fan las necesidades, lo que los convierte en una opci\u00f3n perfecta para el sector de la restauraci\u00f3n y el mercado minorista.<\/li>\n<\/ul>\n<\/div>\n\n\n\n<div class=\"wp-block-column is-layout-flow wp-block-column-is-layout-flow\">\n<figure class=\"wp-block-image size-full\"><img decoding=\"async\" width=\"1200\" height=\"1200\" src=\"https:\/\/www.lovinghomecollection.com\/wp-content\/uploads\/2024\/11\/Lemon-Shape-Bulk-China-Dinnerware-Wholesale-Plates-and-Bowls-6.webp\" alt=\"Vajilla de China al por mayor en forma de lim\u00f3n, platos y cuencos al por mayor-6\" class=\"wp-image-2478\" srcset=\"https:\/\/www.lovinghomecollection.com\/wp-content\/uploads\/2024\/11\/Lemon-Shape-Bulk-China-Dinnerware-Wholesale-Plates-and-Bowls-6.webp 1200w, https:\/\/www.lovinghomecollection.com\/wp-content\/uploads\/2024\/11\/Lemon-Shape-Bulk-China-Dinnerware-Wholesale-Plates-and-Bowls-6-300x300.webp 300w, https:\/\/www.lovinghomecollection.com\/wp-content\/uploads\/2024\/11\/Lemon-Shape-Bulk-China-Dinnerware-Wholesale-Plates-and-Bowls-6-150x150.webp 150w, https:\/\/www.lovinghomecollection.com\/wp-content\/uploads\/2024\/11\/Lemon-Shape-Bulk-China-Dinnerware-Wholesale-Plates-and-Bowls-6-768x768.webp 768w, https:\/\/www.lovinghomecollection.com\/wp-content\/uploads\/2024\/11\/Lemon-Shape-Bulk-China-Dinnerware-Wholesale-Plates-and-Bowls-6-12x12.webp 12w, https:\/\/www.lovinghomecollection.com\/wp-content\/uploads\/2024\/11\/Lemon-Shape-Bulk-China-Dinnerware-Wholesale-Plates-and-Bowls-6-600x600.webp 600w, https:\/\/www.lovinghomecollection.com\/wp-content\/uploads\/2024\/11\/Lemon-Shape-Bulk-China-Dinnerware-Wholesale-Plates-and-Bowls-6-100x100.webp 100w\" sizes=\"(max-width: 1200px) 100vw, 1200px\" \/><\/figure>\n<\/div>\n<\/div>\n\n\n\n<h2 class=\"wp-block-heading has-text-align-center\">Expositor de Vajilla de China a Granel Lemon Orchard<\/h2>\n\n\n\n<div class=\"wp-block-columns is-layout-flex wp-container-core-columns-is-layout-9d6595d7 wp-block-columns-is-layout-flex\">\n<div class=\"wp-block-column is-layout-flow wp-block-column-is-layout-flow\">\n<figure class=\"wp-block-image size-full\"><img decoding=\"async\" width=\"1750\" height=\"2269\" src=\"https:\/\/www.lovinghomecollection.com\/wp-content\/uploads\/2024\/11\/Lemon-Shape-Bulk-China-Dinnerware-Wholesale-Plates-and-Bowls-12.webp\" alt=\"Vajilla de China al por mayor en forma de lim\u00f3n, Platos y cuencos al por mayor-12\" class=\"wp-image-2484\" srcset=\"https:\/\/www.lovinghomecollection.com\/wp-content\/uploads\/2024\/11\/Lemon-Shape-Bulk-China-Dinnerware-Wholesale-Plates-and-Bowls-12.webp 1750w, https:\/\/www.lovinghomecollection.com\/wp-content\/uploads\/2024\/11\/Lemon-Shape-Bulk-China-Dinnerware-Wholesale-Plates-and-Bowls-12-231x300.webp 231w, https:\/\/www.lovinghomecollection.com\/wp-content\/uploads\/2024\/11\/Lemon-Shape-Bulk-China-Dinnerware-Wholesale-Plates-and-Bowls-12-768x996.webp 768w, https:\/\/www.lovinghomecollection.com\/wp-content\/uploads\/2024\/11\/Lemon-Shape-Bulk-China-Dinnerware-Wholesale-Plates-and-Bowls-12-9x12.webp 9w, https:\/\/www.lovinghomecollection.com\/wp-content\/uploads\/2024\/11\/Lemon-Shape-Bulk-China-Dinnerware-Wholesale-Plates-and-Bowls-12-1200x1556.webp 1200w, https:\/\/www.lovinghomecollection.com\/wp-content\/uploads\/2024\/11\/Lemon-Shape-Bulk-China-Dinnerware-Wholesale-Plates-and-Bowls-12-600x778.webp 600w\" sizes=\"(max-width: 1750px) 100vw, 1750px\" \/><\/figure>\n<\/div>\n\n\n\n<div class=\"wp-block-column is-layout-flow wp-block-column-is-layout-flow\">\n<figure class=\"wp-block-image size-full\"><img decoding=\"async\" width=\"1750\" height=\"1188\" src=\"https:\/\/www.lovinghomecollection.com\/wp-content\/uploads\/2024\/11\/Lemon-Shape-Bulk-China-Dinnerware-Wholesale-Plates-and-Bowls-13.webp\" alt=\"Vajilla de China al por mayor en forma de lim\u00f3n, Platos y cuencos al por mayor-13\" class=\"wp-image-2485\" srcset=\"https:\/\/www.lovinghomecollection.com\/wp-content\/uploads\/2024\/11\/Lemon-Shape-Bulk-China-Dinnerware-Wholesale-Plates-and-Bowls-13.webp 1750w, https:\/\/www.lovinghomecollection.com\/wp-content\/uploads\/2024\/11\/Lemon-Shape-Bulk-China-Dinnerware-Wholesale-Plates-and-Bowls-13-300x204.webp 300w, https:\/\/www.lovinghomecollection.com\/wp-content\/uploads\/2024\/11\/Lemon-Shape-Bulk-China-Dinnerware-Wholesale-Plates-and-Bowls-13-768x521.webp 768w, https:\/\/www.lovinghomecollection.com\/wp-content\/uploads\/2024\/11\/Lemon-Shape-Bulk-China-Dinnerware-Wholesale-Plates-and-Bowls-13-18x12.webp 18w, https:\/\/www.lovinghomecollection.com\/wp-content\/uploads\/2024\/11\/Lemon-Shape-Bulk-China-Dinnerware-Wholesale-Plates-and-Bowls-13-1200x815.webp 1200w, https:\/\/www.lovinghomecollection.com\/wp-content\/uploads\/2024\/11\/Lemon-Shape-Bulk-China-Dinnerware-Wholesale-Plates-and-Bowls-13-600x407.webp 600w\" sizes=\"(max-width: 1750px) 100vw, 1750px\" \/><\/figure>\n<\/div>\n<\/div>\n\n\n\n<p><\/p>","protected":false},"excerpt":{"rendered":"<p>Bienvenido a comprar platos y cuencos al por mayor. Esta vajilla de porcelana al por mayor con forma de lim\u00f3n a\u00f1ade un toque fresco a la mesa con su forma \u00fanica y su uso multifuncional, adecuada para uso diario y en banquetes. Fabricada con materiales de alta calidad, admite la compra al por mayor y servicios personalizados, es la mejor opci\u00f3n para la compra comercial.<\/p>\n<table style=\"border-collapse: collapse; width: 338.02pt;\" border=\"0\" width=\"338\" cellspacing=\"0\" cellpadding=\"0\">\n<tbody>\n<tr style=\"height: 18.00pt;\">\n<td class=\"et3\" style=\"height: 18.00pt; width: 124.50pt;\" width=\"124\" height=\"18\">Fabricante<\/td>\n<td class=\"et3\" style=\"width: 214.40pt;\" width=\"214\">Un hogar lleno de amor<\/td>\n<\/tr>\n<tr style=\"height: 18.00pt;\">\n<td class=\"et3\" style=\"height: 18.00pt; width: 124.50pt;\" width=\"124\" height=\"18\">Nombre de la colecci\u00f3n<\/td>\n<td class=\"et4\" style=\"width: 214.40pt;\" width=\"214\">Huerto de limones<\/td>\n<\/tr>\n<tr style=\"height: 18.00pt;\">\n<td class=\"et3\" style=\"height: 18.00pt; width: 124.50pt;\" width=\"124\" height=\"18\">Utilizaci\u00f3n<\/td>\n<td class=\"et3\" style=\"width: 214.40pt;\" width=\"214\">Hogar, Restaurante, Hotel<\/td>\n<\/tr>\n<tr style=\"height: 71.00pt;\">\n<td class=\"et3\" style=\"height: 71.00pt; width: 124.50pt;\" width=\"124\" height=\"71\">Tipo de vajilla<\/td>\n<td class=\"et3\" style=\"width: 214.40pt;\" width=\"214\">Tetera, Azucarero, Cremera, Taza y Plato, Taza, Plato, Bol, Juego de Tapas, Cuchara de T\u00e9, Tarro de Almacenaje<\/td>\n<\/tr>\n<tr style=\"height: 18.00pt;\">\n<td class=\"et3\" style=\"height: 18.00pt; width: 124.50pt;\" width=\"124\" height=\"18\">Material<\/td>\n<td class=\"et3\" style=\"width: 214.40pt;\" width=\"214\">Porcelana resistente<\/td>\n<\/tr>\n<tr style=\"height: 18.00pt;\">\n<td class=\"et3\" style=\"height: 18.00pt; width: 124.50pt;\" width=\"124\" height=\"18\">Dimensi\u00f3n<\/td>\n<td class=\"et3\" style=\"width: 214.40pt;\" width=\"214\">Como imagen detallada<\/td>\n<\/tr>\n<tr style=\"height: 18.00pt;\">\n<td class=\"et3\" style=\"height: 18.00pt; width: 124.50pt;\" width=\"124\" height=\"18\">Unidades de venta<\/td>\n<td class=\"et3\" style=\"width: 214.40pt;\" width=\"214\">Art\u00edculo \u00fanico<\/td>\n<\/tr>\n<tr style=\"height: 18.00pt;\">\n<td class=\"et3\" style=\"height: 18.00pt; width: 124.50pt;\" width=\"124\" height=\"18\">MOQ<\/td>\n<td class=\"et3\" style=\"width: 214.40pt;\" width=\"214\">1200 unid. por art\u00edculo<\/td>\n<\/tr>\n<tr style=\"height: 18.00pt;\">\n<td class=\"et3\" style=\"height: 18.00pt; width: 124.50pt;\" width=\"124\" height=\"18\">Opci\u00f3n personalizada<\/td>\n<td class=\"et3\" style=\"width: 214.40pt;\" width=\"214\">Color\/Tama\u00f1o\/Glaseado\/Logotipo\/Embalaje<\/td>\n<\/tr>\n<\/tbody>\n<\/table>","protected":false},"featured_media":2473,"comment_status":"closed","ping_status":"closed","template":"","meta":{"_acf_changed":false},"product_brand":[],"product_cat":[19],"product_tag":[25,39,34,27,26],"class_list":{"0":"post-2134","1":"product","2":"type-product","3":"status-publish","4":"has-post-thumbnail","6":"product_cat-dinnerware-wholesale","7":"product_tag-wholesale-plates-and-bowls","8":"product_tag-sugar-jars-wholesale","9":"product_tag-olive-oil-dipping-bowls-wholesale","10":"product_tag-wholesale-tea-cups-and-saucers","11":"product_tag-wholesale-teapots","13":"first","14":"instock","15":"shipping-taxable","16":"product-type-simple"},"acf":[],"_links":{"self":[{"href":"https:\/\/www.lovinghomecollection.com\/es\/wp-json\/wp\/v2\/product\/2134","targetHints":{"allow":["GET"]}}],"collection":[{"href":"https:\/\/www.lovinghomecollection.com\/es\/wp-json\/wp\/v2\/product"}],"about":[{"href":"https:\/\/www.lovinghomecollection.com\/es\/wp-json\/wp\/v2\/types\/product"}],"replies":[{"embeddable":true,"href":"https:\/\/www.lovinghomecollection.com\/es\/wp-json\/wp\/v2\/comments?post=2134"}],"wp:featuredmedia":[{"embeddable":true,"href":"https:\/\/www.lovinghomecollection.com\/es\/wp-json\/wp\/v2\/media\/2473"}],"wp:attachment":[{"href":"https:\/\/www.lovinghomecollection.com\/es\/wp-json\/wp\/v2\/media?parent=2134"}],"wp:term":[{"taxonomy":"product_brand","embeddable":true,"href":"https:\/\/www.lovinghomecollection.com\/es\/wp-json\/wp\/v2\/product_brand?post=2134"},{"taxonomy":"product_cat","embeddable":true,"href":"https:\/\/www.lovinghomecollection.com\/es\/wp-json\/wp\/v2\/product_cat?post=2134"},{"taxonomy":"product_tag","embeddable":true,"href":"https:\/\/www.lovinghomecollection.com\/es\/wp-json\/wp\/v2\/product_tag?post=2134"}],"curies":[{"name":"wp","href":"https:\/\/api.w.org\/{rel}","templated":true}]}}