{"id":2040,"date":"2024-11-30T09:47:10","date_gmt":"2024-11-30T09:47:10","guid":{"rendered":"https:\/\/www.lovinghomecollection.com\/?post_type=product&#038;p=2040"},"modified":"2024-11-30T09:47:11","modified_gmt":"2024-11-30T09:47:11","slug":"bespoke-dinnerware-bulk","status":"publish","type":"product","link":"https:\/\/www.lovinghomecollection.com\/es\/producto\/bespoke-dinnerware-bulk\/","title":{"rendered":"Exquisita Vajilla a Medida al por Mayor, Vajilla China al por Mayor"},"content":{"rendered":"<div class=\"wp-block-columns is-layout-flex wp-container-core-columns-is-layout-9d6595d7 wp-block-columns-is-layout-flex\">\n<div class=\"wp-block-column is-layout-flow wp-block-column-is-layout-flow\" style=\"flex-basis:60%\">\n<h2 class=\"wp-block-heading\">Vajilla a Granel Premium Bespoke Caracter\u00edsticas:<\/h2>\n\n\n\n<ul class=\"wp-block-list\">\n<li><strong>La belleza de la textura natural:<\/strong> Nuestra vajilla a medida a granel adopta la tecnolog\u00eda tradicional de cambio en horno. Cada pieza de la vajilla tiene una textura \u00fanica, que combina naturaleza y arte, a\u00f1adiendo un encanto visual \u00fanico y un valor artesanal a la mesa del comedor.<\/li>\n\n\n\n<li><strong>Dise\u00f1o exquisito: <\/strong>La superficie de esta serie de vajillas chinas al por mayor muestra exquisitos detalles de dise\u00f1o. Desde l\u00edneas suaves hasta tonos suaves, cada detalle ha sido cuidadosamente elaborado para reflejar calidad y gusto de alta gama.<\/li>\n\n\n\n<li><strong>Adecuado para una gran variedad de cenas: <\/strong>Nuestros productos de vajilla a granel a medida son ricos en variedad, incluidos cuencos, platos, tazas, platillos y otras vajillas, adecuados para cenas diarias, reuniones familiares, hosteler\u00eda y otras escenas, tanto pr\u00e1cticas como decorativas.<\/li>\n\n\n\n<li><strong>Elegante estilo chino: <\/strong>Esta serie de vajillas chinas al por mayor no s\u00f3lo conserva el elegante temperamento de la cer\u00e1mica tradicional china, sino que tambi\u00e9n combina las necesidades est\u00e9ticas modernas, convirti\u00e9ndose en una elecci\u00f3n cl\u00e1sica en los espacios gastron\u00f3micos interculturales, apta para la venta al por mayor y personalizada.<\/li>\n<\/ul>\n<\/div>\n\n\n\n<div class=\"wp-block-column is-layout-flow wp-block-column-is-layout-flow\">\n<figure class=\"wp-block-image size-full\"><img decoding=\"async\" width=\"1200\" height=\"1200\" src=\"https:\/\/www.lovinghomecollection.com\/wp-content\/uploads\/2024\/11\/Exquisite-Bespoke-Dinnerware-Bulk-Chinese-Crockery-Wholesale-7.webp\" alt=\"Exquisita Vajilla a Granel, Vajilla China al por Mayor-7\" class=\"wp-image-2348\" srcset=\"https:\/\/www.lovinghomecollection.com\/wp-content\/uploads\/2024\/11\/Exquisite-Bespoke-Dinnerware-Bulk-Chinese-Crockery-Wholesale-7.webp 1200w, https:\/\/www.lovinghomecollection.com\/wp-content\/uploads\/2024\/11\/Exquisite-Bespoke-Dinnerware-Bulk-Chinese-Crockery-Wholesale-7-300x300.webp 300w, https:\/\/www.lovinghomecollection.com\/wp-content\/uploads\/2024\/11\/Exquisite-Bespoke-Dinnerware-Bulk-Chinese-Crockery-Wholesale-7-150x150.webp 150w, https:\/\/www.lovinghomecollection.com\/wp-content\/uploads\/2024\/11\/Exquisite-Bespoke-Dinnerware-Bulk-Chinese-Crockery-Wholesale-7-768x768.webp 768w, https:\/\/www.lovinghomecollection.com\/wp-content\/uploads\/2024\/11\/Exquisite-Bespoke-Dinnerware-Bulk-Chinese-Crockery-Wholesale-7-12x12.webp 12w, https:\/\/www.lovinghomecollection.com\/wp-content\/uploads\/2024\/11\/Exquisite-Bespoke-Dinnerware-Bulk-Chinese-Crockery-Wholesale-7-600x600.webp 600w, https:\/\/www.lovinghomecollection.com\/wp-content\/uploads\/2024\/11\/Exquisite-Bespoke-Dinnerware-Bulk-Chinese-Crockery-Wholesale-7-100x100.webp 100w\" sizes=\"(max-width: 1200px) 100vw, 1200px\" \/><\/figure>\n<\/div>\n<\/div>\n\n\n\n<h2 class=\"wp-block-heading has-text-align-center\">Expositor de Midnight Bloom Vajilla a Medida Granel<\/h2>\n\n\n\n<div class=\"wp-block-columns is-layout-flex wp-container-core-columns-is-layout-9d6595d7 wp-block-columns-is-layout-flex\">\n<div class=\"wp-block-column is-layout-flow wp-block-column-is-layout-flow\">\n<figure class=\"wp-block-image size-full\"><img decoding=\"async\" width=\"1716\" height=\"1255\" src=\"https:\/\/www.lovinghomecollection.com\/wp-content\/uploads\/2024\/11\/Exquisite-Bespoke-Dinnerware-Bulk-Chinese-Crockery-Wholesale-3.webp\" alt=\"Exquisita Vajilla a Granel, Vajilla China al por Mayor-3\" class=\"wp-image-2344\" srcset=\"https:\/\/www.lovinghomecollection.com\/wp-content\/uploads\/2024\/11\/Exquisite-Bespoke-Dinnerware-Bulk-Chinese-Crockery-Wholesale-3.webp 1716w, https:\/\/www.lovinghomecollection.com\/wp-content\/uploads\/2024\/11\/Exquisite-Bespoke-Dinnerware-Bulk-Chinese-Crockery-Wholesale-3-300x219.webp 300w, https:\/\/www.lovinghomecollection.com\/wp-content\/uploads\/2024\/11\/Exquisite-Bespoke-Dinnerware-Bulk-Chinese-Crockery-Wholesale-3-768x562.webp 768w, https:\/\/www.lovinghomecollection.com\/wp-content\/uploads\/2024\/11\/Exquisite-Bespoke-Dinnerware-Bulk-Chinese-Crockery-Wholesale-3-16x12.webp 16w, https:\/\/www.lovinghomecollection.com\/wp-content\/uploads\/2024\/11\/Exquisite-Bespoke-Dinnerware-Bulk-Chinese-Crockery-Wholesale-3-1200x878.webp 1200w, https:\/\/www.lovinghomecollection.com\/wp-content\/uploads\/2024\/11\/Exquisite-Bespoke-Dinnerware-Bulk-Chinese-Crockery-Wholesale-3-600x439.webp 600w\" sizes=\"(max-width: 1716px) 100vw, 1716px\" \/><\/figure>\n<\/div>\n\n\n\n<div class=\"wp-block-column is-layout-flow wp-block-column-is-layout-flow\">\n<figure class=\"wp-block-image size-full\"><img decoding=\"async\" width=\"1716\" height=\"1367\" src=\"https:\/\/www.lovinghomecollection.com\/wp-content\/uploads\/2024\/11\/Exquisite-Bespoke-Dinnerware-Bulk-Chinese-Crockery-Wholesale-4.webp\" alt=\"Exquisita Vajilla a Granel, Vajilla China al por Mayor-4\" class=\"wp-image-2345\" srcset=\"https:\/\/www.lovinghomecollection.com\/wp-content\/uploads\/2024\/11\/Exquisite-Bespoke-Dinnerware-Bulk-Chinese-Crockery-Wholesale-4.webp 1716w, https:\/\/www.lovinghomecollection.com\/wp-content\/uploads\/2024\/11\/Exquisite-Bespoke-Dinnerware-Bulk-Chinese-Crockery-Wholesale-4-300x239.webp 300w, https:\/\/www.lovinghomecollection.com\/wp-content\/uploads\/2024\/11\/Exquisite-Bespoke-Dinnerware-Bulk-Chinese-Crockery-Wholesale-4-768x612.webp 768w, https:\/\/www.lovinghomecollection.com\/wp-content\/uploads\/2024\/11\/Exquisite-Bespoke-Dinnerware-Bulk-Chinese-Crockery-Wholesale-4-15x12.webp 15w, https:\/\/www.lovinghomecollection.com\/wp-content\/uploads\/2024\/11\/Exquisite-Bespoke-Dinnerware-Bulk-Chinese-Crockery-Wholesale-4-1200x956.webp 1200w, https:\/\/www.lovinghomecollection.com\/wp-content\/uploads\/2024\/11\/Exquisite-Bespoke-Dinnerware-Bulk-Chinese-Crockery-Wholesale-4-600x478.webp 600w\" sizes=\"(max-width: 1716px) 100vw, 1716px\" \/><\/figure>\n<\/div>\n<\/div>","protected":false},"excerpt":{"rendered":"<p>Bienvenido a comprar vajilla china al por mayor. Esta vajilla a medida cambiada en horno al por mayor muestra la belleza del arte con texturas naturales y exquisito dise\u00f1o, cubriendo kits multifuncionales adecuados para el hogar y escenas comerciales. Combinando la elegancia china con la est\u00e9tica moderna, Loving Home le ofrece soluciones de mesa de comedor \u00fanicas y de alta gama, ideales para la venta al por mayor y la personalizaci\u00f3n.<\/p>\n<table width=\"338\">\n<tbody>\n<tr>\n<td width=\"124\">Fabricante<\/td>\n<td width=\"214\">Un hogar lleno de amor<\/td>\n<\/tr>\n<tr>\n<td width=\"124\">Nombre de la colecci\u00f3n<\/td>\n<td width=\"214\">Flor de medianoche<\/td>\n<\/tr>\n<tr>\n<td width=\"124\">Utilizaci\u00f3n<\/td>\n<td width=\"214\">Hogar, Restaurante, Hotel<\/td>\n<\/tr>\n<tr>\n<td width=\"124\">Tipo de vajilla<\/td>\n<td width=\"214\">Tetera, azucarero, cremera, taza y platillo, taza, plato, cuenco<\/td>\n<\/tr>\n<tr>\n<td width=\"124\">Material<\/td>\n<td width=\"214\">Porcelana resistente<\/td>\n<\/tr>\n<tr>\n<td width=\"124\">Dimensi\u00f3n<\/td>\n<td width=\"214\">Como imagen detallada<\/td>\n<\/tr>\n<tr>\n<td width=\"124\">Unidades de venta<\/td>\n<td width=\"214\">Art\u00edculo \u00fanico<\/td>\n<\/tr>\n<tr>\n<td width=\"124\">MOQ<\/td>\n<td width=\"214\">1200 unid. por art\u00edculo<\/td>\n<\/tr>\n<tr>\n<td width=\"124\">Opci\u00f3n personalizada<\/td>\n<td width=\"214\">Color\/Tama\u00f1o\/Glaseado\/Logotipo\/Embalaje<\/td>\n<\/tr>\n<\/tbody>\n<\/table>","protected":false},"featured_media":2343,"comment_status":"closed","ping_status":"closed","template":"","meta":{"_acf_changed":false},"product_brand":[],"product_cat":[19],"product_tag":[25,39,27,26],"class_list":{"0":"post-2040","1":"product","2":"type-product","3":"status-publish","4":"has-post-thumbnail","6":"product_cat-dinnerware-wholesale","7":"product_tag-wholesale-plates-and-bowls","8":"product_tag-sugar-jars-wholesale","9":"product_tag-wholesale-tea-cups-and-saucers","10":"product_tag-wholesale-teapots","12":"first","13":"instock","14":"shipping-taxable","15":"product-type-simple"},"acf":[],"_links":{"self":[{"href":"https:\/\/www.lovinghomecollection.com\/es\/wp-json\/wp\/v2\/product\/2040","targetHints":{"allow":["GET"]}}],"collection":[{"href":"https:\/\/www.lovinghomecollection.com\/es\/wp-json\/wp\/v2\/product"}],"about":[{"href":"https:\/\/www.lovinghomecollection.com\/es\/wp-json\/wp\/v2\/types\/product"}],"replies":[{"embeddable":true,"href":"https:\/\/www.lovinghomecollection.com\/es\/wp-json\/wp\/v2\/comments?post=2040"}],"wp:featuredmedia":[{"embeddable":true,"href":"https:\/\/www.lovinghomecollection.com\/es\/wp-json\/wp\/v2\/media\/2343"}],"wp:attachment":[{"href":"https:\/\/www.lovinghomecollection.com\/es\/wp-json\/wp\/v2\/media?parent=2040"}],"wp:term":[{"taxonomy":"product_brand","embeddable":true,"href":"https:\/\/www.lovinghomecollection.com\/es\/wp-json\/wp\/v2\/product_brand?post=2040"},{"taxonomy":"product_cat","embeddable":true,"href":"https:\/\/www.lovinghomecollection.com\/es\/wp-json\/wp\/v2\/product_cat?post=2040"},{"taxonomy":"product_tag","embeddable":true,"href":"https:\/\/www.lovinghomecollection.com\/es\/wp-json\/wp\/v2\/product_tag?post=2040"}],"curies":[{"name":"wp","href":"https:\/\/api.w.org\/{rel}","templated":true}]}}