{"id":1282,"date":"2024-09-23T06:15:57","date_gmt":"2024-09-23T06:15:57","guid":{"rendered":"https:\/\/www.lovinghomecollection.com\/?post_type=product&#038;p=1282"},"modified":"2025-04-03T06:48:49","modified_gmt":"2025-04-03T06:48:49","slug":"custom-snack-bowls","status":"publish","type":"product","link":"https:\/\/www.lovinghomecollection.com\/es\/producto\/custom-snack-bowls\/","title":{"rendered":"Tazones para aperitivos personalizados, Platos para servir tapas al por mayor, Platos para mojar en aceite de oliva"},"content":{"rendered":"<div class=\"wp-block-columns is-layout-flex wp-container-core-columns-is-layout-9d6595d7 wp-block-columns-is-layout-flex\">\n<div class=\"wp-block-column is-layout-flow wp-block-column-is-layout-flow\" style=\"flex-basis:60%\">\n<h2 class=\"wp-block-heading\">Sets de Fondue al por mayor de primera calidad Caracter\u00edsticas:<\/h2>\n\n\n\n<ul class=\"wp-block-list\">\n<li><strong>Diversas opciones de dise\u00f1o: <\/strong>Nuestros cuencos para aperitivos personalizados al por mayor ofrecen una gran variedad de colores, formas y tama\u00f1os para adaptarse a diferentes escenarios de comidas y preferencias personales, y pueden a\u00f1adir un estilo \u00fanico y personalizado a la mesa.<\/li>\n\n\n\n<li><strong>Servicio personalizado: <\/strong>Apoyamos la serie de platos de cer\u00e1mica al por mayor para tapas personalizados seg\u00fan las necesidades del cliente, creamos sus propios cuencos para aperitivos, platos para mojar aceite y platos de cena, y proporcionamos soluciones de dise\u00f1o \u00fanicas para ocasiones comerciales como hoteles y restaurantes para mejorar la imagen de marca.<\/li>\n\n\n\n<li><strong>Material de porcelana de alta calidad: <\/strong>Nuestros cuencos para aperitivos personalizados al por mayor est\u00e1n hechos de porcelana de alta calidad, que es duradera y no se deforma f\u00e1cilmente. Puede soportar altas temperaturas y es f\u00e1cil de limpiar. Al mismo tiempo, cumple las normas de seguridad alimentaria y es apto para un uso prolongado.<\/li>\n\n\n\n<li><strong>Uso vers\u00e1til: <\/strong>Estos platos de cer\u00e1mica para servir tapas al por mayor, platos para mojar en aceite de oliva al por mayor no s\u00f3lo son adecuados para servir aperitivos, salsas y aceite de oliva, sino tambi\u00e9n para la presentaci\u00f3n de diversos platos fr\u00edos y aperitivos. Son pr\u00e1cticos y bonitos a la vez, y resultan ideales como accesorios de mesa.<\/li>\n<\/ul>\n<\/div>\n\n\n\n<div class=\"wp-block-column is-layout-flow wp-block-column-is-layout-flow\">\n<figure class=\"wp-block-image size-full\"><img decoding=\"async\" width=\"1200\" height=\"1200\" src=\"https:\/\/www.lovinghomecollection.com\/wp-content\/uploads\/2024\/09\/Custom-Snack-Bowls-Tapas-Serving-Dishes-Wholesale-Olive-Oil-Dipping-Dishes-7.webp\" alt=\"Tazones para aperitivos personalizados, Platos para servir tapas al por mayor, Platos para mojar en aceite de oliva (7)\" class=\"wp-image-1289\" srcset=\"https:\/\/www.lovinghomecollection.com\/wp-content\/uploads\/2024\/09\/Custom-Snack-Bowls-Tapas-Serving-Dishes-Wholesale-Olive-Oil-Dipping-Dishes-7.webp 1200w, https:\/\/www.lovinghomecollection.com\/wp-content\/uploads\/2024\/09\/Custom-Snack-Bowls-Tapas-Serving-Dishes-Wholesale-Olive-Oil-Dipping-Dishes-7-300x300.webp 300w, https:\/\/www.lovinghomecollection.com\/wp-content\/uploads\/2024\/09\/Custom-Snack-Bowls-Tapas-Serving-Dishes-Wholesale-Olive-Oil-Dipping-Dishes-7-150x150.webp 150w, https:\/\/www.lovinghomecollection.com\/wp-content\/uploads\/2024\/09\/Custom-Snack-Bowls-Tapas-Serving-Dishes-Wholesale-Olive-Oil-Dipping-Dishes-7-768x768.webp 768w, https:\/\/www.lovinghomecollection.com\/wp-content\/uploads\/2024\/09\/Custom-Snack-Bowls-Tapas-Serving-Dishes-Wholesale-Olive-Oil-Dipping-Dishes-7-12x12.webp 12w, https:\/\/www.lovinghomecollection.com\/wp-content\/uploads\/2024\/09\/Custom-Snack-Bowls-Tapas-Serving-Dishes-Wholesale-Olive-Oil-Dipping-Dishes-7-600x600.webp 600w, https:\/\/www.lovinghomecollection.com\/wp-content\/uploads\/2024\/09\/Custom-Snack-Bowls-Tapas-Serving-Dishes-Wholesale-Olive-Oil-Dipping-Dishes-7-100x100.webp 100w\" sizes=\"(max-width: 1200px) 100vw, 1200px\" \/><\/figure>\n<\/div>\n<\/div>\n\n\n\n<h2 class=\"wp-block-heading has-text-align-center\">Exposici\u00f3n de productos de la serie Snack Time Custom Snack Bowls<\/h2>\n\n\n\n<div class=\"wp-block-columns is-layout-flex wp-container-core-columns-is-layout-9d6595d7 wp-block-columns-is-layout-flex\">\n<div class=\"wp-block-column is-layout-flow wp-block-column-is-layout-flow\">\n<figure class=\"wp-block-image size-full\"><img decoding=\"async\" width=\"4134\" height=\"2858\" src=\"https:\/\/www.lovinghomecollection.com\/wp-content\/uploads\/2024\/09\/Custom-Snack-Bowls-Tapas-Serving-Dishes-Wholesale-Olive-Oil-Dipping-Dishes-10.webp\" alt=\"Tazones para aperitivos personalizados, Platos para servir tapas al por mayor, Platos para mojar en aceite de oliva (10)\" class=\"wp-image-1292\" srcset=\"https:\/\/www.lovinghomecollection.com\/wp-content\/uploads\/2024\/09\/Custom-Snack-Bowls-Tapas-Serving-Dishes-Wholesale-Olive-Oil-Dipping-Dishes-10.webp 4134w, https:\/\/www.lovinghomecollection.com\/wp-content\/uploads\/2024\/09\/Custom-Snack-Bowls-Tapas-Serving-Dishes-Wholesale-Olive-Oil-Dipping-Dishes-10-300x207.webp 300w, https:\/\/www.lovinghomecollection.com\/wp-content\/uploads\/2024\/09\/Custom-Snack-Bowls-Tapas-Serving-Dishes-Wholesale-Olive-Oil-Dipping-Dishes-10-768x531.webp 768w, https:\/\/www.lovinghomecollection.com\/wp-content\/uploads\/2024\/09\/Custom-Snack-Bowls-Tapas-Serving-Dishes-Wholesale-Olive-Oil-Dipping-Dishes-10-18x12.webp 18w, https:\/\/www.lovinghomecollection.com\/wp-content\/uploads\/2024\/09\/Custom-Snack-Bowls-Tapas-Serving-Dishes-Wholesale-Olive-Oil-Dipping-Dishes-10-1200x830.webp 1200w, https:\/\/www.lovinghomecollection.com\/wp-content\/uploads\/2024\/09\/Custom-Snack-Bowls-Tapas-Serving-Dishes-Wholesale-Olive-Oil-Dipping-Dishes-10-600x415.webp 600w\" sizes=\"(max-width: 4134px) 100vw, 4134px\" \/><\/figure>\n<\/div>\n\n\n\n<div class=\"wp-block-column is-layout-flow wp-block-column-is-layout-flow\">\n<figure class=\"wp-block-image size-full\"><img decoding=\"async\" width=\"4134\" height=\"2858\" src=\"https:\/\/www.lovinghomecollection.com\/wp-content\/uploads\/2024\/09\/Custom-Snack-Bowls-Tapas-Serving-Dishes-Wholesale-Olive-Oil-Dipping-Dishes-9.webp\" alt=\"Tazones para aperitivos personalizados, Platos para servir tapas al por mayor, Platos para mojar en aceite de oliva (9)\" class=\"wp-image-1291\" srcset=\"https:\/\/www.lovinghomecollection.com\/wp-content\/uploads\/2024\/09\/Custom-Snack-Bowls-Tapas-Serving-Dishes-Wholesale-Olive-Oil-Dipping-Dishes-9.webp 4134w, https:\/\/www.lovinghomecollection.com\/wp-content\/uploads\/2024\/09\/Custom-Snack-Bowls-Tapas-Serving-Dishes-Wholesale-Olive-Oil-Dipping-Dishes-9-300x207.webp 300w, https:\/\/www.lovinghomecollection.com\/wp-content\/uploads\/2024\/09\/Custom-Snack-Bowls-Tapas-Serving-Dishes-Wholesale-Olive-Oil-Dipping-Dishes-9-768x531.webp 768w, https:\/\/www.lovinghomecollection.com\/wp-content\/uploads\/2024\/09\/Custom-Snack-Bowls-Tapas-Serving-Dishes-Wholesale-Olive-Oil-Dipping-Dishes-9-18x12.webp 18w, https:\/\/www.lovinghomecollection.com\/wp-content\/uploads\/2024\/09\/Custom-Snack-Bowls-Tapas-Serving-Dishes-Wholesale-Olive-Oil-Dipping-Dishes-9-1200x830.webp 1200w, https:\/\/www.lovinghomecollection.com\/wp-content\/uploads\/2024\/09\/Custom-Snack-Bowls-Tapas-Serving-Dishes-Wholesale-Olive-Oil-Dipping-Dishes-9-600x415.webp 600w\" sizes=\"(max-width: 4134px) 100vw, 4134px\" \/><\/figure>\n<\/div>\n<\/div>\n\n\n\n<p><\/p>","protected":false},"excerpt":{"rendered":"<p>Bienvenido a la venta al por mayor de cuencos personalizados para aperitivos, compre platos de cer\u00e1mica para servir tapas y platos para mojar en aceite de oliva al por mayor. Nuestra serie de cuencos personalizados para aperitivos ofrece una gran variedad de colores, formas y tama\u00f1os para aportar una decoraci\u00f3n personalizada a diferentes escenas de la mesa. Vers\u00e1til y adecuado para aperitivos, salsas y aperitivos, combina practicidad y belleza.<\/p>\n<table style=\"border-collapse: collapse; width: 338.02pt;\" border=\"0\" width=\"338\" cellspacing=\"0\" cellpadding=\"0\">\n<tbody>\n<tr style=\"height: 18.00pt;\">\n<td class=\"et3\" style=\"height: 18.00pt; width: 124.50pt;\" width=\"124\" height=\"18\">Fabricante<\/td>\n<td class=\"et3\" style=\"width: 214.40pt;\" width=\"214\">Un hogar lleno de amor<\/td>\n<\/tr>\n<tr style=\"height: 18.00pt;\">\n<td class=\"et3\" style=\"height: 18.00pt; width: 124.50pt;\" width=\"124\" height=\"18\">Nombre de la colecci\u00f3n<\/td>\n<td class=\"et4\" style=\"width: 214.40pt;\" width=\"214\">Hora de la merienda<\/td>\n<\/tr>\n<tr style=\"height: 18.00pt;\">\n<td class=\"et3\" style=\"height: 18.00pt; width: 124.50pt;\" width=\"124\" height=\"18\">Utilizaci\u00f3n<\/td>\n<td class=\"et3\" style=\"width: 214.40pt;\" width=\"214\">Hogar, Restaurante, Hotel<\/td>\n<\/tr>\n<tr style=\"height: 18.00pt;\">\n<td class=\"et3\" style=\"height: 18.00pt; width: 124.50pt;\" width=\"124\" height=\"18\">Tipo de vajilla<\/td>\n<td class=\"et3\" style=\"width: 214.40pt;\" width=\"214\">Set de tapas<\/td>\n<\/tr>\n<tr style=\"height: 18.00pt;\">\n<td class=\"et3\" style=\"height: 18.00pt; width: 124.50pt;\" width=\"124\" height=\"18\">Material<\/td>\n<td class=\"et3\" style=\"width: 214.40pt;\" width=\"214\">Porcelana resistente<\/td>\n<\/tr>\n<tr style=\"height: 18.00pt;\">\n<td class=\"et3\" style=\"height: 18.00pt; width: 124.50pt;\" width=\"124\" height=\"18\">Dimensi\u00f3n<\/td>\n<td class=\"et3\" style=\"width: 214.40pt;\" width=\"214\">Como imagen detallada<\/td>\n<\/tr>\n<tr style=\"height: 18.00pt;\">\n<td class=\"et3\" style=\"height: 18.00pt; width: 124.50pt;\" width=\"124\" height=\"18\">Unidades de venta<\/td>\n<td class=\"et3\" style=\"width: 214.40pt;\" width=\"214\">Art\u00edculo \u00fanico<\/td>\n<\/tr>\n<tr style=\"height: 18.00pt;\">\n<td class=\"et3\" style=\"height: 18.00pt; width: 124.50pt;\" width=\"124\" height=\"18\">MOQ<\/td>\n<td class=\"et3\" style=\"width: 214.40pt;\" width=\"214\">1200 unid. por art\u00edculo<\/td>\n<\/tr>\n<tr style=\"height: 18.00pt;\">\n<td class=\"et3\" style=\"height: 18.00pt; width: 124.50pt;\" width=\"124\" height=\"18\">Opci\u00f3n personalizada<\/td>\n<td class=\"et3\" style=\"width: 214.40pt;\" width=\"214\">Color\/Tama\u00f1o\/Glaseado\/Logotipo\/Embalaje<\/td>\n<\/tr>\n<\/tbody>\n<\/table>","protected":false},"featured_media":1283,"comment_status":"closed","ping_status":"closed","template":"","meta":{"_acf_changed":false},"product_brand":[],"product_cat":[19,43],"product_tag":[34],"class_list":{"0":"post-1282","1":"product","2":"type-product","3":"status-publish","4":"has-post-thumbnail","6":"product_cat-dinnerware-wholesale","7":"product_cat-ceramic-bowls-wholesale","8":"product_tag-olive-oil-dipping-bowls-wholesale","10":"first","11":"instock","12":"shipping-taxable","13":"product-type-simple"},"acf":[],"_links":{"self":[{"href":"https:\/\/www.lovinghomecollection.com\/es\/wp-json\/wp\/v2\/product\/1282","targetHints":{"allow":["GET"]}}],"collection":[{"href":"https:\/\/www.lovinghomecollection.com\/es\/wp-json\/wp\/v2\/product"}],"about":[{"href":"https:\/\/www.lovinghomecollection.com\/es\/wp-json\/wp\/v2\/types\/product"}],"replies":[{"embeddable":true,"href":"https:\/\/www.lovinghomecollection.com\/es\/wp-json\/wp\/v2\/comments?post=1282"}],"wp:featuredmedia":[{"embeddable":true,"href":"https:\/\/www.lovinghomecollection.com\/es\/wp-json\/wp\/v2\/media\/1283"}],"wp:attachment":[{"href":"https:\/\/www.lovinghomecollection.com\/es\/wp-json\/wp\/v2\/media?parent=1282"}],"wp:term":[{"taxonomy":"product_brand","embeddable":true,"href":"https:\/\/www.lovinghomecollection.com\/es\/wp-json\/wp\/v2\/product_brand?post=1282"},{"taxonomy":"product_cat","embeddable":true,"href":"https:\/\/www.lovinghomecollection.com\/es\/wp-json\/wp\/v2\/product_cat?post=1282"},{"taxonomy":"product_tag","embeddable":true,"href":"https:\/\/www.lovinghomecollection.com\/es\/wp-json\/wp\/v2\/product_tag?post=1282"}],"curies":[{"name":"wp","href":"https:\/\/api.w.org\/{rel}","templated":true}]}}