{"id":6555,"date":"2026-02-26T02:01:48","date_gmt":"2026-02-26T02:01:48","guid":{"rendered":"https:\/\/www.lovinghomecollection.com\/?post_type=product&#038;p=6555"},"modified":"2026-02-26T02:14:04","modified_gmt":"2026-02-26T02:14:04","slug":"wholesale-small-bowls","status":"publish","type":"product","link":"https:\/\/www.lovinghomecollection.com\/de\/produkt\/wholesale-small-bowls\/","title":{"rendered":"Premium-Gro\u00dfhandel kleine Schalen mit roten &amp; rosa Bogen Design"},"content":{"rendered":"<div class=\"wp-block-columns is-layout-flex wp-container-core-columns-is-layout-9d6595d7 wp-block-columns-is-layout-flex\">\n<div class=\"wp-block-column is-layout-flow wp-block-column-is-layout-flow\" style=\"flex-basis:60%\">\n<h2 class=\"wp-block-heading\">Premium Gro\u00dfhandel kleine Schalen Merkmale:<\/h2>\n\n\n\n<ul class=\"wp-block-list\">\n<li><strong>Exquisites 3D-Design:<\/strong> Unsere kleinen Schalen f\u00fcr den Gro\u00dfhandel sind an den Seiten mit 3D-Schleifenmustern verziert und zeichnen sich durch glatte Linien und eine zarte Textur aus. Die rot\/rosa Farboptionen erzeugen einen s\u00fc\u00dfen und sch\u00f6nen visuellen Effekt und machen sie sehr dekorativ.<\/li>\n\n\n\n<li><strong>Mehrere Gr\u00f6\u00dfen f\u00fcr den praktischen Einsatz: <\/strong>Unsere gro\u00dfen Keramikschalen sind in zwei g\u00e4ngigen Gr\u00f6\u00dfen erh\u00e4ltlich: 12 cm und 16 cm, die verschiedenen Bed\u00fcrfnissen gerecht werden - die kleinere Gr\u00f6\u00dfe eignet sich zum Dippen von Saucen, N\u00fcssen oder Babynahrung, w\u00e4hrend die gr\u00f6\u00dfere Gr\u00f6\u00dfe f\u00fcr Salate, Desserts oder Hauptgerichte geeignet ist, was sie vielseitig einsetzbar macht.<\/li>\n\n\n\n<li><strong>Hochwertiges keramisches Material:<\/strong> Unsere kleinen Schalen f\u00fcr den Gro\u00dfhandel werden aus hochwertigen keramischen Rohstoffen hergestellt, die eine harte und dauerhafte Textur aufweisen. Die glatte und zarte Glasur ist resistent gegen Flecken und hat eine gute Hitzebest\u00e4ndigkeit, so dass sie mikrowellen- und sp\u00fclmaschinenfest sind.<\/li>\n\n\n\n<li><strong>\u00c4sthetik des hochwertigen Geschirrs: <\/strong>Diese gro\u00dfen Keramikschalen zeichnen sich durch einzigartige Schleifenelemente aus, die mit einem klassischen wei\u00dfen Hintergrund kombiniert werden und einen frischen und eleganten Stil schaffen. Sie eignen sich nicht nur f\u00fcr die allt\u00e4glichen Familienmahlzeiten, sondern auch perfekt zum Anrichten und Dekorieren von Caf\u00e9s und Dessertshops, wodurch der Gesamtstil aufgewertet wird.<\/li>\n<\/ul>\n<\/div>\n\n\n\n<div class=\"wp-block-column is-layout-flow wp-block-column-is-layout-flow\">\n<figure class=\"wp-block-image size-full\"><img decoding=\"async\" width=\"1200\" height=\"1200\" src=\"https:\/\/www.lovinghomecollection.com\/wp-content\/uploads\/2026\/02\/Premium-Wholesale-Small-Bowls-With-Red-Pink-Bow-Design-2.webp\" alt=\"Premium-Gro\u00dfhandel kleine Schalen mit roten &amp; rosa Bogen Design-2\" class=\"wp-image-6557\" srcset=\"https:\/\/www.lovinghomecollection.com\/wp-content\/uploads\/2026\/02\/Premium-Wholesale-Small-Bowls-With-Red-Pink-Bow-Design-2.webp 1200w, https:\/\/www.lovinghomecollection.com\/wp-content\/uploads\/2026\/02\/Premium-Wholesale-Small-Bowls-With-Red-Pink-Bow-Design-2-300x300.webp 300w, https:\/\/www.lovinghomecollection.com\/wp-content\/uploads\/2026\/02\/Premium-Wholesale-Small-Bowls-With-Red-Pink-Bow-Design-2-150x150.webp 150w, https:\/\/www.lovinghomecollection.com\/wp-content\/uploads\/2026\/02\/Premium-Wholesale-Small-Bowls-With-Red-Pink-Bow-Design-2-768x768.webp 768w, https:\/\/www.lovinghomecollection.com\/wp-content\/uploads\/2026\/02\/Premium-Wholesale-Small-Bowls-With-Red-Pink-Bow-Design-2-12x12.webp 12w, https:\/\/www.lovinghomecollection.com\/wp-content\/uploads\/2026\/02\/Premium-Wholesale-Small-Bowls-With-Red-Pink-Bow-Design-2-600x600.webp 600w, https:\/\/www.lovinghomecollection.com\/wp-content\/uploads\/2026\/02\/Premium-Wholesale-Small-Bowls-With-Red-Pink-Bow-Design-2-100x100.webp 100w\" sizes=\"(max-width: 1200px) 100vw, 1200px\" \/><\/figure>\n<\/div>\n<\/div>\n\n\n\n<h2 class=\"wp-block-heading has-text-align-center\">Produktanzeige von <mark style=\"background-color:rgba(0, 0, 0, 0)\" class=\"has-inline-color has-vivid-red-color\"><a href=\"https:\/\/www.lovinghomecollection.com\/de\/produkt\/wedding-tableware-in-bulk\/\">B\u00e4ndchen Gnade<\/a><\/mark> Tafelgeschirr in loser Sch\u00fcttung<\/h2>\n\n\n\n<div class=\"wp-block-columns is-layout-flex wp-container-core-columns-is-layout-9d6595d7 wp-block-columns-is-layout-flex\">\n<div class=\"wp-block-column is-layout-flow wp-block-column-is-layout-flow\">\n<figure class=\"wp-block-image size-full\"><a href=\"https:\/\/www.lovinghomecollection.com\/de\/produkt\/wedding-tableware-in-bulk\/\"><img decoding=\"async\" width=\"1200\" height=\"1200\" src=\"https:\/\/www.lovinghomecollection.com\/wp-content\/uploads\/2025\/01\/Wedding-Tableware-In-Bulk-Bow-Decorated-Wholesale-Crockery-Sets-2.webp\" alt=\"Hochzeit Geschirr in Bulk, Bogen dekoriert Gro\u00dfhandel Geschirr Sets-2\" class=\"wp-image-2777\" srcset=\"https:\/\/www.lovinghomecollection.com\/wp-content\/uploads\/2025\/01\/Wedding-Tableware-In-Bulk-Bow-Decorated-Wholesale-Crockery-Sets-2.webp 1200w, https:\/\/www.lovinghomecollection.com\/wp-content\/uploads\/2025\/01\/Wedding-Tableware-In-Bulk-Bow-Decorated-Wholesale-Crockery-Sets-2-300x300.webp 300w, https:\/\/www.lovinghomecollection.com\/wp-content\/uploads\/2025\/01\/Wedding-Tableware-In-Bulk-Bow-Decorated-Wholesale-Crockery-Sets-2-150x150.webp 150w, https:\/\/www.lovinghomecollection.com\/wp-content\/uploads\/2025\/01\/Wedding-Tableware-In-Bulk-Bow-Decorated-Wholesale-Crockery-Sets-2-768x768.webp 768w, https:\/\/www.lovinghomecollection.com\/wp-content\/uploads\/2025\/01\/Wedding-Tableware-In-Bulk-Bow-Decorated-Wholesale-Crockery-Sets-2-12x12.webp 12w, https:\/\/www.lovinghomecollection.com\/wp-content\/uploads\/2025\/01\/Wedding-Tableware-In-Bulk-Bow-Decorated-Wholesale-Crockery-Sets-2-600x600.webp 600w, https:\/\/www.lovinghomecollection.com\/wp-content\/uploads\/2025\/01\/Wedding-Tableware-In-Bulk-Bow-Decorated-Wholesale-Crockery-Sets-2-100x100.webp 100w\" sizes=\"(max-width: 1200px) 100vw, 1200px\" \/><\/a><\/figure>\n<\/div>\n\n\n\n<div class=\"wp-block-column is-layout-flow wp-block-column-is-layout-flow\">\n<figure class=\"wp-block-image size-full\"><a href=\"https:\/\/www.lovinghomecollection.com\/de\/produkt\/wedding-tableware-in-bulk\/\"><img decoding=\"async\" width=\"1200\" height=\"1200\" src=\"https:\/\/www.lovinghomecollection.com\/wp-content\/uploads\/2025\/01\/Wedding-Tableware-In-Bulk-Bow-Decorated-Wholesale-Crockery-Sets-10.webp\" alt=\"Hochzeit Geschirr in Bulk, Bogen dekoriert Gro\u00dfhandel Geschirr Sets-10\" class=\"wp-image-2785\" srcset=\"https:\/\/www.lovinghomecollection.com\/wp-content\/uploads\/2025\/01\/Wedding-Tableware-In-Bulk-Bow-Decorated-Wholesale-Crockery-Sets-10.webp 1200w, https:\/\/www.lovinghomecollection.com\/wp-content\/uploads\/2025\/01\/Wedding-Tableware-In-Bulk-Bow-Decorated-Wholesale-Crockery-Sets-10-300x300.webp 300w, https:\/\/www.lovinghomecollection.com\/wp-content\/uploads\/2025\/01\/Wedding-Tableware-In-Bulk-Bow-Decorated-Wholesale-Crockery-Sets-10-150x150.webp 150w, https:\/\/www.lovinghomecollection.com\/wp-content\/uploads\/2025\/01\/Wedding-Tableware-In-Bulk-Bow-Decorated-Wholesale-Crockery-Sets-10-768x768.webp 768w, https:\/\/www.lovinghomecollection.com\/wp-content\/uploads\/2025\/01\/Wedding-Tableware-In-Bulk-Bow-Decorated-Wholesale-Crockery-Sets-10-12x12.webp 12w, https:\/\/www.lovinghomecollection.com\/wp-content\/uploads\/2025\/01\/Wedding-Tableware-In-Bulk-Bow-Decorated-Wholesale-Crockery-Sets-10-600x600.webp 600w, https:\/\/www.lovinghomecollection.com\/wp-content\/uploads\/2025\/01\/Wedding-Tableware-In-Bulk-Bow-Decorated-Wholesale-Crockery-Sets-10-100x100.webp 100w\" sizes=\"(max-width: 1200px) 100vw, 1200px\" \/><\/a><\/figure>\n<\/div>\n<\/div>\n\n\n\n<p><\/p>","protected":false},"excerpt":{"rendered":"<p>Willkommen im Gro\u00dfhandel f\u00fcr Keramikschalen. Unsere hochwertigen Gro\u00dfhandel kleine Schalen verf\u00fcgen \u00fcber eine klassische wei\u00dfe Basis mit zarten 3D-Schleife Muster, erh\u00e4ltlich in romantischen rot und rosa.<\/p>\n<table style=\"border-collapse: collapse; width: 338.02pt;\" border=\"0\" width=\"338\" cellspacing=\"0\" cellpadding=\"0\">\n<tbody>\n<tr style=\"height: 18.00pt;\">\n<td class=\"et3\" style=\"height: 18.00pt; width: 124.50pt;\" width=\"124\" height=\"18\">Hersteller<\/td>\n<td class=\"et3\" style=\"width: 214.40pt;\" width=\"214\">Liebevolles Zuhause<\/td>\n<\/tr>\n<tr style=\"height: 18.00pt;\">\n<td class=\"et3\" style=\"height: 18.00pt; width: 124.50pt;\" width=\"124\" height=\"18\">Sammlung Name<\/td>\n<td class=\"et3\" style=\"width: 214.40pt;\" width=\"214\">Kollektion Ribbon Grace<\/td>\n<\/tr>\n<tr style=\"height: 18.00pt;\">\n<td class=\"et3\" style=\"height: 18.00pt; width: 124.50pt;\" width=\"124\" height=\"18\">Produkttyp<\/td>\n<td class=\"et4\" style=\"width: 214.40pt;\" width=\"214\">Keramische Schalen<\/td>\n<\/tr>\n<tr style=\"height: 18.00pt;\">\n<td class=\"et3\" style=\"height: 18.00pt; width: 124.50pt;\" width=\"124\" height=\"18\">Material<\/td>\n<td class=\"et3\" style=\"width: 214.40pt;\" width=\"214\">Dauerhaftes Porzellan<\/td>\n<\/tr>\n<tr style=\"height: 18.00pt;\">\n<td class=\"et3\" style=\"height: 18.00pt; width: 124.50pt;\" width=\"124\" height=\"18\">Dimension<\/td>\n<td class=\"et3\" style=\"width: 214.40pt;\" width=\"214\">Wie Detailbild<\/td>\n<\/tr>\n<tr style=\"height: 18.00pt;\">\n<td class=\"et3\" style=\"height: 18.00pt; width: 124.50pt;\" width=\"124\" height=\"18\">Verkaufende Einheiten<\/td>\n<td class=\"et3\" style=\"width: 214.40pt;\" width=\"214\">Einzelnes Element<\/td>\n<\/tr>\n<tr style=\"height: 18.00pt;\">\n<td class=\"et3\" style=\"height: 18.00pt; width: 124.50pt;\" width=\"124\" height=\"18\">MOQ<\/td>\n<td class=\"et3\" style=\"width: 214.40pt;\" width=\"214\">1200\/St\u00fcck pro Artikel<\/td>\n<\/tr>\n<tr style=\"height: 18.00pt;\">\n<td class=\"et3\" style=\"height: 18.00pt; width: 124.50pt;\" width=\"124\" height=\"18\">Kundenspezifische Option<\/td>\n<td class=\"et3\" style=\"width: 214.40pt;\" width=\"214\">Farbe\/Gr\u00f6\u00dfe\/Glasur\/Logo\/Verpackung<\/td>\n<\/tr>\n<\/tbody>\n<\/table>","protected":false},"featured_media":6556,"comment_status":"closed","ping_status":"closed","template":"","meta":{"_acf_changed":false},"product_brand":[],"product_cat":[43],"product_tag":[],"class_list":{"0":"post-6555","1":"product","2":"type-product","3":"status-publish","4":"has-post-thumbnail","6":"product_cat-ceramic-bowls-wholesale","8":"first","9":"instock","10":"shipping-taxable","11":"product-type-simple"},"acf":[],"_links":{"self":[{"href":"https:\/\/www.lovinghomecollection.com\/de\/wp-json\/wp\/v2\/product\/6555","targetHints":{"allow":["GET"]}}],"collection":[{"href":"https:\/\/www.lovinghomecollection.com\/de\/wp-json\/wp\/v2\/product"}],"about":[{"href":"https:\/\/www.lovinghomecollection.com\/de\/wp-json\/wp\/v2\/types\/product"}],"replies":[{"embeddable":true,"href":"https:\/\/www.lovinghomecollection.com\/de\/wp-json\/wp\/v2\/comments?post=6555"}],"wp:featuredmedia":[{"embeddable":true,"href":"https:\/\/www.lovinghomecollection.com\/de\/wp-json\/wp\/v2\/media\/6556"}],"wp:attachment":[{"href":"https:\/\/www.lovinghomecollection.com\/de\/wp-json\/wp\/v2\/media?parent=6555"}],"wp:term":[{"taxonomy":"product_brand","embeddable":true,"href":"https:\/\/www.lovinghomecollection.com\/de\/wp-json\/wp\/v2\/product_brand?post=6555"},{"taxonomy":"product_cat","embeddable":true,"href":"https:\/\/www.lovinghomecollection.com\/de\/wp-json\/wp\/v2\/product_cat?post=6555"},{"taxonomy":"product_tag","embeddable":true,"href":"https:\/\/www.lovinghomecollection.com\/de\/wp-json\/wp\/v2\/product_tag?post=6555"}],"curies":[{"name":"wp","href":"https:\/\/api.w.org\/{rel}","templated":true}]}}