{"id":6275,"date":"2026-01-14T01:54:06","date_gmt":"2026-01-14T01:54:06","guid":{"rendered":"https:\/\/www.lovinghomecollection.com\/?post_type=product&#038;p=6275"},"modified":"2026-01-14T02:12:13","modified_gmt":"2026-01-14T02:12:13","slug":"tropical-dinnerware-wholesale","status":"publish","type":"product","link":"https:\/\/www.lovinghomecollection.com\/de\/produkt\/tropical-dinnerware-wholesale\/","title":{"rendered":"Tropisches Geschirr Gro\u00dfhandel mit gr\u00fcnen Tannenzapfen Thema"},"content":{"rendered":"<div class=\"wp-block-columns is-layout-flex wp-container-core-columns-is-layout-9d6595d7 wp-block-columns-is-layout-flex\">\n<div class=\"wp-block-column is-layout-flow wp-block-column-is-layout-flow\" style=\"flex-basis:60%\">\n<h2 class=\"wp-block-heading\">Premium Tropical Dinnerware Gro\u00dfhandel Merkmale:<\/h2>\n\n\n\n<ul class=\"wp-block-list\">\n<li><strong>Gr\u00fcner Tannenzapfen Thema Design:<\/strong> Inspiriert von nat\u00fcrlichen Waldelementen, kombiniert dieses tropische Geschirr im Gro\u00dfhandel Pinienzapfenmuster mit gr\u00fcner Glasur, um eine einzigartige visuelle \u00c4sthetik zu schaffen und die Essatmosph\u00e4re zu verbessern.<\/li>\n\n\n\n<li><strong>Hochtemperaturbest\u00e4ndiges Material: <\/strong>Unser Porzellangeschirr in loser Sch\u00fcttung besteht aus bei hohen Temperaturen gebrannter Keramik, die eine ausgezeichnete Hitzebest\u00e4ndigkeit und Haltbarkeit aufweist und f\u00fcr die Mikrowelle, die Sp\u00fclmaschine und andere Anwendungen geeignet ist.<\/li>\n\n\n\n<li><strong>Fabrikanpassung verf\u00fcgbar: <\/strong>Unser tropisches Essgeschirr im Gro\u00dfhandel kann Spezifikationen, Muster und sogar Logos nach den Bed\u00fcrfnissen der Gro\u00dfhandelskunden anpassen und so die Anforderungen der Marke oder der einzigartigen Marktpositionierung erf\u00fcllen.<\/li>\n\n\n\n<li><strong>Geeignet f\u00fcr mehrere Szenarien:<\/strong> Dieses Porzellangeschirr in gro\u00dfen Mengen eignet sich sowohl f\u00fcr den t\u00e4glichen Gebrauch zu Hause als auch f\u00fcr Gro\u00dfeink\u00e4ufe in gewerblichen Umgebungen wie Restaurants, Hotels und Caf\u00e9s.<\/li>\n<\/ul>\n<\/div>\n\n\n\n<div class=\"wp-block-column is-layout-flow wp-block-column-is-layout-flow\">\n<figure class=\"wp-block-image size-full\"><img decoding=\"async\" width=\"1200\" height=\"1200\" src=\"https:\/\/www.lovinghomecollection.com\/wp-content\/uploads\/2026\/01\/Tropical-Dinnerware-Wholesale-With-Green-Pinecone-Theme-2.webp\" alt=\"Tropisches Tafelgeschirr Gro\u00dfhandel mit gr\u00fcnem Tannenzapfen Thema-2\" class=\"wp-image-6277\" srcset=\"https:\/\/www.lovinghomecollection.com\/wp-content\/uploads\/2026\/01\/Tropical-Dinnerware-Wholesale-With-Green-Pinecone-Theme-2.webp 1200w, https:\/\/www.lovinghomecollection.com\/wp-content\/uploads\/2026\/01\/Tropical-Dinnerware-Wholesale-With-Green-Pinecone-Theme-2-300x300.webp 300w, https:\/\/www.lovinghomecollection.com\/wp-content\/uploads\/2026\/01\/Tropical-Dinnerware-Wholesale-With-Green-Pinecone-Theme-2-150x150.webp 150w, https:\/\/www.lovinghomecollection.com\/wp-content\/uploads\/2026\/01\/Tropical-Dinnerware-Wholesale-With-Green-Pinecone-Theme-2-768x768.webp 768w, https:\/\/www.lovinghomecollection.com\/wp-content\/uploads\/2026\/01\/Tropical-Dinnerware-Wholesale-With-Green-Pinecone-Theme-2-12x12.webp 12w, https:\/\/www.lovinghomecollection.com\/wp-content\/uploads\/2026\/01\/Tropical-Dinnerware-Wholesale-With-Green-Pinecone-Theme-2-600x600.webp 600w, https:\/\/www.lovinghomecollection.com\/wp-content\/uploads\/2026\/01\/Tropical-Dinnerware-Wholesale-With-Green-Pinecone-Theme-2-100x100.webp 100w\" sizes=\"(max-width: 1200px) 100vw, 1200px\" \/><\/figure>\n<\/div>\n<\/div>\n\n\n\n<h2 class=\"wp-block-heading has-text-align-center\">Produkt-Display von Pine Cone Tropical Essgeschirr Gro\u00dfhandel<\/h2>\n\n\n\n<div class=\"wp-block-columns is-layout-flex wp-container-core-columns-is-layout-9d6595d7 wp-block-columns-is-layout-flex\">\n<div class=\"wp-block-column is-layout-flow wp-block-column-is-layout-flow\">\n<figure class=\"wp-block-image size-full\"><img decoding=\"async\" width=\"1721\" height=\"1502\" src=\"https:\/\/www.lovinghomecollection.com\/wp-content\/uploads\/2026\/01\/Tropical-Dinnerware-Wholesale-With-Green-Pinecone-Theme-11.webp\" alt=\"Tropisches Geschirr Gro\u00dfhandel mit gr\u00fcnem Tannenzapfen Thema-11\" class=\"wp-image-6286\" srcset=\"https:\/\/www.lovinghomecollection.com\/wp-content\/uploads\/2026\/01\/Tropical-Dinnerware-Wholesale-With-Green-Pinecone-Theme-11.webp 1721w, https:\/\/www.lovinghomecollection.com\/wp-content\/uploads\/2026\/01\/Tropical-Dinnerware-Wholesale-With-Green-Pinecone-Theme-11-300x262.webp 300w, https:\/\/www.lovinghomecollection.com\/wp-content\/uploads\/2026\/01\/Tropical-Dinnerware-Wholesale-With-Green-Pinecone-Theme-11-768x670.webp 768w, https:\/\/www.lovinghomecollection.com\/wp-content\/uploads\/2026\/01\/Tropical-Dinnerware-Wholesale-With-Green-Pinecone-Theme-11-14x12.webp 14w, https:\/\/www.lovinghomecollection.com\/wp-content\/uploads\/2026\/01\/Tropical-Dinnerware-Wholesale-With-Green-Pinecone-Theme-11-1200x1047.webp 1200w, https:\/\/www.lovinghomecollection.com\/wp-content\/uploads\/2026\/01\/Tropical-Dinnerware-Wholesale-With-Green-Pinecone-Theme-11-600x524.webp 600w\" sizes=\"(max-width: 1721px) 100vw, 1721px\" \/><\/figure>\n<\/div>\n\n\n\n<div class=\"wp-block-column is-layout-flow wp-block-column-is-layout-flow\">\n<figure class=\"wp-block-image size-full\"><img decoding=\"async\" width=\"1729\" height=\"1616\" src=\"https:\/\/www.lovinghomecollection.com\/wp-content\/uploads\/2026\/01\/Tropical-Dinnerware-Wholesale-With-Green-Pinecone-Theme-12.webp\" alt=\"Tropisches Tafelgeschirr Gro\u00dfhandel mit gr\u00fcnem Tannenzapfen Thema-12\" class=\"wp-image-6287\" srcset=\"https:\/\/www.lovinghomecollection.com\/wp-content\/uploads\/2026\/01\/Tropical-Dinnerware-Wholesale-With-Green-Pinecone-Theme-12.webp 1729w, https:\/\/www.lovinghomecollection.com\/wp-content\/uploads\/2026\/01\/Tropical-Dinnerware-Wholesale-With-Green-Pinecone-Theme-12-300x280.webp 300w, https:\/\/www.lovinghomecollection.com\/wp-content\/uploads\/2026\/01\/Tropical-Dinnerware-Wholesale-With-Green-Pinecone-Theme-12-768x718.webp 768w, https:\/\/www.lovinghomecollection.com\/wp-content\/uploads\/2026\/01\/Tropical-Dinnerware-Wholesale-With-Green-Pinecone-Theme-12-13x12.webp 13w, https:\/\/www.lovinghomecollection.com\/wp-content\/uploads\/2026\/01\/Tropical-Dinnerware-Wholesale-With-Green-Pinecone-Theme-12-1200x1122.webp 1200w, https:\/\/www.lovinghomecollection.com\/wp-content\/uploads\/2026\/01\/Tropical-Dinnerware-Wholesale-With-Green-Pinecone-Theme-12-600x561.webp 600w\" sizes=\"(max-width: 1729px) 100vw, 1729px\" \/><\/figure>\n<\/div>\n<\/div>\n\n\n\n<p><\/p>","protected":false},"excerpt":{"rendered":"<p>Willkommen zum Kauf von Porzellangeschirr in gro\u00dfen Mengen. Dieses tropische Geschirr mit gr\u00fcnem Tannenzapfen-Thema ist von nat\u00fcrlichen W\u00e4ldern inspiriert, hat ein ruhiges und elegantes Farbschema und kann in gro\u00dfen Mengen angepasst werden. Es ist eine ideale gr\u00fcne Esstisch L\u00f6sung f\u00fcr Wohnungen, Restaurants oder Hotels.<\/p>\n<table style=\"border-collapse: collapse; width: 338.02pt;\" border=\"0\" width=\"338\" cellspacing=\"0\" cellpadding=\"0\">\n<tbody>\n<tr style=\"height: 18.00pt;\">\n<td class=\"et3\" style=\"height: 18.00pt; width: 124.50pt;\" width=\"124\" height=\"18\">Hersteller<\/td>\n<td class=\"et3\" style=\"width: 214.40pt;\" width=\"214\">Liebevolles Zuhause<\/td>\n<\/tr>\n<tr style=\"height: 18.00pt;\">\n<td class=\"et3\" style=\"height: 18.00pt; width: 124.50pt;\" width=\"124\" height=\"18\">Sammlung Name<\/td>\n<td class=\"et4\" style=\"width: 214.40pt;\" width=\"214\">Kollektion Kiefernzapfen<\/td>\n<\/tr>\n<tr style=\"height: 18.00pt;\">\n<td class=\"et3\" style=\"height: 18.00pt; width: 124.50pt;\" width=\"124\" height=\"18\">Verwendung<\/td>\n<td class=\"et3\" style=\"width: 214.40pt;\" width=\"214\">Haus, Restaurant, Hotel<\/td>\n<\/tr>\n<tr style=\"height: 36.00pt;\">\n<td class=\"et3\" style=\"height: 36.00pt; width: 124.50pt;\" width=\"124\" height=\"36\">Essgeschirr Typ<\/td>\n<td class=\"et3\" style=\"width: 214.40pt;\" width=\"214\">Teller, Sch\u00fcssel, Becher, Tapa-Set, Butterdose, Kuchenst\u00e4nder, Kanister<\/td>\n<\/tr>\n<tr style=\"height: 18.00pt;\">\n<td class=\"et3\" style=\"height: 18.00pt; width: 124.50pt;\" width=\"124\" height=\"18\">Material<\/td>\n<td class=\"et3\" style=\"width: 214.40pt;\" width=\"214\">Dauerhaftes Porzellan<\/td>\n<\/tr>\n<tr style=\"height: 18.00pt;\">\n<td class=\"et3\" style=\"height: 18.00pt; width: 124.50pt;\" width=\"124\" height=\"18\">Dimension<\/td>\n<td class=\"et3\" style=\"width: 214.40pt;\" width=\"214\">Wie Detailbild<\/td>\n<\/tr>\n<tr style=\"height: 18.00pt;\">\n<td class=\"et3\" style=\"height: 18.00pt; width: 124.50pt;\" width=\"124\" height=\"18\">Verkaufende Einheiten<\/td>\n<td class=\"et3\" style=\"width: 214.40pt;\" width=\"214\">Einzelnes Element<\/td>\n<\/tr>\n<tr style=\"height: 18.00pt;\">\n<td class=\"et3\" style=\"height: 18.00pt; width: 124.50pt;\" width=\"124\" height=\"18\">MOQ<\/td>\n<td class=\"et3\" style=\"width: 214.40pt;\" width=\"214\">1200\/St\u00fcck pro Artikel<\/td>\n<\/tr>\n<tr style=\"height: 18.00pt;\">\n<td class=\"et3\" style=\"height: 18.00pt; width: 124.50pt;\" width=\"124\" height=\"18\">Kundenspezifische Option<\/td>\n<td class=\"et3\" style=\"width: 214.40pt;\" width=\"214\">Farbe\/Gr\u00f6\u00dfe\/Glasur\/Logo\/Verpackung<\/td>\n<\/tr>\n<\/tbody>\n<\/table>","protected":false},"featured_media":6280,"comment_status":"closed","ping_status":"closed","template":"","meta":{"_acf_changed":false},"product_brand":[],"product_cat":[19],"product_tag":[37,25,34,27,48],"class_list":{"0":"post-6275","1":"product","2":"type-product","3":"status-publish","4":"has-post-thumbnail","6":"product_cat-dinnerware-wholesale","7":"product_tag-bulk-cake-stands","8":"product_tag-wholesale-plates-and-bowls","9":"product_tag-olive-oil-dipping-bowls-wholesale","10":"product_tag-wholesale-tea-cups-and-saucers","11":"product_tag-whats-new","13":"first","14":"instock","15":"shipping-taxable","16":"product-type-simple"},"acf":[],"_links":{"self":[{"href":"https:\/\/www.lovinghomecollection.com\/de\/wp-json\/wp\/v2\/product\/6275","targetHints":{"allow":["GET"]}}],"collection":[{"href":"https:\/\/www.lovinghomecollection.com\/de\/wp-json\/wp\/v2\/product"}],"about":[{"href":"https:\/\/www.lovinghomecollection.com\/de\/wp-json\/wp\/v2\/types\/product"}],"replies":[{"embeddable":true,"href":"https:\/\/www.lovinghomecollection.com\/de\/wp-json\/wp\/v2\/comments?post=6275"}],"wp:featuredmedia":[{"embeddable":true,"href":"https:\/\/www.lovinghomecollection.com\/de\/wp-json\/wp\/v2\/media\/6280"}],"wp:attachment":[{"href":"https:\/\/www.lovinghomecollection.com\/de\/wp-json\/wp\/v2\/media?parent=6275"}],"wp:term":[{"taxonomy":"product_brand","embeddable":true,"href":"https:\/\/www.lovinghomecollection.com\/de\/wp-json\/wp\/v2\/product_brand?post=6275"},{"taxonomy":"product_cat","embeddable":true,"href":"https:\/\/www.lovinghomecollection.com\/de\/wp-json\/wp\/v2\/product_cat?post=6275"},{"taxonomy":"product_tag","embeddable":true,"href":"https:\/\/www.lovinghomecollection.com\/de\/wp-json\/wp\/v2\/product_tag?post=6275"}],"curies":[{"name":"wp","href":"https:\/\/api.w.org\/{rel}","templated":true}]}}