{"id":6262,"date":"2026-01-14T01:20:38","date_gmt":"2026-01-14T01:20:38","guid":{"rendered":"https:\/\/www.lovinghomecollection.com\/?post_type=product&#038;p=6262"},"modified":"2026-01-14T01:53:51","modified_gmt":"2026-01-14T01:53:51","slug":"cream-color-dinner-sets-wholesale","status":"publish","type":"product","link":"https:\/\/www.lovinghomecollection.com\/de\/produkt\/cream-color-dinner-sets-wholesale\/","title":{"rendered":"Tulpe Creme Farbe Abendessen Sets Gro\u00dfhandel mit mehreren Gr\u00f6\u00dfen"},"content":{"rendered":"<div class=\"wp-block-columns is-layout-flex wp-container-core-columns-is-layout-9d6595d7 wp-block-columns-is-layout-flex\">\n<div class=\"wp-block-column is-layout-flow wp-block-column-is-layout-flow\" style=\"flex-basis:60%\">\n<h2 class=\"wp-block-heading\">Premium-Creme Farbe Abendessen setzt Gro\u00dfhandel Features:<\/h2>\n\n\n\n<ul class=\"wp-block-list\">\n<li><strong>Hochwertige Cremefarbe, vielseitig und stilvoll:<\/strong> Der nat\u00fcrliche und weiche Ton unserer cremefarbenen Tafelsets im Gro\u00dfhandel ist mit modernen, minimalistischen, skandinavischen und Hotel-Tischdesigns kompatibel und tr\u00e4gt zum Gesamterlebnis beim Essen bei.<\/li>\n\n\n\n<li><strong>Exquisite, gepr\u00e4gte Handwerkskunst, Qualit\u00e4t, die sich in den Details widerspiegelt:<\/strong> Die R\u00e4nder und Formen dieses Geschirrsets in loser Sch\u00fcttung haben ein florales Pr\u00e4gedesign, das f\u00fcr ein einzigartiges und elegantes Aussehen sorgt und gleichzeitig zus\u00e4tzliche Funktionalit\u00e4t bietet.<\/li>\n\n\n\n<li><strong>Kundenspezifische Gr\u00f6\u00dfen und Sets verf\u00fcgbar:<\/strong> Unsere cremefarbenen Tafelsets im Gro\u00dfhandel k\u00f6nnen mit Tellern, Schalen, Tassen und mehr in verschiedenen Gr\u00f6\u00dfen und Kombinationen angepasst werden, um den unterschiedlichen Einkaufsbed\u00fcrfnissen der vielen Arten von M\u00e4rkten und Kunden gerecht zu werden.<\/li>\n\n\n\n<li><strong>Feuerung bei hohen Temperaturen, langlebig und robust:<\/strong> Unsere Geschirrsets in gro\u00dfen Mengen werden mit Hilfe von Hochtemperatur gebrannten Porzellan Techniken hergestellt, um eine super-glatte, zarte Glasur zu produzieren, die kratzfest und langlebig sein wird.<\/li>\n<\/ul>\n<\/div>\n\n\n\n<div class=\"wp-block-column is-layout-flow wp-block-column-is-layout-flow\">\n<figure class=\"wp-block-image size-full\"><img decoding=\"async\" width=\"800\" height=\"800\" src=\"https:\/\/www.lovinghomecollection.com\/wp-content\/uploads\/2026\/01\/Tulip-Cream-Color-Dinner-Sets-Wholesale-With-Multiple-Sizes-1.webp\" alt=\"Tulpe Creme Farbe Abendessen Sets Gro\u00dfhandel mit mehreren Gr\u00f6\u00dfen-1\" class=\"wp-image-6263\" srcset=\"https:\/\/www.lovinghomecollection.com\/wp-content\/uploads\/2026\/01\/Tulip-Cream-Color-Dinner-Sets-Wholesale-With-Multiple-Sizes-1.webp 800w, https:\/\/www.lovinghomecollection.com\/wp-content\/uploads\/2026\/01\/Tulip-Cream-Color-Dinner-Sets-Wholesale-With-Multiple-Sizes-1-300x300.webp 300w, https:\/\/www.lovinghomecollection.com\/wp-content\/uploads\/2026\/01\/Tulip-Cream-Color-Dinner-Sets-Wholesale-With-Multiple-Sizes-1-150x150.webp 150w, https:\/\/www.lovinghomecollection.com\/wp-content\/uploads\/2026\/01\/Tulip-Cream-Color-Dinner-Sets-Wholesale-With-Multiple-Sizes-1-768x768.webp 768w, https:\/\/www.lovinghomecollection.com\/wp-content\/uploads\/2026\/01\/Tulip-Cream-Color-Dinner-Sets-Wholesale-With-Multiple-Sizes-1-12x12.webp 12w, https:\/\/www.lovinghomecollection.com\/wp-content\/uploads\/2026\/01\/Tulip-Cream-Color-Dinner-Sets-Wholesale-With-Multiple-Sizes-1-600x600.webp 600w, https:\/\/www.lovinghomecollection.com\/wp-content\/uploads\/2026\/01\/Tulip-Cream-Color-Dinner-Sets-Wholesale-With-Multiple-Sizes-1-100x100.webp 100w\" sizes=\"(max-width: 800px) 100vw, 800px\" \/><\/figure>\n<\/div>\n<\/div>\n\n\n\n<h2 class=\"wp-block-heading has-text-align-center\">Produkt-Display von Tulip Grace Creme Farbe Abendessen Sets Gro\u00dfhandel<\/h2>\n\n\n\n<div class=\"wp-block-columns is-layout-flex wp-container-core-columns-is-layout-9d6595d7 wp-block-columns-is-layout-flex\">\n<div class=\"wp-block-column is-layout-flow wp-block-column-is-layout-flow\">\n<figure class=\"wp-block-image size-full\"><img decoding=\"async\" width=\"1730\" height=\"1394\" src=\"https:\/\/www.lovinghomecollection.com\/wp-content\/uploads\/2026\/01\/Tulip-Cream-Color-Dinner-Sets-Wholesale-With-Multiple-Sizes-11.webp\" alt=\"Tulpe Creme Farbe Abendessen Sets Gro\u00dfhandel mit mehreren Gr\u00f6\u00dfen-11\" class=\"wp-image-6273\" srcset=\"https:\/\/www.lovinghomecollection.com\/wp-content\/uploads\/2026\/01\/Tulip-Cream-Color-Dinner-Sets-Wholesale-With-Multiple-Sizes-11.webp 1730w, https:\/\/www.lovinghomecollection.com\/wp-content\/uploads\/2026\/01\/Tulip-Cream-Color-Dinner-Sets-Wholesale-With-Multiple-Sizes-11-300x242.webp 300w, https:\/\/www.lovinghomecollection.com\/wp-content\/uploads\/2026\/01\/Tulip-Cream-Color-Dinner-Sets-Wholesale-With-Multiple-Sizes-11-768x619.webp 768w, https:\/\/www.lovinghomecollection.com\/wp-content\/uploads\/2026\/01\/Tulip-Cream-Color-Dinner-Sets-Wholesale-With-Multiple-Sizes-11-15x12.webp 15w, https:\/\/www.lovinghomecollection.com\/wp-content\/uploads\/2026\/01\/Tulip-Cream-Color-Dinner-Sets-Wholesale-With-Multiple-Sizes-11-1200x967.webp 1200w, https:\/\/www.lovinghomecollection.com\/wp-content\/uploads\/2026\/01\/Tulip-Cream-Color-Dinner-Sets-Wholesale-With-Multiple-Sizes-11-600x483.webp 600w\" sizes=\"(max-width: 1730px) 100vw, 1730px\" \/><\/figure>\n<\/div>\n\n\n\n<div class=\"wp-block-column is-layout-flow wp-block-column-is-layout-flow\">\n<figure class=\"wp-block-image size-full\"><img decoding=\"async\" width=\"1677\" height=\"1143\" src=\"https:\/\/www.lovinghomecollection.com\/wp-content\/uploads\/2026\/01\/Tulip-Cream-Color-Dinner-Sets-Wholesale-With-Multiple-Sizes-12.webp\" alt=\"Tulpe Creme Farbe Abendessen Sets Gro\u00dfhandel mit mehreren Gr\u00f6\u00dfen-12\" class=\"wp-image-6274\" srcset=\"https:\/\/www.lovinghomecollection.com\/wp-content\/uploads\/2026\/01\/Tulip-Cream-Color-Dinner-Sets-Wholesale-With-Multiple-Sizes-12.webp 1677w, https:\/\/www.lovinghomecollection.com\/wp-content\/uploads\/2026\/01\/Tulip-Cream-Color-Dinner-Sets-Wholesale-With-Multiple-Sizes-12-300x204.webp 300w, https:\/\/www.lovinghomecollection.com\/wp-content\/uploads\/2026\/01\/Tulip-Cream-Color-Dinner-Sets-Wholesale-With-Multiple-Sizes-12-768x523.webp 768w, https:\/\/www.lovinghomecollection.com\/wp-content\/uploads\/2026\/01\/Tulip-Cream-Color-Dinner-Sets-Wholesale-With-Multiple-Sizes-12-18x12.webp 18w, https:\/\/www.lovinghomecollection.com\/wp-content\/uploads\/2026\/01\/Tulip-Cream-Color-Dinner-Sets-Wholesale-With-Multiple-Sizes-12-1200x818.webp 1200w, https:\/\/www.lovinghomecollection.com\/wp-content\/uploads\/2026\/01\/Tulip-Cream-Color-Dinner-Sets-Wholesale-With-Multiple-Sizes-12-600x409.webp 600w\" sizes=\"(max-width: 1677px) 100vw, 1677px\" \/><\/figure>\n<\/div>\n<\/div>\n\n\n\n<p><\/p>","protected":false},"excerpt":{"rendered":"<p>Willkommen zum Kauf von Geschirrsets in gro\u00dfen Mengen. Unsere cremefarbenen Geschirrsets im Gro\u00dfhandel sind mit einem exquisiten, gepr\u00e4gten Blumendesign versehen, das Eleganz und Raffinesse ausstrahlt. Mehrere Gr\u00f6\u00dfen und benutzerdefinierte Kombinationen sind verf\u00fcgbar, die \u00c4sthetik und Zweckm\u00e4\u00dfigkeit kombinieren.<\/p>\n<table style=\"border-collapse: collapse; width: 338.02pt;\" border=\"0\" width=\"338\" cellspacing=\"0\" cellpadding=\"0\">\n<tbody>\n<tr style=\"height: 18.00pt;\">\n<td class=\"et3\" style=\"height: 18.00pt; width: 124.50pt;\" width=\"124\" height=\"18\">Hersteller<\/td>\n<td class=\"et3\" style=\"width: 214.40pt;\" width=\"214\">Liebevolles Zuhause<\/td>\n<\/tr>\n<tr style=\"height: 18.00pt;\">\n<td class=\"et3\" style=\"height: 18.00pt; width: 124.50pt;\" width=\"124\" height=\"18\">Sammlung Name<\/td>\n<td class=\"et4\" style=\"width: 214.40pt;\" width=\"214\">Tulip Grace Kollektion<\/td>\n<\/tr>\n<tr style=\"height: 18.00pt;\">\n<td class=\"et3\" style=\"height: 18.00pt; width: 124.50pt;\" width=\"124\" height=\"18\">Verwendung<\/td>\n<td class=\"et3\" style=\"width: 214.40pt;\" width=\"214\">Haus, Restaurant, Hotel<\/td>\n<\/tr>\n<tr style=\"height: 36.00pt;\">\n<td class=\"et3\" style=\"height: 36.00pt; width: 124.50pt;\" width=\"124\" height=\"36\">Essgeschirr Typ<\/td>\n<td class=\"et3\" style=\"width: 214.40pt;\" width=\"214\">Teller, Sch\u00fcssel, Teekanne, Tasse und Untertasse, Milchk\u00e4nnchen, Becher, Zuckerdose, Kuchenst\u00e4nder<\/td>\n<\/tr>\n<tr style=\"height: 18.00pt;\">\n<td class=\"et3\" style=\"height: 18.00pt; width: 124.50pt;\" width=\"124\" height=\"18\">Material<\/td>\n<td class=\"et3\" style=\"width: 214.40pt;\" width=\"214\">Dauerhaftes Porzellan<\/td>\n<\/tr>\n<tr style=\"height: 18.00pt;\">\n<td class=\"et3\" style=\"height: 18.00pt; width: 124.50pt;\" width=\"124\" height=\"18\">Dimension<\/td>\n<td class=\"et3\" style=\"width: 214.40pt;\" width=\"214\">Wie Detailbild<\/td>\n<\/tr>\n<tr style=\"height: 18.00pt;\">\n<td class=\"et3\" style=\"height: 18.00pt; width: 124.50pt;\" width=\"124\" height=\"18\">Verkaufende Einheiten<\/td>\n<td class=\"et3\" style=\"width: 214.40pt;\" width=\"214\">Einzelnes Element<\/td>\n<\/tr>\n<tr style=\"height: 18.00pt;\">\n<td class=\"et3\" style=\"height: 18.00pt; width: 124.50pt;\" width=\"124\" height=\"18\">MOQ<\/td>\n<td class=\"et3\" style=\"width: 214.40pt;\" width=\"214\">1200\/St\u00fcck pro Artikel<\/td>\n<\/tr>\n<tr style=\"height: 18.00pt;\">\n<td class=\"et3\" style=\"height: 18.00pt; width: 124.50pt;\" width=\"124\" height=\"18\">Kundenspezifische Option<\/td>\n<td class=\"et3\" style=\"width: 214.40pt;\" width=\"214\">Farbe\/Gr\u00f6\u00dfe\/Glasur\/Logo\/Verpackung<\/td>\n<\/tr>\n<\/tbody>\n<\/table>","protected":false},"featured_media":6265,"comment_status":"closed","ping_status":"closed","template":"","meta":{"_acf_changed":false},"product_brand":[],"product_cat":[19],"product_tag":[37,36,25,39,27,26,48],"class_list":{"0":"post-6262","1":"product","2":"type-product","3":"status-publish","4":"has-post-thumbnail","6":"product_cat-dinnerware-wholesale","7":"product_tag-bulk-cake-stands","8":"product_tag-wholesale-kettles","9":"product_tag-wholesale-plates-and-bowls","10":"product_tag-sugar-jars-wholesale","11":"product_tag-wholesale-tea-cups-and-saucers","12":"product_tag-wholesale-teapots","13":"product_tag-whats-new","15":"first","16":"instock","17":"shipping-taxable","18":"product-type-simple"},"acf":[],"_links":{"self":[{"href":"https:\/\/www.lovinghomecollection.com\/de\/wp-json\/wp\/v2\/product\/6262","targetHints":{"allow":["GET"]}}],"collection":[{"href":"https:\/\/www.lovinghomecollection.com\/de\/wp-json\/wp\/v2\/product"}],"about":[{"href":"https:\/\/www.lovinghomecollection.com\/de\/wp-json\/wp\/v2\/types\/product"}],"replies":[{"embeddable":true,"href":"https:\/\/www.lovinghomecollection.com\/de\/wp-json\/wp\/v2\/comments?post=6262"}],"wp:featuredmedia":[{"embeddable":true,"href":"https:\/\/www.lovinghomecollection.com\/de\/wp-json\/wp\/v2\/media\/6265"}],"wp:attachment":[{"href":"https:\/\/www.lovinghomecollection.com\/de\/wp-json\/wp\/v2\/media?parent=6262"}],"wp:term":[{"taxonomy":"product_brand","embeddable":true,"href":"https:\/\/www.lovinghomecollection.com\/de\/wp-json\/wp\/v2\/product_brand?post=6262"},{"taxonomy":"product_cat","embeddable":true,"href":"https:\/\/www.lovinghomecollection.com\/de\/wp-json\/wp\/v2\/product_cat?post=6262"},{"taxonomy":"product_tag","embeddable":true,"href":"https:\/\/www.lovinghomecollection.com\/de\/wp-json\/wp\/v2\/product_tag?post=6262"}],"curies":[{"name":"wp","href":"https:\/\/api.w.org\/{rel}","templated":true}]}}