{"id":6218,"date":"2026-01-04T08:39:20","date_gmt":"2026-01-04T08:39:20","guid":{"rendered":"https:\/\/www.lovinghomecollection.com\/?post_type=product&#038;p=6218"},"modified":"2026-01-04T08:50:56","modified_gmt":"2026-01-04T08:50:56","slug":"wholesale-restaurant-crockery","status":"publish","type":"product","link":"https:\/\/www.lovinghomecollection.com\/de\/produkt\/wholesale-restaurant-crockery\/","title":{"rendered":"Gro\u00dfhandel f\u00fcr Restaurantgeschirr, gepr\u00e4gtes wei\u00dfes Serviergeschirr"},"content":{"rendered":"<div class=\"wp-block-columns is-layout-flex wp-container-core-columns-is-layout-9d6595d7 wp-block-columns-is-layout-flex\">\n<div class=\"wp-block-column is-layout-flow wp-block-column-is-layout-flow\" style=\"flex-basis:60%\">\n<h2 class=\"wp-block-heading\">Premium Gro\u00dfhandel Restaurant Geschirr Merkmale:<\/h2>\n\n\n\n<ul class=\"wp-block-list\">\n<li><strong>Exquisites Design: <\/strong>Dieses Gro\u00dfhandelsgeschirr kombiniert klassische Reliefs mit nat\u00fcrlichen Elementen (z. B. Tulpen, Beeren und Weinreben), gepaart mit gewellten Goldr\u00e4ndern und Perlendetails. Das Ergebnis ist ein reichhaltiges und vielschichtiges Design, das das Esserlebnis und das Ambiente auf einfache Weise aufwertet.<\/li>\n\n\n\n<li><strong>Raffinierte Handwerkskunst: <\/strong>Unser wei\u00dfes Gro\u00dfhandelsgeschirr wird aus der allerbesten Feinkeramik hergestellt und verwendet nur traditionelle Handschnitztechniken, um perfekt ausgearbeitete dreidimensionale Muster mit einer gleichm\u00e4\u00dfigen, glatten Glasur zu schaffen, wobei alle unsere Goldverzierungen sicher befestigt sind, was eine hochwertige Handwerkskunst erm\u00f6glicht.<\/li>\n\n\n\n<li><strong>Langlebig und praktisch: <\/strong>Unser Gro\u00dfhandels-Restaurantgeschirr ist aus High-Density-Porzellan gefertigt, das sowohl langlebig als auch verschlei\u00df- und fleckenbest\u00e4ndig ist. Es ist sp\u00fclmaschinen- und mikrowellengeeignet und entspricht der anspruchsvollen Nutzungsh\u00e4ufigkeit in privaten und gewerblichen Restaurants.<\/li>\n\n\n\n<li><strong>Vielseitige Anwendungen: <\/strong>Unser wei\u00dfes Gro\u00dfhandelsgeschirr enth\u00e4lt Essteller, Teesets, Milchk\u00e4nnchen usw., alle in einem einheitlichen und leicht zu kombinierenden Design, das sich perfekt f\u00fcr Boutique-Hotels, Brunch-Restaurants, Hochzeitsbankette oder Ihr Zuhause eignet. Durch den Kauf im Gro\u00dfhandel k\u00f6nnen Sie von den Kosteneinsparungen profitieren, die mit der Verwendung desselben Gro\u00dfhandelsprodukts in vielen verschiedenen Restaurantszenarien verbunden sind.<\/li>\n<\/ul>\n<\/div>\n\n\n\n<div class=\"wp-block-column is-layout-flow wp-block-column-is-layout-flow\">\n<figure class=\"wp-block-image size-full\"><img decoding=\"async\" width=\"1200\" height=\"1200\" src=\"https:\/\/www.lovinghomecollection.com\/wp-content\/uploads\/2026\/01\/Wholesale-Restaurant-Crockery-Embossed-White-Serveware-8.webp\" alt=\"Gro\u00dfhandel Restaurant Geschirr, gepr\u00e4gte wei\u00dfe Serviergeschirr-8\" class=\"wp-image-6226\" srcset=\"https:\/\/www.lovinghomecollection.com\/wp-content\/uploads\/2026\/01\/Wholesale-Restaurant-Crockery-Embossed-White-Serveware-8.webp 1200w, https:\/\/www.lovinghomecollection.com\/wp-content\/uploads\/2026\/01\/Wholesale-Restaurant-Crockery-Embossed-White-Serveware-8-300x300.webp 300w, https:\/\/www.lovinghomecollection.com\/wp-content\/uploads\/2026\/01\/Wholesale-Restaurant-Crockery-Embossed-White-Serveware-8-150x150.webp 150w, https:\/\/www.lovinghomecollection.com\/wp-content\/uploads\/2026\/01\/Wholesale-Restaurant-Crockery-Embossed-White-Serveware-8-768x768.webp 768w, https:\/\/www.lovinghomecollection.com\/wp-content\/uploads\/2026\/01\/Wholesale-Restaurant-Crockery-Embossed-White-Serveware-8-12x12.webp 12w, https:\/\/www.lovinghomecollection.com\/wp-content\/uploads\/2026\/01\/Wholesale-Restaurant-Crockery-Embossed-White-Serveware-8-600x600.webp 600w, https:\/\/www.lovinghomecollection.com\/wp-content\/uploads\/2026\/01\/Wholesale-Restaurant-Crockery-Embossed-White-Serveware-8-100x100.webp 100w\" sizes=\"(max-width: 1200px) 100vw, 1200px\" \/><\/figure>\n<\/div>\n<\/div>\n\n\n\n<h2 class=\"wp-block-heading has-text-align-center\">Produktdarstellung von Tulip Grace Gro\u00dfhandel Restaurantgeschirr<\/h2>\n\n\n\n<div class=\"wp-block-columns is-layout-flex wp-container-core-columns-is-layout-9d6595d7 wp-block-columns-is-layout-flex\">\n<div class=\"wp-block-column is-layout-flow wp-block-column-is-layout-flow\">\n<figure class=\"wp-block-image size-full\"><img decoding=\"async\" width=\"1721\" height=\"1304\" src=\"https:\/\/www.lovinghomecollection.com\/wp-content\/uploads\/2026\/01\/Wholesale-Restaurant-Crockery-Embossed-White-Serveware-12.webp\" alt=\"Gro\u00dfhandel Restaurant Geschirr, gepr\u00e4gte wei\u00dfe Serviergeschirr-12\" class=\"wp-image-6230\" srcset=\"https:\/\/www.lovinghomecollection.com\/wp-content\/uploads\/2026\/01\/Wholesale-Restaurant-Crockery-Embossed-White-Serveware-12.webp 1721w, https:\/\/www.lovinghomecollection.com\/wp-content\/uploads\/2026\/01\/Wholesale-Restaurant-Crockery-Embossed-White-Serveware-12-300x227.webp 300w, https:\/\/www.lovinghomecollection.com\/wp-content\/uploads\/2026\/01\/Wholesale-Restaurant-Crockery-Embossed-White-Serveware-12-768x582.webp 768w, https:\/\/www.lovinghomecollection.com\/wp-content\/uploads\/2026\/01\/Wholesale-Restaurant-Crockery-Embossed-White-Serveware-12-16x12.webp 16w, https:\/\/www.lovinghomecollection.com\/wp-content\/uploads\/2026\/01\/Wholesale-Restaurant-Crockery-Embossed-White-Serveware-12-1200x909.webp 1200w, https:\/\/www.lovinghomecollection.com\/wp-content\/uploads\/2026\/01\/Wholesale-Restaurant-Crockery-Embossed-White-Serveware-12-600x455.webp 600w\" sizes=\"(max-width: 1721px) 100vw, 1721px\" \/><\/figure>\n<\/div>\n\n\n\n<div class=\"wp-block-column is-layout-flow wp-block-column-is-layout-flow\">\n<figure class=\"wp-block-image size-full\"><img decoding=\"async\" width=\"1754\" height=\"1155\" src=\"https:\/\/www.lovinghomecollection.com\/wp-content\/uploads\/2026\/01\/Wholesale-Restaurant-Crockery-Embossed-White-Serveware-13.webp\" alt=\"Gro\u00dfhandel Restaurant Geschirr, gepr\u00e4gte wei\u00dfe Serviergeschirr-13\" class=\"wp-image-6231\" srcset=\"https:\/\/www.lovinghomecollection.com\/wp-content\/uploads\/2026\/01\/Wholesale-Restaurant-Crockery-Embossed-White-Serveware-13.webp 1754w, https:\/\/www.lovinghomecollection.com\/wp-content\/uploads\/2026\/01\/Wholesale-Restaurant-Crockery-Embossed-White-Serveware-13-300x198.webp 300w, https:\/\/www.lovinghomecollection.com\/wp-content\/uploads\/2026\/01\/Wholesale-Restaurant-Crockery-Embossed-White-Serveware-13-768x506.webp 768w, https:\/\/www.lovinghomecollection.com\/wp-content\/uploads\/2026\/01\/Wholesale-Restaurant-Crockery-Embossed-White-Serveware-13-18x12.webp 18w, https:\/\/www.lovinghomecollection.com\/wp-content\/uploads\/2026\/01\/Wholesale-Restaurant-Crockery-Embossed-White-Serveware-13-1200x790.webp 1200w, https:\/\/www.lovinghomecollection.com\/wp-content\/uploads\/2026\/01\/Wholesale-Restaurant-Crockery-Embossed-White-Serveware-13-600x395.webp 600w\" sizes=\"(max-width: 1754px) 100vw, 1754px\" \/><\/figure>\n<\/div>\n<\/div>\n\n\n\n<p><\/p>","protected":false},"excerpt":{"rendered":"<p>Willkommen zum Kauf Gro\u00dfhandel Restaurant Geschirr. Unser wei\u00dfes Gro\u00dfhandelsgeschirr verf\u00fcgt \u00fcber europ\u00e4ische Vintage-Reliefs, die mit dreidimensionalen Perlen, Ranken sowie Blumen- und Fruchtmustern verziert sind und einen eleganten und romantischen Gesamtstil schaffen.<\/p>\n<table style=\"border-collapse: collapse; width: 338.02pt;\" border=\"0\" width=\"338\" cellspacing=\"0\" cellpadding=\"0\">\n<tbody>\n<tr style=\"height: 18.00pt;\">\n<td class=\"et3\" style=\"height: 18.00pt; width: 124.50pt;\" width=\"124\" height=\"18\">Hersteller<\/td>\n<td class=\"et3\" style=\"width: 214.40pt;\" width=\"214\">Liebevolles Zuhause<\/td>\n<\/tr>\n<tr style=\"height: 18.00pt;\">\n<td class=\"et3\" style=\"height: 18.00pt; width: 124.50pt;\" width=\"124\" height=\"18\">Sammlung Name<\/td>\n<td class=\"et4\" style=\"width: 214.40pt;\" width=\"214\">Tulip Grace Kollektion<\/td>\n<\/tr>\n<tr style=\"height: 18.00pt;\">\n<td class=\"et3\" style=\"height: 18.00pt; width: 124.50pt;\" width=\"124\" height=\"18\">Verwendung<\/td>\n<td class=\"et3\" style=\"width: 214.40pt;\" width=\"214\">Haus, Restaurant, Hotel<\/td>\n<\/tr>\n<tr style=\"height: 36.00pt;\">\n<td class=\"et3\" style=\"height: 36.00pt; width: 124.50pt;\" width=\"124\" height=\"36\">Essgeschirr Typ<\/td>\n<td class=\"et3\" style=\"width: 214.40pt;\" width=\"214\">Teller, Sch\u00fcssel, Tasse &amp; Untertasse, Becher, Kuchenst\u00e4nder, Kanne, Tapa-Set, Zuckertopf<\/td>\n<\/tr>\n<tr style=\"height: 18.00pt;\">\n<td class=\"et3\" style=\"height: 18.00pt; width: 124.50pt;\" width=\"124\" height=\"18\">Material<\/td>\n<td class=\"et3\" style=\"width: 214.40pt;\" width=\"214\">Dauerhaftes Porzellan<\/td>\n<\/tr>\n<tr style=\"height: 18.00pt;\">\n<td class=\"et3\" style=\"height: 18.00pt; width: 124.50pt;\" width=\"124\" height=\"18\">Dimension<\/td>\n<td class=\"et3\" style=\"width: 214.40pt;\" width=\"214\">Wie Detailbild<\/td>\n<\/tr>\n<tr style=\"height: 18.00pt;\">\n<td class=\"et3\" style=\"height: 18.00pt; width: 124.50pt;\" width=\"124\" height=\"18\">Verkaufende Einheiten<\/td>\n<td class=\"et3\" style=\"width: 214.40pt;\" width=\"214\">Einzelnes Element<\/td>\n<\/tr>\n<tr style=\"height: 18.00pt;\">\n<td class=\"et3\" style=\"height: 18.00pt; width: 124.50pt;\" width=\"124\" height=\"18\">MOQ<\/td>\n<td class=\"et3\" style=\"width: 214.40pt;\" width=\"214\">1200\/St\u00fcck pro Artikel<\/td>\n<\/tr>\n<tr style=\"height: 18.00pt;\">\n<td class=\"et3\" style=\"height: 18.00pt; width: 124.50pt;\" width=\"124\" height=\"18\">Kundenspezifische Option<\/td>\n<td class=\"et3\" style=\"width: 214.40pt;\" width=\"214\">Farbe\/Gr\u00f6\u00dfe\/Glasur\/Logo\/Verpackung<\/td>\n<\/tr>\n<\/tbody>\n<\/table>","protected":false},"featured_media":6222,"comment_status":"closed","ping_status":"closed","template":"","meta":{"_acf_changed":false},"product_brand":[],"product_cat":[19,49],"product_tag":[37,36,25,39,27,48],"class_list":{"0":"post-6218","1":"product","2":"type-product","3":"status-publish","4":"has-post-thumbnail","6":"product_cat-dinnerware-wholesale","7":"product_cat-wholesale-white-tableware","8":"product_tag-bulk-cake-stands","9":"product_tag-wholesale-kettles","10":"product_tag-wholesale-plates-and-bowls","11":"product_tag-sugar-jars-wholesale","12":"product_tag-wholesale-tea-cups-and-saucers","13":"product_tag-whats-new","15":"first","16":"instock","17":"shipping-taxable","18":"product-type-simple"},"acf":[],"_links":{"self":[{"href":"https:\/\/www.lovinghomecollection.com\/de\/wp-json\/wp\/v2\/product\/6218","targetHints":{"allow":["GET"]}}],"collection":[{"href":"https:\/\/www.lovinghomecollection.com\/de\/wp-json\/wp\/v2\/product"}],"about":[{"href":"https:\/\/www.lovinghomecollection.com\/de\/wp-json\/wp\/v2\/types\/product"}],"replies":[{"embeddable":true,"href":"https:\/\/www.lovinghomecollection.com\/de\/wp-json\/wp\/v2\/comments?post=6218"}],"wp:featuredmedia":[{"embeddable":true,"href":"https:\/\/www.lovinghomecollection.com\/de\/wp-json\/wp\/v2\/media\/6222"}],"wp:attachment":[{"href":"https:\/\/www.lovinghomecollection.com\/de\/wp-json\/wp\/v2\/media?parent=6218"}],"wp:term":[{"taxonomy":"product_brand","embeddable":true,"href":"https:\/\/www.lovinghomecollection.com\/de\/wp-json\/wp\/v2\/product_brand?post=6218"},{"taxonomy":"product_cat","embeddable":true,"href":"https:\/\/www.lovinghomecollection.com\/de\/wp-json\/wp\/v2\/product_cat?post=6218"},{"taxonomy":"product_tag","embeddable":true,"href":"https:\/\/www.lovinghomecollection.com\/de\/wp-json\/wp\/v2\/product_tag?post=6218"}],"curies":[{"name":"wp","href":"https:\/\/api.w.org\/{rel}","templated":true}]}}