{"id":6206,"date":"2026-01-04T08:20:31","date_gmt":"2026-01-04T08:20:31","guid":{"rendered":"https:\/\/www.lovinghomecollection.com\/?post_type=product&#038;p=6206"},"modified":"2026-02-11T09:53:25","modified_gmt":"2026-02-11T09:53:25","slug":"ceramic-crockery-wholesale","status":"publish","type":"product","link":"https:\/\/www.lovinghomecollection.com\/de\/produkt\/ceramic-crockery-wholesale\/","title":{"rendered":"Tropische Palme Keramikgeschirr Gro\u00dfhandel f\u00fcr Restaurant"},"content":{"rendered":"<div class=\"wp-block-columns is-layout-flex wp-container-core-columns-is-layout-9d6595d7 wp-block-columns-is-layout-flex\">\n<div class=\"wp-block-column is-layout-flow wp-block-column-is-layout-flow\" style=\"flex-basis:60%\">\n<h2 class=\"wp-block-heading\">Premium-Keramik-Geschirr Gro\u00dfhandel Merkmale:<\/h2>\n\n\n\n<ul class=\"wp-block-list\">\n<li><strong>Einzigartiges Design:<\/strong> Unser Keramikgeschirr im Gro\u00dfhandel hat ein einzigartiges Design mit einem handgemalten tropischen Palmenmuster und einem klassischen geometrischen Design; die frischen und nat\u00fcrlichen Farben des Geschirrs schaffen einen attraktiven und zusammenh\u00e4ngenden Stil, der das Aussehen und das Ambiente des Esstisches aufwertet.<\/li>\n\n\n\n<li><strong>Ausgezeichnete Handwerkskunst: <\/strong>Unser Porzellangeschirr f\u00fcr den Gro\u00dfhandel hat eine hochwertige Glasur, die f\u00fcr eine glatte und gleichm\u00e4\u00dfige Oberfl\u00e4che sorgt. Die aufgedruckten Motive sind dauerhaft und gut sichtbar, w\u00e4hrend die verzierten R\u00e4nder und gepr\u00e4gten Details die Qualit\u00e4t unserer Verarbeitung unterstreichen.<\/li>\n\n\n\n<li><strong>Zuverl\u00e4ssige Qualit\u00e4t: <\/strong>Dieses Keramikgeschirr-Gro\u00dfhandelsset ist aus haltbarem Porzellan gefertigt und hat eine einheitliche Form, wodurch es sich ideal f\u00fcr den t\u00e4glichen Gebrauch oder f\u00fcr die Gastronomie eignet. Die Entw\u00fcrfe sind verschlei\u00dffest und die meisten Teile sind stapelbar, um die Lagerung zu erleichtern.<\/li>\n\n\n\n<li><strong>Vorteile f\u00fcr den Gro\u00dfhandel<\/strong>: Unser Gro\u00dfporzellangeschirr bietet eine gro\u00dfe Produktvielfalt, unterst\u00fctzt gemischte Bestellungen und ist \u00e4u\u00dferst kosteneffizient. Der einheitliche Stil macht es Restaurants, Hotels oder Einzelh\u00e4ndlern leicht, Produkte einheitlich zu kaufen und auszustellen und so die Kosten f\u00fcr die Anpassung zu senken.<\/li>\n<\/ul>\n<\/div>\n\n\n\n<div class=\"wp-block-column is-layout-flow wp-block-column-is-layout-flow\">\n<figure class=\"wp-block-image size-full\"><img decoding=\"async\" width=\"1200\" height=\"1200\" src=\"https:\/\/www.lovinghomecollection.com\/wp-content\/uploads\/2026\/01\/Tropical-Palm-Tree-Ceramic-Crockery-Wholesale-for-Restaurant-4.webp\" alt=\"Tropische Palme Keramikgeschirr Gro\u00dfhandel f\u00fcr Restaurant-4\" class=\"wp-image-6210\" srcset=\"https:\/\/www.lovinghomecollection.com\/wp-content\/uploads\/2026\/01\/Tropical-Palm-Tree-Ceramic-Crockery-Wholesale-for-Restaurant-4.webp 1200w, https:\/\/www.lovinghomecollection.com\/wp-content\/uploads\/2026\/01\/Tropical-Palm-Tree-Ceramic-Crockery-Wholesale-for-Restaurant-4-300x300.webp 300w, https:\/\/www.lovinghomecollection.com\/wp-content\/uploads\/2026\/01\/Tropical-Palm-Tree-Ceramic-Crockery-Wholesale-for-Restaurant-4-150x150.webp 150w, https:\/\/www.lovinghomecollection.com\/wp-content\/uploads\/2026\/01\/Tropical-Palm-Tree-Ceramic-Crockery-Wholesale-for-Restaurant-4-768x768.webp 768w, https:\/\/www.lovinghomecollection.com\/wp-content\/uploads\/2026\/01\/Tropical-Palm-Tree-Ceramic-Crockery-Wholesale-for-Restaurant-4-12x12.webp 12w, https:\/\/www.lovinghomecollection.com\/wp-content\/uploads\/2026\/01\/Tropical-Palm-Tree-Ceramic-Crockery-Wholesale-for-Restaurant-4-600x600.webp 600w, https:\/\/www.lovinghomecollection.com\/wp-content\/uploads\/2026\/01\/Tropical-Palm-Tree-Ceramic-Crockery-Wholesale-for-Restaurant-4-100x100.webp 100w\" sizes=\"(max-width: 1200px) 100vw, 1200px\" \/><\/figure>\n<\/div>\n<\/div>\n\n\n\n<h2 class=\"wp-block-heading has-text-align-center\">Produktanzeige von Under The Palm Keramikgeschirr Gro\u00dfhandel<\/h2>\n\n\n\n<div class=\"wp-block-columns is-layout-flex wp-container-core-columns-is-layout-9d6595d7 wp-block-columns-is-layout-flex\">\n<div class=\"wp-block-column is-layout-flow wp-block-column-is-layout-flow\">\n<figure class=\"wp-block-image size-full\"><img decoding=\"async\" width=\"1723\" height=\"1436\" src=\"https:\/\/www.lovinghomecollection.com\/wp-content\/uploads\/2026\/01\/Tropical-Palm-Tree-Ceramic-Crockery-Wholesale-for-Restaurant-10.webp\" alt=\"Tropische Palme Keramikgeschirr Gro\u00dfhandel f\u00fcr Restaurant-10\" class=\"wp-image-6216\" srcset=\"https:\/\/www.lovinghomecollection.com\/wp-content\/uploads\/2026\/01\/Tropical-Palm-Tree-Ceramic-Crockery-Wholesale-for-Restaurant-10.webp 1723w, https:\/\/www.lovinghomecollection.com\/wp-content\/uploads\/2026\/01\/Tropical-Palm-Tree-Ceramic-Crockery-Wholesale-for-Restaurant-10-300x250.webp 300w, https:\/\/www.lovinghomecollection.com\/wp-content\/uploads\/2026\/01\/Tropical-Palm-Tree-Ceramic-Crockery-Wholesale-for-Restaurant-10-768x640.webp 768w, https:\/\/www.lovinghomecollection.com\/wp-content\/uploads\/2026\/01\/Tropical-Palm-Tree-Ceramic-Crockery-Wholesale-for-Restaurant-10-14x12.webp 14w, https:\/\/www.lovinghomecollection.com\/wp-content\/uploads\/2026\/01\/Tropical-Palm-Tree-Ceramic-Crockery-Wholesale-for-Restaurant-10-1200x1000.webp 1200w, https:\/\/www.lovinghomecollection.com\/wp-content\/uploads\/2026\/01\/Tropical-Palm-Tree-Ceramic-Crockery-Wholesale-for-Restaurant-10-600x500.webp 600w\" sizes=\"(max-width: 1723px) 100vw, 1723px\" \/><\/figure>\n<\/div>\n\n\n\n<div class=\"wp-block-column is-layout-flow wp-block-column-is-layout-flow\">\n<figure class=\"wp-block-image size-full\"><img decoding=\"async\" width=\"1754\" height=\"990\" src=\"https:\/\/www.lovinghomecollection.com\/wp-content\/uploads\/2026\/01\/Tropical-Palm-Tree-Ceramic-Crockery-Wholesale-for-Restaurant-11.webp\" alt=\"Tropische Palme Keramikgeschirr Gro\u00dfhandel f\u00fcr Restaurant-11\" class=\"wp-image-6217\" srcset=\"https:\/\/www.lovinghomecollection.com\/wp-content\/uploads\/2026\/01\/Tropical-Palm-Tree-Ceramic-Crockery-Wholesale-for-Restaurant-11.webp 1754w, https:\/\/www.lovinghomecollection.com\/wp-content\/uploads\/2026\/01\/Tropical-Palm-Tree-Ceramic-Crockery-Wholesale-for-Restaurant-11-300x169.webp 300w, https:\/\/www.lovinghomecollection.com\/wp-content\/uploads\/2026\/01\/Tropical-Palm-Tree-Ceramic-Crockery-Wholesale-for-Restaurant-11-768x433.webp 768w, https:\/\/www.lovinghomecollection.com\/wp-content\/uploads\/2026\/01\/Tropical-Palm-Tree-Ceramic-Crockery-Wholesale-for-Restaurant-11-18x10.webp 18w, https:\/\/www.lovinghomecollection.com\/wp-content\/uploads\/2026\/01\/Tropical-Palm-Tree-Ceramic-Crockery-Wholesale-for-Restaurant-11-1200x677.webp 1200w, https:\/\/www.lovinghomecollection.com\/wp-content\/uploads\/2026\/01\/Tropical-Palm-Tree-Ceramic-Crockery-Wholesale-for-Restaurant-11-600x339.webp 600w\" sizes=\"(max-width: 1754px) 100vw, 1754px\" \/><\/figure>\n<\/div>\n<\/div>\n\n\n\n<p><\/p>","protected":false},"excerpt":{"rendered":"<p>Willkommen zum Kauf von Porzellangeschirr in gro\u00dfen Mengen. Diese tropische Palme Keramik Geschirr Gro\u00dfhandel verf\u00fcgt \u00fcber ein Design, das eine Kombination von handgemalten und gedruckten Techniken verwendet, um einen einzigartigen Stil eines frischen und nat\u00fcrlichen Resort-Stil Erfahrung zu schaffen.<\/p>\n<table style=\"border-collapse: collapse; width: 338.02pt;\" border=\"0\" width=\"338\" cellspacing=\"0\" cellpadding=\"0\">\n<tbody>\n<tr style=\"height: 18.00pt;\">\n<td class=\"et3\" style=\"height: 18.00pt; width: 124.50pt;\" width=\"124\" height=\"18\">Hersteller<\/td>\n<td class=\"et3\" style=\"width: 214.40pt;\" width=\"214\">Liebevolles Zuhause<\/td>\n<\/tr>\n<tr style=\"height: 18.00pt;\">\n<td class=\"et3\" style=\"height: 18.00pt; width: 124.50pt;\" width=\"124\" height=\"18\">Sammlung Name<\/td>\n<td class=\"et4\" style=\"width: 214.40pt;\" width=\"214\">Kollektion Unter der Palme<\/td>\n<\/tr>\n<tr style=\"height: 18.00pt;\">\n<td class=\"et3\" style=\"height: 18.00pt; width: 124.50pt;\" width=\"124\" height=\"18\">Verwendung<\/td>\n<td class=\"et3\" style=\"width: 214.40pt;\" width=\"214\">Haus, Restaurant, Hotel<\/td>\n<\/tr>\n<tr style=\"height: 36.00pt;\">\n<td class=\"et3\" style=\"height: 36.00pt; width: 124.50pt;\" width=\"124\" height=\"36\">Essgeschirr Typ<\/td>\n<td class=\"et3\" style=\"width: 214.40pt;\" width=\"214\">Teller, Sch\u00fcssel, Teekanne, Tasse und Untertasse, Becher, Zuckerdose<\/td>\n<\/tr>\n<tr style=\"height: 18.00pt;\">\n<td class=\"et3\" style=\"height: 18.00pt; width: 124.50pt;\" width=\"124\" height=\"18\">Material<\/td>\n<td class=\"et3\" style=\"width: 214.40pt;\" width=\"214\">Dauerhaftes Porzellan<\/td>\n<\/tr>\n<tr style=\"height: 18.00pt;\">\n<td class=\"et3\" style=\"height: 18.00pt; width: 124.50pt;\" width=\"124\" height=\"18\">Dimension<\/td>\n<td class=\"et3\" style=\"width: 214.40pt;\" width=\"214\">Wie Detailbild<\/td>\n<\/tr>\n<tr style=\"height: 18.00pt;\">\n<td class=\"et3\" style=\"height: 18.00pt; width: 124.50pt;\" width=\"124\" height=\"18\">Verkaufende Einheiten<\/td>\n<td class=\"et3\" style=\"width: 214.40pt;\" width=\"214\">Einzelnes Element<\/td>\n<\/tr>\n<tr style=\"height: 18.00pt;\">\n<td class=\"et3\" style=\"height: 18.00pt; width: 124.50pt;\" width=\"124\" height=\"18\">MOQ<\/td>\n<td class=\"et3\" style=\"width: 214.40pt;\" width=\"214\">1200\/St\u00fcck pro Artikel<\/td>\n<\/tr>\n<tr style=\"height: 18.00pt;\">\n<td class=\"et3\" style=\"height: 18.00pt; width: 124.50pt;\" width=\"124\" height=\"18\">Kundenspezifische Option<\/td>\n<td class=\"et3\" style=\"width: 214.40pt;\" width=\"214\">Farbe\/Gr\u00f6\u00dfe\/Glasur\/Logo\/Verpackung<\/td>\n<\/tr>\n<\/tbody>\n<\/table>","protected":false},"featured_media":6208,"comment_status":"closed","ping_status":"closed","template":"","meta":{"_acf_changed":false},"product_brand":[],"product_cat":[19],"product_tag":[36,25,39,27,26],"class_list":{"0":"post-6206","1":"product","2":"type-product","3":"status-publish","4":"has-post-thumbnail","6":"product_cat-dinnerware-wholesale","7":"product_tag-wholesale-kettles","8":"product_tag-wholesale-plates-and-bowls","9":"product_tag-sugar-jars-wholesale","10":"product_tag-wholesale-tea-cups-and-saucers","11":"product_tag-wholesale-teapots","13":"first","14":"instock","15":"shipping-taxable","16":"product-type-simple"},"acf":[],"_links":{"self":[{"href":"https:\/\/www.lovinghomecollection.com\/de\/wp-json\/wp\/v2\/product\/6206","targetHints":{"allow":["GET"]}}],"collection":[{"href":"https:\/\/www.lovinghomecollection.com\/de\/wp-json\/wp\/v2\/product"}],"about":[{"href":"https:\/\/www.lovinghomecollection.com\/de\/wp-json\/wp\/v2\/types\/product"}],"replies":[{"embeddable":true,"href":"https:\/\/www.lovinghomecollection.com\/de\/wp-json\/wp\/v2\/comments?post=6206"}],"wp:featuredmedia":[{"embeddable":true,"href":"https:\/\/www.lovinghomecollection.com\/de\/wp-json\/wp\/v2\/media\/6208"}],"wp:attachment":[{"href":"https:\/\/www.lovinghomecollection.com\/de\/wp-json\/wp\/v2\/media?parent=6206"}],"wp:term":[{"taxonomy":"product_brand","embeddable":true,"href":"https:\/\/www.lovinghomecollection.com\/de\/wp-json\/wp\/v2\/product_brand?post=6206"},{"taxonomy":"product_cat","embeddable":true,"href":"https:\/\/www.lovinghomecollection.com\/de\/wp-json\/wp\/v2\/product_cat?post=6206"},{"taxonomy":"product_tag","embeddable":true,"href":"https:\/\/www.lovinghomecollection.com\/de\/wp-json\/wp\/v2\/product_tag?post=6206"}],"curies":[{"name":"wp","href":"https:\/\/api.w.org\/{rel}","templated":true}]}}