{"id":6193,"date":"2025-12-30T06:58:41","date_gmt":"2025-12-30T06:58:41","guid":{"rendered":"https:\/\/www.lovinghomecollection.com\/?post_type=product&#038;p=6193"},"modified":"2025-12-30T07:09:25","modified_gmt":"2025-12-30T07:09:25","slug":"wholesale-bud-vases","status":"publish","type":"product","link":"https:\/\/www.lovinghomecollection.com\/de\/produkt\/wholesale-bud-vases\/","title":{"rendered":"Wei\u00dfe Gro\u00dfhandels-Blumenvasen, kleine Vasen in Form von Fr\u00fcchten in Gro\u00dfmengen"},"content":{"rendered":"<div class=\"wp-block-columns is-layout-flex wp-container-core-columns-is-layout-9d6595d7 wp-block-columns-is-layout-flex\">\n<div class=\"wp-block-column is-layout-flow wp-block-column-is-layout-flow\" style=\"flex-basis:60%\">\n<h2 class=\"wp-block-heading\">Premium-Gro\u00dfhandels-Blumenvasen Merkmale:<\/h2>\n\n\n\n<ul class=\"wp-block-list\">\n<li><strong>Einzigartiges Design in Form einer Frucht: <\/strong>Diese Gro\u00dfhandels-Blumenvasen sind realistischen Fr\u00fcchten nachempfunden (wie Granat\u00e4pfeln, Ananas und Bananen) und durch moderne Designsprache interpretiert, wodurch sie sowohl k\u00fcnstlerische Sch\u00f6nheit als auch Einzigartigkeit besitzen. Sie sind sehr gespr\u00e4chig und als Dekorationsst\u00fccke optisch ansprechend.<\/li>\n\n\n\n<li><strong>Minimalistisches Design, vielseitiger Stil: <\/strong>Die schlichten und eleganten Formen dieser mattierten Keramikvasen aus dem Gro\u00dfhandel f\u00fcgen sich m\u00fchelos in viele verschiedene Einrichtungsstile wie nordisch, modern, Wabi-Sabi oder l\u00e4ndlich (Country Living) ein und unterstreichen den Gesamtstil des Raumes.<\/li>\n\n\n\n<li><strong>Hochwertiges Keramikmaterial, hervorragende Textur:<\/strong> Unsere Gro\u00dfhandels-Blumenvasen sind aus hochwertiger Keramik gefertigt und haben sowohl eine mattwei\u00dfe als auch eine gl\u00e4nzend wei\u00dfe Oberfl\u00e4che, wodurch sie sich glatt anf\u00fchlen und sch\u00f6n aussehen. Einige St\u00fccke haben au\u00dferdem eine erfrischende Farbe. Unsere Gro\u00dfhandels-Blumenvasen sind langlebig und leicht sauber zu halten.<\/li>\n\n\n\n<li><strong>Starke Atmosph\u00e4re, Steigerung der Raumvitalit\u00e4t: <\/strong>Unsere matten Keramikvasen f\u00fcr den Gro\u00dfhandel sind von Natur aus dekorativ. Ob f\u00fcr Blumenarrangements, Kerzen oder einfach als Einzelst\u00fccke \u2013 sie schaffen eine warme, nat\u00fcrliche und lebendige Atmosph\u00e4re und sind somit die ideale Wahl f\u00fcr die Dekoration von Einzelhandels- und Gewerbefl\u00e4chen.<\/li>\n<\/ul>\n<\/div>\n\n\n\n<div class=\"wp-block-column is-layout-flow wp-block-column-is-layout-flow\" style=\"flex-basis:40%\">\n<figure class=\"wp-block-image size-full\"><img decoding=\"async\" width=\"1200\" height=\"1200\" src=\"https:\/\/www.lovinghomecollection.com\/wp-content\/uploads\/2025\/12\/White-Wholesale-Bud-Vases-Small-Fruit-Shape-Vase-In-Bulk-5.webp\" alt=\"Wei\u00dfe Gro\u00dfhandels-Blumenvasen, kleine fruchtf\u00f6rmige Vasen in Gro\u00dfpackung \u2013 5 St\u00fcck\" class=\"wp-image-6198\" srcset=\"https:\/\/www.lovinghomecollection.com\/wp-content\/uploads\/2025\/12\/White-Wholesale-Bud-Vases-Small-Fruit-Shape-Vase-In-Bulk-5.webp 1200w, https:\/\/www.lovinghomecollection.com\/wp-content\/uploads\/2025\/12\/White-Wholesale-Bud-Vases-Small-Fruit-Shape-Vase-In-Bulk-5-300x300.webp 300w, https:\/\/www.lovinghomecollection.com\/wp-content\/uploads\/2025\/12\/White-Wholesale-Bud-Vases-Small-Fruit-Shape-Vase-In-Bulk-5-150x150.webp 150w, https:\/\/www.lovinghomecollection.com\/wp-content\/uploads\/2025\/12\/White-Wholesale-Bud-Vases-Small-Fruit-Shape-Vase-In-Bulk-5-768x768.webp 768w, https:\/\/www.lovinghomecollection.com\/wp-content\/uploads\/2025\/12\/White-Wholesale-Bud-Vases-Small-Fruit-Shape-Vase-In-Bulk-5-12x12.webp 12w, https:\/\/www.lovinghomecollection.com\/wp-content\/uploads\/2025\/12\/White-Wholesale-Bud-Vases-Small-Fruit-Shape-Vase-In-Bulk-5-600x600.webp 600w, https:\/\/www.lovinghomecollection.com\/wp-content\/uploads\/2025\/12\/White-Wholesale-Bud-Vases-Small-Fruit-Shape-Vase-In-Bulk-5-100x100.webp 100w\" sizes=\"(max-width: 1200px) 100vw, 1200px\" \/><\/figure>\n<\/div>\n<\/div>\n\n\n\n<h2 class=\"wp-block-heading has-text-align-center\">Produktpr\u00e4sentation von Gro\u00dfhandels-Blumenvasen<\/h2>\n\n\n\n<figure class=\"wp-block-image size-full\"><img decoding=\"async\" width=\"1754\" height=\"1761\" src=\"https:\/\/www.lovinghomecollection.com\/wp-content\/uploads\/2025\/12\/White-Wholesale-Bud-Vases-Small-Fruit-Shape-Vase-In-Bulk-7.webp\" alt=\"Wei\u00dfe Gro\u00dfhandels-Blumenvasen, kleine fruchtf\u00f6rmige Vasen in Gro\u00dfpackung \u2013 7 St\u00fcck\" class=\"wp-image-6200\" srcset=\"https:\/\/www.lovinghomecollection.com\/wp-content\/uploads\/2025\/12\/White-Wholesale-Bud-Vases-Small-Fruit-Shape-Vase-In-Bulk-7.webp 1754w, https:\/\/www.lovinghomecollection.com\/wp-content\/uploads\/2025\/12\/White-Wholesale-Bud-Vases-Small-Fruit-Shape-Vase-In-Bulk-7-300x300.webp 300w, https:\/\/www.lovinghomecollection.com\/wp-content\/uploads\/2025\/12\/White-Wholesale-Bud-Vases-Small-Fruit-Shape-Vase-In-Bulk-7-150x150.webp 150w, https:\/\/www.lovinghomecollection.com\/wp-content\/uploads\/2025\/12\/White-Wholesale-Bud-Vases-Small-Fruit-Shape-Vase-In-Bulk-7-768x771.webp 768w, https:\/\/www.lovinghomecollection.com\/wp-content\/uploads\/2025\/12\/White-Wholesale-Bud-Vases-Small-Fruit-Shape-Vase-In-Bulk-7-12x12.webp 12w, https:\/\/www.lovinghomecollection.com\/wp-content\/uploads\/2025\/12\/White-Wholesale-Bud-Vases-Small-Fruit-Shape-Vase-In-Bulk-7-1200x1205.webp 1200w, https:\/\/www.lovinghomecollection.com\/wp-content\/uploads\/2025\/12\/White-Wholesale-Bud-Vases-Small-Fruit-Shape-Vase-In-Bulk-7-600x602.webp 600w, https:\/\/www.lovinghomecollection.com\/wp-content\/uploads\/2025\/12\/White-Wholesale-Bud-Vases-Small-Fruit-Shape-Vase-In-Bulk-7-100x100.webp 100w\" sizes=\"(max-width: 1754px) 100vw, 1754px\" \/><\/figure>","protected":false},"excerpt":{"rendered":"<p>Willkommen beim Kauf von Gro\u00dfhandels-Blumenvasen. Unsere Kollektion mattierter Keramikvasen im Gro\u00dfhandel ist von realistischen Fr\u00fcchten inspiriert und umfasst eine gro\u00dfe Auswahl an kreativen Formen, darunter Erdbeeren, Granat\u00e4pfel und Bananen.<\/p>\n<table style=\"border-collapse: collapse; width: 338.02pt;\" border=\"0\" width=\"338\" cellspacing=\"0\" cellpadding=\"0\">\n<tbody>\n<tr style=\"height: 18.00pt;\">\n<td class=\"et3\" style=\"height: 18.00pt; width: 124.50pt;\" width=\"124\" height=\"18\">Hersteller<\/td>\n<td class=\"et3\" style=\"width: 214.40pt;\" width=\"214\">Liebevolles Zuhause<\/td>\n<\/tr>\n<tr style=\"height: 18.00pt;\">\n<td class=\"et3\" style=\"height: 18.00pt; width: 124.50pt;\" width=\"124\" height=\"18\">Produkttyp<\/td>\n<td class=\"et4\" style=\"width: 214.40pt;\" width=\"214\">Keramikvasen<\/td>\n<\/tr>\n<tr style=\"height: 18.00pt;\">\n<td class=\"et3\" style=\"height: 18.00pt; width: 124.50pt;\" width=\"124\" height=\"18\">Material<\/td>\n<td class=\"et3\" style=\"width: 214.40pt;\" width=\"214\">Dauerhaftes Porzellan<\/td>\n<\/tr>\n<tr style=\"height: 18.00pt;\">\n<td class=\"et3\" style=\"height: 18.00pt; width: 124.50pt;\" width=\"124\" height=\"18\">Dimension<\/td>\n<td class=\"et3\" style=\"width: 214.40pt;\" width=\"214\">Wie Detailbild<\/td>\n<\/tr>\n<tr style=\"height: 18.00pt;\">\n<td class=\"et3\" style=\"height: 18.00pt; width: 124.50pt;\" width=\"124\" height=\"18\">Verkaufende Einheiten<\/td>\n<td class=\"et3\" style=\"width: 214.40pt;\" width=\"214\">Einzelnes Element<\/td>\n<\/tr>\n<tr style=\"height: 18.00pt;\">\n<td class=\"et3\" style=\"height: 18.00pt; width: 124.50pt;\" width=\"124\" height=\"18\">MOQ<\/td>\n<td class=\"et3\" style=\"width: 214.40pt;\" width=\"214\">1200\/St\u00fcck pro Artikel<\/td>\n<\/tr>\n<tr style=\"height: 18.00pt;\">\n<td class=\"et3\" style=\"height: 18.00pt; width: 124.50pt;\" width=\"124\" height=\"18\">Kundenspezifische Option<\/td>\n<td class=\"et3\" style=\"width: 214.40pt;\" width=\"214\">Farbe\/Gr\u00f6\u00dfe\/Glasur\/Logo\/Verpackung<\/td>\n<\/tr>\n<\/tbody>\n<\/table>","protected":false},"featured_media":6194,"comment_status":"closed","ping_status":"closed","template":"","meta":{"_acf_changed":false},"product_brand":[],"product_cat":[21,50],"product_tag":[],"class_list":{"0":"post-6193","1":"product","2":"type-product","3":"status-publish","4":"has-post-thumbnail","6":"product_cat-ceramic-vases-bulk","7":"product_cat-wholesale-vases-and-pots","9":"first","10":"instock","11":"shipping-taxable","12":"product-type-simple"},"acf":[],"_links":{"self":[{"href":"https:\/\/www.lovinghomecollection.com\/de\/wp-json\/wp\/v2\/product\/6193","targetHints":{"allow":["GET"]}}],"collection":[{"href":"https:\/\/www.lovinghomecollection.com\/de\/wp-json\/wp\/v2\/product"}],"about":[{"href":"https:\/\/www.lovinghomecollection.com\/de\/wp-json\/wp\/v2\/types\/product"}],"replies":[{"embeddable":true,"href":"https:\/\/www.lovinghomecollection.com\/de\/wp-json\/wp\/v2\/comments?post=6193"}],"wp:featuredmedia":[{"embeddable":true,"href":"https:\/\/www.lovinghomecollection.com\/de\/wp-json\/wp\/v2\/media\/6194"}],"wp:attachment":[{"href":"https:\/\/www.lovinghomecollection.com\/de\/wp-json\/wp\/v2\/media?parent=6193"}],"wp:term":[{"taxonomy":"product_brand","embeddable":true,"href":"https:\/\/www.lovinghomecollection.com\/de\/wp-json\/wp\/v2\/product_brand?post=6193"},{"taxonomy":"product_cat","embeddable":true,"href":"https:\/\/www.lovinghomecollection.com\/de\/wp-json\/wp\/v2\/product_cat?post=6193"},{"taxonomy":"product_tag","embeddable":true,"href":"https:\/\/www.lovinghomecollection.com\/de\/wp-json\/wp\/v2\/product_tag?post=6193"}],"curies":[{"name":"wp","href":"https:\/\/api.w.org\/{rel}","templated":true}]}}