{"id":6182,"date":"2025-12-30T06:39:14","date_gmt":"2025-12-30T06:39:14","guid":{"rendered":"https:\/\/www.lovinghomecollection.com\/?post_type=product&#038;p=6182"},"modified":"2026-02-11T09:53:18","modified_gmt":"2026-02-11T09:53:18","slug":"crockery-set-wholesale","status":"publish","type":"product","link":"https:\/\/www.lovinghomecollection.com\/de\/produkt\/crockery-set-wholesale\/","title":{"rendered":"Blumenmuster-Geschirrset im Gro\u00dfhandel mit naturgetreuen Schmetterlingsmotiven"},"content":{"rendered":"<div class=\"wp-block-columns is-layout-flex wp-container-core-columns-is-layout-9d6595d7 wp-block-columns-is-layout-flex\">\n<div class=\"wp-block-column is-layout-flow wp-block-column-is-layout-flow\" style=\"flex-basis:60%\">\n<h2 class=\"wp-block-heading\">Premium-Geschirrset Gro\u00dfhandel Merkmale:<\/h2>\n\n\n\n<ul class=\"wp-block-list\">\n<li><strong>Blumenmuster, naturgetreu und lebendig:<\/strong> Dieses Geschirrset f\u00fcr den Gro\u00dfhandel wurde mit feinen Handmaltechniken hergestellt und besticht durch leuchtende Farben und klare Schichten in den Blumen- und Schmetterlingsmustern, die Ihrem Esstisch eine nat\u00fcrliche k\u00fcnstlerische Atmosph\u00e4re verleihen.<\/li>\n\n\n\n<li><strong>Umfassendes Produktsortiment, breites Anwendungsspektrum: <\/strong>Unsere Gro\u00dfhandels-Geschirrserie mit Blumenmuster umfasst eine gro\u00dfe Auswahl an Artikeln wie Essteller, Teeservices, Schalen und Tortenst\u00e4nder und erf\u00fcllt damit den Bedarf an Komplettl\u00f6sungen f\u00fcr verschiedene Anl\u00e4sse, darunter formelle Abendessen, Teepausen und Desserttische.<\/li>\n\n\n\n<li><strong>Exquisites Detaildesign, verbesserte Textur: <\/strong>Unser Geschirrset f\u00fcr den Gro\u00dfhandel zeichnet sich durch gewellte R\u00e4nder, vertikale Streifen und gepr\u00e4gte Strukturen aus, erg\u00e4nzt durch vergoldete L\u00f6ffelgriffe und andere Verzierungen, die in jedem Detail einen eleganten Stil zur Geltung bringen.<\/li>\n\n\n\n<li><strong>Warm atmosphere creation, strong display appeal:<\/strong> Diese floralen Tischgeschirrartikel f\u00fcr den Gro\u00dfhandel verwenden eine hochintegrierte cremefarbene Grundfarbe und warme Holzt\u00f6ne, die in Kombination mit Gr\u00fcnpflanzen und Fr\u00fcchten leicht eine warme und beruhigende Optik erzeugen und den Kaufwunsch anregen.<\/li>\n<\/ul>\n<\/div>\n\n\n\n<div class=\"wp-block-column is-layout-flow wp-block-column-is-layout-flow\">\n<figure class=\"wp-block-image size-full\"><img decoding=\"async\" width=\"1200\" height=\"1200\" src=\"https:\/\/www.lovinghomecollection.com\/wp-content\/uploads\/2025\/12\/Floral-Crockery-Set-Wholesale-With-Lifelike-Butterfly-Motifs-4.webp\" alt=\"Blumen-Geschirrset Gro\u00dfhandel mit naturgetreuen Schmetterlingsmotiven-4\" class=\"wp-image-6186\" srcset=\"https:\/\/www.lovinghomecollection.com\/wp-content\/uploads\/2025\/12\/Floral-Crockery-Set-Wholesale-With-Lifelike-Butterfly-Motifs-4.webp 1200w, https:\/\/www.lovinghomecollection.com\/wp-content\/uploads\/2025\/12\/Floral-Crockery-Set-Wholesale-With-Lifelike-Butterfly-Motifs-4-300x300.webp 300w, https:\/\/www.lovinghomecollection.com\/wp-content\/uploads\/2025\/12\/Floral-Crockery-Set-Wholesale-With-Lifelike-Butterfly-Motifs-4-150x150.webp 150w, https:\/\/www.lovinghomecollection.com\/wp-content\/uploads\/2025\/12\/Floral-Crockery-Set-Wholesale-With-Lifelike-Butterfly-Motifs-4-768x768.webp 768w, https:\/\/www.lovinghomecollection.com\/wp-content\/uploads\/2025\/12\/Floral-Crockery-Set-Wholesale-With-Lifelike-Butterfly-Motifs-4-12x12.webp 12w, https:\/\/www.lovinghomecollection.com\/wp-content\/uploads\/2025\/12\/Floral-Crockery-Set-Wholesale-With-Lifelike-Butterfly-Motifs-4-600x600.webp 600w, https:\/\/www.lovinghomecollection.com\/wp-content\/uploads\/2025\/12\/Floral-Crockery-Set-Wholesale-With-Lifelike-Butterfly-Motifs-4-100x100.webp 100w\" sizes=\"(max-width: 1200px) 100vw, 1200px\" \/><\/figure>\n<\/div>\n<\/div>\n\n\n\n<h2 class=\"wp-block-heading has-text-align-center\">Produktpr\u00e4sentation des englischen Garten-Geschirrsets im Gro\u00dfhandel<\/h2>\n\n\n\n<div class=\"wp-block-columns is-layout-flex wp-container-core-columns-is-layout-9d6595d7 wp-block-columns-is-layout-flex\">\n<div class=\"wp-block-column is-layout-flow wp-block-column-is-layout-flow\">\n<figure class=\"wp-block-image size-full\"><img decoding=\"async\" width=\"1685\" height=\"1065\" src=\"https:\/\/www.lovinghomecollection.com\/wp-content\/uploads\/2025\/12\/Floral-Crockery-Set-Wholesale-With-Lifelike-Butterfly-Motifs-9.webp\" alt=\"Blumen-Geschirrset Gro\u00dfhandel mit naturgetreuen Schmetterlingsmotiven-9\" class=\"wp-image-6189\" srcset=\"https:\/\/www.lovinghomecollection.com\/wp-content\/uploads\/2025\/12\/Floral-Crockery-Set-Wholesale-With-Lifelike-Butterfly-Motifs-9.webp 1685w, https:\/\/www.lovinghomecollection.com\/wp-content\/uploads\/2025\/12\/Floral-Crockery-Set-Wholesale-With-Lifelike-Butterfly-Motifs-9-300x190.webp 300w, https:\/\/www.lovinghomecollection.com\/wp-content\/uploads\/2025\/12\/Floral-Crockery-Set-Wholesale-With-Lifelike-Butterfly-Motifs-9-768x485.webp 768w, https:\/\/www.lovinghomecollection.com\/wp-content\/uploads\/2025\/12\/Floral-Crockery-Set-Wholesale-With-Lifelike-Butterfly-Motifs-9-18x12.webp 18w, https:\/\/www.lovinghomecollection.com\/wp-content\/uploads\/2025\/12\/Floral-Crockery-Set-Wholesale-With-Lifelike-Butterfly-Motifs-9-1200x758.webp 1200w, https:\/\/www.lovinghomecollection.com\/wp-content\/uploads\/2025\/12\/Floral-Crockery-Set-Wholesale-With-Lifelike-Butterfly-Motifs-9-600x379.webp 600w\" sizes=\"(max-width: 1685px) 100vw, 1685px\" \/><\/figure>\n<\/div>\n\n\n\n<div class=\"wp-block-column is-layout-flow wp-block-column-is-layout-flow\">\n<figure class=\"wp-block-image size-full\"><img decoding=\"async\" width=\"1724\" height=\"1240\" src=\"https:\/\/www.lovinghomecollection.com\/wp-content\/uploads\/2025\/12\/Floral-Crockery-Set-Wholesale-With-Lifelike-Butterfly-Motifs-10.webp\" alt=\"Blumen-Geschirrset Gro\u00dfhandel mit naturgetreuen Schmetterlingsmotiven-10\" class=\"wp-image-6188\" srcset=\"https:\/\/www.lovinghomecollection.com\/wp-content\/uploads\/2025\/12\/Floral-Crockery-Set-Wholesale-With-Lifelike-Butterfly-Motifs-10.webp 1724w, https:\/\/www.lovinghomecollection.com\/wp-content\/uploads\/2025\/12\/Floral-Crockery-Set-Wholesale-With-Lifelike-Butterfly-Motifs-10-300x216.webp 300w, https:\/\/www.lovinghomecollection.com\/wp-content\/uploads\/2025\/12\/Floral-Crockery-Set-Wholesale-With-Lifelike-Butterfly-Motifs-10-768x552.webp 768w, https:\/\/www.lovinghomecollection.com\/wp-content\/uploads\/2025\/12\/Floral-Crockery-Set-Wholesale-With-Lifelike-Butterfly-Motifs-10-18x12.webp 18w, https:\/\/www.lovinghomecollection.com\/wp-content\/uploads\/2025\/12\/Floral-Crockery-Set-Wholesale-With-Lifelike-Butterfly-Motifs-10-1200x863.webp 1200w, https:\/\/www.lovinghomecollection.com\/wp-content\/uploads\/2025\/12\/Floral-Crockery-Set-Wholesale-With-Lifelike-Butterfly-Motifs-10-600x432.webp 600w\" sizes=\"(max-width: 1724px) 100vw, 1724px\" \/><\/figure>\n<\/div>\n<\/div>\n\n\n\n<p><\/p>","protected":false},"excerpt":{"rendered":"<p>Willkommen beim Kauf unseres Geschirrsets im Gro\u00dfhandel. Unsere florale Gro\u00dfhandelsgeschirrserie zeichnet sich durch exquisite handgemalte Blumenmuster aus, die mit naturgetreuen Schmetterlingsmotiven verziert sind und eine vollst\u00e4ndige Palette an Geschirr umfassen, darunter Sch\u00fcsseln, Teller, Tassen, Teekannen und Tortenst\u00e4nder.<\/p>\n<table style=\"border-collapse: collapse; width: 338.02pt;\" border=\"0\" width=\"338\" cellspacing=\"0\" cellpadding=\"0\">\n<tbody>\n<tr style=\"height: 18.00pt;\">\n<td class=\"et3\" style=\"height: 18.00pt; width: 124.50pt;\" width=\"124\" height=\"18\">Hersteller<\/td>\n<td class=\"et3\" style=\"width: 214.40pt;\" width=\"214\">Liebevolles Zuhause<\/td>\n<\/tr>\n<tr style=\"height: 18.00pt;\">\n<td class=\"et3\" style=\"height: 18.00pt; width: 124.50pt;\" width=\"124\" height=\"18\">Sammlung Name<\/td>\n<td class=\"et4\" style=\"width: 214.40pt;\" width=\"214\">Englische Garten-Kollektion<\/td>\n<\/tr>\n<tr style=\"height: 18.00pt;\">\n<td class=\"et3\" style=\"height: 18.00pt; width: 124.50pt;\" width=\"124\" height=\"18\">Verwendung<\/td>\n<td class=\"et3\" style=\"width: 214.40pt;\" width=\"214\">Haus, Restaurant, Hotel<\/td>\n<\/tr>\n<tr style=\"height: 36.00pt;\">\n<td class=\"et3\" style=\"height: 36.00pt; width: 124.50pt;\" width=\"124\" height=\"36\">Essgeschirr Typ<\/td>\n<td class=\"et3\" style=\"width: 214.40pt;\" width=\"214\">Teller, Sch\u00fcssel, Teekanne, Tasse und Untertasse, Becher, Kuchenst\u00e4nder, Zuckerdose, Butterdose<\/td>\n<\/tr>\n<tr style=\"height: 18.00pt;\">\n<td class=\"et3\" style=\"height: 18.00pt; width: 124.50pt;\" width=\"124\" height=\"18\">Material<\/td>\n<td class=\"et3\" style=\"width: 214.40pt;\" width=\"214\">Dauerhaftes Porzellan<\/td>\n<\/tr>\n<tr style=\"height: 18.00pt;\">\n<td class=\"et3\" style=\"height: 18.00pt; width: 124.50pt;\" width=\"124\" height=\"18\">Dimension<\/td>\n<td class=\"et3\" style=\"width: 214.40pt;\" width=\"214\">Wie Detailbild<\/td>\n<\/tr>\n<tr style=\"height: 18.00pt;\">\n<td class=\"et3\" style=\"height: 18.00pt; width: 124.50pt;\" width=\"124\" height=\"18\">Verkaufende Einheiten<\/td>\n<td class=\"et3\" style=\"width: 214.40pt;\" width=\"214\">Einzelnes Element<\/td>\n<\/tr>\n<tr style=\"height: 18.00pt;\">\n<td class=\"et3\" style=\"height: 18.00pt; width: 124.50pt;\" width=\"124\" height=\"18\">MOQ<\/td>\n<td class=\"et3\" style=\"width: 214.40pt;\" width=\"214\">1200\/St\u00fcck pro Artikel<\/td>\n<\/tr>\n<tr style=\"height: 18.00pt;\">\n<td class=\"et3\" style=\"height: 18.00pt; width: 124.50pt;\" width=\"124\" height=\"18\">Kundenspezifische Option<\/td>\n<td class=\"et3\" style=\"width: 214.40pt;\" width=\"214\">Farbe\/Gr\u00f6\u00dfe\/Glasur\/Logo\/Verpackung<\/td>\n<\/tr>\n<\/tbody>\n<\/table>","protected":false},"featured_media":6190,"comment_status":"closed","ping_status":"closed","template":"","meta":{"_acf_changed":false},"product_brand":[],"product_cat":[19],"product_tag":[37,36,25,39,27,26],"class_list":{"0":"post-6182","1":"product","2":"type-product","3":"status-publish","4":"has-post-thumbnail","6":"product_cat-dinnerware-wholesale","7":"product_tag-bulk-cake-stands","8":"product_tag-wholesale-kettles","9":"product_tag-wholesale-plates-and-bowls","10":"product_tag-sugar-jars-wholesale","11":"product_tag-wholesale-tea-cups-and-saucers","12":"product_tag-wholesale-teapots","14":"first","15":"instock","16":"shipping-taxable","17":"product-type-simple"},"acf":[],"_links":{"self":[{"href":"https:\/\/www.lovinghomecollection.com\/de\/wp-json\/wp\/v2\/product\/6182","targetHints":{"allow":["GET"]}}],"collection":[{"href":"https:\/\/www.lovinghomecollection.com\/de\/wp-json\/wp\/v2\/product"}],"about":[{"href":"https:\/\/www.lovinghomecollection.com\/de\/wp-json\/wp\/v2\/types\/product"}],"replies":[{"embeddable":true,"href":"https:\/\/www.lovinghomecollection.com\/de\/wp-json\/wp\/v2\/comments?post=6182"}],"wp:featuredmedia":[{"embeddable":true,"href":"https:\/\/www.lovinghomecollection.com\/de\/wp-json\/wp\/v2\/media\/6190"}],"wp:attachment":[{"href":"https:\/\/www.lovinghomecollection.com\/de\/wp-json\/wp\/v2\/media?parent=6182"}],"wp:term":[{"taxonomy":"product_brand","embeddable":true,"href":"https:\/\/www.lovinghomecollection.com\/de\/wp-json\/wp\/v2\/product_brand?post=6182"},{"taxonomy":"product_cat","embeddable":true,"href":"https:\/\/www.lovinghomecollection.com\/de\/wp-json\/wp\/v2\/product_cat?post=6182"},{"taxonomy":"product_tag","embeddable":true,"href":"https:\/\/www.lovinghomecollection.com\/de\/wp-json\/wp\/v2\/product_tag?post=6182"}],"curies":[{"name":"wp","href":"https:\/\/api.w.org\/{rel}","templated":true}]}}