{"id":6171,"date":"2025-12-30T06:24:28","date_gmt":"2025-12-30T06:24:28","guid":{"rendered":"https:\/\/www.lovinghomecollection.com\/?post_type=product&#038;p=6171"},"modified":"2026-02-05T09:40:12","modified_gmt":"2026-02-05T09:40:12","slug":"hotel-dinnerware-wholesale","status":"publish","type":"product","link":"https:\/\/www.lovinghomecollection.com\/de\/produkt\/hotel-dinnerware-wholesale\/","title":{"rendered":"Reaktive Glasur Deep Blue Hotel Geschirr Gro\u00dfhandel Lieferung"},"content":{"rendered":"<div class=\"wp-block-columns is-layout-flex wp-container-core-columns-is-layout-9d6595d7 wp-block-columns-is-layout-flex\">\n<div class=\"wp-block-column is-layout-flow wp-block-column-is-layout-flow\" style=\"flex-basis:60%\">\n<h2 class=\"wp-block-heading\">Premium-Hotelgeschirr im Gro\u00dfhandel \u2013 Eigenschaften:<\/h2>\n\n\n\n<ul class=\"wp-block-list\">\n<li><strong>Einzigartiges reaktives Glasurverfahren: <\/strong>Dieses Hotelgeschirr f\u00fcr den Gro\u00dfhandel nutzt die Technologie der reaktiven Glasur, um einzigartige Farb- und Strukturkombinationen zu erzielen, die jedes einzelne St\u00fcck zu einem individuellen Kunstwerk machen.<\/li>\n\n\n\n<li><strong>Komplettset f\u00fcr den Einkauf aus einer Hand: <\/strong>Unsere Porzellan-Geschirrserie f\u00fcr den Gro\u00dfhandel umfasst ein komplettes Sortiment an Geschirrteilen, von Esstellern \u00fcber Teekannen bis hin zu Backformen, in Gr\u00f6\u00dfen von 12 cm bis 27 cm, sodass Sie die gesamte Kollektion bequem auf einmal erwerben k\u00f6nnen.<\/li>\n\n\n\n<li><strong>Exquisites Design verbessert das Ambiente: <\/strong>Unser Hotelgeschirr f\u00fcr den Gro\u00dfhandel ist von nat\u00fcrlichen Formen wie Wellen und Bl\u00fctenbl\u00e4ttern inspiriert und kombiniert ruhige Farben wie Hellblau und Grau, wodurch eine warme, einladende Atmosph\u00e4re am Esstisch entsteht.<\/li>\n\n\n\n<li><strong>Hochwertiges Keramikmaterial: <\/strong>Unser Porzellan-Geschirr f\u00fcr den Gro\u00dfhandel wird aus hochwertigen, dickeren Keramikrohstoffen hergestellt, hat eine strapazierf\u00e4hige Oberfl\u00e4che und ist handgefertigt, was dem Produkt Langlebigkeit und eine schlichte, elegante Note verleiht.<\/li>\n<\/ul>\n<\/div>\n\n\n\n<div class=\"wp-block-column is-layout-flow wp-block-column-is-layout-flow\">\n<figure class=\"wp-block-image size-full\"><img decoding=\"async\" width=\"1200\" height=\"1200\" src=\"https:\/\/www.lovinghomecollection.com\/wp-content\/uploads\/2025\/12\/Reactive-Glaze-Deep-Blue-Hotel-Dinnerware-Wholesale-Supply-7.webp\" alt=\"Reaktive Glasur Deep Blue Hotel Geschirr Gro\u00dfhandel Lieferung-7\" class=\"wp-image-6178\" srcset=\"https:\/\/www.lovinghomecollection.com\/wp-content\/uploads\/2025\/12\/Reactive-Glaze-Deep-Blue-Hotel-Dinnerware-Wholesale-Supply-7.webp 1200w, https:\/\/www.lovinghomecollection.com\/wp-content\/uploads\/2025\/12\/Reactive-Glaze-Deep-Blue-Hotel-Dinnerware-Wholesale-Supply-7-300x300.webp 300w, https:\/\/www.lovinghomecollection.com\/wp-content\/uploads\/2025\/12\/Reactive-Glaze-Deep-Blue-Hotel-Dinnerware-Wholesale-Supply-7-150x150.webp 150w, https:\/\/www.lovinghomecollection.com\/wp-content\/uploads\/2025\/12\/Reactive-Glaze-Deep-Blue-Hotel-Dinnerware-Wholesale-Supply-7-768x768.webp 768w, https:\/\/www.lovinghomecollection.com\/wp-content\/uploads\/2025\/12\/Reactive-Glaze-Deep-Blue-Hotel-Dinnerware-Wholesale-Supply-7-12x12.webp 12w, https:\/\/www.lovinghomecollection.com\/wp-content\/uploads\/2025\/12\/Reactive-Glaze-Deep-Blue-Hotel-Dinnerware-Wholesale-Supply-7-600x600.webp 600w, https:\/\/www.lovinghomecollection.com\/wp-content\/uploads\/2025\/12\/Reactive-Glaze-Deep-Blue-Hotel-Dinnerware-Wholesale-Supply-7-100x100.webp 100w\" sizes=\"(max-width: 1200px) 100vw, 1200px\" \/><\/figure>\n<\/div>\n<\/div>\n\n\n\n<h2 class=\"wp-block-heading has-text-align-center\">Produktpr\u00e4sentation von Lily-Pad Hotel Geschirr Gro\u00dfhandel<\/h2>\n\n\n\n<div class=\"wp-block-columns is-layout-flex wp-container-core-columns-is-layout-9d6595d7 wp-block-columns-is-layout-flex\">\n<div class=\"wp-block-column is-layout-flow wp-block-column-is-layout-flow\">\n<figure class=\"wp-block-image size-full\"><img decoding=\"async\" width=\"1721\" height=\"1418\" src=\"https:\/\/www.lovinghomecollection.com\/wp-content\/uploads\/2025\/12\/Reactive-Glaze-Deep-Blue-Hotel-Dinnerware-Wholesale-Supply-9.webp\" alt=\"Reaktive Glasur Deep Blue Hotel Geschirr Gro\u00dfhandel Lieferung-9\" class=\"wp-image-6180\" srcset=\"https:\/\/www.lovinghomecollection.com\/wp-content\/uploads\/2025\/12\/Reactive-Glaze-Deep-Blue-Hotel-Dinnerware-Wholesale-Supply-9.webp 1721w, https:\/\/www.lovinghomecollection.com\/wp-content\/uploads\/2025\/12\/Reactive-Glaze-Deep-Blue-Hotel-Dinnerware-Wholesale-Supply-9-300x247.webp 300w, https:\/\/www.lovinghomecollection.com\/wp-content\/uploads\/2025\/12\/Reactive-Glaze-Deep-Blue-Hotel-Dinnerware-Wholesale-Supply-9-768x633.webp 768w, https:\/\/www.lovinghomecollection.com\/wp-content\/uploads\/2025\/12\/Reactive-Glaze-Deep-Blue-Hotel-Dinnerware-Wholesale-Supply-9-15x12.webp 15w, https:\/\/www.lovinghomecollection.com\/wp-content\/uploads\/2025\/12\/Reactive-Glaze-Deep-Blue-Hotel-Dinnerware-Wholesale-Supply-9-1200x989.webp 1200w, https:\/\/www.lovinghomecollection.com\/wp-content\/uploads\/2025\/12\/Reactive-Glaze-Deep-Blue-Hotel-Dinnerware-Wholesale-Supply-9-600x494.webp 600w\" sizes=\"(max-width: 1721px) 100vw, 1721px\" \/><\/figure>\n<\/div>\n\n\n\n<div class=\"wp-block-column is-layout-flow wp-block-column-is-layout-flow\">\n<figure class=\"wp-block-image size-full\"><img decoding=\"async\" width=\"1683\" height=\"1191\" src=\"https:\/\/www.lovinghomecollection.com\/wp-content\/uploads\/2025\/12\/Reactive-Glaze-Deep-Blue-Hotel-Dinnerware-Wholesale-Supply-10.webp\" alt=\"Reaktive Glasur Deep Blue Hotel Geschirr Gro\u00dfhandel Lieferung-10\" class=\"wp-image-6181\" srcset=\"https:\/\/www.lovinghomecollection.com\/wp-content\/uploads\/2025\/12\/Reactive-Glaze-Deep-Blue-Hotel-Dinnerware-Wholesale-Supply-10.webp 1683w, https:\/\/www.lovinghomecollection.com\/wp-content\/uploads\/2025\/12\/Reactive-Glaze-Deep-Blue-Hotel-Dinnerware-Wholesale-Supply-10-300x212.webp 300w, https:\/\/www.lovinghomecollection.com\/wp-content\/uploads\/2025\/12\/Reactive-Glaze-Deep-Blue-Hotel-Dinnerware-Wholesale-Supply-10-768x543.webp 768w, https:\/\/www.lovinghomecollection.com\/wp-content\/uploads\/2025\/12\/Reactive-Glaze-Deep-Blue-Hotel-Dinnerware-Wholesale-Supply-10-18x12.webp 18w, https:\/\/www.lovinghomecollection.com\/wp-content\/uploads\/2025\/12\/Reactive-Glaze-Deep-Blue-Hotel-Dinnerware-Wholesale-Supply-10-1200x849.webp 1200w, https:\/\/www.lovinghomecollection.com\/wp-content\/uploads\/2025\/12\/Reactive-Glaze-Deep-Blue-Hotel-Dinnerware-Wholesale-Supply-10-600x425.webp 600w\" sizes=\"(max-width: 1683px) 100vw, 1683px\" \/><\/figure>\n<\/div>\n<\/div>\n\n\n\n<p><\/p>","protected":false},"excerpt":{"rendered":"<p>Willkommen beim Gro\u00dfhandelskauf von Hotelgeschirr. Dieses Porzellangeschirrset f\u00fcr den Gro\u00dfhandel zeichnet sich durch ein einzigartiges reaktives Glasurverfahren in tiefen Blau- und Graut\u00f6nen aus, das eine unverwechselbare fleckige Textur und eine zarte Haptik hervorbringt. Die Produktpalette ist umfassend und erf\u00fcllt die Anforderungen verschiedener Speiseszenarien.<\/p>\n<table style=\"border-collapse: collapse; width: 338.02pt;\" border=\"0\" width=\"338\" cellspacing=\"0\" cellpadding=\"0\">\n<tbody>\n<tr style=\"height: 18.00pt;\">\n<td class=\"et3\" style=\"height: 18.00pt; width: 124.50pt;\" width=\"124\" height=\"18\">Hersteller<\/td>\n<td class=\"et3\" style=\"width: 214.40pt;\" width=\"214\">Liebevolles Zuhause<\/td>\n<\/tr>\n<tr style=\"height: 18.00pt;\">\n<td class=\"et3\" style=\"height: 18.00pt; width: 124.50pt;\" width=\"124\" height=\"18\">Sammlung Name<\/td>\n<td class=\"et4\" style=\"width: 214.40pt;\" width=\"214\">Lily-Pad-Kollektion<\/td>\n<\/tr>\n<tr style=\"height: 18.00pt;\">\n<td class=\"et3\" style=\"height: 18.00pt; width: 124.50pt;\" width=\"124\" height=\"18\">Verwendung<\/td>\n<td class=\"et3\" style=\"width: 214.40pt;\" width=\"214\">Haus, Restaurant, Hotel<\/td>\n<\/tr>\n<tr style=\"height: 36.00pt;\">\n<td class=\"et3\" style=\"height: 36.00pt; width: 124.50pt;\" width=\"124\" height=\"36\">Essgeschirr Typ<\/td>\n<td class=\"et3\" style=\"width: 214.40pt;\" width=\"214\">Teller, Sch\u00fcssel, Teekanne, Tasse und Untertasse, Becher, Kuchenst\u00e4nder, Zuckerdose, Butterdose<\/td>\n<\/tr>\n<tr style=\"height: 18.00pt;\">\n<td class=\"et3\" style=\"height: 18.00pt; width: 124.50pt;\" width=\"124\" height=\"18\">Material<\/td>\n<td class=\"et3\" style=\"width: 214.40pt;\" width=\"214\">Dauerhaftes Porzellan<\/td>\n<\/tr>\n<tr style=\"height: 18.00pt;\">\n<td class=\"et3\" style=\"height: 18.00pt; width: 124.50pt;\" width=\"124\" height=\"18\">Dimension<\/td>\n<td class=\"et3\" style=\"width: 214.40pt;\" width=\"214\">Wie Detailbild<\/td>\n<\/tr>\n<tr style=\"height: 18.00pt;\">\n<td class=\"et3\" style=\"height: 18.00pt; width: 124.50pt;\" width=\"124\" height=\"18\">Verkaufende Einheiten<\/td>\n<td class=\"et3\" style=\"width: 214.40pt;\" width=\"214\">Einzelnes Element<\/td>\n<\/tr>\n<tr style=\"height: 18.00pt;\">\n<td class=\"et3\" style=\"height: 18.00pt; width: 124.50pt;\" width=\"124\" height=\"18\">MOQ<\/td>\n<td class=\"et3\" style=\"width: 214.40pt;\" width=\"214\">1200\/St\u00fcck pro Artikel<\/td>\n<\/tr>\n<tr style=\"height: 18.00pt;\">\n<td class=\"et3\" style=\"height: 18.00pt; width: 124.50pt;\" width=\"124\" height=\"18\">Kundenspezifische Option<\/td>\n<td class=\"et3\" style=\"width: 214.40pt;\" width=\"214\">Farbe\/Gr\u00f6\u00dfe\/Glasur\/Logo\/Verpackung<\/td>\n<\/tr>\n<\/tbody>\n<\/table>","protected":false},"featured_media":6172,"comment_status":"closed","ping_status":"closed","template":"","meta":{"_acf_changed":false},"product_brand":[],"product_cat":[19],"product_tag":[37,36,25,39,27,26],"class_list":{"0":"post-6171","1":"product","2":"type-product","3":"status-publish","4":"has-post-thumbnail","6":"product_cat-dinnerware-wholesale","7":"product_tag-bulk-cake-stands","8":"product_tag-wholesale-kettles","9":"product_tag-wholesale-plates-and-bowls","10":"product_tag-sugar-jars-wholesale","11":"product_tag-wholesale-tea-cups-and-saucers","12":"product_tag-wholesale-teapots","14":"first","15":"instock","16":"shipping-taxable","17":"product-type-simple"},"acf":[],"_links":{"self":[{"href":"https:\/\/www.lovinghomecollection.com\/de\/wp-json\/wp\/v2\/product\/6171","targetHints":{"allow":["GET"]}}],"collection":[{"href":"https:\/\/www.lovinghomecollection.com\/de\/wp-json\/wp\/v2\/product"}],"about":[{"href":"https:\/\/www.lovinghomecollection.com\/de\/wp-json\/wp\/v2\/types\/product"}],"replies":[{"embeddable":true,"href":"https:\/\/www.lovinghomecollection.com\/de\/wp-json\/wp\/v2\/comments?post=6171"}],"wp:featuredmedia":[{"embeddable":true,"href":"https:\/\/www.lovinghomecollection.com\/de\/wp-json\/wp\/v2\/media\/6172"}],"wp:attachment":[{"href":"https:\/\/www.lovinghomecollection.com\/de\/wp-json\/wp\/v2\/media?parent=6171"}],"wp:term":[{"taxonomy":"product_brand","embeddable":true,"href":"https:\/\/www.lovinghomecollection.com\/de\/wp-json\/wp\/v2\/product_brand?post=6171"},{"taxonomy":"product_cat","embeddable":true,"href":"https:\/\/www.lovinghomecollection.com\/de\/wp-json\/wp\/v2\/product_cat?post=6171"},{"taxonomy":"product_tag","embeddable":true,"href":"https:\/\/www.lovinghomecollection.com\/de\/wp-json\/wp\/v2\/product_tag?post=6171"}],"curies":[{"name":"wp","href":"https:\/\/api.w.org\/{rel}","templated":true}]}}