{"id":6157,"date":"2025-12-20T03:54:35","date_gmt":"2025-12-20T03:54:35","guid":{"rendered":"https:\/\/www.lovinghomecollection.com\/?post_type=product&#038;p=6157"},"modified":"2025-12-29T07:51:19","modified_gmt":"2025-12-29T07:51:19","slug":"wholesale-floral-vases-containers","status":"publish","type":"product","link":"https:\/\/www.lovinghomecollection.com\/de\/produkt\/wholesale-floral-vases-containers\/","title":{"rendered":"Gro\u00dfhandel mit Blumenvasen und Beh\u00e4ltern mit reaktiver Glasur"},"content":{"rendered":"<div class=\"wp-block-columns is-layout-flex wp-container-core-columns-is-layout-9d6595d7 wp-block-columns-is-layout-flex\">\n<div class=\"wp-block-column is-layout-flow wp-block-column-is-layout-flow\" style=\"flex-basis:60%\">\n<h2 class=\"wp-block-heading\">Hochwertige Blumenvasen f\u00fcr den Gro\u00dfhandel Eigenschaften:<\/h2>\n\n\n\n<ul class=\"wp-block-list\">\n<li><strong>Einzigartige handwerkliche Fertigung mit Ofenglasur: <\/strong>Unsere Blumenvasen f\u00fcr den Gro\u00dfhandel sind alle handglasiert und bei hohen Temperaturen gebrannt, wodurch sie eine Textur erhalten, die an flie\u00dfende Landschaften erinnert, sowie satte, vielschichtige Farben.<\/li>\n\n\n\n<li><strong>\u00d6stliches \u00e4sthetisches Design: <\/strong>Basierend auf den Porzellandesigns aus der Song-Dynastie haben unsere dekorativen Vasen im orientalischen Stil eine runde Form, die an eine Trommel erinnert, und stehen auf drei Beinen.<\/li>\n\n\n\n<li><strong>Verschiedene Gr\u00f6\u00dfen f\u00fcr unterschiedliche Umgebungen: <\/strong>Unsere Blumenvasen f\u00fcr den Gro\u00dfhandel sind in verschiedenen Gr\u00f6\u00dfen von 15 cm bis 23,5 cm erh\u00e4ltlich und erf\u00fcllen somit unterschiedliche Anforderungen.<\/li>\n\n\n\n<li><strong>Praktisch und dekorativ: <\/strong>Diese dekorativen Vasen aus dickem und glattem Keramikmaterial k\u00f6nnen als Blumenvasen oder als eigenst\u00e4ndige Kunstobjekte verwendet werden; der dreibeinige Sockel sorgt f\u00fcr Stabilit\u00e4t.<\/li>\n\n\n\n<li><strong>Flexible Gro\u00dfhandels- und Anpassungsoptionen:<\/strong> Unsere Blumenvasen f\u00fcr den Gro\u00dfhandel sind in verschiedenen Farb- und Gr\u00f6\u00dfenkombinationen erh\u00e4ltlich. Wir bieten eine exklusive Glasuranpassung nach Kundenwunsch, die sich f\u00fcr Gro\u00dfabnehmerprojekte in Hotels, Pensionen, Ausstellungsr\u00e4umen usw. eignet.<\/li>\n<\/ul>\n<\/div>\n\n\n\n<div class=\"wp-block-column is-layout-flow wp-block-column-is-layout-flow\" style=\"flex-basis:40%\">\n<figure class=\"wp-block-image size-full\"><img decoding=\"async\" width=\"1200\" height=\"1200\" src=\"https:\/\/www.lovinghomecollection.com\/wp-content\/uploads\/2025\/12\/Wholesale-Floral-Vases-Containers-With-Reactive-Glaze-Finish-3.webp\" alt=\"Gro\u00dfhandel Blumenvasen Beh\u00e4lter mit reaktiver Glasur-3\" class=\"wp-image-6160\" srcset=\"https:\/\/www.lovinghomecollection.com\/wp-content\/uploads\/2025\/12\/Wholesale-Floral-Vases-Containers-With-Reactive-Glaze-Finish-3.webp 1200w, https:\/\/www.lovinghomecollection.com\/wp-content\/uploads\/2025\/12\/Wholesale-Floral-Vases-Containers-With-Reactive-Glaze-Finish-3-300x300.webp 300w, https:\/\/www.lovinghomecollection.com\/wp-content\/uploads\/2025\/12\/Wholesale-Floral-Vases-Containers-With-Reactive-Glaze-Finish-3-150x150.webp 150w, https:\/\/www.lovinghomecollection.com\/wp-content\/uploads\/2025\/12\/Wholesale-Floral-Vases-Containers-With-Reactive-Glaze-Finish-3-768x768.webp 768w, https:\/\/www.lovinghomecollection.com\/wp-content\/uploads\/2025\/12\/Wholesale-Floral-Vases-Containers-With-Reactive-Glaze-Finish-3-12x12.webp 12w, https:\/\/www.lovinghomecollection.com\/wp-content\/uploads\/2025\/12\/Wholesale-Floral-Vases-Containers-With-Reactive-Glaze-Finish-3-600x600.webp 600w, https:\/\/www.lovinghomecollection.com\/wp-content\/uploads\/2025\/12\/Wholesale-Floral-Vases-Containers-With-Reactive-Glaze-Finish-3-100x100.webp 100w\" sizes=\"(max-width: 1200px) 100vw, 1200px\" \/><\/figure>\n<\/div>\n<\/div>\n\n\n\n<h2 class=\"wp-block-heading has-text-align-center\">Produktpr\u00e4sentation von Blumenvasen f\u00fcr den Gro\u00dfhandel<\/h2>\n\n\n\n<figure class=\"wp-block-image size-full\"><img decoding=\"async\" width=\"1699\" height=\"873\" src=\"https:\/\/www.lovinghomecollection.com\/wp-content\/uploads\/2025\/12\/Wholesale-Floral-Vases-Containers-With-Reactive-Glaze-Finish-4.webp\" alt=\"Gro\u00dfhandel Blumenvasen Beh\u00e4lter mit reaktiver Glasur-4\" class=\"wp-image-6161\" srcset=\"https:\/\/www.lovinghomecollection.com\/wp-content\/uploads\/2025\/12\/Wholesale-Floral-Vases-Containers-With-Reactive-Glaze-Finish-4.webp 1699w, https:\/\/www.lovinghomecollection.com\/wp-content\/uploads\/2025\/12\/Wholesale-Floral-Vases-Containers-With-Reactive-Glaze-Finish-4-300x154.webp 300w, https:\/\/www.lovinghomecollection.com\/wp-content\/uploads\/2025\/12\/Wholesale-Floral-Vases-Containers-With-Reactive-Glaze-Finish-4-768x395.webp 768w, https:\/\/www.lovinghomecollection.com\/wp-content\/uploads\/2025\/12\/Wholesale-Floral-Vases-Containers-With-Reactive-Glaze-Finish-4-18x9.webp 18w, https:\/\/www.lovinghomecollection.com\/wp-content\/uploads\/2025\/12\/Wholesale-Floral-Vases-Containers-With-Reactive-Glaze-Finish-4-1200x617.webp 1200w, https:\/\/www.lovinghomecollection.com\/wp-content\/uploads\/2025\/12\/Wholesale-Floral-Vases-Containers-With-Reactive-Glaze-Finish-4-600x308.webp 600w\" sizes=\"(max-width: 1699px) 100vw, 1699px\" \/><\/figure>","protected":false},"excerpt":{"rendered":"<p>Willkommen beim Kauf von Blumenvasen-Beh\u00e4ltern im Gro\u00dfhandel. Unsere dekorativen Vasen in Gro\u00dfpackungen haben eine traditionelle Trommelform mit drei Beinen und eine rein nat\u00fcrliche Textur, die Zen und minimalistisches Design verk\u00f6rpert.<\/p>\n<table style=\"border-collapse: collapse; width: 338.02pt;\" border=\"0\" width=\"338\" cellspacing=\"0\" cellpadding=\"0\">\n<tbody>\n<tr style=\"height: 18.00pt;\">\n<td class=\"et3\" style=\"height: 18.00pt; width: 124.50pt;\" width=\"124\" height=\"18\">Hersteller<\/td>\n<td class=\"et3\" style=\"width: 214.40pt;\" width=\"214\">Liebevolles Zuhause<\/td>\n<\/tr>\n<tr style=\"height: 18.00pt;\">\n<td class=\"et3\" style=\"height: 18.00pt; width: 124.50pt;\" width=\"124\" height=\"18\">Produkttyp<\/td>\n<td class=\"et4\" style=\"width: 214.40pt;\" width=\"214\">Keramikvasen<\/td>\n<\/tr>\n<tr style=\"height: 18.00pt;\">\n<td class=\"et3\" style=\"height: 18.00pt; width: 124.50pt;\" width=\"124\" height=\"18\">Material<\/td>\n<td class=\"et3\" style=\"width: 214.40pt;\" width=\"214\">Dauerhaftes Porzellan<\/td>\n<\/tr>\n<tr style=\"height: 18.00pt;\">\n<td class=\"et3\" style=\"height: 18.00pt; width: 124.50pt;\" width=\"124\" height=\"18\">Dimension<\/td>\n<td class=\"et3\" style=\"width: 214.40pt;\" width=\"214\">Wie Detailbild<\/td>\n<\/tr>\n<tr style=\"height: 18.00pt;\">\n<td class=\"et3\" style=\"height: 18.00pt; width: 124.50pt;\" width=\"124\" height=\"18\">Verkaufende Einheiten<\/td>\n<td class=\"et3\" style=\"width: 214.40pt;\" width=\"214\">Einzelnes Element<\/td>\n<\/tr>\n<tr style=\"height: 18.00pt;\">\n<td class=\"et3\" style=\"height: 18.00pt; width: 124.50pt;\" width=\"124\" height=\"18\">MOQ<\/td>\n<td class=\"et3\" style=\"width: 214.40pt;\" width=\"214\">1200\/St\u00fcck pro Artikel<\/td>\n<\/tr>\n<tr style=\"height: 18.00pt;\">\n<td class=\"et3\" style=\"height: 18.00pt; width: 124.50pt;\" width=\"124\" height=\"18\">Kundenspezifische Option<\/td>\n<td class=\"et3\" style=\"width: 214.40pt;\" width=\"214\">Farbe\/Gr\u00f6\u00dfe\/Glasur\/Logo\/Verpackung<\/td>\n<\/tr>\n<\/tbody>\n<\/table>","protected":false},"featured_media":6158,"comment_status":"closed","ping_status":"closed","template":"","meta":{"_acf_changed":false},"product_brand":[],"product_cat":[21,50],"product_tag":[],"class_list":{"0":"post-6157","1":"product","2":"type-product","3":"status-publish","4":"has-post-thumbnail","6":"product_cat-ceramic-vases-bulk","7":"product_cat-wholesale-vases-and-pots","9":"first","10":"instock","11":"shipping-taxable","12":"product-type-simple"},"acf":[],"_links":{"self":[{"href":"https:\/\/www.lovinghomecollection.com\/de\/wp-json\/wp\/v2\/product\/6157","targetHints":{"allow":["GET"]}}],"collection":[{"href":"https:\/\/www.lovinghomecollection.com\/de\/wp-json\/wp\/v2\/product"}],"about":[{"href":"https:\/\/www.lovinghomecollection.com\/de\/wp-json\/wp\/v2\/types\/product"}],"replies":[{"embeddable":true,"href":"https:\/\/www.lovinghomecollection.com\/de\/wp-json\/wp\/v2\/comments?post=6157"}],"wp:featuredmedia":[{"embeddable":true,"href":"https:\/\/www.lovinghomecollection.com\/de\/wp-json\/wp\/v2\/media\/6158"}],"wp:attachment":[{"href":"https:\/\/www.lovinghomecollection.com\/de\/wp-json\/wp\/v2\/media?parent=6157"}],"wp:term":[{"taxonomy":"product_brand","embeddable":true,"href":"https:\/\/www.lovinghomecollection.com\/de\/wp-json\/wp\/v2\/product_brand?post=6157"},{"taxonomy":"product_cat","embeddable":true,"href":"https:\/\/www.lovinghomecollection.com\/de\/wp-json\/wp\/v2\/product_cat?post=6157"},{"taxonomy":"product_tag","embeddable":true,"href":"https:\/\/www.lovinghomecollection.com\/de\/wp-json\/wp\/v2\/product_tag?post=6157"}],"curies":[{"name":"wp","href":"https:\/\/api.w.org\/{rel}","templated":true}]}}