{"id":6134,"date":"2025-12-19T09:17:22","date_gmt":"2025-12-19T09:17:22","guid":{"rendered":"https:\/\/www.lovinghomecollection.com\/?post_type=product&#038;p=6134"},"modified":"2026-01-14T02:14:05","modified_gmt":"2026-01-14T02:14:05","slug":"wholesale-dinnerware-for-restaurants","status":"publish","type":"product","link":"https:\/\/www.lovinghomecollection.com\/de\/produkt\/wholesale-dinnerware-for-restaurants\/","title":{"rendered":"Gro\u00dfhandel Geschirr f\u00fcr Restaurants, Art-D\u00e9co-Geschirrset"},"content":{"rendered":"<div class=\"wp-block-columns is-layout-flex wp-container-core-columns-is-layout-9d6595d7 wp-block-columns-is-layout-flex\">\n<div class=\"wp-block-column is-layout-flow wp-block-column-is-layout-flow\" style=\"flex-basis:60%\">\n<h2 class=\"wp-block-heading\">Hochwertiges Gro\u00dfhandelsgeschirr f\u00fcr Restaurants Merkmale:<\/h2>\n\n\n\n<ul class=\"wp-block-list\">\n<li><strong>Einzigartigen Geschmack pr\u00e4sentieren:<\/strong> Unser Gro\u00dfhandelsgeschirr f\u00fcr Restaurants zeichnet sich durch exquisite Muster aus, die Tiere, Pflanzen und klassische Motive darstellen. Die Designs sind sowohl filigran als auch lebendig und mit 24-kar\u00e4tigen Goldr\u00e4ndern versehen, was ihre au\u00dfergew\u00f6hnliche k\u00fcnstlerische Qualit\u00e4t unterstreicht.<\/li>\n\n\n\n<li><strong>Hochwertiges Keramikmaterial:<\/strong> Unsere Porzellangeschirrsets in Gro\u00dfpackungen werden aus hochwertiger, verst\u00e4rkter Keramik hergestellt. Porzellan beh\u00e4lt sein strahlendes Wei\u00df mit einer glatten, leicht zu reinigenden Glasur. Es ist mikrowellen- und sp\u00fclmaschinenfest, langlebig und so konstruiert, dass es der starken Beanspruchung in Hotels, gehobenen Restaurants und anderen gewerblichen Einrichtungen standh\u00e4lt.<\/li>\n\n\n\n<li><strong>Beschaffung aus einer Hand:<\/strong> Unser Gro\u00dfhandelsangebot an Geschirr f\u00fcr Restaurants umfasst alles von Esstellern und Teeservices bis hin zu Vorratsgl\u00e4sern und Servierplatten. Die Stile sind einheitlich und die Funktionalit\u00e4t ist umfassend, sodass Kunden die Produkte ganz nach ihren tats\u00e4chlichen Bed\u00fcrfnissen kombinieren k\u00f6nnen und die Beschaffungskosten bei vielen Lieferanten drastisch senken k\u00f6nnen.<\/li>\n\n\n\n<li><strong>Verbesserung der r\u00e4umlichen \u00c4sthetik:<\/strong> Der klassische und luxuri\u00f6se Designstil dieser Porzellangeschirrsets l\u00e4sst sich leicht in verschiedene Wohnr\u00e4ume, G\u00e4steh\u00e4user, gehobene Restaurants und Spezialit\u00e4tencaf\u00e9s integrieren, wodurch das Esserlebnis und die allgemeine Raum\u00e4sthetik effektiv verbessert und das Kundenerlebnis sowie der Markenwert gesteigert werden.<\/li>\n<\/ul>\n<\/div>\n\n\n\n<div class=\"wp-block-column is-layout-flow wp-block-column-is-layout-flow\">\n<figure class=\"wp-block-image size-full\"><img decoding=\"async\" width=\"800\" height=\"800\" src=\"https:\/\/www.lovinghomecollection.com\/wp-content\/uploads\/2025\/12\/Wholesale-Dinnerware-For-Restaurants-Art-Deco-Crockery-Set-3.webp\" alt=\"Gro\u00dfhandel Geschirr f\u00fcr Restaurants, Art-D\u00e9co-Geschirrset-3\" class=\"wp-image-6137\" srcset=\"https:\/\/www.lovinghomecollection.com\/wp-content\/uploads\/2025\/12\/Wholesale-Dinnerware-For-Restaurants-Art-Deco-Crockery-Set-3.webp 800w, https:\/\/www.lovinghomecollection.com\/wp-content\/uploads\/2025\/12\/Wholesale-Dinnerware-For-Restaurants-Art-Deco-Crockery-Set-3-300x300.webp 300w, https:\/\/www.lovinghomecollection.com\/wp-content\/uploads\/2025\/12\/Wholesale-Dinnerware-For-Restaurants-Art-Deco-Crockery-Set-3-150x150.webp 150w, https:\/\/www.lovinghomecollection.com\/wp-content\/uploads\/2025\/12\/Wholesale-Dinnerware-For-Restaurants-Art-Deco-Crockery-Set-3-768x768.webp 768w, https:\/\/www.lovinghomecollection.com\/wp-content\/uploads\/2025\/12\/Wholesale-Dinnerware-For-Restaurants-Art-Deco-Crockery-Set-3-12x12.webp 12w, https:\/\/www.lovinghomecollection.com\/wp-content\/uploads\/2025\/12\/Wholesale-Dinnerware-For-Restaurants-Art-Deco-Crockery-Set-3-600x600.webp 600w, https:\/\/www.lovinghomecollection.com\/wp-content\/uploads\/2025\/12\/Wholesale-Dinnerware-For-Restaurants-Art-Deco-Crockery-Set-3-100x100.webp 100w\" sizes=\"(max-width: 800px) 100vw, 800px\" \/><\/figure>\n<\/div>\n<\/div>\n\n\n\n<h2 class=\"wp-block-heading has-text-align-center\">Produktpr\u00e4sentation von Stellar Harmony Gro\u00dfhandel Geschirr f\u00fcr Restaurants<\/h2>\n\n\n\n<div class=\"wp-block-columns is-layout-flex wp-container-core-columns-is-layout-9d6595d7 wp-block-columns-is-layout-flex\">\n<div class=\"wp-block-column is-layout-flow wp-block-column-is-layout-flow\">\n<figure class=\"wp-block-image size-full\"><img decoding=\"async\" width=\"1721\" height=\"1173\" src=\"https:\/\/www.lovinghomecollection.com\/wp-content\/uploads\/2025\/12\/Wholesale-Dinnerware-For-Restaurants-Art-Deco-Crockery-Set-13.webp\" alt=\"Gro\u00dfhandel Geschirr f\u00fcr Restaurants, Art-D\u00e9co-Geschirrset-13\" class=\"wp-image-6147\" srcset=\"https:\/\/www.lovinghomecollection.com\/wp-content\/uploads\/2025\/12\/Wholesale-Dinnerware-For-Restaurants-Art-Deco-Crockery-Set-13.webp 1721w, https:\/\/www.lovinghomecollection.com\/wp-content\/uploads\/2025\/12\/Wholesale-Dinnerware-For-Restaurants-Art-Deco-Crockery-Set-13-300x204.webp 300w, https:\/\/www.lovinghomecollection.com\/wp-content\/uploads\/2025\/12\/Wholesale-Dinnerware-For-Restaurants-Art-Deco-Crockery-Set-13-768x523.webp 768w, https:\/\/www.lovinghomecollection.com\/wp-content\/uploads\/2025\/12\/Wholesale-Dinnerware-For-Restaurants-Art-Deco-Crockery-Set-13-18x12.webp 18w, https:\/\/www.lovinghomecollection.com\/wp-content\/uploads\/2025\/12\/Wholesale-Dinnerware-For-Restaurants-Art-Deco-Crockery-Set-13-1200x818.webp 1200w, https:\/\/www.lovinghomecollection.com\/wp-content\/uploads\/2025\/12\/Wholesale-Dinnerware-For-Restaurants-Art-Deco-Crockery-Set-13-600x409.webp 600w\" sizes=\"(max-width: 1721px) 100vw, 1721px\" \/><\/figure>\n<\/div>\n\n\n\n<div class=\"wp-block-column is-layout-flow wp-block-column-is-layout-flow\">\n<figure class=\"wp-block-image size-full\"><img decoding=\"async\" width=\"1717\" height=\"1352\" src=\"https:\/\/www.lovinghomecollection.com\/wp-content\/uploads\/2025\/12\/Wholesale-Dinnerware-For-Restaurants-Art-Deco-Crockery-Set-14.webp\" alt=\"Gro\u00dfhandel Geschirr f\u00fcr Restaurants, Art-D\u00e9co-Geschirrset-14\" class=\"wp-image-6148\" srcset=\"https:\/\/www.lovinghomecollection.com\/wp-content\/uploads\/2025\/12\/Wholesale-Dinnerware-For-Restaurants-Art-Deco-Crockery-Set-14.webp 1717w, https:\/\/www.lovinghomecollection.com\/wp-content\/uploads\/2025\/12\/Wholesale-Dinnerware-For-Restaurants-Art-Deco-Crockery-Set-14-300x236.webp 300w, https:\/\/www.lovinghomecollection.com\/wp-content\/uploads\/2025\/12\/Wholesale-Dinnerware-For-Restaurants-Art-Deco-Crockery-Set-14-768x605.webp 768w, https:\/\/www.lovinghomecollection.com\/wp-content\/uploads\/2025\/12\/Wholesale-Dinnerware-For-Restaurants-Art-Deco-Crockery-Set-14-15x12.webp 15w, https:\/\/www.lovinghomecollection.com\/wp-content\/uploads\/2025\/12\/Wholesale-Dinnerware-For-Restaurants-Art-Deco-Crockery-Set-14-1200x945.webp 1200w, https:\/\/www.lovinghomecollection.com\/wp-content\/uploads\/2025\/12\/Wholesale-Dinnerware-For-Restaurants-Art-Deco-Crockery-Set-14-600x472.webp 600w\" sizes=\"(max-width: 1717px) 100vw, 1717px\" \/><\/figure>\n<\/div>\n<\/div>\n\n\n\n<p><\/p>","protected":false},"excerpt":{"rendered":"<p>Willkommen beim Kauf von Gro\u00dfhandelsgeschirr f\u00fcr Restaurants. Unsere Porzellangeschirrsets sind aus hochwertiger Keramik gefertigt und mit klassischen Tier- und Pflanzenmotiven mit Goldrand verziert, wodurch sie einen vintageartigen und luxuri\u00f6sen k\u00fcnstlerischen Stil pr\u00e4sentieren.<\/p>\n<table style=\"border-collapse: collapse; width: 338.02pt;\" border=\"0\" width=\"338\" cellspacing=\"0\" cellpadding=\"0\">\n<tbody>\n<tr style=\"height: 18.00pt;\">\n<td class=\"et3\" style=\"height: 18.00pt; width: 124.50pt;\" width=\"124\" height=\"18\">Hersteller<\/td>\n<td class=\"et3\" style=\"width: 214.40pt;\" width=\"214\">Liebevolles Zuhause<\/td>\n<\/tr>\n<tr style=\"height: 18.00pt;\">\n<td class=\"et3\" style=\"height: 18.00pt; width: 124.50pt;\" width=\"124\" height=\"18\">Sammlung Name<\/td>\n<td class=\"et4\" style=\"width: 214.40pt;\" width=\"214\">Sternenharmonie-Kollektion<\/td>\n<\/tr>\n<tr style=\"height: 18.00pt;\">\n<td class=\"et3\" style=\"height: 18.00pt; width: 124.50pt;\" width=\"124\" height=\"18\">Verwendung<\/td>\n<td class=\"et3\" style=\"width: 214.40pt;\" width=\"214\">Haus, Restaurant, Hotel<\/td>\n<\/tr>\n<tr style=\"height: 36.00pt;\">\n<td class=\"et3\" style=\"height: 36.00pt; width: 124.50pt;\" width=\"124\" height=\"36\">Essgeschirr Typ<\/td>\n<td class=\"et3\" style=\"width: 214.40pt;\" width=\"214\">Teller, Sch\u00fcssel, Teekanne, Tasse und Untertasse, Becher, Tapa-Set, Kuchenst\u00e4nder, Zuckerdose, Butterdose, \u00d6lflasche<\/td>\n<\/tr>\n<tr style=\"height: 18.00pt;\">\n<td class=\"et3\" style=\"height: 18.00pt; width: 124.50pt;\" width=\"124\" height=\"18\">Material<\/td>\n<td class=\"et3\" style=\"width: 214.40pt;\" width=\"214\">Dauerhaftes Porzellan<\/td>\n<\/tr>\n<tr style=\"height: 18.00pt;\">\n<td class=\"et3\" style=\"height: 18.00pt; width: 124.50pt;\" width=\"124\" height=\"18\">Dimension<\/td>\n<td class=\"et3\" style=\"width: 214.40pt;\" width=\"214\">Wie Detailbild<\/td>\n<\/tr>\n<tr style=\"height: 18.00pt;\">\n<td class=\"et3\" style=\"height: 18.00pt; width: 124.50pt;\" width=\"124\" height=\"18\">Verkaufende Einheiten<\/td>\n<td class=\"et3\" style=\"width: 214.40pt;\" width=\"214\">Einzelnes Element<\/td>\n<\/tr>\n<tr style=\"height: 18.00pt;\">\n<td class=\"et3\" style=\"height: 18.00pt; width: 124.50pt;\" width=\"124\" height=\"18\">MOQ<\/td>\n<td class=\"et3\" style=\"width: 214.40pt;\" width=\"214\">1200\/St\u00fcck pro Artikel<\/td>\n<\/tr>\n<tr style=\"height: 18.00pt;\">\n<td class=\"et3\" style=\"height: 18.00pt; width: 124.50pt;\" width=\"124\" height=\"18\">Kundenspezifische Option<\/td>\n<td class=\"et3\" style=\"width: 214.40pt;\" width=\"214\">Farbe\/Gr\u00f6\u00dfe\/Glasur\/Logo\/Verpackung<\/td>\n<\/tr>\n<\/tbody>\n<\/table>","protected":false},"featured_media":6138,"comment_status":"closed","ping_status":"closed","template":"","meta":{"_acf_changed":false},"product_brand":[],"product_cat":[19],"product_tag":[37,25,27],"class_list":{"0":"post-6134","1":"product","2":"type-product","3":"status-publish","4":"has-post-thumbnail","6":"product_cat-dinnerware-wholesale","7":"product_tag-bulk-cake-stands","8":"product_tag-wholesale-plates-and-bowls","9":"product_tag-wholesale-tea-cups-and-saucers","11":"first","12":"instock","13":"shipping-taxable","14":"product-type-simple"},"acf":[],"_links":{"self":[{"href":"https:\/\/www.lovinghomecollection.com\/de\/wp-json\/wp\/v2\/product\/6134","targetHints":{"allow":["GET"]}}],"collection":[{"href":"https:\/\/www.lovinghomecollection.com\/de\/wp-json\/wp\/v2\/product"}],"about":[{"href":"https:\/\/www.lovinghomecollection.com\/de\/wp-json\/wp\/v2\/types\/product"}],"replies":[{"embeddable":true,"href":"https:\/\/www.lovinghomecollection.com\/de\/wp-json\/wp\/v2\/comments?post=6134"}],"wp:featuredmedia":[{"embeddable":true,"href":"https:\/\/www.lovinghomecollection.com\/de\/wp-json\/wp\/v2\/media\/6138"}],"wp:attachment":[{"href":"https:\/\/www.lovinghomecollection.com\/de\/wp-json\/wp\/v2\/media?parent=6134"}],"wp:term":[{"taxonomy":"product_brand","embeddable":true,"href":"https:\/\/www.lovinghomecollection.com\/de\/wp-json\/wp\/v2\/product_brand?post=6134"},{"taxonomy":"product_cat","embeddable":true,"href":"https:\/\/www.lovinghomecollection.com\/de\/wp-json\/wp\/v2\/product_cat?post=6134"},{"taxonomy":"product_tag","embeddable":true,"href":"https:\/\/www.lovinghomecollection.com\/de\/wp-json\/wp\/v2\/product_tag?post=6134"}],"curies":[{"name":"wp","href":"https:\/\/api.w.org\/{rel}","templated":true}]}}