{"id":5758,"date":"2025-11-22T03:51:05","date_gmt":"2025-11-22T03:51:05","guid":{"rendered":"https:\/\/www.lovinghomecollection.com\/?post_type=product&#038;p=5758"},"modified":"2025-11-22T04:00:42","modified_gmt":"2025-11-22T04:00:42","slug":"floral-vases-in-bulk","status":"publish","type":"product","link":"https:\/\/www.lovinghomecollection.com\/de\/produkt\/floral-vases-in-bulk\/","title":{"rendered":"Morandi-Farbschema Blumenvasen in Gro\u00dfmengen mit verschiedenen Gr\u00f6\u00dfen"},"content":{"rendered":"<div class=\"wp-block-columns is-layout-flex wp-container-core-columns-is-layout-9d6595d7 wp-block-columns-is-layout-flex\">\n<div class=\"wp-block-column is-layout-flow wp-block-column-is-layout-flow\" style=\"flex-basis:60%\">\n<h2 class=\"wp-block-heading\">Premium Floral Vase Gro\u00dfhandel Merkmale:<\/h2>\n\n\n\n<ul class=\"wp-block-list\">\n<li><strong>Einfaches vertikales Streifendesign: <\/strong>Diese Blumenvasen in loser Sch\u00fcttung zeichnen sich durch eine einfache vertikale Streifenstruktur aus. Farben mit geringer S\u00e4ttigung wie nebliges Blau und warmes Gelb wurden mit Leben und Details versehen.<\/li>\n\n\n\n<li><strong>Mehrere Gr\u00f6\u00dfen f\u00fcr verschiedene Szenarien:<\/strong> Wir bieten Keramikvasen f\u00fcr den Gro\u00dfhandel in drei H\u00f6hen an: 16 cm (kompakt und exquisit), 26 cm (vielseitig f\u00fcr Tische) und 30 cm (auff\u00e4llige Bodenvasen), die eine flexible Anordnung erm\u00f6glichen.<\/li>\n\n\n\n<li><strong>Zarte keramische Glasur, leichte und warme Textur: <\/strong>Unsere Blumenvasen in loser Sch\u00fcttung sind aus hochwertigem Keramikmaterial mit einer glatten und gleichm\u00e4\u00dfigen Glasur und reinen Farben, die nicht verblassen.<\/li>\n\n\n\n<li><strong>Branded Matrix Display zur Steigerung der visuellen Attraktivit\u00e4t: <\/strong>Unsere Keramikvasen f\u00fcr den Gro\u00dfhandel setzen die einheitliche Designsprache von \u201cLine Impression\u201d fort, wobei mehrere Farben und Gr\u00f6\u00dfen eine Produktmatrix mit Markenzeichen bilden, die es Gro\u00dfhandelskunden erm\u00f6glicht, thematische Displays zu gestalten.<\/li>\n<\/ul>\n<\/div>\n\n\n\n<div class=\"wp-block-column is-layout-flow wp-block-column-is-layout-flow\" style=\"flex-basis:40%\">\n<figure class=\"wp-block-image size-full\"><img decoding=\"async\" width=\"1200\" height=\"1200\" src=\"https:\/\/www.lovinghomecollection.com\/wp-content\/uploads\/2025\/11\/Morandi-Color-Scheme-Floral-Vases-in-Bulk-with-Diverse-Sizes-2.webp\" alt=\"Morandi Color Scheme Floral Vasen in Bulk mit verschiedenen Gr\u00f6\u00dfen-2\" class=\"wp-image-5760\" srcset=\"https:\/\/www.lovinghomecollection.com\/wp-content\/uploads\/2025\/11\/Morandi-Color-Scheme-Floral-Vases-in-Bulk-with-Diverse-Sizes-2.webp 1200w, https:\/\/www.lovinghomecollection.com\/wp-content\/uploads\/2025\/11\/Morandi-Color-Scheme-Floral-Vases-in-Bulk-with-Diverse-Sizes-2-300x300.webp 300w, https:\/\/www.lovinghomecollection.com\/wp-content\/uploads\/2025\/11\/Morandi-Color-Scheme-Floral-Vases-in-Bulk-with-Diverse-Sizes-2-150x150.webp 150w, https:\/\/www.lovinghomecollection.com\/wp-content\/uploads\/2025\/11\/Morandi-Color-Scheme-Floral-Vases-in-Bulk-with-Diverse-Sizes-2-768x768.webp 768w, https:\/\/www.lovinghomecollection.com\/wp-content\/uploads\/2025\/11\/Morandi-Color-Scheme-Floral-Vases-in-Bulk-with-Diverse-Sizes-2-12x12.webp 12w, https:\/\/www.lovinghomecollection.com\/wp-content\/uploads\/2025\/11\/Morandi-Color-Scheme-Floral-Vases-in-Bulk-with-Diverse-Sizes-2-600x600.webp 600w, https:\/\/www.lovinghomecollection.com\/wp-content\/uploads\/2025\/11\/Morandi-Color-Scheme-Floral-Vases-in-Bulk-with-Diverse-Sizes-2-100x100.webp 100w\" sizes=\"(max-width: 1200px) 100vw, 1200px\" \/><\/figure>\n<\/div>\n<\/div>\n\n\n\n<h2 class=\"wp-block-heading has-text-align-center\">Produktanzeige von Blumenvase Gro\u00dfhandel<\/h2>\n\n\n\n<figure class=\"wp-block-image size-full\"><img decoding=\"async\" width=\"1723\" height=\"1382\" src=\"https:\/\/www.lovinghomecollection.com\/wp-content\/uploads\/2025\/11\/Morandi-Color-Scheme-Floral-Vases-in-Bulk-with-Diverse-Sizes-5.webp\" alt=\"Morandi Color Scheme Floral Vasen in Bulk mit verschiedenen Gr\u00f6\u00dfen-5\" class=\"wp-image-5763\" srcset=\"https:\/\/www.lovinghomecollection.com\/wp-content\/uploads\/2025\/11\/Morandi-Color-Scheme-Floral-Vases-in-Bulk-with-Diverse-Sizes-5.webp 1723w, https:\/\/www.lovinghomecollection.com\/wp-content\/uploads\/2025\/11\/Morandi-Color-Scheme-Floral-Vases-in-Bulk-with-Diverse-Sizes-5-300x241.webp 300w, https:\/\/www.lovinghomecollection.com\/wp-content\/uploads\/2025\/11\/Morandi-Color-Scheme-Floral-Vases-in-Bulk-with-Diverse-Sizes-5-768x616.webp 768w, https:\/\/www.lovinghomecollection.com\/wp-content\/uploads\/2025\/11\/Morandi-Color-Scheme-Floral-Vases-in-Bulk-with-Diverse-Sizes-5-15x12.webp 15w, https:\/\/www.lovinghomecollection.com\/wp-content\/uploads\/2025\/11\/Morandi-Color-Scheme-Floral-Vases-in-Bulk-with-Diverse-Sizes-5-1200x963.webp 1200w, https:\/\/www.lovinghomecollection.com\/wp-content\/uploads\/2025\/11\/Morandi-Color-Scheme-Floral-Vases-in-Bulk-with-Diverse-Sizes-5-600x481.webp 600w\" sizes=\"(max-width: 1723px) 100vw, 1723px\" \/><\/figure>","protected":false},"excerpt":{"rendered":"<p>Willkommen beim Kauf von Keramikvasen im Gro\u00dfhandel. Unsere floralen Vasen in Morandi-Farben im Gro\u00dfhandel zeichnen sich durch ein minimalistisches vertikales Streifendesign, eine glatte und zarte Glasur sowie einen schlichten und dennoch vielseitigen Stil aus und erf\u00fcllen die Anforderungen verschiedener Anwendungsbereiche wie Blumendekoration, Wohnraumgestaltung und Geschenkartikel.<\/p>\n<table style=\"border-collapse: collapse; width: 338.02pt;\" border=\"0\" width=\"338\" cellspacing=\"0\" cellpadding=\"0\">\n<tbody>\n<tr style=\"height: 18.00pt;\">\n<td class=\"et3\" style=\"height: 18.00pt; width: 124.50pt;\" width=\"124\" height=\"18\">Hersteller<\/td>\n<td class=\"et3\" style=\"width: 214.40pt;\" width=\"214\">Liebevolles Zuhause<\/td>\n<\/tr>\n<tr style=\"height: 18.00pt;\">\n<td class=\"et3\" style=\"height: 18.00pt; width: 124.50pt;\" width=\"124\" height=\"18\">Produkttyp<\/td>\n<td class=\"et4\" style=\"width: 214.40pt;\" width=\"214\">Keramikvasen<\/td>\n<\/tr>\n<tr style=\"height: 18.00pt;\">\n<td class=\"et3\" style=\"height: 18.00pt; width: 124.50pt;\" width=\"124\" height=\"18\">Material<\/td>\n<td class=\"et3\" style=\"width: 214.40pt;\" width=\"214\">Dauerhaftes Porzellan<\/td>\n<\/tr>\n<tr style=\"height: 18.00pt;\">\n<td class=\"et3\" style=\"height: 18.00pt; width: 124.50pt;\" width=\"124\" height=\"18\">Dimension<\/td>\n<td class=\"et3\" style=\"width: 214.40pt;\" width=\"214\">Wie Detailbild<\/td>\n<\/tr>\n<tr style=\"height: 18.00pt;\">\n<td class=\"et3\" style=\"height: 18.00pt; width: 124.50pt;\" width=\"124\" height=\"18\">Verkaufende Einheiten<\/td>\n<td class=\"et3\" style=\"width: 214.40pt;\" width=\"214\">Einzelnes Element<\/td>\n<\/tr>\n<tr style=\"height: 18.00pt;\">\n<td class=\"et3\" style=\"height: 18.00pt; width: 124.50pt;\" width=\"124\" height=\"18\">MOQ<\/td>\n<td class=\"et3\" style=\"width: 214.40pt;\" width=\"214\">1200\/St\u00fcck pro Artikel<\/td>\n<\/tr>\n<tr style=\"height: 18.00pt;\">\n<td class=\"et3\" style=\"height: 18.00pt; width: 124.50pt;\" width=\"124\" height=\"18\">Kundenspezifische Option<\/td>\n<td class=\"et3\" style=\"width: 214.40pt;\" width=\"214\">Farbe\/Gr\u00f6\u00dfe\/Glasur\/Logo\/Verpackung<\/td>\n<\/tr>\n<\/tbody>\n<\/table>","protected":false},"featured_media":5761,"comment_status":"closed","ping_status":"closed","template":"","meta":{"_acf_changed":false},"product_brand":[],"product_cat":[50,21],"product_tag":[],"class_list":{"0":"post-5758","1":"product","2":"type-product","3":"status-publish","4":"has-post-thumbnail","6":"product_cat-wholesale-vases-and-pots","7":"product_cat-ceramic-vases-bulk","9":"first","10":"instock","11":"shipping-taxable","12":"product-type-simple"},"acf":[],"_links":{"self":[{"href":"https:\/\/www.lovinghomecollection.com\/de\/wp-json\/wp\/v2\/product\/5758","targetHints":{"allow":["GET"]}}],"collection":[{"href":"https:\/\/www.lovinghomecollection.com\/de\/wp-json\/wp\/v2\/product"}],"about":[{"href":"https:\/\/www.lovinghomecollection.com\/de\/wp-json\/wp\/v2\/types\/product"}],"replies":[{"embeddable":true,"href":"https:\/\/www.lovinghomecollection.com\/de\/wp-json\/wp\/v2\/comments?post=5758"}],"wp:featuredmedia":[{"embeddable":true,"href":"https:\/\/www.lovinghomecollection.com\/de\/wp-json\/wp\/v2\/media\/5761"}],"wp:attachment":[{"href":"https:\/\/www.lovinghomecollection.com\/de\/wp-json\/wp\/v2\/media?parent=5758"}],"wp:term":[{"taxonomy":"product_brand","embeddable":true,"href":"https:\/\/www.lovinghomecollection.com\/de\/wp-json\/wp\/v2\/product_brand?post=5758"},{"taxonomy":"product_cat","embeddable":true,"href":"https:\/\/www.lovinghomecollection.com\/de\/wp-json\/wp\/v2\/product_cat?post=5758"},{"taxonomy":"product_tag","embeddable":true,"href":"https:\/\/www.lovinghomecollection.com\/de\/wp-json\/wp\/v2\/product_tag?post=5758"}],"curies":[{"name":"wp","href":"https:\/\/api.w.org\/{rel}","templated":true}]}}