{"id":5489,"date":"2025-11-22T01:35:03","date_gmt":"2025-11-22T01:35:03","guid":{"rendered":"https:\/\/www.lovinghomecollection.com\/?post_type=product&#038;p=5489"},"modified":"2025-11-22T03:12:14","modified_gmt":"2025-11-22T03:12:14","slug":"wholesale-flower-vase","status":"publish","type":"product","link":"https:\/\/www.lovinghomecollection.com\/de\/produkt\/wholesale-flower-vase\/","title":{"rendered":"Gro\u00dfhandels-Blumenvase in einzigartiger Form mit spiralf\u00f6rmigen Griffen"},"content":{"rendered":"<div class=\"wp-block-columns is-layout-flex wp-container-core-columns-is-layout-9d6595d7 wp-block-columns-is-layout-flex\">\n<div class=\"wp-block-column is-layout-flow wp-block-column-is-layout-flow\" style=\"flex-basis:60%\">\n<h2 class=\"wp-block-heading\">Premium-Gro\u00dfhandels-Blumenvase Merkmale:<\/h2>\n\n\n\n<ul class=\"wp-block-list\">\n<li><strong>Designorientiert:<\/strong> Diese Gro\u00dfhandels-Blumenvasen-Serie zeichnet sich durch einzigartige wellenf\u00f6rmige, ringf\u00f6rmige und spiralf\u00f6rmige durchbrochene Griffe aus, kombiniert mit kr\u00e4ftigen Farbschemata und skulpturalen Formen.<\/li>\n\n\n\n<li><strong>Vielf\u00e4ltige Formkombinationen:<\/strong> Unsere Blumenvasen in Gro\u00dfpackungen umfassen hohe, niedrige und ausgestellte Flaschen, die eine gro\u00dfe Vielfalt an Formen bieten und auf einfache Weise mehrschichtige Display-Effekte erzeugen.<\/li>\n\n\n\n<li><strong>Hervorragende Glasur und Handwerkskunst:<\/strong> Unsere Blumenvasen f\u00fcr den Gro\u00dfhandel haben eine glatte, vollfl\u00e4chige Glasur mit gleichm\u00e4\u00dfigen und leuchtenden Farben. Das robuste Keramikmaterial sorgt f\u00fcr Langlebigkeit, w\u00e4hrend exquisite Details die hohe Qualit\u00e4t unterstreichen.<\/li>\n\n\n\n<li><strong>Vielseitige Dekoration:<\/strong> Unsere Blumenvasen in Gro\u00dfmengen f\u00fcgen sich problemlos in verschiedene Einrichtungsstile ein. Sie eignen sich nicht nur perfekt f\u00fcr die Wohnraumgestaltung, sondern auch ideal f\u00fcr gewerbliche R\u00e4ume wie Blumenl\u00e4den, Caf\u00e9s und G\u00e4steh\u00e4user, wo sie die Gesamtatmosph\u00e4re aufwerten.<\/li>\n<\/ul>\n<\/div>\n\n\n\n<div class=\"wp-block-column is-layout-flow wp-block-column-is-layout-flow\" style=\"flex-basis:40%\">\n<figure class=\"wp-block-image size-full\"><img decoding=\"async\" width=\"1200\" height=\"1200\" src=\"https:\/\/www.lovinghomecollection.com\/wp-content\/uploads\/2025\/11\/Uniquely-Shaped-Wholesale-Flower-Vase-with-Spiral-Handles-5.webp\" alt=\"Einzigartig geformte Blumenvase mit spiralf\u00f6rmigen Griffen \u2013 5 St\u00fcck\" class=\"wp-image-5734\" srcset=\"https:\/\/www.lovinghomecollection.com\/wp-content\/uploads\/2025\/11\/Uniquely-Shaped-Wholesale-Flower-Vase-with-Spiral-Handles-5.webp 1200w, https:\/\/www.lovinghomecollection.com\/wp-content\/uploads\/2025\/11\/Uniquely-Shaped-Wholesale-Flower-Vase-with-Spiral-Handles-5-300x300.webp 300w, https:\/\/www.lovinghomecollection.com\/wp-content\/uploads\/2025\/11\/Uniquely-Shaped-Wholesale-Flower-Vase-with-Spiral-Handles-5-150x150.webp 150w, https:\/\/www.lovinghomecollection.com\/wp-content\/uploads\/2025\/11\/Uniquely-Shaped-Wholesale-Flower-Vase-with-Spiral-Handles-5-768x768.webp 768w, https:\/\/www.lovinghomecollection.com\/wp-content\/uploads\/2025\/11\/Uniquely-Shaped-Wholesale-Flower-Vase-with-Spiral-Handles-5-12x12.webp 12w, https:\/\/www.lovinghomecollection.com\/wp-content\/uploads\/2025\/11\/Uniquely-Shaped-Wholesale-Flower-Vase-with-Spiral-Handles-5-600x600.webp 600w, https:\/\/www.lovinghomecollection.com\/wp-content\/uploads\/2025\/11\/Uniquely-Shaped-Wholesale-Flower-Vase-with-Spiral-Handles-5-100x100.webp 100w\" sizes=\"(max-width: 1200px) 100vw, 1200px\" \/><\/figure>\n<\/div>\n<\/div>\n\n\n\n<h2 class=\"wp-block-heading has-text-align-center\">Produktpr\u00e4sentation von Blumenvasen f\u00fcr den Gro\u00dfhandel<\/h2>\n\n\n\n<figure class=\"wp-block-image size-full\"><img decoding=\"async\" width=\"1754\" height=\"2480\" src=\"https:\/\/www.lovinghomecollection.com\/wp-content\/uploads\/2025\/11\/Uniquely-Shaped-Wholesale-Flower-Vase-with-Spiral-Handles-9.webp\" alt=\"Einzigartig geformte Blumenvase mit spiralf\u00f6rmigen Griffen \u2013 9\" class=\"wp-image-5738\" srcset=\"https:\/\/www.lovinghomecollection.com\/wp-content\/uploads\/2025\/11\/Uniquely-Shaped-Wholesale-Flower-Vase-with-Spiral-Handles-9.webp 1754w, https:\/\/www.lovinghomecollection.com\/wp-content\/uploads\/2025\/11\/Uniquely-Shaped-Wholesale-Flower-Vase-with-Spiral-Handles-9-212x300.webp 212w, https:\/\/www.lovinghomecollection.com\/wp-content\/uploads\/2025\/11\/Uniquely-Shaped-Wholesale-Flower-Vase-with-Spiral-Handles-9-768x1086.webp 768w, https:\/\/www.lovinghomecollection.com\/wp-content\/uploads\/2025\/11\/Uniquely-Shaped-Wholesale-Flower-Vase-with-Spiral-Handles-9-8x12.webp 8w, https:\/\/www.lovinghomecollection.com\/wp-content\/uploads\/2025\/11\/Uniquely-Shaped-Wholesale-Flower-Vase-with-Spiral-Handles-9-1200x1697.webp 1200w, https:\/\/www.lovinghomecollection.com\/wp-content\/uploads\/2025\/11\/Uniquely-Shaped-Wholesale-Flower-Vase-with-Spiral-Handles-9-600x848.webp 600w\" sizes=\"(max-width: 1754px) 100vw, 1754px\" \/><\/figure>","protected":false},"excerpt":{"rendered":"<p>Finden Sie hochwertige Blumenvasen im Gro\u00dfhandel bei LovingHome. Unsere Blumenvasen im Gro\u00dfhandel zeichnen sich durch gewellte und spiralf\u00f6rmige durchbrochene Griffe und vollmundige Formen aus. Sie sind in leuchtenden, hochges\u00e4ttigten Farben gehalten, die eine starke visuelle Wirkung und ein modernes k\u00fcnstlerisches Flair vermitteln.<\/p>\n<table style=\"border-collapse: collapse; width: 338.02pt;\" border=\"0\" width=\"338\" cellspacing=\"0\" cellpadding=\"0\">\n<tbody>\n<tr style=\"height: 18.00pt;\">\n<td class=\"et3\" style=\"height: 18.00pt; width: 124.50pt;\" width=\"124\" height=\"18\">Hersteller<\/td>\n<td class=\"et3\" style=\"width: 214.40pt;\" width=\"214\">Liebevolles Zuhause<\/td>\n<\/tr>\n<tr style=\"height: 18.00pt;\">\n<td class=\"et3\" style=\"height: 18.00pt; width: 124.50pt;\" width=\"124\" height=\"18\">Produkttyp<\/td>\n<td class=\"et4\" style=\"width: 214.40pt;\" width=\"214\">Keramik-Blumenvasen<\/td>\n<\/tr>\n<tr style=\"height: 18.00pt;\">\n<td class=\"et3\" style=\"height: 18.00pt; width: 124.50pt;\" width=\"124\" height=\"18\">Material<\/td>\n<td class=\"et3\" style=\"width: 214.40pt;\" width=\"214\">Dauerhaftes Porzellan<\/td>\n<\/tr>\n<tr style=\"height: 18.00pt;\">\n<td class=\"et3\" style=\"height: 18.00pt; width: 124.50pt;\" width=\"124\" height=\"18\">Dimension<\/td>\n<td class=\"et3\" style=\"width: 214.40pt;\" width=\"214\">Wie Detailbild<\/td>\n<\/tr>\n<tr style=\"height: 18.00pt;\">\n<td class=\"et3\" style=\"height: 18.00pt; width: 124.50pt;\" width=\"124\" height=\"18\">Verkaufende Einheiten<\/td>\n<td class=\"et3\" style=\"width: 214.40pt;\" width=\"214\">Einzelnes Element<\/td>\n<\/tr>\n<tr style=\"height: 18.00pt;\">\n<td class=\"et3\" style=\"height: 18.00pt; width: 124.50pt;\" width=\"124\" height=\"18\">MOQ<\/td>\n<td class=\"et3\" style=\"width: 214.40pt;\" width=\"214\">1200\/St\u00fcck pro Artikel<\/td>\n<\/tr>\n<tr style=\"height: 18.00pt;\">\n<td class=\"et3\" style=\"height: 18.00pt; width: 124.50pt;\" width=\"124\" height=\"18\">Kundenspezifische Option<\/td>\n<td class=\"et3\" style=\"width: 214.40pt;\" width=\"214\">Farbe\/Gr\u00f6\u00dfe\/Glasur\/Logo\/Verpackung<\/td>\n<\/tr>\n<\/tbody>\n<\/table>","protected":false},"featured_media":5730,"comment_status":"closed","ping_status":"closed","template":"","meta":{"_acf_changed":false},"product_brand":[],"product_cat":[21,50],"product_tag":[],"class_list":{"0":"post-5489","1":"product","2":"type-product","3":"status-publish","4":"has-post-thumbnail","6":"product_cat-ceramic-vases-bulk","7":"product_cat-wholesale-vases-and-pots","9":"first","10":"instock","11":"shipping-taxable","12":"product-type-simple"},"acf":[],"_links":{"self":[{"href":"https:\/\/www.lovinghomecollection.com\/de\/wp-json\/wp\/v2\/product\/5489","targetHints":{"allow":["GET"]}}],"collection":[{"href":"https:\/\/www.lovinghomecollection.com\/de\/wp-json\/wp\/v2\/product"}],"about":[{"href":"https:\/\/www.lovinghomecollection.com\/de\/wp-json\/wp\/v2\/types\/product"}],"replies":[{"embeddable":true,"href":"https:\/\/www.lovinghomecollection.com\/de\/wp-json\/wp\/v2\/comments?post=5489"}],"wp:featuredmedia":[{"embeddable":true,"href":"https:\/\/www.lovinghomecollection.com\/de\/wp-json\/wp\/v2\/media\/5730"}],"wp:attachment":[{"href":"https:\/\/www.lovinghomecollection.com\/de\/wp-json\/wp\/v2\/media?parent=5489"}],"wp:term":[{"taxonomy":"product_brand","embeddable":true,"href":"https:\/\/www.lovinghomecollection.com\/de\/wp-json\/wp\/v2\/product_brand?post=5489"},{"taxonomy":"product_cat","embeddable":true,"href":"https:\/\/www.lovinghomecollection.com\/de\/wp-json\/wp\/v2\/product_cat?post=5489"},{"taxonomy":"product_tag","embeddable":true,"href":"https:\/\/www.lovinghomecollection.com\/de\/wp-json\/wp\/v2\/product_tag?post=5489"}],"curies":[{"name":"wp","href":"https:\/\/api.w.org\/{rel}","templated":true}]}}