{"id":5342,"date":"2025-11-27T06:44:41","date_gmt":"2025-11-27T06:44:41","guid":{"rendered":"https:\/\/www.lovinghomecollection.com\/?post_type=product&#038;p=5342"},"modified":"2025-12-11T07:15:45","modified_gmt":"2025-12-11T07:15:45","slug":"gift-dinnerware-wholesale","status":"publish","type":"product","link":"https:\/\/www.lovinghomecollection.com\/de\/produkt\/gift-dinnerware-wholesale\/","title":{"rendered":"Buntes Geschenkgeschirr mit gepr\u00e4gtem Design im Gro\u00dfhandel"},"content":{"rendered":"<div class=\"wp-block-columns is-layout-flex wp-container-core-columns-is-layout-9d6595d7 wp-block-columns-is-layout-flex\">\n<div class=\"wp-block-column is-layout-flow wp-block-column-is-layout-flow\" style=\"flex-basis:60%\">\n<h2 class=\"wp-block-heading\">Premium-Geschenkgeschirr im Gro\u00dfhandel \u2013 Eigenschaften:<\/h2>\n\n\n\n<ul class=\"wp-block-list\">\n<li><strong>Satte Retro-Farben und exquisites Design: <\/strong>Dieses Geschenk-Geschirrset im Gro\u00dfhandel verwendet Retro-Farbt\u00f6ne wie Dunkelgr\u00fcn, Ziegelrot und warmes Gelb, kombiniert mit gepr\u00e4gten Mustern, Kanten mit Seilstruktur und Bl\u00fctenblattdesigns, wodurch ein einzigartiger eleganter europ\u00e4ischer Stil entsteht.<\/li>\n\n\n\n<li><strong>Vollst\u00e4ndiges und einheitliches Set: <\/strong>Unsere Porzellan-Geschirrsets f\u00fcr den Gro\u00dfhandel umfassen ein komplettes Geschirrset mit Tellern, Teeservices, doppelst\u00f6ckigen Obstplatten und Dessertst\u00e4ndern. Der einheitliche Retro-Stil sorgt f\u00fcr eine perfekte Abstimmung und erf\u00fcllt verschiedene Anforderungen beim Essen und Verschenken.<\/li>\n\n\n\n<li><strong>Hochwertiges Keramikmaterial:<\/strong> Unser Geschenkgeschirr f\u00fcr den Gro\u00dfhandel wird aus hochwertiger Keramik und in feiner Handwerkskunst hergestellt. Die Glasur ist glatt und zart, die gepr\u00e4gten Muster sind klar und dreidimensional. So werden Sch\u00f6nheit und Langlebigkeit vereint und das Benutzererlebnis verbessert.<\/li>\n\n\n\n<li><strong>Optimiert f\u00fcr Geschenke und Gro\u00dfhandel: <\/strong>Unsere Porzellangeschirrsets f\u00fcr den Gro\u00dfhandel k\u00f6nnen mit individuellen, exquisiten Verpackungsdesigns versehen werden, wodurch sie sich besonders gut f\u00fcr den Geschenkverkauf eignen. Der einheitliche Stil und die einheitlichen Spezifikationen erleichtern den Gro\u00dfeinkauf und die Pr\u00e4sentation.<\/li>\n<\/ul>\n<\/div>\n\n\n\n<div class=\"wp-block-column is-layout-flow wp-block-column-is-layout-flow\">\n<figure class=\"wp-block-image size-full\"><img decoding=\"async\" width=\"1200\" height=\"1200\" src=\"https:\/\/www.lovinghomecollection.com\/wp-content\/uploads\/2025\/11\/Bright-Color-Gift-Dinnerware-Wholesale-with-Embossed-Design-5.webp\" alt=\"Buntes Geschenkgeschirr mit gepr\u00e4gtem Design im Gro\u00dfhandel \u2013 5\" class=\"wp-image-5902\" srcset=\"https:\/\/www.lovinghomecollection.com\/wp-content\/uploads\/2025\/11\/Bright-Color-Gift-Dinnerware-Wholesale-with-Embossed-Design-5.webp 1200w, https:\/\/www.lovinghomecollection.com\/wp-content\/uploads\/2025\/11\/Bright-Color-Gift-Dinnerware-Wholesale-with-Embossed-Design-5-300x300.webp 300w, https:\/\/www.lovinghomecollection.com\/wp-content\/uploads\/2025\/11\/Bright-Color-Gift-Dinnerware-Wholesale-with-Embossed-Design-5-150x150.webp 150w, https:\/\/www.lovinghomecollection.com\/wp-content\/uploads\/2025\/11\/Bright-Color-Gift-Dinnerware-Wholesale-with-Embossed-Design-5-768x768.webp 768w, https:\/\/www.lovinghomecollection.com\/wp-content\/uploads\/2025\/11\/Bright-Color-Gift-Dinnerware-Wholesale-with-Embossed-Design-5-12x12.webp 12w, https:\/\/www.lovinghomecollection.com\/wp-content\/uploads\/2025\/11\/Bright-Color-Gift-Dinnerware-Wholesale-with-Embossed-Design-5-600x600.webp 600w, https:\/\/www.lovinghomecollection.com\/wp-content\/uploads\/2025\/11\/Bright-Color-Gift-Dinnerware-Wholesale-with-Embossed-Design-5-100x100.webp 100w\" sizes=\"(max-width: 1200px) 100vw, 1200px\" \/><\/figure>\n<\/div>\n<\/div>\n\n\n\n<h2 class=\"wp-block-heading has-text-align-center\">Produktpr\u00e4sentation der Woven Grace Gift Geschirr-Gro\u00dfhandelskollektion<\/h2>\n\n\n\n<div class=\"wp-block-columns is-layout-flex wp-container-core-columns-is-layout-9d6595d7 wp-block-columns-is-layout-flex\">\n<div class=\"wp-block-column is-layout-flow wp-block-column-is-layout-flow\">\n<figure class=\"wp-block-image size-full\"><img decoding=\"async\" width=\"1721\" height=\"1658\" src=\"https:\/\/www.lovinghomecollection.com\/wp-content\/uploads\/2025\/11\/Bright-Color-Gift-Dinnerware-Wholesale-with-Embossed-Design-10.webp\" alt=\"Bunte Geschenk-Geschirr-Gro\u00dfhandel mit gepr\u00e4gtem Design-10\" class=\"wp-image-5907\" srcset=\"https:\/\/www.lovinghomecollection.com\/wp-content\/uploads\/2025\/11\/Bright-Color-Gift-Dinnerware-Wholesale-with-Embossed-Design-10.webp 1721w, https:\/\/www.lovinghomecollection.com\/wp-content\/uploads\/2025\/11\/Bright-Color-Gift-Dinnerware-Wholesale-with-Embossed-Design-10-300x289.webp 300w, https:\/\/www.lovinghomecollection.com\/wp-content\/uploads\/2025\/11\/Bright-Color-Gift-Dinnerware-Wholesale-with-Embossed-Design-10-768x740.webp 768w, https:\/\/www.lovinghomecollection.com\/wp-content\/uploads\/2025\/11\/Bright-Color-Gift-Dinnerware-Wholesale-with-Embossed-Design-10-12x12.webp 12w, https:\/\/www.lovinghomecollection.com\/wp-content\/uploads\/2025\/11\/Bright-Color-Gift-Dinnerware-Wholesale-with-Embossed-Design-10-1200x1156.webp 1200w, https:\/\/www.lovinghomecollection.com\/wp-content\/uploads\/2025\/11\/Bright-Color-Gift-Dinnerware-Wholesale-with-Embossed-Design-10-600x578.webp 600w\" sizes=\"(max-width: 1721px) 100vw, 1721px\" \/><\/figure>\n<\/div>\n\n\n\n<div class=\"wp-block-column is-layout-flow wp-block-column-is-layout-flow\">\n<figure class=\"wp-block-image size-full\"><img decoding=\"async\" width=\"1717\" height=\"1485\" src=\"https:\/\/www.lovinghomecollection.com\/wp-content\/uploads\/2025\/11\/Bright-Color-Gift-Dinnerware-Wholesale-with-Embossed-Design-11.webp\" alt=\"Bunte Geschenkgeschirr-Gro\u00dfhandel mit gepr\u00e4gtem Design-11\" class=\"wp-image-5908\" srcset=\"https:\/\/www.lovinghomecollection.com\/wp-content\/uploads\/2025\/11\/Bright-Color-Gift-Dinnerware-Wholesale-with-Embossed-Design-11.webp 1717w, https:\/\/www.lovinghomecollection.com\/wp-content\/uploads\/2025\/11\/Bright-Color-Gift-Dinnerware-Wholesale-with-Embossed-Design-11-300x259.webp 300w, https:\/\/www.lovinghomecollection.com\/wp-content\/uploads\/2025\/11\/Bright-Color-Gift-Dinnerware-Wholesale-with-Embossed-Design-11-768x664.webp 768w, https:\/\/www.lovinghomecollection.com\/wp-content\/uploads\/2025\/11\/Bright-Color-Gift-Dinnerware-Wholesale-with-Embossed-Design-11-14x12.webp 14w, https:\/\/www.lovinghomecollection.com\/wp-content\/uploads\/2025\/11\/Bright-Color-Gift-Dinnerware-Wholesale-with-Embossed-Design-11-1200x1038.webp 1200w, https:\/\/www.lovinghomecollection.com\/wp-content\/uploads\/2025\/11\/Bright-Color-Gift-Dinnerware-Wholesale-with-Embossed-Design-11-600x519.webp 600w\" sizes=\"(max-width: 1717px) 100vw, 1717px\" \/><\/figure>\n<\/div>\n<\/div>\n\n\n\n<p><\/p>","protected":false},"excerpt":{"rendered":"<p>Willkommen beim Kauf von Porzellangeschirr-Sets. Dieses Geschenk-Geschirr-Gro\u00dfhandelsset zeichnet sich durch satte Farben als Grundlage aus, gepaart mit exquisiten Reliefmustern, Kanten mit Seilstruktur und Bl\u00fctenblattdesigns, die einen reichhaltigen europ\u00e4ischen Retro-Stil pr\u00e4sentieren.<\/p>\n<table style=\"border-collapse: collapse; width: 338.02pt;\" border=\"0\" width=\"338\" cellspacing=\"0\" cellpadding=\"0\">\n<tbody>\n<tr style=\"height: 18.00pt;\">\n<td class=\"et3\" style=\"height: 18.00pt; width: 124.50pt;\" width=\"124\" height=\"18\">Hersteller<\/td>\n<td class=\"et3\" style=\"width: 214.40pt;\" width=\"214\">Liebevolles Zuhause<\/td>\n<\/tr>\n<tr style=\"height: 18.00pt;\">\n<td class=\"et3\" style=\"height: 18.00pt; width: 124.50pt;\" width=\"124\" height=\"18\">Sammlung Name<\/td>\n<td class=\"et4\" style=\"width: 214.40pt;\" width=\"214\">Gewebte Anmut<\/td>\n<\/tr>\n<tr style=\"height: 18.00pt;\">\n<td class=\"et3\" style=\"height: 18.00pt; width: 124.50pt;\" width=\"124\" height=\"18\">Verwendung<\/td>\n<td class=\"et3\" style=\"width: 214.40pt;\" width=\"214\">Haus, Restaurant, Hotel<\/td>\n<\/tr>\n<tr style=\"height: 36.00pt;\">\n<td class=\"et3\" style=\"height: 36.00pt; width: 124.50pt;\" width=\"124\" height=\"36\">Essgeschirr Typ<\/td>\n<td class=\"et3\" style=\"width: 214.40pt;\" width=\"214\">Teller, Sch\u00fcssel, Krug, Becher, Zuckerdose, Tasse und Untertasse, Teekanne, Milchk\u00e4nnchen, Kuchenst\u00e4nder<\/td>\n<\/tr>\n<tr style=\"height: 18.00pt;\">\n<td class=\"et3\" style=\"height: 18.00pt; width: 124.50pt;\" width=\"124\" height=\"18\">Material<\/td>\n<td class=\"et3\" style=\"width: 214.40pt;\" width=\"214\">Dauerhaftes Porzellan<\/td>\n<\/tr>\n<tr style=\"height: 18.00pt;\">\n<td class=\"et3\" style=\"height: 18.00pt; width: 124.50pt;\" width=\"124\" height=\"18\">Dimension<\/td>\n<td class=\"et3\" style=\"width: 214.40pt;\" width=\"214\">Wie Detailbild<\/td>\n<\/tr>\n<tr style=\"height: 18.00pt;\">\n<td class=\"et3\" style=\"height: 18.00pt; width: 124.50pt;\" width=\"124\" height=\"18\">Verkaufende Einheiten<\/td>\n<td class=\"et3\" style=\"width: 214.40pt;\" width=\"214\">Einzelnes Element<\/td>\n<\/tr>\n<tr style=\"height: 18.00pt;\">\n<td class=\"et3\" style=\"height: 18.00pt; width: 124.50pt;\" width=\"124\" height=\"18\">MOQ<\/td>\n<td class=\"et3\" style=\"width: 214.40pt;\" width=\"214\">1200\/St\u00fcck pro Artikel<\/td>\n<\/tr>\n<tr style=\"height: 18.00pt;\">\n<td class=\"et3\" style=\"height: 18.00pt; width: 124.50pt;\" width=\"124\" height=\"18\">Kundenspezifische Option<\/td>\n<td class=\"et3\" style=\"width: 214.40pt;\" width=\"214\">Farbe\/Gr\u00f6\u00dfe\/Glasur\/Logo\/Verpackung<\/td>\n<\/tr>\n<\/tbody>\n<\/table>","protected":false},"featured_media":5898,"comment_status":"closed","ping_status":"closed","template":"","meta":{"_acf_changed":false},"product_brand":[],"product_cat":[19],"product_tag":[37,36,25,39,27],"class_list":{"0":"post-5342","1":"product","2":"type-product","3":"status-publish","4":"has-post-thumbnail","6":"product_cat-dinnerware-wholesale","7":"product_tag-bulk-cake-stands","8":"product_tag-wholesale-kettles","9":"product_tag-wholesale-plates-and-bowls","10":"product_tag-sugar-jars-wholesale","11":"product_tag-wholesale-tea-cups-and-saucers","13":"first","14":"instock","15":"shipping-taxable","16":"product-type-simple"},"acf":[],"_links":{"self":[{"href":"https:\/\/www.lovinghomecollection.com\/de\/wp-json\/wp\/v2\/product\/5342","targetHints":{"allow":["GET"]}}],"collection":[{"href":"https:\/\/www.lovinghomecollection.com\/de\/wp-json\/wp\/v2\/product"}],"about":[{"href":"https:\/\/www.lovinghomecollection.com\/de\/wp-json\/wp\/v2\/types\/product"}],"replies":[{"embeddable":true,"href":"https:\/\/www.lovinghomecollection.com\/de\/wp-json\/wp\/v2\/comments?post=5342"}],"wp:featuredmedia":[{"embeddable":true,"href":"https:\/\/www.lovinghomecollection.com\/de\/wp-json\/wp\/v2\/media\/5898"}],"wp:attachment":[{"href":"https:\/\/www.lovinghomecollection.com\/de\/wp-json\/wp\/v2\/media?parent=5342"}],"wp:term":[{"taxonomy":"product_brand","embeddable":true,"href":"https:\/\/www.lovinghomecollection.com\/de\/wp-json\/wp\/v2\/product_brand?post=5342"},{"taxonomy":"product_cat","embeddable":true,"href":"https:\/\/www.lovinghomecollection.com\/de\/wp-json\/wp\/v2\/product_cat?post=5342"},{"taxonomy":"product_tag","embeddable":true,"href":"https:\/\/www.lovinghomecollection.com\/de\/wp-json\/wp\/v2\/product_tag?post=5342"}],"curies":[{"name":"wp","href":"https:\/\/api.w.org\/{rel}","templated":true}]}}