{"id":5215,"date":"2025-12-11T06:53:15","date_gmt":"2025-12-11T06:53:15","guid":{"rendered":"https:\/\/www.lovinghomecollection.com\/?post_type=product&#038;p=5215"},"modified":"2026-01-04T08:37:13","modified_gmt":"2026-01-04T08:37:13","slug":"circus-themed-colored-tableware-wholesale-complete-sets","status":"publish","type":"product","link":"https:\/\/www.lovinghomecollection.com\/de\/produkt\/circus-themed-colored-tableware-wholesale-complete-sets\/","title":{"rendered":"Zirkus-Themen-Farbiges Geschirr Gro\u00dfhandel Komplette Sets"},"content":{"rendered":"<div class=\"wp-block-columns is-layout-flex wp-container-core-columns-is-layout-9d6595d7 wp-block-columns-is-layout-flex\">\n<div class=\"wp-block-column is-layout-flow wp-block-column-is-layout-flow\" style=\"flex-basis:60%\">\n<h2 class=\"wp-block-heading\">Premium farbiges Geschirr Gro\u00dfhandel Merkmale:<\/h2>\n\n\n\n<ul class=\"wp-block-list\">\n<li><strong>Vollst\u00e4ndige und einheitliche Themenreihe:<\/strong> Unser farbiges Geschirr im Gro\u00dfhandel bietet ein komplettes Set an passenden Artikeln mit einem gemeinsamen Thema - dem Zirkus! Dies ist mit einem roten, wei\u00dfen und blauen Farbschema, die f\u00fcr eine stilvolle und zusammenh\u00e4ngende Tabelle Einstellung erm\u00f6glicht getan.<\/li>\n\n\n\n<li><strong>Lebendige Details und hochwertige Handwerkskunst:<\/strong> Diese Geschirrsets sind aus hochwertigem Porzellan gefertigt und haben eine glatte und leicht zu reinigende Glasur. Die Details der einzelnen Muster sind lebendig und aufwendig, daher bieten diese Sets einen \u00e4sthetischen Reiz, w\u00e4hrend sie gleichzeitig Funktionalit\u00e4t und Haltbarkeit bieten.<\/li>\n\n\n\n<li><strong>Starke visuelle Anziehungskraft und Ambiente:<\/strong> Unsere farbigen Geschirr-Gro\u00dfhandelsprodukte zeichnen sich durch helle und lebendige Muster aus, die eine Geschichte erz\u00e4hlen und schnell die Blicke auf sich ziehen, so dass es unglaublich einfach ist, ein lustiges und optisch ansprechendes Esszimmer zu gestalten. Die Farben und Muster eignen sich gut f\u00fcr Urlaubs- und Partyessen und schaffen eine angenehme Atmosph\u00e4re.<\/li>\n\n\n\n<li><strong>\u00c4u\u00dferst wettbewerbsf\u00e4higer Gro\u00dfhandelswert: <\/strong>Unsere Geschirrsets in loser Sch\u00fcttung sind erschwinglich, vielf\u00e4ltig und einzigartig und bieten Einzelh\u00e4ndlern, Caf\u00e9s und Geschenkeink\u00e4ufern einen hervorragenden Wert. Sie werden die Aufmerksamkeit der Kunden auf sich ziehen und so zur Steigerung des Umsatzes beitragen.<\/li>\n<\/ul>\n<\/div>\n\n\n\n<div class=\"wp-block-column is-layout-flow wp-block-column-is-layout-flow\">\n<figure class=\"wp-block-image size-full\"><img decoding=\"async\" width=\"1200\" height=\"1200\" src=\"https:\/\/www.lovinghomecollection.com\/wp-content\/uploads\/2025\/11\/Circus-Themed-Colored-Tableware-Wholesale-Complete-Sets-2.webp\" alt=\"Zirkus-Thema farbige Geschirr Gro\u00dfhandel komplette S\u00e4tze-2\" class=\"wp-image-6028\" srcset=\"https:\/\/www.lovinghomecollection.com\/wp-content\/uploads\/2025\/11\/Circus-Themed-Colored-Tableware-Wholesale-Complete-Sets-2.webp 1200w, https:\/\/www.lovinghomecollection.com\/wp-content\/uploads\/2025\/11\/Circus-Themed-Colored-Tableware-Wholesale-Complete-Sets-2-300x300.webp 300w, https:\/\/www.lovinghomecollection.com\/wp-content\/uploads\/2025\/11\/Circus-Themed-Colored-Tableware-Wholesale-Complete-Sets-2-150x150.webp 150w, https:\/\/www.lovinghomecollection.com\/wp-content\/uploads\/2025\/11\/Circus-Themed-Colored-Tableware-Wholesale-Complete-Sets-2-768x768.webp 768w, https:\/\/www.lovinghomecollection.com\/wp-content\/uploads\/2025\/11\/Circus-Themed-Colored-Tableware-Wholesale-Complete-Sets-2-12x12.webp 12w, https:\/\/www.lovinghomecollection.com\/wp-content\/uploads\/2025\/11\/Circus-Themed-Colored-Tableware-Wholesale-Complete-Sets-2-600x600.webp 600w, https:\/\/www.lovinghomecollection.com\/wp-content\/uploads\/2025\/11\/Circus-Themed-Colored-Tableware-Wholesale-Complete-Sets-2-100x100.webp 100w\" sizes=\"(max-width: 1200px) 100vw, 1200px\" \/><\/figure>\n<\/div>\n<\/div>\n\n\n\n<h2 class=\"wp-block-heading has-text-align-center\">Produkt-Display von Wonder Circus Farbiges Geschirr Gro\u00dfhandel<\/h2>\n\n\n\n<div class=\"wp-block-columns is-layout-flex wp-container-core-columns-is-layout-9d6595d7 wp-block-columns-is-layout-flex\">\n<div class=\"wp-block-column is-layout-flow wp-block-column-is-layout-flow\">\n<figure class=\"wp-block-image size-full\"><img decoding=\"async\" width=\"1721\" height=\"1358\" src=\"https:\/\/www.lovinghomecollection.com\/wp-content\/uploads\/2025\/11\/Circus-Themed-Colored-Tableware-Wholesale-Complete-Sets-9.webp\" alt=\"Zirkus-Thema farbige Geschirr Gro\u00dfhandel komplette S\u00e4tze-9\" class=\"wp-image-6035\" srcset=\"https:\/\/www.lovinghomecollection.com\/wp-content\/uploads\/2025\/11\/Circus-Themed-Colored-Tableware-Wholesale-Complete-Sets-9.webp 1721w, https:\/\/www.lovinghomecollection.com\/wp-content\/uploads\/2025\/11\/Circus-Themed-Colored-Tableware-Wholesale-Complete-Sets-9-300x237.webp 300w, https:\/\/www.lovinghomecollection.com\/wp-content\/uploads\/2025\/11\/Circus-Themed-Colored-Tableware-Wholesale-Complete-Sets-9-768x606.webp 768w, https:\/\/www.lovinghomecollection.com\/wp-content\/uploads\/2025\/11\/Circus-Themed-Colored-Tableware-Wholesale-Complete-Sets-9-15x12.webp 15w, https:\/\/www.lovinghomecollection.com\/wp-content\/uploads\/2025\/11\/Circus-Themed-Colored-Tableware-Wholesale-Complete-Sets-9-1200x947.webp 1200w, https:\/\/www.lovinghomecollection.com\/wp-content\/uploads\/2025\/11\/Circus-Themed-Colored-Tableware-Wholesale-Complete-Sets-9-600x473.webp 600w\" sizes=\"(max-width: 1721px) 100vw, 1721px\" \/><\/figure>\n<\/div>\n\n\n\n<div class=\"wp-block-column is-layout-flow wp-block-column-is-layout-flow\">\n<figure class=\"wp-block-image size-full\"><img decoding=\"async\" width=\"1754\" height=\"1370\" src=\"https:\/\/www.lovinghomecollection.com\/wp-content\/uploads\/2025\/11\/Circus-Themed-Colored-Tableware-Wholesale-Complete-Sets-10.webp\" alt=\"Zirkus-Thema farbige Geschirr Gro\u00dfhandel komplette S\u00e4tze-10\" class=\"wp-image-6036\" srcset=\"https:\/\/www.lovinghomecollection.com\/wp-content\/uploads\/2025\/11\/Circus-Themed-Colored-Tableware-Wholesale-Complete-Sets-10.webp 1754w, https:\/\/www.lovinghomecollection.com\/wp-content\/uploads\/2025\/11\/Circus-Themed-Colored-Tableware-Wholesale-Complete-Sets-10-300x234.webp 300w, https:\/\/www.lovinghomecollection.com\/wp-content\/uploads\/2025\/11\/Circus-Themed-Colored-Tableware-Wholesale-Complete-Sets-10-768x600.webp 768w, https:\/\/www.lovinghomecollection.com\/wp-content\/uploads\/2025\/11\/Circus-Themed-Colored-Tableware-Wholesale-Complete-Sets-10-15x12.webp 15w, https:\/\/www.lovinghomecollection.com\/wp-content\/uploads\/2025\/11\/Circus-Themed-Colored-Tableware-Wholesale-Complete-Sets-10-1200x937.webp 1200w, https:\/\/www.lovinghomecollection.com\/wp-content\/uploads\/2025\/11\/Circus-Themed-Colored-Tableware-Wholesale-Complete-Sets-10-600x469.webp 600w\" sizes=\"(max-width: 1754px) 100vw, 1754px\" \/><\/figure>\n<\/div>\n<\/div>\n\n\n\n<p><\/p>","protected":false},"excerpt":{"rendered":"<p>Willkommen zum Kauf von Geschirrsets in gro\u00dfen Mengen. Unser klassisches, farbiges Zirkusgeschirr im Gro\u00dfhandel zeichnet sich durch die ikonischen roten, wei\u00dfen und blauen Streifen aus und ist mit lebhaften Mustern von Clowns, Elefanten, akrobatischen Tieren und mehr verziert, die einen fr\u00f6hlichen und kindlichen Charme verspr\u00fchen.<\/p>\n<table style=\"border-collapse: collapse; width: 338.02pt;\" border=\"0\" width=\"338\" cellspacing=\"0\" cellpadding=\"0\">\n<tbody>\n<tr style=\"height: 18.00pt;\">\n<td class=\"et3\" style=\"height: 18.00pt; width: 124.50pt;\" width=\"124\" height=\"18\">Hersteller<\/td>\n<td class=\"et3\" style=\"width: 214.40pt;\" width=\"214\">Liebevolles Zuhause<\/td>\n<\/tr>\n<tr style=\"height: 18.00pt;\">\n<td class=\"et3\" style=\"height: 18.00pt; width: 124.50pt;\" width=\"124\" height=\"18\">Sammlung Name<\/td>\n<td class=\"et4\" style=\"width: 214.40pt;\" width=\"214\">Kollektion Wunderzirkus<\/td>\n<\/tr>\n<tr style=\"height: 18.00pt;\">\n<td class=\"et3\" style=\"height: 18.00pt; width: 124.50pt;\" width=\"124\" height=\"18\">Verwendung<\/td>\n<td class=\"et3\" style=\"width: 214.40pt;\" width=\"214\">Haus, Restaurant, Hotel<\/td>\n<\/tr>\n<tr style=\"height: 36.00pt;\">\n<td class=\"et3\" style=\"height: 36.00pt; width: 124.50pt;\" width=\"124\" height=\"36\">Essgeschirr Typ<\/td>\n<td class=\"et3\" style=\"width: 214.40pt;\" width=\"214\">Teller, Sch\u00fcssel, Teekanne, Kanister, Tasse und Untertasse, Becher<\/td>\n<\/tr>\n<tr style=\"height: 18.00pt;\">\n<td class=\"et3\" style=\"height: 18.00pt; width: 124.50pt;\" width=\"124\" height=\"18\">Material<\/td>\n<td class=\"et3\" style=\"width: 214.40pt;\" width=\"214\">Dauerhaftes Porzellan<\/td>\n<\/tr>\n<tr style=\"height: 18.00pt;\">\n<td class=\"et3\" style=\"height: 18.00pt; width: 124.50pt;\" width=\"124\" height=\"18\">Dimension<\/td>\n<td class=\"et3\" style=\"width: 214.40pt;\" width=\"214\">Wie Detailbild<\/td>\n<\/tr>\n<tr style=\"height: 18.00pt;\">\n<td class=\"et3\" style=\"height: 18.00pt; width: 124.50pt;\" width=\"124\" height=\"18\">Verkaufende Einheiten<\/td>\n<td class=\"et3\" style=\"width: 214.40pt;\" width=\"214\">Einzelnes Element<\/td>\n<\/tr>\n<tr style=\"height: 18.00pt;\">\n<td class=\"et3\" style=\"height: 18.00pt; width: 124.50pt;\" width=\"124\" height=\"18\">MOQ<\/td>\n<td class=\"et3\" style=\"width: 214.40pt;\" width=\"214\">1200\/St\u00fcck pro Artikel<\/td>\n<\/tr>\n<tr style=\"height: 18.00pt;\">\n<td class=\"et3\" style=\"height: 18.00pt; width: 124.50pt;\" width=\"124\" height=\"18\">Kundenspezifische Option<\/td>\n<td class=\"et3\" style=\"width: 214.40pt;\" width=\"214\">Farbe\/Gr\u00f6\u00dfe\/Glasur\/Logo\/Verpackung<\/td>\n<\/tr>\n<\/tbody>\n<\/table>","protected":false},"featured_media":6027,"comment_status":"closed","ping_status":"closed","template":"","meta":{"_acf_changed":false},"product_brand":[],"product_cat":[19],"product_tag":[25,27,26],"class_list":{"0":"post-5215","1":"product","2":"type-product","3":"status-publish","4":"has-post-thumbnail","6":"product_cat-dinnerware-wholesale","7":"product_tag-wholesale-plates-and-bowls","8":"product_tag-wholesale-tea-cups-and-saucers","9":"product_tag-wholesale-teapots","11":"first","12":"instock","13":"shipping-taxable","14":"product-type-simple"},"acf":[],"_links":{"self":[{"href":"https:\/\/www.lovinghomecollection.com\/de\/wp-json\/wp\/v2\/product\/5215","targetHints":{"allow":["GET"]}}],"collection":[{"href":"https:\/\/www.lovinghomecollection.com\/de\/wp-json\/wp\/v2\/product"}],"about":[{"href":"https:\/\/www.lovinghomecollection.com\/de\/wp-json\/wp\/v2\/types\/product"}],"replies":[{"embeddable":true,"href":"https:\/\/www.lovinghomecollection.com\/de\/wp-json\/wp\/v2\/comments?post=5215"}],"wp:featuredmedia":[{"embeddable":true,"href":"https:\/\/www.lovinghomecollection.com\/de\/wp-json\/wp\/v2\/media\/6027"}],"wp:attachment":[{"href":"https:\/\/www.lovinghomecollection.com\/de\/wp-json\/wp\/v2\/media?parent=5215"}],"wp:term":[{"taxonomy":"product_brand","embeddable":true,"href":"https:\/\/www.lovinghomecollection.com\/de\/wp-json\/wp\/v2\/product_brand?post=5215"},{"taxonomy":"product_cat","embeddable":true,"href":"https:\/\/www.lovinghomecollection.com\/de\/wp-json\/wp\/v2\/product_cat?post=5215"},{"taxonomy":"product_tag","embeddable":true,"href":"https:\/\/www.lovinghomecollection.com\/de\/wp-json\/wp\/v2\/product_tag?post=5215"}],"curies":[{"name":"wp","href":"https:\/\/api.w.org\/{rel}","templated":true}]}}