{"id":5106,"date":"2025-11-17T08:52:57","date_gmt":"2025-11-17T08:52:57","guid":{"rendered":"https:\/\/www.lovinghomecollection.com\/?post_type=product&#038;p=5106"},"modified":"2025-12-02T08:59:54","modified_gmt":"2025-12-02T08:59:54","slug":"bulk-white-dinnerware","status":"publish","type":"product","link":"https:\/\/www.lovinghomecollection.com\/de\/produkt\/bulk-white-dinnerware\/","title":{"rendered":"Gro\u00dfhandel Gro\u00dfpackung wei\u00dfes Geschirr mit stilvollem, wellenf\u00f6rmigem Rand"},"content":{"rendered":"<div class=\"wp-block-columns is-layout-flex wp-container-core-columns-is-layout-9d6595d7 wp-block-columns-is-layout-flex\">\n<div class=\"wp-block-column is-layout-flow wp-block-column-is-layout-flow\" style=\"flex-basis:60%\">\n<h2 class=\"wp-block-heading\">Premium-Wei\u00dfgeschirr in Gro\u00dfpackungen Eigenschaften:<\/h2>\n\n\n\n<ul class=\"wp-block-list\">\n<li><strong>Einheitliche Designsprache st\u00e4rkt die visuelle Identit\u00e4t der Marke: <\/strong>Dieses wei\u00dfe Geschirrset in Gro\u00dfpackung zeichnet sich durch seine ikonische gewellte Silhouette und farbige Paspelierung aus und bietet eine reichhaltige Farbauswahl (Rot, Schwarz, Blau usw.), damit Kunden das Aussehen an ihr Markenimage anpassen k\u00f6nnen.<\/li>\n\n\n\n<li><strong>Die vollst\u00e4ndige Set-Konfiguration deckt verschiedene Szenarien ab: <\/strong>Unser Gro\u00dfhandelsangebot an Porzellangeschirr umfasst Speiseteller, Dessertteller, Suppentassen, Tortenst\u00e4nder, Teekannen, Zuckerdosen und vieles mehr. Damit decken wir vielf\u00e4ltige Anforderungen f\u00fcr formelle Mahlzeiten, Nachmittagstee und Desserttische ab und senken die Kosten f\u00fcr gemischte Eink\u00e4ufe.<\/li>\n\n\n\n<li><strong>Exquisite Handwerkskunst verbessert das Benutzererlebnis: <\/strong>Unser wei\u00dfes Geschirrset besteht aus dickem, warmem Keramikmaterial mit rutschfesten, griffigen Wellenkanten. Die Glasur ist gleichm\u00e4\u00dfig und voll, und die bleifreie Glasur ist sicher und leicht zu reinigen, wodurch Sch\u00f6nheit und Haltbarkeit vereint werden.<\/li>\n\n\n\n<li><strong>Das Potenzial f\u00fcr szenariobasierte Darstellungen weckt Kaufw\u00fcnsche: <\/strong>Dieses Porzellangeschirrset f\u00fcr den Gro\u00dfhandel passt sich perfekt an verschiedene Ausstellungsstile an, hat eine starke visuelle Anziehungskraft und kann direkt als Modell f\u00fcr die Dekoration von Gesch\u00e4ftsr\u00e4umen verwendet werden.<\/li>\n<\/ul>\n<\/div>\n\n\n\n<div class=\"wp-block-column is-layout-flow wp-block-column-is-layout-flow\">\n<figure class=\"wp-block-image size-full\"><img decoding=\"async\" width=\"800\" height=\"800\" src=\"https:\/\/www.lovinghomecollection.com\/wp-content\/uploads\/2025\/11\/Wholesale-Bulk-White-Dinnerware-With-Stylish-Color-Wavy-Edge-2.webp\" alt=\"Gro\u00dfhandel Gro\u00dfpackung wei\u00dfes Geschirr mit stilvollem, wellenf\u00f6rmigem Rand in Farbe 2\" class=\"wp-image-5108\" srcset=\"https:\/\/www.lovinghomecollection.com\/wp-content\/uploads\/2025\/11\/Wholesale-Bulk-White-Dinnerware-With-Stylish-Color-Wavy-Edge-2.webp 800w, https:\/\/www.lovinghomecollection.com\/wp-content\/uploads\/2025\/11\/Wholesale-Bulk-White-Dinnerware-With-Stylish-Color-Wavy-Edge-2-300x300.webp 300w, https:\/\/www.lovinghomecollection.com\/wp-content\/uploads\/2025\/11\/Wholesale-Bulk-White-Dinnerware-With-Stylish-Color-Wavy-Edge-2-150x150.webp 150w, https:\/\/www.lovinghomecollection.com\/wp-content\/uploads\/2025\/11\/Wholesale-Bulk-White-Dinnerware-With-Stylish-Color-Wavy-Edge-2-768x768.webp 768w, https:\/\/www.lovinghomecollection.com\/wp-content\/uploads\/2025\/11\/Wholesale-Bulk-White-Dinnerware-With-Stylish-Color-Wavy-Edge-2-12x12.webp 12w, https:\/\/www.lovinghomecollection.com\/wp-content\/uploads\/2025\/11\/Wholesale-Bulk-White-Dinnerware-With-Stylish-Color-Wavy-Edge-2-600x600.webp 600w, https:\/\/www.lovinghomecollection.com\/wp-content\/uploads\/2025\/11\/Wholesale-Bulk-White-Dinnerware-With-Stylish-Color-Wavy-Edge-2-100x100.webp 100w\" sizes=\"(max-width: 800px) 100vw, 800px\" \/><\/figure>\n<\/div>\n<\/div>\n\n\n\n<h2 class=\"wp-block-heading has-text-align-center\">Produktpr\u00e4sentation der Cloudrim Bulk White Geschirrkollektion<\/h2>\n\n\n\n<div class=\"wp-block-columns is-layout-flex wp-container-core-columns-is-layout-9d6595d7 wp-block-columns-is-layout-flex\">\n<div class=\"wp-block-column is-layout-flow wp-block-column-is-layout-flow\">\n<figure class=\"wp-block-image size-full\"><img decoding=\"async\" width=\"1748\" height=\"1346\" src=\"https:\/\/www.lovinghomecollection.com\/wp-content\/uploads\/2025\/11\/Wholesale-Bulk-White-Dinnerware-With-Stylish-Color-Wavy-Edge-16.webp\" alt=\"Gro\u00dfhandel Gro\u00dfpackung wei\u00dfes Geschirr mit stilvollem, wellenf\u00f6rmigem Rand \u2013 16 St\u00fcck\" class=\"wp-image-5605\" srcset=\"https:\/\/www.lovinghomecollection.com\/wp-content\/uploads\/2025\/11\/Wholesale-Bulk-White-Dinnerware-With-Stylish-Color-Wavy-Edge-16.webp 1748w, https:\/\/www.lovinghomecollection.com\/wp-content\/uploads\/2025\/11\/Wholesale-Bulk-White-Dinnerware-With-Stylish-Color-Wavy-Edge-16-300x231.webp 300w, https:\/\/www.lovinghomecollection.com\/wp-content\/uploads\/2025\/11\/Wholesale-Bulk-White-Dinnerware-With-Stylish-Color-Wavy-Edge-16-768x591.webp 768w, https:\/\/www.lovinghomecollection.com\/wp-content\/uploads\/2025\/11\/Wholesale-Bulk-White-Dinnerware-With-Stylish-Color-Wavy-Edge-16-16x12.webp 16w, https:\/\/www.lovinghomecollection.com\/wp-content\/uploads\/2025\/11\/Wholesale-Bulk-White-Dinnerware-With-Stylish-Color-Wavy-Edge-16-1200x924.webp 1200w, https:\/\/www.lovinghomecollection.com\/wp-content\/uploads\/2025\/11\/Wholesale-Bulk-White-Dinnerware-With-Stylish-Color-Wavy-Edge-16-600x462.webp 600w\" sizes=\"(max-width: 1748px) 100vw, 1748px\" \/><\/figure>\n<\/div>\n\n\n\n<div class=\"wp-block-column is-layout-flow wp-block-column-is-layout-flow\">\n<figure class=\"wp-block-image size-full\"><img decoding=\"async\" width=\"1717\" height=\"1298\" src=\"https:\/\/www.lovinghomecollection.com\/wp-content\/uploads\/2025\/11\/Wholesale-Bulk-White-Dinnerware-With-Stylish-Color-Wavy-Edge-17.webp\" alt=\"Gro\u00dfhandel Gro\u00dfpackung wei\u00dfes Geschirr mit stilvollem, wellenf\u00f6rmigem Rand in Farbe 17\" class=\"wp-image-5606\" srcset=\"https:\/\/www.lovinghomecollection.com\/wp-content\/uploads\/2025\/11\/Wholesale-Bulk-White-Dinnerware-With-Stylish-Color-Wavy-Edge-17.webp 1717w, https:\/\/www.lovinghomecollection.com\/wp-content\/uploads\/2025\/11\/Wholesale-Bulk-White-Dinnerware-With-Stylish-Color-Wavy-Edge-17-300x227.webp 300w, https:\/\/www.lovinghomecollection.com\/wp-content\/uploads\/2025\/11\/Wholesale-Bulk-White-Dinnerware-With-Stylish-Color-Wavy-Edge-17-768x581.webp 768w, https:\/\/www.lovinghomecollection.com\/wp-content\/uploads\/2025\/11\/Wholesale-Bulk-White-Dinnerware-With-Stylish-Color-Wavy-Edge-17-16x12.webp 16w, https:\/\/www.lovinghomecollection.com\/wp-content\/uploads\/2025\/11\/Wholesale-Bulk-White-Dinnerware-With-Stylish-Color-Wavy-Edge-17-1200x907.webp 1200w, https:\/\/www.lovinghomecollection.com\/wp-content\/uploads\/2025\/11\/Wholesale-Bulk-White-Dinnerware-With-Stylish-Color-Wavy-Edge-17-600x454.webp 600w\" sizes=\"(max-width: 1717px) 100vw, 1717px\" \/><\/figure>\n<\/div>\n<\/div>\n\n\n\n<p><\/p>","protected":false},"excerpt":{"rendered":"<p>Bei LovingHome finden Sie hochwertiges Porzellangeschirr im Gro\u00dfhandel. Unser wei\u00dfes Cloudrim-Geschirrset zeichnet sich durch eine reinwei\u00dfe Glasur und wellenf\u00f6rmige, wolkenartige R\u00e4nder aus und besticht durch klare, moderne Linien.<\/p>\n<table style=\"border-collapse: collapse; width: 338.02pt;\" border=\"0\" width=\"338\" cellspacing=\"0\" cellpadding=\"0\">\n<tbody>\n<tr style=\"height: 18.00pt;\">\n<td class=\"et3\" style=\"height: 18.00pt; width: 124.50pt;\" width=\"124\" height=\"18\">Hersteller<\/td>\n<td class=\"et3\" style=\"width: 214.40pt;\" width=\"214\">Liebevolles Zuhause<\/td>\n<\/tr>\n<tr style=\"height: 18.00pt;\">\n<td class=\"et3\" style=\"height: 18.00pt; width: 124.50pt;\" width=\"124\" height=\"18\">Sammlung Name<\/td>\n<td class=\"et4\" style=\"width: 214.40pt;\" width=\"214\">Cloudrim-Kollektion<\/td>\n<\/tr>\n<tr style=\"height: 18.00pt;\">\n<td class=\"et3\" style=\"height: 18.00pt; width: 124.50pt;\" width=\"124\" height=\"18\">Verwendung<\/td>\n<td class=\"et3\" style=\"width: 214.40pt;\" width=\"214\">Haus, Restaurant, Hotel<\/td>\n<\/tr>\n<tr style=\"height: 36.00pt;\">\n<td class=\"et3\" style=\"height: 36.00pt; width: 124.50pt;\" width=\"124\" height=\"36\">Essgeschirr Typ<\/td>\n<td class=\"et3\" style=\"width: 214.40pt;\" width=\"214\">Teller, Sch\u00fcssel, Teekanne, Milchk\u00e4nnchen, Zuckerdose, Tasse und Untertasse, Becher, Kuchenst\u00e4nder<\/td>\n<\/tr>\n<tr style=\"height: 18.00pt;\">\n<td class=\"et3\" style=\"height: 18.00pt; width: 124.50pt;\" width=\"124\" height=\"18\">Material<\/td>\n<td class=\"et3\" style=\"width: 214.40pt;\" width=\"214\">Dauerhaftes Porzellan<\/td>\n<\/tr>\n<tr style=\"height: 18.00pt;\">\n<td class=\"et3\" style=\"height: 18.00pt; width: 124.50pt;\" width=\"124\" height=\"18\">Dimension<\/td>\n<td class=\"et3\" style=\"width: 214.40pt;\" width=\"214\">Wie Detailbild<\/td>\n<\/tr>\n<tr style=\"height: 18.00pt;\">\n<td class=\"et3\" style=\"height: 18.00pt; width: 124.50pt;\" width=\"124\" height=\"18\">Verkaufende Einheiten<\/td>\n<td class=\"et3\" style=\"width: 214.40pt;\" width=\"214\">Einzelnes Element<\/td>\n<\/tr>\n<tr style=\"height: 18.00pt;\">\n<td class=\"et3\" style=\"height: 18.00pt; width: 124.50pt;\" width=\"124\" height=\"18\">MOQ<\/td>\n<td class=\"et3\" style=\"width: 214.40pt;\" width=\"214\">1200\/St\u00fcck pro Artikel<\/td>\n<\/tr>\n<tr style=\"height: 18.00pt;\">\n<td class=\"et3\" style=\"height: 18.00pt; width: 124.50pt;\" width=\"124\" height=\"18\">Kundenspezifische Option<\/td>\n<td class=\"et3\" style=\"width: 214.40pt;\" width=\"214\">Farbe\/Gr\u00f6\u00dfe\/Glasur\/Logo\/Verpackung<\/td>\n<\/tr>\n<\/tbody>\n<\/table>","protected":false},"featured_media":5598,"comment_status":"closed","ping_status":"closed","template":"","meta":{"_acf_changed":false},"product_brand":[],"product_cat":[19,49],"product_tag":[37,25,27,26],"class_list":{"0":"post-5106","1":"product","2":"type-product","3":"status-publish","4":"has-post-thumbnail","6":"product_cat-dinnerware-wholesale","7":"product_cat-wholesale-white-tableware","8":"product_tag-bulk-cake-stands","9":"product_tag-wholesale-plates-and-bowls","10":"product_tag-wholesale-tea-cups-and-saucers","11":"product_tag-wholesale-teapots","13":"first","14":"instock","15":"shipping-taxable","16":"product-type-simple"},"acf":[],"_links":{"self":[{"href":"https:\/\/www.lovinghomecollection.com\/de\/wp-json\/wp\/v2\/product\/5106","targetHints":{"allow":["GET"]}}],"collection":[{"href":"https:\/\/www.lovinghomecollection.com\/de\/wp-json\/wp\/v2\/product"}],"about":[{"href":"https:\/\/www.lovinghomecollection.com\/de\/wp-json\/wp\/v2\/types\/product"}],"replies":[{"embeddable":true,"href":"https:\/\/www.lovinghomecollection.com\/de\/wp-json\/wp\/v2\/comments?post=5106"}],"wp:featuredmedia":[{"embeddable":true,"href":"https:\/\/www.lovinghomecollection.com\/de\/wp-json\/wp\/v2\/media\/5598"}],"wp:attachment":[{"href":"https:\/\/www.lovinghomecollection.com\/de\/wp-json\/wp\/v2\/media?parent=5106"}],"wp:term":[{"taxonomy":"product_brand","embeddable":true,"href":"https:\/\/www.lovinghomecollection.com\/de\/wp-json\/wp\/v2\/product_brand?post=5106"},{"taxonomy":"product_cat","embeddable":true,"href":"https:\/\/www.lovinghomecollection.com\/de\/wp-json\/wp\/v2\/product_cat?post=5106"},{"taxonomy":"product_tag","embeddable":true,"href":"https:\/\/www.lovinghomecollection.com\/de\/wp-json\/wp\/v2\/product_tag?post=5106"}],"curies":[{"name":"wp","href":"https:\/\/api.w.org\/{rel}","templated":true}]}}