{"id":5095,"date":"2025-11-11T08:53:09","date_gmt":"2025-11-11T08:53:09","guid":{"rendered":"https:\/\/www.lovinghomecollection.com\/?post_type=product&#038;p=5095"},"modified":"2025-12-02T08:49:22","modified_gmt":"2025-12-02T08:49:22","slug":"dinnerware-gift-wholesale","status":"publish","type":"product","link":"https:\/\/www.lovinghomecollection.com\/de\/produkt\/dinnerware-gift-wholesale\/","title":{"rendered":"Geschenkartikel zum Thema S\u00fc\u00dfigkeiten \u2013 Gro\u00dfhandel Kreativ gestaltetes Geschirr"},"content":{"rendered":"<div class=\"wp-block-columns is-layout-flex wp-container-core-columns-is-layout-9d6595d7 wp-block-columns-is-layout-flex\">\n<div class=\"wp-block-column is-layout-flow wp-block-column-is-layout-flow\" style=\"flex-basis:60%\">\n<h2 class=\"wp-block-heading\">Premium-Geschirr Geschenk Gro\u00dfhandel Merkmale:<\/h2>\n\n\n\n<ul class=\"wp-block-list\">\n<li><strong>Starkes Thema Design, Blickfang:<\/strong> Unser Geschirrset f\u00fcr den Gro\u00dfhandel basiert auf dem Thema \u201cCandy Town\u201d und verwendet auffallend satte Farben, Tupfen und Streifen sowie Griffe in Form von S\u00fc\u00dfigkeiten, was zu einem eindrucksvollen visuellen Design f\u00fchrt.<\/li>\n\n\n\n<li><strong>Umfassende Produktpalette, Einkaufen aus einer Hand:<\/strong> Dieses Gro\u00dfhandelsgeschirrset zum Thema S\u00fc\u00dfigkeiten umfasst ein komplettes Set mit Teegeschirr, Tellern, Kerzenhaltern, Aufbewahrungsgl\u00e4sern und gestaffelten Schautellern in kompletten Gr\u00f6\u00dfen f\u00fcr Ihre Kunden.<\/li>\n\n\n\n<li><strong>Hohe Anpassungsf\u00e4higkeit, hoher wirtschaftlicher Wert:<\/strong> Unser Geschirr-Geschenk-Gro\u00dfhandelsset dient einem doppelten Zweck: der Funktionalit\u00e4t und der Dekoration. Zum Beispiel k\u00f6nnte es als Teegeschirr oder Geschirr f\u00fcr den t\u00e4glichen Gebrauch oder als Ausstellungsst\u00fccke f\u00fcr Kerzenhalter und Dekoration verwendet werden, um Atmosph\u00e4re zu schaffen. Es eignet sich hervorragend f\u00fcr Themenrestaurants, G\u00e4steh\u00e4user und Geschenkel\u00e4den und steigert den wahrgenommenen Wert des Raums.<\/li>\n\n\n\n<li><strong>Exquisite handwerkliche Details, die die Qualit\u00e4t hervorheben:<\/strong> Dieses Geschirrset f\u00fcr den Gro\u00dfhandel zeichnet sich durch eine komplett glatte Keramikglasur aus, und das dreidimensionale Aussehen der Bonbongriffe verleiht ihm Struktur. Das Geschenkset Candy Town sieht noch besser aus, wenn es mit einem Holztablett und Geb\u00e4ck kombiniert wird.<\/li>\n<\/ul>\n<\/div>\n\n\n\n<div class=\"wp-block-column is-layout-flow wp-block-column-is-layout-flow\">\n<figure class=\"wp-block-image size-full\"><img decoding=\"async\" width=\"1200\" height=\"1200\" src=\"https:\/\/www.lovinghomecollection.com\/wp-content\/uploads\/2025\/11\/Candy-Themed-Dinnerware-Gift-Wholesale-Creatively-Designed-15.webp\" alt=\"S\u00fc\u00dfigkeiten-Themengeschirr Geschenk Gro\u00dfhandel Kreativ gestaltet-15\" class=\"wp-image-5580\" srcset=\"https:\/\/www.lovinghomecollection.com\/wp-content\/uploads\/2025\/11\/Candy-Themed-Dinnerware-Gift-Wholesale-Creatively-Designed-15.webp 1200w, https:\/\/www.lovinghomecollection.com\/wp-content\/uploads\/2025\/11\/Candy-Themed-Dinnerware-Gift-Wholesale-Creatively-Designed-15-300x300.webp 300w, https:\/\/www.lovinghomecollection.com\/wp-content\/uploads\/2025\/11\/Candy-Themed-Dinnerware-Gift-Wholesale-Creatively-Designed-15-150x150.webp 150w, https:\/\/www.lovinghomecollection.com\/wp-content\/uploads\/2025\/11\/Candy-Themed-Dinnerware-Gift-Wholesale-Creatively-Designed-15-768x768.webp 768w, https:\/\/www.lovinghomecollection.com\/wp-content\/uploads\/2025\/11\/Candy-Themed-Dinnerware-Gift-Wholesale-Creatively-Designed-15-12x12.webp 12w, https:\/\/www.lovinghomecollection.com\/wp-content\/uploads\/2025\/11\/Candy-Themed-Dinnerware-Gift-Wholesale-Creatively-Designed-15-600x600.webp 600w, https:\/\/www.lovinghomecollection.com\/wp-content\/uploads\/2025\/11\/Candy-Themed-Dinnerware-Gift-Wholesale-Creatively-Designed-15-100x100.webp 100w\" sizes=\"(max-width: 1200px) 100vw, 1200px\" \/><\/figure>\n<\/div>\n<\/div>\n\n\n\n<h2 class=\"wp-block-heading has-text-align-center\">Produkt-Display von Candy Town Dinnerware Geschenk Gro\u00dfhandel<\/h2>\n\n\n\n<div class=\"wp-block-columns is-layout-flex wp-container-core-columns-is-layout-9d6595d7 wp-block-columns-is-layout-flex\">\n<div class=\"wp-block-column is-layout-flow wp-block-column-is-layout-flow\">\n<figure class=\"wp-block-image size-full\"><img decoding=\"async\" width=\"1200\" height=\"1366\" src=\"https:\/\/www.lovinghomecollection.com\/wp-content\/uploads\/2025\/11\/Candy-Themed-Dinnerware-Gift-Wholesale-Creatively-Designed.webp\" alt=\"Geschenkartikel zum Thema S\u00fc\u00dfigkeiten \u2013 Gro\u00dfhandel Kreativ gestaltetes Geschirr\" class=\"wp-image-5589\" srcset=\"https:\/\/www.lovinghomecollection.com\/wp-content\/uploads\/2025\/11\/Candy-Themed-Dinnerware-Gift-Wholesale-Creatively-Designed.webp 1200w, https:\/\/www.lovinghomecollection.com\/wp-content\/uploads\/2025\/11\/Candy-Themed-Dinnerware-Gift-Wholesale-Creatively-Designed-264x300.webp 264w, https:\/\/www.lovinghomecollection.com\/wp-content\/uploads\/2025\/11\/Candy-Themed-Dinnerware-Gift-Wholesale-Creatively-Designed-768x874.webp 768w, https:\/\/www.lovinghomecollection.com\/wp-content\/uploads\/2025\/11\/Candy-Themed-Dinnerware-Gift-Wholesale-Creatively-Designed-11x12.webp 11w, https:\/\/www.lovinghomecollection.com\/wp-content\/uploads\/2025\/11\/Candy-Themed-Dinnerware-Gift-Wholesale-Creatively-Designed-600x683.webp 600w\" sizes=\"(max-width: 1200px) 100vw, 1200px\" \/><\/figure>\n<\/div>\n\n\n\n<div class=\"wp-block-column is-layout-flow wp-block-column-is-layout-flow\">\n<figure class=\"wp-block-image size-full\"><img decoding=\"async\" width=\"1200\" height=\"956\" src=\"https:\/\/www.lovinghomecollection.com\/wp-content\/uploads\/2025\/11\/Candy-Themed-Dinnerware-Gift-Wholesale-Creatively-Designed-14.webp\" alt=\"Candy-Themed Geschirr Geschenk Gro\u00dfhandel Kreativ gestaltet-14\" class=\"wp-image-5578\" srcset=\"https:\/\/www.lovinghomecollection.com\/wp-content\/uploads\/2025\/11\/Candy-Themed-Dinnerware-Gift-Wholesale-Creatively-Designed-14.webp 1200w, https:\/\/www.lovinghomecollection.com\/wp-content\/uploads\/2025\/11\/Candy-Themed-Dinnerware-Gift-Wholesale-Creatively-Designed-14-300x239.webp 300w, https:\/\/www.lovinghomecollection.com\/wp-content\/uploads\/2025\/11\/Candy-Themed-Dinnerware-Gift-Wholesale-Creatively-Designed-14-768x612.webp 768w, https:\/\/www.lovinghomecollection.com\/wp-content\/uploads\/2025\/11\/Candy-Themed-Dinnerware-Gift-Wholesale-Creatively-Designed-14-15x12.webp 15w, https:\/\/www.lovinghomecollection.com\/wp-content\/uploads\/2025\/11\/Candy-Themed-Dinnerware-Gift-Wholesale-Creatively-Designed-14-600x478.webp 600w\" sizes=\"(max-width: 1200px) 100vw, 1200px\" \/><\/figure>\n<\/div>\n<\/div>\n\n\n\n<p><\/p>","protected":false},"excerpt":{"rendered":"<p>Willkommen beim Kauf unserer Geschirrsets f\u00fcr den Gro\u00dfhandel. Unser Candy Town-Geschirrset kombiniert leuchtend rote, gelbe und gr\u00fcne Streifen, Tupfen und Griffe in Form von S\u00fc\u00dfigkeiten, um eine s\u00fc\u00dfe, fantasievolle Umgebung zu schaffen.<\/p>\n<table style=\"border-collapse: collapse; width: 338.02pt;\" border=\"0\" width=\"338\" cellspacing=\"0\" cellpadding=\"0\">\n<tbody>\n<tr style=\"height: 18.00pt;\">\n<td class=\"et3\" style=\"height: 18.00pt; width: 124.50pt;\" width=\"124\" height=\"18\">Hersteller<\/td>\n<td class=\"et3\" style=\"width: 214.40pt;\" width=\"214\">Liebevolles Zuhause<\/td>\n<\/tr>\n<tr style=\"height: 18.00pt;\">\n<td class=\"et3\" style=\"height: 18.00pt; width: 124.50pt;\" width=\"124\" height=\"18\">Sammlung Name<\/td>\n<td class=\"et4\" style=\"width: 214.40pt;\" width=\"214\">Candy Town Kollektion<\/td>\n<\/tr>\n<tr style=\"height: 18.00pt;\">\n<td class=\"et3\" style=\"height: 18.00pt; width: 124.50pt;\" width=\"124\" height=\"18\">Verwendung<\/td>\n<td class=\"et3\" style=\"width: 214.40pt;\" width=\"214\">Haus, Restaurant, Hotel<\/td>\n<\/tr>\n<tr style=\"height: 36.00pt;\">\n<td class=\"et3\" style=\"height: 36.00pt; width: 124.50pt;\" width=\"124\" height=\"36\">Essgeschirr Typ<\/td>\n<td class=\"et3\" style=\"width: 214.40pt;\" width=\"214\">Teller, Sch\u00fcssel, Teekanne, Milchk\u00e4nnchen, Zuckerdose, Tasse und Untertasse, Becher<\/td>\n<\/tr>\n<tr style=\"height: 18.00pt;\">\n<td class=\"et3\" style=\"height: 18.00pt; width: 124.50pt;\" width=\"124\" height=\"18\">Material<\/td>\n<td class=\"et3\" style=\"width: 214.40pt;\" width=\"214\">Dauerhaftes Porzellan<\/td>\n<\/tr>\n<tr style=\"height: 18.00pt;\">\n<td class=\"et3\" style=\"height: 18.00pt; width: 124.50pt;\" width=\"124\" height=\"18\">Dimension<\/td>\n<td class=\"et3\" style=\"width: 214.40pt;\" width=\"214\">Wie Detailbild<\/td>\n<\/tr>\n<tr style=\"height: 18.00pt;\">\n<td class=\"et3\" style=\"height: 18.00pt; width: 124.50pt;\" width=\"124\" height=\"18\">Verkaufende Einheiten<\/td>\n<td class=\"et3\" style=\"width: 214.40pt;\" width=\"214\">Einzelnes Element<\/td>\n<\/tr>\n<tr style=\"height: 18.00pt;\">\n<td class=\"et3\" style=\"height: 18.00pt; width: 124.50pt;\" width=\"124\" height=\"18\">MOQ<\/td>\n<td class=\"et3\" style=\"width: 214.40pt;\" width=\"214\">1200\/St\u00fcck pro Artikel<\/td>\n<\/tr>\n<tr style=\"height: 18.00pt;\">\n<td class=\"et3\" style=\"height: 18.00pt; width: 124.50pt;\" width=\"124\" height=\"18\">Kundenspezifische Option<\/td>\n<td class=\"et3\" style=\"width: 214.40pt;\" width=\"214\">Farbe\/Gr\u00f6\u00dfe\/Glasur\/Logo\/Verpackung<\/td>\n<\/tr>\n<\/tbody>\n<\/table>","protected":false},"featured_media":5096,"comment_status":"closed","ping_status":"closed","template":"","meta":{"_acf_changed":false},"product_brand":[],"product_cat":[19],"product_tag":[37,25,34,27,26],"class_list":{"0":"post-5095","1":"product","2":"type-product","3":"status-publish","4":"has-post-thumbnail","6":"product_cat-dinnerware-wholesale","7":"product_tag-bulk-cake-stands","8":"product_tag-wholesale-plates-and-bowls","9":"product_tag-olive-oil-dipping-bowls-wholesale","10":"product_tag-wholesale-tea-cups-and-saucers","11":"product_tag-wholesale-teapots","13":"first","14":"instock","15":"shipping-taxable","16":"product-type-simple"},"acf":[],"_links":{"self":[{"href":"https:\/\/www.lovinghomecollection.com\/de\/wp-json\/wp\/v2\/product\/5095","targetHints":{"allow":["GET"]}}],"collection":[{"href":"https:\/\/www.lovinghomecollection.com\/de\/wp-json\/wp\/v2\/product"}],"about":[{"href":"https:\/\/www.lovinghomecollection.com\/de\/wp-json\/wp\/v2\/types\/product"}],"replies":[{"embeddable":true,"href":"https:\/\/www.lovinghomecollection.com\/de\/wp-json\/wp\/v2\/comments?post=5095"}],"wp:featuredmedia":[{"embeddable":true,"href":"https:\/\/www.lovinghomecollection.com\/de\/wp-json\/wp\/v2\/media\/5096"}],"wp:attachment":[{"href":"https:\/\/www.lovinghomecollection.com\/de\/wp-json\/wp\/v2\/media?parent=5095"}],"wp:term":[{"taxonomy":"product_brand","embeddable":true,"href":"https:\/\/www.lovinghomecollection.com\/de\/wp-json\/wp\/v2\/product_brand?post=5095"},{"taxonomy":"product_cat","embeddable":true,"href":"https:\/\/www.lovinghomecollection.com\/de\/wp-json\/wp\/v2\/product_cat?post=5095"},{"taxonomy":"product_tag","embeddable":true,"href":"https:\/\/www.lovinghomecollection.com\/de\/wp-json\/wp\/v2\/product_tag?post=5095"}],"curies":[{"name":"wp","href":"https:\/\/api.w.org\/{rel}","templated":true}]}}