{"id":5085,"date":"2025-11-11T08:39:40","date_gmt":"2025-11-11T08:39:40","guid":{"rendered":"https:\/\/www.lovinghomecollection.com\/?post_type=product&#038;p=5085"},"modified":"2025-12-02T08:49:15","modified_gmt":"2025-12-02T08:49:15","slug":"wholesale-white-dinnerware-set","status":"publish","type":"product","link":"https:\/\/www.lovinghomecollection.com\/de\/produkt\/wholesale-white-dinnerware-set\/","title":{"rendered":"Gro\u00dfhandel wei\u00dfes Geschirrset, Geschirr in Blumenform"},"content":{"rendered":"<div class=\"wp-block-columns is-layout-flex wp-container-core-columns-is-layout-9d6595d7 wp-block-columns-is-layout-flex\">\n<div class=\"wp-block-column is-layout-flow wp-block-column-is-layout-flow\" style=\"flex-basis:60%\">\n<h2 class=\"wp-block-heading\">Hochwertiges wei\u00dfes Geschirrset f\u00fcr den Gro\u00dfhandel \u2013 Eigenschaften:<\/h2>\n\n\n\n<ul class=\"wp-block-list\">\n<li><strong>Elegantes Pr\u00e4gedesign: <\/strong>Dieses wei\u00dfe Geschirrset f\u00fcr den Gro\u00dfhandel zeichnet sich durch wundersch\u00f6ne Reliefmuster am Rand und auf der Oberfl\u00e4che aus, die ihm eine einzigartige Tiefe und eine warme, glatte Textur verleihen. Die reinwei\u00dfe Glasur bringt die Farben der Speisen besser zur Geltung und wertet die \u00c4sthetik Ihres Tisches erheblich auf.<\/li>\n\n\n\n<li><strong>Komplettes Auswahlset: <\/strong>Unsere Serie von Geschirrsets f\u00fcr den Gro\u00dfhandel umfasst mehr als 20 verschiedene Arten von Tellern, Suppentellern, Tassen, Untertassen, Teegeschirr und Tortenst\u00e4ndern in allen Gr\u00f6\u00dfen. Wir bieten Ihnen alles aus einer Hand, damit Sie sich auf ein einheitliches Design und eine optimierte Auswahl an Geschirr verlassen k\u00f6nnen.<\/li>\n\n\n\n<li><strong>Vielseitige Verwendbarkeit: <\/strong>Der minimalistische wei\u00dfe Stil dieses wei\u00dfen Geschirrsets f\u00fcr den Gro\u00dfhandel passt m\u00fchelos zu allem, vom allt\u00e4glichen Familienessen \u00fcber die Dessertpr\u00e4sentation im Caf\u00e9 bis hin zu einem formelleren Bankett im Hotel, und unterstreicht weiterhin seine praktische und \u00e4sthetische Seite, ganz nach Ihren Bed\u00fcrfnissen.<\/li>\n\n\n\n<li><strong>Die Textur von Lebensmitteln hervorheben: <\/strong>Der reinwei\u00dfe Hintergrund und die exquisiten Formen dieser Geschirrsets f\u00fcr den Gro\u00dfhandel heben die leuchtenden Farben der Zutaten selbst wirkungsvoll hervor und tragen so dazu bei, die optische Attraktivit\u00e4t von Gesch\u00e4ftsr\u00e4umen zu steigern.<\/li>\n<\/ul>\n<\/div>\n\n\n\n<div class=\"wp-block-column is-layout-flow wp-block-column-is-layout-flow\">\n<figure class=\"wp-block-image size-full\"><img decoding=\"async\" width=\"1200\" height=\"1200\" src=\"https:\/\/www.lovinghomecollection.com\/wp-content\/uploads\/2025\/11\/Wholesale-White-Dinnerware-Set-Flower-Shape-Crockery-Supply-18.webp\" alt=\"Gro\u00dfhandel Wei\u00dfes Geschirrset, Geschirr in Blumenform \u2013 18 St\u00fcck\" class=\"wp-image-5654\" srcset=\"https:\/\/www.lovinghomecollection.com\/wp-content\/uploads\/2025\/11\/Wholesale-White-Dinnerware-Set-Flower-Shape-Crockery-Supply-18.webp 1200w, https:\/\/www.lovinghomecollection.com\/wp-content\/uploads\/2025\/11\/Wholesale-White-Dinnerware-Set-Flower-Shape-Crockery-Supply-18-300x300.webp 300w, https:\/\/www.lovinghomecollection.com\/wp-content\/uploads\/2025\/11\/Wholesale-White-Dinnerware-Set-Flower-Shape-Crockery-Supply-18-150x150.webp 150w, https:\/\/www.lovinghomecollection.com\/wp-content\/uploads\/2025\/11\/Wholesale-White-Dinnerware-Set-Flower-Shape-Crockery-Supply-18-768x768.webp 768w, https:\/\/www.lovinghomecollection.com\/wp-content\/uploads\/2025\/11\/Wholesale-White-Dinnerware-Set-Flower-Shape-Crockery-Supply-18-12x12.webp 12w, https:\/\/www.lovinghomecollection.com\/wp-content\/uploads\/2025\/11\/Wholesale-White-Dinnerware-Set-Flower-Shape-Crockery-Supply-18-600x600.webp 600w, https:\/\/www.lovinghomecollection.com\/wp-content\/uploads\/2025\/11\/Wholesale-White-Dinnerware-Set-Flower-Shape-Crockery-Supply-18-100x100.webp 100w\" sizes=\"(max-width: 1200px) 100vw, 1200px\" \/><\/figure>\n<\/div>\n<\/div>\n\n\n\n<h2 class=\"wp-block-heading has-text-align-center\">Produktpr\u00e4sentation von Blanc Fleur Gro\u00dfhandel Wei\u00dfes Geschirrset<\/h2>\n\n\n\n<div class=\"wp-block-columns is-layout-flex wp-container-core-columns-is-layout-9d6595d7 wp-block-columns-is-layout-flex\">\n<div class=\"wp-block-column is-layout-flow wp-block-column-is-layout-flow\">\n<figure class=\"wp-block-image size-full\"><img decoding=\"async\" width=\"1721\" height=\"1240\" src=\"https:\/\/www.lovinghomecollection.com\/wp-content\/uploads\/2025\/11\/Wholesale-White-Dinnerware-Set-Flower-Shape-Crockery-Supply-13.webp\" alt=\"Gro\u00dfhandel Wei\u00dfes Geschirrset, Geschirr in Blumenform \u2013 Lieferung 13\" class=\"wp-image-5651\" srcset=\"https:\/\/www.lovinghomecollection.com\/wp-content\/uploads\/2025\/11\/Wholesale-White-Dinnerware-Set-Flower-Shape-Crockery-Supply-13.webp 1721w, https:\/\/www.lovinghomecollection.com\/wp-content\/uploads\/2025\/11\/Wholesale-White-Dinnerware-Set-Flower-Shape-Crockery-Supply-13-300x216.webp 300w, https:\/\/www.lovinghomecollection.com\/wp-content\/uploads\/2025\/11\/Wholesale-White-Dinnerware-Set-Flower-Shape-Crockery-Supply-13-768x553.webp 768w, https:\/\/www.lovinghomecollection.com\/wp-content\/uploads\/2025\/11\/Wholesale-White-Dinnerware-Set-Flower-Shape-Crockery-Supply-13-18x12.webp 18w, https:\/\/www.lovinghomecollection.com\/wp-content\/uploads\/2025\/11\/Wholesale-White-Dinnerware-Set-Flower-Shape-Crockery-Supply-13-1200x865.webp 1200w, https:\/\/www.lovinghomecollection.com\/wp-content\/uploads\/2025\/11\/Wholesale-White-Dinnerware-Set-Flower-Shape-Crockery-Supply-13-600x432.webp 600w\" sizes=\"(max-width: 1721px) 100vw, 1721px\" \/><\/figure>\n<\/div>\n\n\n\n<div class=\"wp-block-column is-layout-flow wp-block-column-is-layout-flow\">\n<figure class=\"wp-block-image size-full\"><img decoding=\"async\" width=\"1717\" height=\"1240\" src=\"https:\/\/www.lovinghomecollection.com\/wp-content\/uploads\/2025\/11\/Wholesale-White-Dinnerware-Set-Flower-Shape-Crockery-Supply-14.webp\" alt=\"Gro\u00dfhandel Wei\u00dfes Geschirrset, Geschirr in Blumenform \u2013 Lieferung 14\" class=\"wp-image-5652\" srcset=\"https:\/\/www.lovinghomecollection.com\/wp-content\/uploads\/2025\/11\/Wholesale-White-Dinnerware-Set-Flower-Shape-Crockery-Supply-14.webp 1717w, https:\/\/www.lovinghomecollection.com\/wp-content\/uploads\/2025\/11\/Wholesale-White-Dinnerware-Set-Flower-Shape-Crockery-Supply-14-300x217.webp 300w, https:\/\/www.lovinghomecollection.com\/wp-content\/uploads\/2025\/11\/Wholesale-White-Dinnerware-Set-Flower-Shape-Crockery-Supply-14-768x555.webp 768w, https:\/\/www.lovinghomecollection.com\/wp-content\/uploads\/2025\/11\/Wholesale-White-Dinnerware-Set-Flower-Shape-Crockery-Supply-14-18x12.webp 18w, https:\/\/www.lovinghomecollection.com\/wp-content\/uploads\/2025\/11\/Wholesale-White-Dinnerware-Set-Flower-Shape-Crockery-Supply-14-1200x867.webp 1200w, https:\/\/www.lovinghomecollection.com\/wp-content\/uploads\/2025\/11\/Wholesale-White-Dinnerware-Set-Flower-Shape-Crockery-Supply-14-600x433.webp 600w\" sizes=\"(max-width: 1717px) 100vw, 1717px\" \/><\/figure>\n<\/div>\n<\/div>\n\n\n\n<p><\/p>","protected":false},"excerpt":{"rendered":"<p>Willkommen beim Kauf von wei\u00dfen Geschirrsets im Gro\u00dfhandel. Unser Geschirrset Blanc Fleur verf\u00fcgt \u00fcber wundersch\u00f6ne Reliefmuster mit einer glatten, reinwei\u00dfen Glasur und umfasst eine vollst\u00e4ndige Palette an Tischgeschirr, das sowohl raffiniert als auch schlicht ist.<\/p>\n<table style=\"border-collapse: collapse; width: 338.02pt;\" border=\"0\" width=\"338\" cellspacing=\"0\" cellpadding=\"0\">\n<tbody>\n<tr style=\"height: 18.00pt;\">\n<td class=\"et3\" style=\"height: 18.00pt; width: 124.50pt;\" width=\"124\" height=\"18\">Hersteller<\/td>\n<td class=\"et3\" style=\"width: 214.40pt;\" width=\"214\">Liebevolles Zuhause<\/td>\n<\/tr>\n<tr style=\"height: 18.00pt;\">\n<td class=\"et3\" style=\"height: 18.00pt; width: 124.50pt;\" width=\"124\" height=\"18\">Sammlung Name<\/td>\n<td class=\"et4\" style=\"width: 214.40pt;\" width=\"214\">Blanc Fleur Kollektion<\/td>\n<\/tr>\n<tr style=\"height: 18.00pt;\">\n<td class=\"et3\" style=\"height: 18.00pt; width: 124.50pt;\" width=\"124\" height=\"18\">Verwendung<\/td>\n<td class=\"et3\" style=\"width: 214.40pt;\" width=\"214\">Haus, Restaurant, Hotel<\/td>\n<\/tr>\n<tr style=\"height: 36.00pt;\">\n<td class=\"et3\" style=\"height: 36.00pt; width: 124.50pt;\" width=\"124\" height=\"36\">Essgeschirr Typ<\/td>\n<td class=\"et3\" style=\"width: 214.40pt;\" width=\"214\">Teller, Sch\u00fcssel, Teekanne, Milchk\u00e4nnchen, Zuckerdose, Tasse und Untertasse, Becher<\/td>\n<\/tr>\n<tr style=\"height: 18.00pt;\">\n<td class=\"et3\" style=\"height: 18.00pt; width: 124.50pt;\" width=\"124\" height=\"18\">Material<\/td>\n<td class=\"et3\" style=\"width: 214.40pt;\" width=\"214\">Dauerhaftes Porzellan<\/td>\n<\/tr>\n<tr style=\"height: 18.00pt;\">\n<td class=\"et3\" style=\"height: 18.00pt; width: 124.50pt;\" width=\"124\" height=\"18\">Dimension<\/td>\n<td class=\"et3\" style=\"width: 214.40pt;\" width=\"214\">Wie Detailbild<\/td>\n<\/tr>\n<tr style=\"height: 18.00pt;\">\n<td class=\"et3\" style=\"height: 18.00pt; width: 124.50pt;\" width=\"124\" height=\"18\">Verkaufende Einheiten<\/td>\n<td class=\"et3\" style=\"width: 214.40pt;\" width=\"214\">Einzelnes Element<\/td>\n<\/tr>\n<tr style=\"height: 18.00pt;\">\n<td class=\"et3\" style=\"height: 18.00pt; width: 124.50pt;\" width=\"124\" height=\"18\">MOQ<\/td>\n<td class=\"et3\" style=\"width: 214.40pt;\" width=\"214\">1200\/St\u00fcck pro Artikel<\/td>\n<\/tr>\n<tr style=\"height: 18.00pt;\">\n<td class=\"et3\" style=\"height: 18.00pt; width: 124.50pt;\" width=\"124\" height=\"18\">Kundenspezifische Option<\/td>\n<td class=\"et3\" style=\"width: 214.40pt;\" width=\"214\">Farbe\/Gr\u00f6\u00dfe\/Glasur\/Logo\/Verpackung<\/td>\n<\/tr>\n<\/tbody>\n<\/table>","protected":false},"featured_media":5087,"comment_status":"closed","ping_status":"closed","template":"","meta":{"_acf_changed":false},"product_brand":[],"product_cat":[19,49],"product_tag":[37,36,25,39,27,26],"class_list":{"0":"post-5085","1":"product","2":"type-product","3":"status-publish","4":"has-post-thumbnail","6":"product_cat-dinnerware-wholesale","7":"product_cat-wholesale-white-tableware","8":"product_tag-bulk-cake-stands","9":"product_tag-wholesale-kettles","10":"product_tag-wholesale-plates-and-bowls","11":"product_tag-sugar-jars-wholesale","12":"product_tag-wholesale-tea-cups-and-saucers","13":"product_tag-wholesale-teapots","15":"first","16":"instock","17":"shipping-taxable","18":"product-type-simple"},"acf":[],"_links":{"self":[{"href":"https:\/\/www.lovinghomecollection.com\/de\/wp-json\/wp\/v2\/product\/5085","targetHints":{"allow":["GET"]}}],"collection":[{"href":"https:\/\/www.lovinghomecollection.com\/de\/wp-json\/wp\/v2\/product"}],"about":[{"href":"https:\/\/www.lovinghomecollection.com\/de\/wp-json\/wp\/v2\/types\/product"}],"replies":[{"embeddable":true,"href":"https:\/\/www.lovinghomecollection.com\/de\/wp-json\/wp\/v2\/comments?post=5085"}],"wp:featuredmedia":[{"embeddable":true,"href":"https:\/\/www.lovinghomecollection.com\/de\/wp-json\/wp\/v2\/media\/5087"}],"wp:attachment":[{"href":"https:\/\/www.lovinghomecollection.com\/de\/wp-json\/wp\/v2\/media?parent=5085"}],"wp:term":[{"taxonomy":"product_brand","embeddable":true,"href":"https:\/\/www.lovinghomecollection.com\/de\/wp-json\/wp\/v2\/product_brand?post=5085"},{"taxonomy":"product_cat","embeddable":true,"href":"https:\/\/www.lovinghomecollection.com\/de\/wp-json\/wp\/v2\/product_cat?post=5085"},{"taxonomy":"product_tag","embeddable":true,"href":"https:\/\/www.lovinghomecollection.com\/de\/wp-json\/wp\/v2\/product_tag?post=5085"}],"curies":[{"name":"wp","href":"https:\/\/api.w.org\/{rel}","templated":true}]}}