{"id":5075,"date":"2025-11-11T08:17:19","date_gmt":"2025-11-11T08:17:19","guid":{"rendered":"https:\/\/www.lovinghomecollection.com\/?post_type=product&#038;p=5075"},"modified":"2025-12-02T08:49:06","modified_gmt":"2025-12-02T08:49:06","slug":"porcelain-dinnerware-wholesale","status":"publish","type":"product","link":"https:\/\/www.lovinghomecollection.com\/de\/produkt\/porcelain-dinnerware-wholesale\/","title":{"rendered":"Gro\u00dfhandel mit Porzellangeschirr in nat\u00fcrlicher Blattform"},"content":{"rendered":"<div class=\"wp-block-columns is-layout-flex wp-container-core-columns-is-layout-9d6595d7 wp-block-columns-is-layout-flex\">\n<div class=\"wp-block-column is-layout-flow wp-block-column-is-layout-flow\" style=\"flex-basis:60%\">\n<h2 class=\"wp-block-heading\">Hochwertiges Porzellangeschirr im Gro\u00dfhandel \u2013 Eigenschaften:<\/h2>\n\n\n\n<ul class=\"wp-block-list\">\n<li><strong>Nat\u00fcrliche \u00c4sthetik, einzigartiges Design: <\/strong>Dieses Porzellan-Geschirrset im Gro\u00dfhandel ist in Form echter Bl\u00e4tter gestaltet und wurde mit besonderer Sorgfalt hergestellt, um naturgetreue Reliefstrukturen der Blattadern am Rand und unregelm\u00e4\u00dfige Kanten zu erzielen. Jedes St\u00fcck ist wie ein Kunstwerk, das den Kunden ein neues visuelles und haptisches Erlebnis bietet.<\/li>\n\n\n\n<li><strong>Umfassendes Angebot, vielf\u00e4ltige Szenarien: <\/strong>Unsere Produktpalette an Geschirr-Gro\u00dfhandelssets ist komplett und umfasst 28-cm-Teller, 30-cm-Kuchenst\u00e4nder, Wasserkr\u00fcge in verschiedenen Gr\u00f6\u00dfen und Vorratsgl\u00e4ser mit Bambusdeckeln. Damit erf\u00fcllen wir die vielf\u00e4ltigen Anforderungen von Esstischen, K\u00fcchen und Auslagen und erm\u00f6glichen gewerblichen Kunden den Einkauf aus einer Hand.<\/li>\n\n\n\n<li><strong>Frische Glasuren, flexible Kombinationen: <\/strong>Unser Porzellangeschirr-Gro\u00dfhandel bietet zwei klassische Glasuren, wei\u00df und gr\u00fcn, in frischen und nat\u00fcrlichen Farbt\u00f6nen. Die beiden Farben k\u00f6nnen frei kombiniert werden, um auf einfache Weise reichhaltige und vielschichtige Pr\u00e4sentationseffekte zu erzielen, die sich an verschiedene Stile von Gesch\u00e4ftsr\u00e4umen anpassen lassen.<\/li>\n\n\n\n<li><strong>Hochwertige Materialien und Verarbeitung: <\/strong>Dieses Geschirrset f\u00fcr den Gro\u00dfhandel besteht aus schwerem, warmem Keramikmaterial mit einem Deckel aus nat\u00fcrlichem Bambus und Holz, der das handgefertigte Design und die nat\u00fcrliche \u00c4sthetik unterstreicht. Die Handwerkskunst spielt eine wichtige Rolle f\u00fcr die Langlebigkeit und das Design und spiegelt gleichzeitig die Qualit\u00e4t wider, die die Marke anstrebt.<\/li>\n<\/ul>\n<\/div>\n\n\n\n<div class=\"wp-block-column is-layout-flow wp-block-column-is-layout-flow\">\n<figure class=\"wp-block-image size-full\"><img decoding=\"async\" width=\"1200\" height=\"1200\" src=\"https:\/\/www.lovinghomecollection.com\/wp-content\/uploads\/2025\/11\/Natural-Leaf-Shape-Porcelain-Dinnerware-Wholesale-Supply-15.webp\" alt=\"Porzellan-Geschirr in nat\u00fcrlicher Blattform \u2013 Gro\u00dfhandel-Lieferung-15\" class=\"wp-image-5668\" srcset=\"https:\/\/www.lovinghomecollection.com\/wp-content\/uploads\/2025\/11\/Natural-Leaf-Shape-Porcelain-Dinnerware-Wholesale-Supply-15.webp 1200w, https:\/\/www.lovinghomecollection.com\/wp-content\/uploads\/2025\/11\/Natural-Leaf-Shape-Porcelain-Dinnerware-Wholesale-Supply-15-300x300.webp 300w, https:\/\/www.lovinghomecollection.com\/wp-content\/uploads\/2025\/11\/Natural-Leaf-Shape-Porcelain-Dinnerware-Wholesale-Supply-15-150x150.webp 150w, https:\/\/www.lovinghomecollection.com\/wp-content\/uploads\/2025\/11\/Natural-Leaf-Shape-Porcelain-Dinnerware-Wholesale-Supply-15-768x768.webp 768w, https:\/\/www.lovinghomecollection.com\/wp-content\/uploads\/2025\/11\/Natural-Leaf-Shape-Porcelain-Dinnerware-Wholesale-Supply-15-12x12.webp 12w, https:\/\/www.lovinghomecollection.com\/wp-content\/uploads\/2025\/11\/Natural-Leaf-Shape-Porcelain-Dinnerware-Wholesale-Supply-15-600x600.webp 600w, https:\/\/www.lovinghomecollection.com\/wp-content\/uploads\/2025\/11\/Natural-Leaf-Shape-Porcelain-Dinnerware-Wholesale-Supply-15-100x100.webp 100w\" sizes=\"(max-width: 1200px) 100vw, 1200px\" \/><\/figure>\n<\/div>\n<\/div>\n\n\n\n<h2 class=\"wp-block-heading has-text-align-center\">Produktpr\u00e4sentation von Porzellangeschirr mit Blattabdruck im Gro\u00dfhandel<\/h2>\n\n\n\n<div class=\"wp-block-columns is-layout-flex wp-container-core-columns-is-layout-9d6595d7 wp-block-columns-is-layout-flex\">\n<div class=\"wp-block-column is-layout-flow wp-block-column-is-layout-flow\">\n<figure class=\"wp-block-image size-full\"><img decoding=\"async\" width=\"1754\" height=\"2480\" src=\"https:\/\/www.lovinghomecollection.com\/wp-content\/uploads\/2025\/11\/Natural-Leaf-Shape-Porcelain-Dinnerware-Wholesale-Supply-20.webp\" alt=\"Porzellan-Geschirr in nat\u00fcrlicher Blattform \u2013 Gro\u00dfhandel-Lieferung-20\" class=\"wp-image-5673\" srcset=\"https:\/\/www.lovinghomecollection.com\/wp-content\/uploads\/2025\/11\/Natural-Leaf-Shape-Porcelain-Dinnerware-Wholesale-Supply-20.webp 1754w, https:\/\/www.lovinghomecollection.com\/wp-content\/uploads\/2025\/11\/Natural-Leaf-Shape-Porcelain-Dinnerware-Wholesale-Supply-20-212x300.webp 212w, https:\/\/www.lovinghomecollection.com\/wp-content\/uploads\/2025\/11\/Natural-Leaf-Shape-Porcelain-Dinnerware-Wholesale-Supply-20-768x1086.webp 768w, https:\/\/www.lovinghomecollection.com\/wp-content\/uploads\/2025\/11\/Natural-Leaf-Shape-Porcelain-Dinnerware-Wholesale-Supply-20-8x12.webp 8w, https:\/\/www.lovinghomecollection.com\/wp-content\/uploads\/2025\/11\/Natural-Leaf-Shape-Porcelain-Dinnerware-Wholesale-Supply-20-1200x1697.webp 1200w, https:\/\/www.lovinghomecollection.com\/wp-content\/uploads\/2025\/11\/Natural-Leaf-Shape-Porcelain-Dinnerware-Wholesale-Supply-20-600x848.webp 600w\" sizes=\"(max-width: 1754px) 100vw, 1754px\" \/><\/figure>\n<\/div>\n\n\n\n<div class=\"wp-block-column is-layout-flow wp-block-column-is-layout-flow\">\n<figure class=\"wp-block-image size-full\"><img decoding=\"async\" width=\"1729\" height=\"1802\" src=\"https:\/\/www.lovinghomecollection.com\/wp-content\/uploads\/2025\/11\/Natural-Leaf-Shape-Porcelain-Dinnerware-Wholesale-Supply-21.webp\" alt=\"Porzellan-Geschirr in nat\u00fcrlicher Blattform \u2013 Gro\u00dfhandel-Lieferung-21\" class=\"wp-image-5674\" srcset=\"https:\/\/www.lovinghomecollection.com\/wp-content\/uploads\/2025\/11\/Natural-Leaf-Shape-Porcelain-Dinnerware-Wholesale-Supply-21.webp 1729w, https:\/\/www.lovinghomecollection.com\/wp-content\/uploads\/2025\/11\/Natural-Leaf-Shape-Porcelain-Dinnerware-Wholesale-Supply-21-288x300.webp 288w, https:\/\/www.lovinghomecollection.com\/wp-content\/uploads\/2025\/11\/Natural-Leaf-Shape-Porcelain-Dinnerware-Wholesale-Supply-21-768x800.webp 768w, https:\/\/www.lovinghomecollection.com\/wp-content\/uploads\/2025\/11\/Natural-Leaf-Shape-Porcelain-Dinnerware-Wholesale-Supply-21-12x12.webp 12w, https:\/\/www.lovinghomecollection.com\/wp-content\/uploads\/2025\/11\/Natural-Leaf-Shape-Porcelain-Dinnerware-Wholesale-Supply-21-1200x1251.webp 1200w, https:\/\/www.lovinghomecollection.com\/wp-content\/uploads\/2025\/11\/Natural-Leaf-Shape-Porcelain-Dinnerware-Wholesale-Supply-21-600x625.webp 600w\" sizes=\"(max-width: 1729px) 100vw, 1729px\" \/><\/figure>\n<\/div>\n<\/div>\n\n\n\n<p><\/p>","protected":false},"excerpt":{"rendered":"<p>Willkommen beim Gro\u00dfhandelskauf von Porzellangeschirr. Dieses Geschirrset aus der \u201cLeaf Imprint Series\u201d ist von nat\u00fcrlichen Bl\u00e4ttern inspiriert und integriert \u00f6kologische \u00c4sthetik in den Alltag durch realistische Blattader-Reliefs und f\u00e4cherf\u00f6rmige Randdesigns. Es eignet sich ideal f\u00fcr wundersch\u00f6ne rustikale Tischdekorationen im nat\u00fcrlichen Stil.<\/p>\n<table style=\"border-collapse: collapse; width: 338.02pt;\" border=\"0\" width=\"338\" cellspacing=\"0\" cellpadding=\"0\">\n<tbody>\n<tr style=\"height: 18.00pt;\">\n<td class=\"et3\" style=\"height: 18.00pt; width: 124.50pt;\" width=\"124\" height=\"18\">Hersteller<\/td>\n<td class=\"et3\" style=\"width: 214.40pt;\" width=\"214\">Liebevolles Zuhause<\/td>\n<\/tr>\n<tr style=\"height: 18.00pt;\">\n<td class=\"et3\" style=\"height: 18.00pt; width: 124.50pt;\" width=\"124\" height=\"18\">Sammlung Name<\/td>\n<td class=\"et4\" style=\"width: 214.40pt;\" width=\"214\">Blattabdruck-Sammlung<\/td>\n<\/tr>\n<tr style=\"height: 18.00pt;\">\n<td class=\"et3\" style=\"height: 18.00pt; width: 124.50pt;\" width=\"124\" height=\"18\">Verwendung<\/td>\n<td class=\"et3\" style=\"width: 214.40pt;\" width=\"214\">Haus, Restaurant, Hotel<\/td>\n<\/tr>\n<tr style=\"height: 36.00pt;\">\n<td class=\"et3\" style=\"height: 36.00pt; width: 124.50pt;\" width=\"124\" height=\"36\">Essgeschirr Typ<\/td>\n<td class=\"et3\" style=\"width: 214.40pt;\" width=\"214\">Teller, Sch\u00fcssel, Tortenst\u00e4nder, Krug, Becher, Tapa-Set, Vorratsdose<\/td>\n<\/tr>\n<tr style=\"height: 18.00pt;\">\n<td class=\"et3\" style=\"height: 18.00pt; width: 124.50pt;\" width=\"124\" height=\"18\">Material<\/td>\n<td class=\"et3\" style=\"width: 214.40pt;\" width=\"214\">Dauerhaftes Porzellan<\/td>\n<\/tr>\n<tr style=\"height: 18.00pt;\">\n<td class=\"et3\" style=\"height: 18.00pt; width: 124.50pt;\" width=\"124\" height=\"18\">Dimension<\/td>\n<td class=\"et3\" style=\"width: 214.40pt;\" width=\"214\">Wie Detailbild<\/td>\n<\/tr>\n<tr style=\"height: 18.00pt;\">\n<td class=\"et3\" style=\"height: 18.00pt; width: 124.50pt;\" width=\"124\" height=\"18\">Verkaufende Einheiten<\/td>\n<td class=\"et3\" style=\"width: 214.40pt;\" width=\"214\">Einzelnes Element<\/td>\n<\/tr>\n<tr style=\"height: 18.00pt;\">\n<td class=\"et3\" style=\"height: 18.00pt; width: 124.50pt;\" width=\"124\" height=\"18\">MOQ<\/td>\n<td class=\"et3\" style=\"width: 214.40pt;\" width=\"214\">1200\/St\u00fcck pro Artikel<\/td>\n<\/tr>\n<tr style=\"height: 18.00pt;\">\n<td class=\"et3\" style=\"height: 18.00pt; width: 124.50pt;\" width=\"124\" height=\"18\">Kundenspezifische Option<\/td>\n<td class=\"et3\" style=\"width: 214.40pt;\" width=\"214\">Farbe\/Gr\u00f6\u00dfe\/Glasur\/Logo\/Verpackung<\/td>\n<\/tr>\n<\/tbody>\n<\/table>","protected":false},"featured_media":5675,"comment_status":"closed","ping_status":"closed","template":"","meta":{"_acf_changed":false},"product_brand":[],"product_cat":[19],"product_tag":[37,36,25,34,27],"class_list":{"0":"post-5075","1":"product","2":"type-product","3":"status-publish","4":"has-post-thumbnail","6":"product_cat-dinnerware-wholesale","7":"product_tag-bulk-cake-stands","8":"product_tag-wholesale-kettles","9":"product_tag-wholesale-plates-and-bowls","10":"product_tag-olive-oil-dipping-bowls-wholesale","11":"product_tag-wholesale-tea-cups-and-saucers","13":"first","14":"instock","15":"shipping-taxable","16":"product-type-simple"},"acf":[],"_links":{"self":[{"href":"https:\/\/www.lovinghomecollection.com\/de\/wp-json\/wp\/v2\/product\/5075","targetHints":{"allow":["GET"]}}],"collection":[{"href":"https:\/\/www.lovinghomecollection.com\/de\/wp-json\/wp\/v2\/product"}],"about":[{"href":"https:\/\/www.lovinghomecollection.com\/de\/wp-json\/wp\/v2\/types\/product"}],"replies":[{"embeddable":true,"href":"https:\/\/www.lovinghomecollection.com\/de\/wp-json\/wp\/v2\/comments?post=5075"}],"wp:featuredmedia":[{"embeddable":true,"href":"https:\/\/www.lovinghomecollection.com\/de\/wp-json\/wp\/v2\/media\/5675"}],"wp:attachment":[{"href":"https:\/\/www.lovinghomecollection.com\/de\/wp-json\/wp\/v2\/media?parent=5075"}],"wp:term":[{"taxonomy":"product_brand","embeddable":true,"href":"https:\/\/www.lovinghomecollection.com\/de\/wp-json\/wp\/v2\/product_brand?post=5075"},{"taxonomy":"product_cat","embeddable":true,"href":"https:\/\/www.lovinghomecollection.com\/de\/wp-json\/wp\/v2\/product_cat?post=5075"},{"taxonomy":"product_tag","embeddable":true,"href":"https:\/\/www.lovinghomecollection.com\/de\/wp-json\/wp\/v2\/product_tag?post=5075"}],"curies":[{"name":"wp","href":"https:\/\/api.w.org\/{rel}","templated":true}]}}