{"id":5065,"date":"2025-11-11T07:51:02","date_gmt":"2025-11-11T07:51:02","guid":{"rendered":"https:\/\/www.lovinghomecollection.com\/?post_type=product&#038;p=5065"},"modified":"2025-11-27T06:32:15","modified_gmt":"2025-11-27T06:32:15","slug":"dinnerware-sets-wholesale","status":"publish","type":"product","link":"https:\/\/www.lovinghomecollection.com\/de\/produkt\/dinnerware-sets-wholesale\/","title":{"rendered":"Gepr\u00e4gte Geschirrsets im Gro\u00dfhandel mit Lebkuchen-Design"},"content":{"rendered":"<div class=\"wp-block-columns is-layout-flex wp-container-core-columns-is-layout-9d6595d7 wp-block-columns-is-layout-flex\">\n<div class=\"wp-block-column is-layout-flow wp-block-column-is-layout-flow\" style=\"flex-basis:60%\">\n<h2 class=\"wp-block-heading\">Hochwertige Geschirrsets im Gro\u00dfhandel Merkmale:<\/h2>\n\n\n\n<ul class=\"wp-block-list\">\n<li><strong>Unverwechselbares Thema, voller festlicher Atmosph\u00e4re: <\/strong>Unser Keramikgeschirr f\u00fcr den Gro\u00dfhandel nutzt das allgemein bekannte Lebkuchenhaus als zentrales Markenzeichen, mit gepr\u00e4gten und aufgedruckten Mustern, die Weihnachtselemente wie Bonbons und Schneeflocken detailgetreu darstellen.<\/li>\n\n\n\n<li><strong>Komplettes Produktsortiment, breite Szenendeckung: <\/strong>Dieses Geschirrset f\u00fcr den Gro\u00dfhandel umfasst eine komplette Produktpalette, von 23 cm gro\u00dfen Tellern und 36 cm gro\u00dfen Tellern bis hin zu Tortenst\u00e4ndern, Vorratsgl\u00e4sern, Kerzenst\u00e4ndern und Dekorationsartikeln, die sich f\u00fcr Tischdekorationen, Inneneinrichtungen, Weihnachtsgeschenke und andere gewerbliche Zwecke eignen.<\/li>\n\n\n\n<li><strong>Einheitliches Design, hervorragende Anzeigeeffekte: <\/strong>Unsere Gro\u00dfhandels-Keramikgeschirrserie folgt einem einheitlichen Lebkuchenhaus-Design, wodurch sie sich leicht kombinieren und aufeinander abstimmen l\u00e4sst. Ob f\u00fcr Verkaufsdisplays oder Tischdekorationen f\u00fcr Endkunden \u2013 sie schafft eine starke visuelle Einheit.<\/li>\n\n\n\n<li><strong>Gepr\u00e4gte Handwerkskunst:<\/strong> Unsere Geschirrsets im Gro\u00dfhandel zeichnen sich durch ein einzigartiges Pr\u00e4gedesign aus, das nicht nur die Dreidimensionalit\u00e4t und Handwerkskunst des Produkts unterstreicht, sondern auch dessen Haltbarkeit erh\u00f6ht.<\/li>\n<\/ul>\n<\/div>\n\n\n\n<div class=\"wp-block-column is-layout-flow wp-block-column-is-layout-flow\">\n<figure class=\"wp-block-image size-full\"><img decoding=\"async\" width=\"1200\" height=\"1200\" src=\"https:\/\/www.lovinghomecollection.com\/wp-content\/uploads\/2025\/11\/Embossed-Dinnerware-Sets-Wholesale-With-Gingerbread-Design-12.webp\" alt=\"Gepr\u00e4gte Geschirrsets im Gro\u00dfhandel mit Lebkuchen-Design-12\" class=\"wp-image-5593\" srcset=\"https:\/\/www.lovinghomecollection.com\/wp-content\/uploads\/2025\/11\/Embossed-Dinnerware-Sets-Wholesale-With-Gingerbread-Design-12.webp 1200w, https:\/\/www.lovinghomecollection.com\/wp-content\/uploads\/2025\/11\/Embossed-Dinnerware-Sets-Wholesale-With-Gingerbread-Design-12-300x300.webp 300w, https:\/\/www.lovinghomecollection.com\/wp-content\/uploads\/2025\/11\/Embossed-Dinnerware-Sets-Wholesale-With-Gingerbread-Design-12-150x150.webp 150w, https:\/\/www.lovinghomecollection.com\/wp-content\/uploads\/2025\/11\/Embossed-Dinnerware-Sets-Wholesale-With-Gingerbread-Design-12-768x768.webp 768w, https:\/\/www.lovinghomecollection.com\/wp-content\/uploads\/2025\/11\/Embossed-Dinnerware-Sets-Wholesale-With-Gingerbread-Design-12-12x12.webp 12w, https:\/\/www.lovinghomecollection.com\/wp-content\/uploads\/2025\/11\/Embossed-Dinnerware-Sets-Wholesale-With-Gingerbread-Design-12-600x600.webp 600w, https:\/\/www.lovinghomecollection.com\/wp-content\/uploads\/2025\/11\/Embossed-Dinnerware-Sets-Wholesale-With-Gingerbread-Design-12-100x100.webp 100w\" sizes=\"(max-width: 1200px) 100vw, 1200px\" \/><\/figure>\n<\/div>\n<\/div>\n\n\n\n<h2 class=\"wp-block-heading has-text-align-center\">Produktpr\u00e4sentation von Gingerbread Village Geschirrsets Gro\u00dfhandel<\/h2>\n\n\n\n<div class=\"wp-block-columns is-layout-flex wp-container-core-columns-is-layout-9d6595d7 wp-block-columns-is-layout-flex\">\n<div class=\"wp-block-column is-layout-flow wp-block-column-is-layout-flow\">\n<figure class=\"wp-block-image size-full\"><img decoding=\"async\" width=\"1754\" height=\"1274\" src=\"https:\/\/www.lovinghomecollection.com\/wp-content\/uploads\/2025\/11\/Embossed-Dinnerware-Sets-Wholesale-With-Gingerbread-Design-13.webp\" alt=\"Gepr\u00e4gte Geschirrsets im Gro\u00dfhandel mit Lebkuchen-Design-13\" class=\"wp-image-5595\" srcset=\"https:\/\/www.lovinghomecollection.com\/wp-content\/uploads\/2025\/11\/Embossed-Dinnerware-Sets-Wholesale-With-Gingerbread-Design-13.webp 1754w, https:\/\/www.lovinghomecollection.com\/wp-content\/uploads\/2025\/11\/Embossed-Dinnerware-Sets-Wholesale-With-Gingerbread-Design-13-300x218.webp 300w, https:\/\/www.lovinghomecollection.com\/wp-content\/uploads\/2025\/11\/Embossed-Dinnerware-Sets-Wholesale-With-Gingerbread-Design-13-768x558.webp 768w, https:\/\/www.lovinghomecollection.com\/wp-content\/uploads\/2025\/11\/Embossed-Dinnerware-Sets-Wholesale-With-Gingerbread-Design-13-18x12.webp 18w, https:\/\/www.lovinghomecollection.com\/wp-content\/uploads\/2025\/11\/Embossed-Dinnerware-Sets-Wholesale-With-Gingerbread-Design-13-1200x872.webp 1200w, https:\/\/www.lovinghomecollection.com\/wp-content\/uploads\/2025\/11\/Embossed-Dinnerware-Sets-Wholesale-With-Gingerbread-Design-13-600x436.webp 600w\" sizes=\"(max-width: 1754px) 100vw, 1754px\" \/><\/figure>\n<\/div>\n\n\n\n<div class=\"wp-block-column is-layout-flow wp-block-column-is-layout-flow\">\n<figure class=\"wp-block-image size-full\"><img decoding=\"async\" width=\"1723\" height=\"1197\" src=\"https:\/\/www.lovinghomecollection.com\/wp-content\/uploads\/2025\/11\/Embossed-Dinnerware-Sets-Wholesale-With-Gingerbread-Design-14.webp\" alt=\"Gepr\u00e4gte Geschirrsets im Gro\u00dfhandel mit Lebkuchen-Design-14\" class=\"wp-image-5596\" srcset=\"https:\/\/www.lovinghomecollection.com\/wp-content\/uploads\/2025\/11\/Embossed-Dinnerware-Sets-Wholesale-With-Gingerbread-Design-14.webp 1723w, https:\/\/www.lovinghomecollection.com\/wp-content\/uploads\/2025\/11\/Embossed-Dinnerware-Sets-Wholesale-With-Gingerbread-Design-14-300x208.webp 300w, https:\/\/www.lovinghomecollection.com\/wp-content\/uploads\/2025\/11\/Embossed-Dinnerware-Sets-Wholesale-With-Gingerbread-Design-14-768x534.webp 768w, https:\/\/www.lovinghomecollection.com\/wp-content\/uploads\/2025\/11\/Embossed-Dinnerware-Sets-Wholesale-With-Gingerbread-Design-14-18x12.webp 18w, https:\/\/www.lovinghomecollection.com\/wp-content\/uploads\/2025\/11\/Embossed-Dinnerware-Sets-Wholesale-With-Gingerbread-Design-14-1200x834.webp 1200w, https:\/\/www.lovinghomecollection.com\/wp-content\/uploads\/2025\/11\/Embossed-Dinnerware-Sets-Wholesale-With-Gingerbread-Design-14-600x417.webp 600w\" sizes=\"(max-width: 1723px) 100vw, 1723px\" \/><\/figure>\n<\/div>\n<\/div>\n\n\n\n<p><\/p>","protected":false},"excerpt":{"rendered":"<p>Willkommen beim Gro\u00dfhandelskauf von Geschirrsets. Dieses Geschirrset zeichnet sich durch das klassische Lebkuchenhaus-Design aus, bei dem gepr\u00e4gte und aufgedruckte Muster verwendet werden, um festliche Elemente wie T\u00fcren, Fenster und S\u00fc\u00dfigkeiten lebendig darzustellen und so ein reichhaltiges, fr\u00f6hliches und einheitliches Weihnachtsessen an einem Ort zu schaffen.<\/p>\n<table style=\"border-collapse: collapse; width: 338.02pt;\" border=\"0\" width=\"338\" cellspacing=\"0\" cellpadding=\"0\">\n<tbody>\n<tr style=\"height: 18.00pt;\">\n<td class=\"et3\" style=\"height: 18.00pt; width: 124.50pt;\" width=\"124\" height=\"18\">Hersteller<\/td>\n<td class=\"et3\" style=\"width: 214.40pt;\" width=\"214\">Liebevolles Zuhause<\/td>\n<\/tr>\n<tr style=\"height: 18.00pt;\">\n<td class=\"et3\" style=\"height: 18.00pt; width: 124.50pt;\" width=\"124\" height=\"18\">Sammlung Name<\/td>\n<td class=\"et4\" style=\"width: 214.40pt;\" width=\"214\">Lebkuchendorf<\/td>\n<\/tr>\n<tr style=\"height: 18.00pt;\">\n<td class=\"et3\" style=\"height: 18.00pt; width: 124.50pt;\" width=\"124\" height=\"18\">Verwendung<\/td>\n<td class=\"et3\" style=\"width: 214.40pt;\" width=\"214\">Haus, Restaurant, Hotel<\/td>\n<\/tr>\n<tr style=\"height: 36.00pt;\">\n<td class=\"et3\" style=\"height: 36.00pt; width: 124.50pt;\" width=\"124\" height=\"36\">Essgeschirr Typ<\/td>\n<td class=\"et3\" style=\"width: 214.40pt;\" width=\"214\">Teller, Tapa-Set, Kuchenst\u00e4nder, Becher<\/td>\n<\/tr>\n<tr style=\"height: 18.00pt;\">\n<td class=\"et3\" style=\"height: 18.00pt; width: 124.50pt;\" width=\"124\" height=\"18\">Material<\/td>\n<td class=\"et3\" style=\"width: 214.40pt;\" width=\"214\">Dauerhaftes Porzellan<\/td>\n<\/tr>\n<tr style=\"height: 18.00pt;\">\n<td class=\"et3\" style=\"height: 18.00pt; width: 124.50pt;\" width=\"124\" height=\"18\">Dimension<\/td>\n<td class=\"et3\" style=\"width: 214.40pt;\" width=\"214\">Wie Detailbild<\/td>\n<\/tr>\n<tr style=\"height: 18.00pt;\">\n<td class=\"et3\" style=\"height: 18.00pt; width: 124.50pt;\" width=\"124\" height=\"18\">Verkaufende Einheiten<\/td>\n<td class=\"et3\" style=\"width: 214.40pt;\" width=\"214\">Einzelnes Element<\/td>\n<\/tr>\n<tr style=\"height: 18.00pt;\">\n<td class=\"et3\" style=\"height: 18.00pt; width: 124.50pt;\" width=\"124\" height=\"18\">MOQ<\/td>\n<td class=\"et3\" style=\"width: 214.40pt;\" width=\"214\">1200\/St\u00fcck pro Artikel<\/td>\n<\/tr>\n<tr style=\"height: 18.00pt;\">\n<td class=\"et3\" style=\"height: 18.00pt; width: 124.50pt;\" width=\"124\" height=\"18\">Kundenspezifische Option<\/td>\n<td class=\"et3\" style=\"width: 214.40pt;\" width=\"214\">Farbe\/Gr\u00f6\u00dfe\/Glasur\/Logo\/Verpackung<\/td>\n<\/tr>\n<\/tbody>\n<\/table>","protected":false},"featured_media":5066,"comment_status":"closed","ping_status":"closed","template":"","meta":{"_acf_changed":false},"product_brand":[],"product_cat":[19,52],"product_tag":[37,34,27,26],"class_list":{"0":"post-5065","1":"product","2":"type-product","3":"status-publish","4":"has-post-thumbnail","6":"product_cat-dinnerware-wholesale","7":"product_cat-holiday-tableware-supplier","8":"product_tag-bulk-cake-stands","9":"product_tag-olive-oil-dipping-bowls-wholesale","10":"product_tag-wholesale-tea-cups-and-saucers","11":"product_tag-wholesale-teapots","13":"first","14":"instock","15":"shipping-taxable","16":"product-type-simple"},"acf":[],"_links":{"self":[{"href":"https:\/\/www.lovinghomecollection.com\/de\/wp-json\/wp\/v2\/product\/5065","targetHints":{"allow":["GET"]}}],"collection":[{"href":"https:\/\/www.lovinghomecollection.com\/de\/wp-json\/wp\/v2\/product"}],"about":[{"href":"https:\/\/www.lovinghomecollection.com\/de\/wp-json\/wp\/v2\/types\/product"}],"replies":[{"embeddable":true,"href":"https:\/\/www.lovinghomecollection.com\/de\/wp-json\/wp\/v2\/comments?post=5065"}],"wp:featuredmedia":[{"embeddable":true,"href":"https:\/\/www.lovinghomecollection.com\/de\/wp-json\/wp\/v2\/media\/5066"}],"wp:attachment":[{"href":"https:\/\/www.lovinghomecollection.com\/de\/wp-json\/wp\/v2\/media?parent=5065"}],"wp:term":[{"taxonomy":"product_brand","embeddable":true,"href":"https:\/\/www.lovinghomecollection.com\/de\/wp-json\/wp\/v2\/product_brand?post=5065"},{"taxonomy":"product_cat","embeddable":true,"href":"https:\/\/www.lovinghomecollection.com\/de\/wp-json\/wp\/v2\/product_cat?post=5065"},{"taxonomy":"product_tag","embeddable":true,"href":"https:\/\/www.lovinghomecollection.com\/de\/wp-json\/wp\/v2\/product_tag?post=5065"}],"curies":[{"name":"wp","href":"https:\/\/api.w.org\/{rel}","templated":true}]}}