{"id":5056,"date":"2025-11-11T06:56:52","date_gmt":"2025-11-11T06:56:52","guid":{"rendered":"https:\/\/www.lovinghomecollection.com\/?post_type=product&#038;p=5056"},"modified":"2025-11-27T06:32:24","modified_gmt":"2025-11-27T06:32:24","slug":"wholesale-ceramic-crockery","status":"publish","type":"product","link":"https:\/\/www.lovinghomecollection.com\/de\/produkt\/wholesale-ceramic-crockery\/","title":{"rendered":"Gro\u00dfhandel Keramikgeschirrset in warmen Farbt\u00f6nen mit gewellten R\u00e4ndern"},"content":{"rendered":"<div class=\"wp-block-columns is-layout-flex wp-container-core-columns-is-layout-9d6595d7 wp-block-columns-is-layout-flex\">\n<div class=\"wp-block-column is-layout-flow wp-block-column-is-layout-flow\" style=\"flex-basis:60%\">\n<h2 class=\"wp-block-heading\">Hochwertige Keramikgeschirrsets f\u00fcr den Gro\u00dfhandel Eigenschaften:<\/h2>\n\n\n\n<ul class=\"wp-block-list\">\n<li><strong>Nat\u00fcrliches \u00e4sthetisches Design: <\/strong>Die R\u00e4nder dieses Keramikgeschirrsatzes f\u00fcr den Gro\u00dfhandel erinnern an die geschwungene Form von Bl\u00fctenbl\u00e4ttern. Die Glasurfarben sind von Erdt\u00f6nen (Ingwer, Heidekraut, Creme) inspiriert und verleihen Ihrem Tisch einen k\u00fcnstlerischen Touch, insbesondere in Kombination mit Tulpen oder Holztischen.<\/li>\n\n\n\n<li><strong>Einzigartige Verglasungstechnik: <\/strong>Unsere englischen Terra-farbigen Geschirrsets f\u00fcr den Gro\u00dfhandel verwenden eine reaktive Glasur, die jedem St\u00fcck einen zarten Texturverlauf verleiht und dem Alltagsgeschirr eine warme, glatte Note gibt, um ein eint\u00f6niges Aussehen zu vermeiden und gleichzeitig einen handgefertigten k\u00fcnstlerischen Wert hinzuzuf\u00fcgen.<\/li>\n\n\n\n<li><strong>Vielseitige Sets f\u00fcr alle Szenarien:<\/strong> Unser Gro\u00dfhandelsangebot an Keramikgeschirr umfasst mehr als 20 einzelne Kategorien, darunter 22-cm-Teller, 32-cm-Ovalteller, Teekannen und Milchk\u00e4nnchen in verschiedenen Gr\u00f6\u00dfen f\u00fcr Getr\u00e4nke, Hauptgerichte und Desserts, sodass Ihre G\u00e4ste bei Ihrer Gro\u00dfhandelsbestellung einen kompletten Tischservice genie\u00dfen k\u00f6nnen.<\/li>\n\n\n\n<li><strong>Eine warme Atmosph\u00e4re schaffen:<\/strong> Die warmtonige Glasur dieses Geschirrsets passt perfekt zu Kerzen, Blumen und sanfter Beleuchtung und eignet sich daher besonders f\u00fcr gewerbliche R\u00e4ume, die eine bestimmte Atmosph\u00e4re erfordern, wie beispielsweise G\u00e4steh\u00e4user und Boutique-Hotels.<\/li>\n<\/ul>\n<\/div>\n\n\n\n<div class=\"wp-block-column is-layout-flow wp-block-column-is-layout-flow\">\n<figure class=\"wp-block-image size-full\"><img decoding=\"async\" width=\"800\" height=\"800\" src=\"https:\/\/www.lovinghomecollection.com\/wp-content\/uploads\/2025\/11\/Warm-Hue-Wholesale-Ceramic-Crockery-Set-With-Wavy-Edges-2.webp\" alt=\"Gro\u00dfhandel Keramikgeschirrset in warmen Farbt\u00f6nen mit gewellten R\u00e4ndern-2\" class=\"wp-image-5058\" srcset=\"https:\/\/www.lovinghomecollection.com\/wp-content\/uploads\/2025\/11\/Warm-Hue-Wholesale-Ceramic-Crockery-Set-With-Wavy-Edges-2.webp 800w, https:\/\/www.lovinghomecollection.com\/wp-content\/uploads\/2025\/11\/Warm-Hue-Wholesale-Ceramic-Crockery-Set-With-Wavy-Edges-2-300x300.webp 300w, https:\/\/www.lovinghomecollection.com\/wp-content\/uploads\/2025\/11\/Warm-Hue-Wholesale-Ceramic-Crockery-Set-With-Wavy-Edges-2-150x150.webp 150w, https:\/\/www.lovinghomecollection.com\/wp-content\/uploads\/2025\/11\/Warm-Hue-Wholesale-Ceramic-Crockery-Set-With-Wavy-Edges-2-768x768.webp 768w, https:\/\/www.lovinghomecollection.com\/wp-content\/uploads\/2025\/11\/Warm-Hue-Wholesale-Ceramic-Crockery-Set-With-Wavy-Edges-2-12x12.webp 12w, https:\/\/www.lovinghomecollection.com\/wp-content\/uploads\/2025\/11\/Warm-Hue-Wholesale-Ceramic-Crockery-Set-With-Wavy-Edges-2-600x600.webp 600w, https:\/\/www.lovinghomecollection.com\/wp-content\/uploads\/2025\/11\/Warm-Hue-Wholesale-Ceramic-Crockery-Set-With-Wavy-Edges-2-100x100.webp 100w\" sizes=\"(max-width: 800px) 100vw, 800px\" \/><\/figure>\n<\/div>\n<\/div>\n\n\n\n<h2 class=\"wp-block-heading has-text-align-center\">Produktpr\u00e4sentation von England Terra Gro\u00dfhandel Keramikgeschirr<\/h2>\n\n\n\n<div class=\"wp-block-columns is-layout-flex wp-container-core-columns-is-layout-9d6595d7 wp-block-columns-is-layout-flex\">\n<div class=\"wp-block-column is-layout-flow wp-block-column-is-layout-flow\">\n<figure class=\"wp-block-image size-full\"><img decoding=\"async\" width=\"1727\" height=\"1388\" src=\"https:\/\/www.lovinghomecollection.com\/wp-content\/uploads\/2025\/11\/Warm-Hue-Wholesale-Ceramic-Crockery-Set-With-Wavy-Edges-12.webp\" alt=\"Gro\u00dfhandel Keramikgeschirrset in warmen Farbt\u00f6nen mit gewellten R\u00e4ndern \u2013 12 St\u00fcck\" class=\"wp-image-5645\" srcset=\"https:\/\/www.lovinghomecollection.com\/wp-content\/uploads\/2025\/11\/Warm-Hue-Wholesale-Ceramic-Crockery-Set-With-Wavy-Edges-12.webp 1727w, https:\/\/www.lovinghomecollection.com\/wp-content\/uploads\/2025\/11\/Warm-Hue-Wholesale-Ceramic-Crockery-Set-With-Wavy-Edges-12-300x241.webp 300w, https:\/\/www.lovinghomecollection.com\/wp-content\/uploads\/2025\/11\/Warm-Hue-Wholesale-Ceramic-Crockery-Set-With-Wavy-Edges-12-768x617.webp 768w, https:\/\/www.lovinghomecollection.com\/wp-content\/uploads\/2025\/11\/Warm-Hue-Wholesale-Ceramic-Crockery-Set-With-Wavy-Edges-12-15x12.webp 15w, https:\/\/www.lovinghomecollection.com\/wp-content\/uploads\/2025\/11\/Warm-Hue-Wholesale-Ceramic-Crockery-Set-With-Wavy-Edges-12-1200x964.webp 1200w, https:\/\/www.lovinghomecollection.com\/wp-content\/uploads\/2025\/11\/Warm-Hue-Wholesale-Ceramic-Crockery-Set-With-Wavy-Edges-12-600x482.webp 600w\" sizes=\"(max-width: 1727px) 100vw, 1727px\" \/><\/figure>\n<\/div>\n\n\n\n<div class=\"wp-block-column is-layout-flow wp-block-column-is-layout-flow\">\n<figure class=\"wp-block-image size-full\"><img decoding=\"async\" width=\"1729\" height=\"1047\" src=\"https:\/\/www.lovinghomecollection.com\/wp-content\/uploads\/2025\/11\/Warm-Hue-Wholesale-Ceramic-Crockery-Set-With-Wavy-Edges-13.webp\" alt=\"Gro\u00dfhandel Keramikgeschirrset in warmen Farbt\u00f6nen mit gewellten R\u00e4ndern \u2013 13\" class=\"wp-image-5646\" srcset=\"https:\/\/www.lovinghomecollection.com\/wp-content\/uploads\/2025\/11\/Warm-Hue-Wholesale-Ceramic-Crockery-Set-With-Wavy-Edges-13.webp 1729w, https:\/\/www.lovinghomecollection.com\/wp-content\/uploads\/2025\/11\/Warm-Hue-Wholesale-Ceramic-Crockery-Set-With-Wavy-Edges-13-300x182.webp 300w, https:\/\/www.lovinghomecollection.com\/wp-content\/uploads\/2025\/11\/Warm-Hue-Wholesale-Ceramic-Crockery-Set-With-Wavy-Edges-13-768x465.webp 768w, https:\/\/www.lovinghomecollection.com\/wp-content\/uploads\/2025\/11\/Warm-Hue-Wholesale-Ceramic-Crockery-Set-With-Wavy-Edges-13-18x12.webp 18w, https:\/\/www.lovinghomecollection.com\/wp-content\/uploads\/2025\/11\/Warm-Hue-Wholesale-Ceramic-Crockery-Set-With-Wavy-Edges-13-1200x727.webp 1200w, https:\/\/www.lovinghomecollection.com\/wp-content\/uploads\/2025\/11\/Warm-Hue-Wholesale-Ceramic-Crockery-Set-With-Wavy-Edges-13-600x363.webp 600w\" sizes=\"(max-width: 1729px) 100vw, 1729px\" \/><\/figure>\n<\/div>\n<\/div>\n\n\n\n<p><\/p>","protected":false},"excerpt":{"rendered":"<p>Willkommen beim Kauf von Keramikgeschirr im Gro\u00dfhandel. Unsere englisch-terrakottafarbenen Geschirrsets zeichnen sich durch weiche, gewellte Kanten aus und sind in warmen Farbt\u00f6nen wie Gelb, Hellgr\u00fcn und Orange-Rosa erh\u00e4ltlich.<\/p>\n<table style=\"border-collapse: collapse; width: 338.02pt;\" border=\"0\" width=\"338\" cellspacing=\"0\" cellpadding=\"0\">\n<tbody>\n<tr style=\"height: 18.00pt;\">\n<td class=\"et3\" style=\"height: 18.00pt; width: 124.50pt;\" width=\"124\" height=\"18\">Hersteller<\/td>\n<td class=\"et3\" style=\"width: 214.40pt;\" width=\"214\">Liebevolles Zuhause<\/td>\n<\/tr>\n<tr style=\"height: 18.00pt;\">\n<td class=\"et3\" style=\"height: 18.00pt; width: 124.50pt;\" width=\"124\" height=\"18\">Sammlung Name<\/td>\n<td class=\"et4\" style=\"width: 214.40pt;\" width=\"214\">England Terra<\/td>\n<\/tr>\n<tr style=\"height: 18.00pt;\">\n<td class=\"et3\" style=\"height: 18.00pt; width: 124.50pt;\" width=\"124\" height=\"18\">Verwendung<\/td>\n<td class=\"et3\" style=\"width: 214.40pt;\" width=\"214\">Haus, Restaurant, Hotel<\/td>\n<\/tr>\n<tr style=\"height: 36.00pt;\">\n<td class=\"et3\" style=\"height: 36.00pt; width: 124.50pt;\" width=\"124\" height=\"36\">Essgeschirr Typ<\/td>\n<td class=\"et3\" style=\"width: 214.40pt;\" width=\"214\">Teller, Sch\u00fcssel, Butterdose, Teekanne, Milchk\u00e4nnchen, Zuckerdose, Tasse und Untertasse, Becher<\/td>\n<\/tr>\n<tr style=\"height: 18.00pt;\">\n<td class=\"et3\" style=\"height: 18.00pt; width: 124.50pt;\" width=\"124\" height=\"18\">Material<\/td>\n<td class=\"et3\" style=\"width: 214.40pt;\" width=\"214\">Dauerhaftes Porzellan<\/td>\n<\/tr>\n<tr style=\"height: 18.00pt;\">\n<td class=\"et3\" style=\"height: 18.00pt; width: 124.50pt;\" width=\"124\" height=\"18\">Dimension<\/td>\n<td class=\"et3\" style=\"width: 214.40pt;\" width=\"214\">Wie Detailbild<\/td>\n<\/tr>\n<tr style=\"height: 18.00pt;\">\n<td class=\"et3\" style=\"height: 18.00pt; width: 124.50pt;\" width=\"124\" height=\"18\">Verkaufende Einheiten<\/td>\n<td class=\"et3\" style=\"width: 214.40pt;\" width=\"214\">Einzelnes Element<\/td>\n<\/tr>\n<tr style=\"height: 18.00pt;\">\n<td class=\"et3\" style=\"height: 18.00pt; width: 124.50pt;\" width=\"124\" height=\"18\">MOQ<\/td>\n<td class=\"et3\" style=\"width: 214.40pt;\" width=\"214\">1200\/St\u00fcck pro Artikel<\/td>\n<\/tr>\n<tr style=\"height: 18.00pt;\">\n<td class=\"et3\" style=\"height: 18.00pt; width: 124.50pt;\" width=\"124\" height=\"18\">Kundenspezifische Option<\/td>\n<td class=\"et3\" style=\"width: 214.40pt;\" width=\"214\">Farbe\/Gr\u00f6\u00dfe\/Glasur\/Logo\/Verpackung<\/td>\n<\/tr>\n<\/tbody>\n<\/table>","protected":false},"featured_media":5064,"comment_status":"closed","ping_status":"closed","template":"","meta":{"_acf_changed":false},"product_brand":[],"product_cat":[19],"product_tag":[25,39,27,26],"class_list":{"0":"post-5056","1":"product","2":"type-product","3":"status-publish","4":"has-post-thumbnail","6":"product_cat-dinnerware-wholesale","7":"product_tag-wholesale-plates-and-bowls","8":"product_tag-sugar-jars-wholesale","9":"product_tag-wholesale-tea-cups-and-saucers","10":"product_tag-wholesale-teapots","12":"first","13":"instock","14":"shipping-taxable","15":"product-type-simple"},"acf":[],"_links":{"self":[{"href":"https:\/\/www.lovinghomecollection.com\/de\/wp-json\/wp\/v2\/product\/5056","targetHints":{"allow":["GET"]}}],"collection":[{"href":"https:\/\/www.lovinghomecollection.com\/de\/wp-json\/wp\/v2\/product"}],"about":[{"href":"https:\/\/www.lovinghomecollection.com\/de\/wp-json\/wp\/v2\/types\/product"}],"replies":[{"embeddable":true,"href":"https:\/\/www.lovinghomecollection.com\/de\/wp-json\/wp\/v2\/comments?post=5056"}],"wp:featuredmedia":[{"embeddable":true,"href":"https:\/\/www.lovinghomecollection.com\/de\/wp-json\/wp\/v2\/media\/5064"}],"wp:attachment":[{"href":"https:\/\/www.lovinghomecollection.com\/de\/wp-json\/wp\/v2\/media?parent=5056"}],"wp:term":[{"taxonomy":"product_brand","embeddable":true,"href":"https:\/\/www.lovinghomecollection.com\/de\/wp-json\/wp\/v2\/product_brand?post=5056"},{"taxonomy":"product_cat","embeddable":true,"href":"https:\/\/www.lovinghomecollection.com\/de\/wp-json\/wp\/v2\/product_cat?post=5056"},{"taxonomy":"product_tag","embeddable":true,"href":"https:\/\/www.lovinghomecollection.com\/de\/wp-json\/wp\/v2\/product_tag?post=5056"}],"curies":[{"name":"wp","href":"https:\/\/api.w.org\/{rel}","templated":true}]}}