{"id":5038,"date":"2025-11-05T06:54:02","date_gmt":"2025-11-05T06:54:02","guid":{"rendered":"https:\/\/www.lovinghomecollection.com\/?post_type=product&#038;p=5038"},"modified":"2025-11-20T08:06:59","modified_gmt":"2025-11-20T08:06:59","slug":"wholesale-serveware","status":"publish","type":"product","link":"https:\/\/www.lovinghomecollection.com\/de\/produkt\/wholesale-serveware\/","title":{"rendered":"Neues Design Gro\u00dfhandel Serviergeschirr, Weihnachten Platte Sch\u00fcssel Tasse Set"},"content":{"rendered":"<div class=\"wp-block-columns is-layout-flex wp-container-core-columns-is-layout-9d6595d7 wp-block-columns-is-layout-flex\">\n<div class=\"wp-block-column is-layout-flow wp-block-column-is-layout-flow\" style=\"flex-basis:60%\">\n<h2 class=\"wp-block-heading\">Hochwertige Serviergeschirr-Sets f\u00fcr den Gro\u00dfhandel Merkmale:<\/h2>\n\n\n\n<ul class=\"wp-block-list\">\n<li><strong>Originelles Weihnachtsdesign:<\/strong> Dieses Servicegeschirr-Set f\u00fcr den Gro\u00dfhandel vereint filigrane Formen wie Weihnachtsb\u00e4ume, Glocken und Blumen mit zeitlosen leuchtenden Rot- und Gr\u00fcnt\u00f6nen und matten Oberfl\u00e4chen, die selbst auf einem elegant gedeckten Tisch schnell eine gem\u00fctliche Weihnachtsstimmung schaffen.<\/li>\n\n\n\n<li><strong>Umfassendes Produktsortiment: <\/strong>Unsere Gro\u00dfhandelskollektion an Keramikgeschirr umfasst ein komplettes Produktangebot, darunter ein komplettes Sortiment an Tellern, Sch\u00fcsseln, Schalen, Tassen, Backblechen, Gew\u00fcrzflaschen und Aromatherapielampen sowie alles andere, was Sie gerade ben\u00f6tigen. Damit sind wir Ihr One-Stop-Shop f\u00fcr Gro\u00dfbestellungen.<\/li>\n\n\n\n<li><strong>Sicheres bleifreies Material:<\/strong> Unsere Gro\u00dfhandelskollektion an Serviergeschirr besteht aus lebensmittelechten, bleifreien glasierten Produkten, die langlebig und pflegeleicht sind. Das \u00e4sthetische Design sorgt zudem f\u00fcr Gesundheit und Lebensmittelsicherheit.<\/li>\n\n\n\n<li><strong>Hohe Anpassungsf\u00e4higkeit an verschiedene Szenarien: <\/strong>Unser Keramikgeschirr-Set f\u00fcr den Gro\u00dfhandel ist vielseitig einsetzbar f\u00fcr den t\u00e4glichen Gebrauch, Festessen und als Geschenk. Die matte Oberfl\u00e4che mit leuchtenden Farben passt sich jedem Einrichtungsstil an und wertet sowohl gewerbliche als auch private Umgebungen auf.<\/li>\n<\/ul>\n<\/div>\n\n\n\n<div class=\"wp-block-column is-layout-flow wp-block-column-is-layout-flow\">\n<figure class=\"wp-block-image size-full\"><img decoding=\"async\" width=\"800\" height=\"800\" src=\"https:\/\/www.lovinghomecollection.com\/wp-content\/uploads\/2025\/11\/New-Design-Wholesale-Serveware-Christmas-Plate-Bowl-Cup-Set-1.webp\" alt=\"Neues Design Gro\u00dfhandel Serviergeschirr, Weihnachten Teller Sch\u00fcssel Tasse Set-1\" class=\"wp-image-5039\" srcset=\"https:\/\/www.lovinghomecollection.com\/wp-content\/uploads\/2025\/11\/New-Design-Wholesale-Serveware-Christmas-Plate-Bowl-Cup-Set-1.webp 800w, https:\/\/www.lovinghomecollection.com\/wp-content\/uploads\/2025\/11\/New-Design-Wholesale-Serveware-Christmas-Plate-Bowl-Cup-Set-1-300x300.webp 300w, https:\/\/www.lovinghomecollection.com\/wp-content\/uploads\/2025\/11\/New-Design-Wholesale-Serveware-Christmas-Plate-Bowl-Cup-Set-1-150x150.webp 150w, https:\/\/www.lovinghomecollection.com\/wp-content\/uploads\/2025\/11\/New-Design-Wholesale-Serveware-Christmas-Plate-Bowl-Cup-Set-1-768x768.webp 768w, https:\/\/www.lovinghomecollection.com\/wp-content\/uploads\/2025\/11\/New-Design-Wholesale-Serveware-Christmas-Plate-Bowl-Cup-Set-1-12x12.webp 12w, https:\/\/www.lovinghomecollection.com\/wp-content\/uploads\/2025\/11\/New-Design-Wholesale-Serveware-Christmas-Plate-Bowl-Cup-Set-1-600x600.webp 600w, https:\/\/www.lovinghomecollection.com\/wp-content\/uploads\/2025\/11\/New-Design-Wholesale-Serveware-Christmas-Plate-Bowl-Cup-Set-1-100x100.webp 100w\" sizes=\"(max-width: 800px) 100vw, 800px\" \/><\/figure>\n<\/div>\n<\/div>\n\n\n\n<h2 class=\"wp-block-heading has-text-align-center\">Produktpr\u00e4sentation von Earthen Cheer Gro\u00dfhandelsservice-Sets<\/h2>\n\n\n\n<div class=\"wp-block-columns is-layout-flex wp-container-core-columns-is-layout-9d6595d7 wp-block-columns-is-layout-flex\">\n<div class=\"wp-block-column is-layout-flow wp-block-column-is-layout-flow\">\n<figure class=\"wp-block-image size-full\"><img decoding=\"async\" width=\"1715\" height=\"2480\" src=\"https:\/\/www.lovinghomecollection.com\/wp-content\/uploads\/2025\/11\/New-Design-Wholesale-Serveware-Christmas-Plate-Bowl-Cup-Set-18.webp\" alt=\"Neues Design Gro\u00dfhandel Serviergeschirr, Weihnachts-Teller-Sch\u00fcssel-Tassen-Set-18\" class=\"wp-image-5639\" srcset=\"https:\/\/www.lovinghomecollection.com\/wp-content\/uploads\/2025\/11\/New-Design-Wholesale-Serveware-Christmas-Plate-Bowl-Cup-Set-18.webp 1715w, https:\/\/www.lovinghomecollection.com\/wp-content\/uploads\/2025\/11\/New-Design-Wholesale-Serveware-Christmas-Plate-Bowl-Cup-Set-18-207x300.webp 207w, https:\/\/www.lovinghomecollection.com\/wp-content\/uploads\/2025\/11\/New-Design-Wholesale-Serveware-Christmas-Plate-Bowl-Cup-Set-18-768x1111.webp 768w, https:\/\/www.lovinghomecollection.com\/wp-content\/uploads\/2025\/11\/New-Design-Wholesale-Serveware-Christmas-Plate-Bowl-Cup-Set-18-8x12.webp 8w, https:\/\/www.lovinghomecollection.com\/wp-content\/uploads\/2025\/11\/New-Design-Wholesale-Serveware-Christmas-Plate-Bowl-Cup-Set-18-1200x1735.webp 1200w, https:\/\/www.lovinghomecollection.com\/wp-content\/uploads\/2025\/11\/New-Design-Wholesale-Serveware-Christmas-Plate-Bowl-Cup-Set-18-600x868.webp 600w\" sizes=\"(max-width: 1715px) 100vw, 1715px\" \/><\/figure>\n<\/div>\n\n\n\n<div class=\"wp-block-column is-layout-flow wp-block-column-is-layout-flow\">\n<figure class=\"wp-block-image size-full\"><img decoding=\"async\" width=\"1711\" height=\"1742\" src=\"https:\/\/www.lovinghomecollection.com\/wp-content\/uploads\/2025\/11\/New-Design-Wholesale-Serveware-Christmas-Plate-Bowl-Cup-Set-19.webp\" alt=\"Neues Design Gro\u00dfhandel Serviergeschirr, Weihnachts-Teller-Sch\u00fcssel-Tassen-Set-19\" class=\"wp-image-5640\" srcset=\"https:\/\/www.lovinghomecollection.com\/wp-content\/uploads\/2025\/11\/New-Design-Wholesale-Serveware-Christmas-Plate-Bowl-Cup-Set-19.webp 1711w, https:\/\/www.lovinghomecollection.com\/wp-content\/uploads\/2025\/11\/New-Design-Wholesale-Serveware-Christmas-Plate-Bowl-Cup-Set-19-295x300.webp 295w, https:\/\/www.lovinghomecollection.com\/wp-content\/uploads\/2025\/11\/New-Design-Wholesale-Serveware-Christmas-Plate-Bowl-Cup-Set-19-768x782.webp 768w, https:\/\/www.lovinghomecollection.com\/wp-content\/uploads\/2025\/11\/New-Design-Wholesale-Serveware-Christmas-Plate-Bowl-Cup-Set-19-12x12.webp 12w, https:\/\/www.lovinghomecollection.com\/wp-content\/uploads\/2025\/11\/New-Design-Wholesale-Serveware-Christmas-Plate-Bowl-Cup-Set-19-1200x1222.webp 1200w, https:\/\/www.lovinghomecollection.com\/wp-content\/uploads\/2025\/11\/New-Design-Wholesale-Serveware-Christmas-Plate-Bowl-Cup-Set-19-600x611.webp 600w\" sizes=\"(max-width: 1711px) 100vw, 1711px\" \/><\/figure>\n<\/div>\n<\/div>","protected":false},"excerpt":{"rendered":"<p>Entdecken Sie hochwertiges Geschirr f\u00fcr Weihnachten im Gro\u00dfhandel. Unser Keramikgeschirrset \u201eEarthen Cheer\u201c mit weihnachtlichen Motiven besticht durch leuchtende Rot- und Gr\u00fcnt\u00f6ne mit matter Oberfl\u00e4che und wurde mit Kerzenst\u00e4ndern, Aromatherapielampen und weiteren passenden Accessoires neu gestaltet.<\/p>\n<table style=\"border-collapse: collapse; width: 338.02pt;\" border=\"0\" width=\"338\" cellspacing=\"0\" cellpadding=\"0\">\n<tbody>\n<tr style=\"height: 18.00pt;\">\n<td class=\"et3\" style=\"height: 18.00pt; width: 124.50pt;\" width=\"124\" height=\"18\">Hersteller<\/td>\n<td class=\"et3\" style=\"width: 214.40pt;\" width=\"214\">Liebevolles Zuhause<\/td>\n<\/tr>\n<tr style=\"height: 18.00pt;\">\n<td class=\"et3\" style=\"height: 18.00pt; width: 124.50pt;\" width=\"124\" height=\"18\">Sammlung Name<\/td>\n<td class=\"et4\" style=\"width: 214.40pt;\" width=\"214\">Erdiger Jubel<\/td>\n<\/tr>\n<tr style=\"height: 18.00pt;\">\n<td class=\"et3\" style=\"height: 18.00pt; width: 124.50pt;\" width=\"124\" height=\"18\">Verwendung<\/td>\n<td class=\"et3\" style=\"width: 214.40pt;\" width=\"214\">Haus, Restaurant, Hotel<\/td>\n<\/tr>\n<tr style=\"height: 36.00pt;\">\n<td class=\"et3\" style=\"height: 36.00pt; width: 124.50pt;\" width=\"124\" height=\"36\">Essgeschirr Typ<\/td>\n<td class=\"et3\" style=\"width: 214.40pt;\" width=\"214\">Teller, Sch\u00fcssel, Teekanne, Milchk\u00e4nnchen, Zuckerdose, Tasse und Untertasse, Becher, Kuchenst\u00e4nder<\/td>\n<\/tr>\n<tr style=\"height: 18.00pt;\">\n<td class=\"et3\" style=\"height: 18.00pt; width: 124.50pt;\" width=\"124\" height=\"18\">Material<\/td>\n<td class=\"et3\" style=\"width: 214.40pt;\" width=\"214\">Dauerhaftes Porzellan<\/td>\n<\/tr>\n<tr style=\"height: 18.00pt;\">\n<td class=\"et3\" style=\"height: 18.00pt; width: 124.50pt;\" width=\"124\" height=\"18\">Dimension<\/td>\n<td class=\"et3\" style=\"width: 214.40pt;\" width=\"214\">Wie Detailbild<\/td>\n<\/tr>\n<tr style=\"height: 18.00pt;\">\n<td class=\"et3\" style=\"height: 18.00pt; width: 124.50pt;\" width=\"124\" height=\"18\">Verkaufende Einheiten<\/td>\n<td class=\"et3\" style=\"width: 214.40pt;\" width=\"214\">Einzelnes Element<\/td>\n<\/tr>\n<tr style=\"height: 18.00pt;\">\n<td class=\"et3\" style=\"height: 18.00pt; width: 124.50pt;\" width=\"124\" height=\"18\">MOQ<\/td>\n<td class=\"et3\" style=\"width: 214.40pt;\" width=\"214\">1200\/St\u00fcck pro Artikel<\/td>\n<\/tr>\n<tr style=\"height: 18.00pt;\">\n<td class=\"et3\" style=\"height: 18.00pt; width: 124.50pt;\" width=\"124\" height=\"18\">Kundenspezifische Option<\/td>\n<td class=\"et3\" style=\"width: 214.40pt;\" width=\"214\">Farbe\/Gr\u00f6\u00dfe\/Glasur\/Logo\/Verpackung<\/td>\n<\/tr>\n<\/tbody>\n<\/table>","protected":false},"featured_media":5636,"comment_status":"closed","ping_status":"closed","template":"","meta":{"_acf_changed":false},"product_brand":[],"product_cat":[19,52],"product_tag":[25,41,39,34,27,26],"class_list":{"0":"post-5038","1":"product","2":"type-product","3":"status-publish","4":"has-post-thumbnail","6":"product_cat-dinnerware-wholesale","7":"product_cat-holiday-tableware-supplier","8":"product_tag-wholesale-plates-and-bowls","9":"product_tag-salt-and-pepper-shakers-bulk","10":"product_tag-sugar-jars-wholesale","11":"product_tag-olive-oil-dipping-bowls-wholesale","12":"product_tag-wholesale-tea-cups-and-saucers","13":"product_tag-wholesale-teapots","15":"first","16":"instock","17":"shipping-taxable","18":"product-type-simple"},"acf":[],"_links":{"self":[{"href":"https:\/\/www.lovinghomecollection.com\/de\/wp-json\/wp\/v2\/product\/5038","targetHints":{"allow":["GET"]}}],"collection":[{"href":"https:\/\/www.lovinghomecollection.com\/de\/wp-json\/wp\/v2\/product"}],"about":[{"href":"https:\/\/www.lovinghomecollection.com\/de\/wp-json\/wp\/v2\/types\/product"}],"replies":[{"embeddable":true,"href":"https:\/\/www.lovinghomecollection.com\/de\/wp-json\/wp\/v2\/comments?post=5038"}],"wp:featuredmedia":[{"embeddable":true,"href":"https:\/\/www.lovinghomecollection.com\/de\/wp-json\/wp\/v2\/media\/5636"}],"wp:attachment":[{"href":"https:\/\/www.lovinghomecollection.com\/de\/wp-json\/wp\/v2\/media?parent=5038"}],"wp:term":[{"taxonomy":"product_brand","embeddable":true,"href":"https:\/\/www.lovinghomecollection.com\/de\/wp-json\/wp\/v2\/product_brand?post=5038"},{"taxonomy":"product_cat","embeddable":true,"href":"https:\/\/www.lovinghomecollection.com\/de\/wp-json\/wp\/v2\/product_cat?post=5038"},{"taxonomy":"product_tag","embeddable":true,"href":"https:\/\/www.lovinghomecollection.com\/de\/wp-json\/wp\/v2\/product_tag?post=5038"}],"curies":[{"name":"wp","href":"https:\/\/api.w.org\/{rel}","templated":true}]}}