{"id":4841,"date":"2025-09-23T07:45:06","date_gmt":"2025-09-23T07:45:06","guid":{"rendered":"https:\/\/www.lovinghomecollection.com\/?post_type=product&#038;p=4841"},"modified":"2025-11-17T09:13:38","modified_gmt":"2025-11-17T09:13:38","slug":"color-dinner-set-wholesale","status":"publish","type":"product","link":"https:\/\/www.lovinghomecollection.com\/de\/produkt\/color-dinner-set-wholesale\/","title":{"rendered":"Farbe Abendessen Set Gro\u00dfhandel mit chinesischen Oper Gesichter Muster"},"content":{"rendered":"<div class=\"wp-block-columns is-layout-flex wp-container-core-columns-is-layout-9d6595d7 wp-block-columns-is-layout-flex\">\n<div class=\"wp-block-column is-layout-flow wp-block-column-is-layout-flow\" style=\"flex-basis:60%\">\n<h2 class=\"wp-block-heading\">Premium Farbe Abendessen Set Gro\u00dfhandel Merkmale:<\/h2>\n\n\n\n<ul class=\"wp-block-list\">\n<li><strong>Immaterielles Kulturerbe der Oper Gesichtsschminke: <\/strong>Dieses farbige Tafelservice ist von der klassischen Peking-Oper inspiriert, mit verschiedenen Farben und Mustern, die den jeweiligen Charakteren entsprechen und dem Geschirr eine tiefgr\u00fcndige kulturelle Aussage verleihen.<\/li>\n\n\n\n<li><strong>Handgemalte Handwerkskunst und k\u00fcnstlerischer Sammlerwert: <\/strong>Dieses Porzellangeschirr in gro\u00dfen Mengen wird mit handgezeichneten und gef\u00e4rbten Techniken hergestellt, die zarte Pinselstriche mit leuchtenden Farben erm\u00f6glichen, so dass jedes St\u00fcck als funktionelles und k\u00fcnstlerisches Sammlerst\u00fcck betrachtet werden kann.<\/li>\n\n\n\n<li><strong>Verst\u00e4rktes keramisches Material und praktische Leistung: <\/strong>Unser farbiges Tafelservice f\u00fcr den Gro\u00dfhandel wird bei 1280 \u00b0C gebrannt, wodurch ein hochdichtes Porzellan und eine verschlei\u00dffeste Glasur entstehen. Sie sind mikrowellen- und sp\u00fclmaschinengeeignet und erf\u00fcllen die Anforderungen der modernen K\u00fcche an Effizienz und Haltbarkeit.<\/li>\n\n\n\n<li><strong>Vollst\u00e4ndiger Satz und thematische Anpassungsf\u00e4higkeit: <\/strong>Unser Porzellangeschirr in gro\u00dfen Mengen umfasst runde Teller, Suppenschalen, Gew\u00fcrzschalen und vieles mehr. Alle Artikel haben ein einheitliches Opernthema, das ein kulturelles Speiseerlebnis erm\u00f6glicht.<\/li>\n\n\n\n<li><strong>Ma\u00dfgeschneiderte Unterst\u00fctzung f\u00fcr Gro\u00dfhandel und Kulturf\u00f6rderung: <\/strong>Dieses farbige Tafelservice f\u00fcr den Gro\u00dfhandel unterst\u00fctzt die Gravur von Firmenlogos, individuelle Geschenkverpackungen und Marketingmaterialien, die Informationen zum kulturellen Hintergrund der Oper enthalten, und hilft Kunden beim Aufbau einer differenzierten Produktlinie f\u00fcr kulturelles geistiges Eigentum.<\/li>\n<\/ul>\n<\/div>\n\n\n\n<div class=\"wp-block-column is-layout-flow wp-block-column-is-layout-flow\">\n<figure class=\"wp-block-image size-full\"><img decoding=\"async\" width=\"1200\" height=\"1200\" src=\"https:\/\/www.lovinghomecollection.com\/wp-content\/uploads\/2025\/09\/Color-Dinner-Set-Wholesale-With-Chinese-Opera-Faces-Patterns-4.webp\" alt=\"Farbe Abendessen Set Gro\u00dfhandel mit chinesischen Oper Gesichter Patterns-4\" class=\"wp-image-4845\" srcset=\"https:\/\/www.lovinghomecollection.com\/wp-content\/uploads\/2025\/09\/Color-Dinner-Set-Wholesale-With-Chinese-Opera-Faces-Patterns-4.webp 1200w, https:\/\/www.lovinghomecollection.com\/wp-content\/uploads\/2025\/09\/Color-Dinner-Set-Wholesale-With-Chinese-Opera-Faces-Patterns-4-300x300.webp 300w, https:\/\/www.lovinghomecollection.com\/wp-content\/uploads\/2025\/09\/Color-Dinner-Set-Wholesale-With-Chinese-Opera-Faces-Patterns-4-150x150.webp 150w, https:\/\/www.lovinghomecollection.com\/wp-content\/uploads\/2025\/09\/Color-Dinner-Set-Wholesale-With-Chinese-Opera-Faces-Patterns-4-768x768.webp 768w, https:\/\/www.lovinghomecollection.com\/wp-content\/uploads\/2025\/09\/Color-Dinner-Set-Wholesale-With-Chinese-Opera-Faces-Patterns-4-12x12.webp 12w, https:\/\/www.lovinghomecollection.com\/wp-content\/uploads\/2025\/09\/Color-Dinner-Set-Wholesale-With-Chinese-Opera-Faces-Patterns-4-600x600.webp 600w, https:\/\/www.lovinghomecollection.com\/wp-content\/uploads\/2025\/09\/Color-Dinner-Set-Wholesale-With-Chinese-Opera-Faces-Patterns-4-100x100.webp 100w\" sizes=\"(max-width: 1200px) 100vw, 1200px\" \/><\/figure>\n<\/div>\n<\/div>\n\n\n\n<h2 class=\"wp-block-heading has-text-align-center\">Produktanzeige von Opera Faces Color Dinner Set Gro\u00dfhandel<\/h2>\n\n\n\n<div class=\"wp-block-columns is-layout-flex wp-container-core-columns-is-layout-9d6595d7 wp-block-columns-is-layout-flex\">\n<div class=\"wp-block-column is-layout-flow wp-block-column-is-layout-flow\">\n<figure class=\"wp-block-image size-full\"><img decoding=\"async\" width=\"1754\" height=\"1240\" src=\"https:\/\/www.lovinghomecollection.com\/wp-content\/uploads\/2025\/09\/Color-Dinner-Set-Wholesale-With-Chinese-Opera-Faces-Patterns-9.webp\" alt=\"Farbe Abendessen Set Gro\u00dfhandel mit chinesischen Oper Gesichter Muster-9\" class=\"wp-image-4850\" srcset=\"https:\/\/www.lovinghomecollection.com\/wp-content\/uploads\/2025\/09\/Color-Dinner-Set-Wholesale-With-Chinese-Opera-Faces-Patterns-9.webp 1754w, https:\/\/www.lovinghomecollection.com\/wp-content\/uploads\/2025\/09\/Color-Dinner-Set-Wholesale-With-Chinese-Opera-Faces-Patterns-9-300x212.webp 300w, https:\/\/www.lovinghomecollection.com\/wp-content\/uploads\/2025\/09\/Color-Dinner-Set-Wholesale-With-Chinese-Opera-Faces-Patterns-9-768x543.webp 768w, https:\/\/www.lovinghomecollection.com\/wp-content\/uploads\/2025\/09\/Color-Dinner-Set-Wholesale-With-Chinese-Opera-Faces-Patterns-9-18x12.webp 18w, https:\/\/www.lovinghomecollection.com\/wp-content\/uploads\/2025\/09\/Color-Dinner-Set-Wholesale-With-Chinese-Opera-Faces-Patterns-9-1200x848.webp 1200w, https:\/\/www.lovinghomecollection.com\/wp-content\/uploads\/2025\/09\/Color-Dinner-Set-Wholesale-With-Chinese-Opera-Faces-Patterns-9-600x424.webp 600w\" sizes=\"(max-width: 1754px) 100vw, 1754px\" \/><\/figure>\n<\/div>\n\n\n\n<div class=\"wp-block-column is-layout-flow wp-block-column-is-layout-flow\">\n<figure class=\"wp-block-image size-full\"><img decoding=\"async\" width=\"1754\" height=\"1240\" src=\"https:\/\/www.lovinghomecollection.com\/wp-content\/uploads\/2025\/09\/Color-Dinner-Set-Wholesale-With-Chinese-Opera-Faces-Patterns-10.webp\" alt=\"Farbe Abendessen Set Gro\u00dfhandel mit chinesischen Oper Gesichter Patterns-10\" class=\"wp-image-4851\" srcset=\"https:\/\/www.lovinghomecollection.com\/wp-content\/uploads\/2025\/09\/Color-Dinner-Set-Wholesale-With-Chinese-Opera-Faces-Patterns-10.webp 1754w, https:\/\/www.lovinghomecollection.com\/wp-content\/uploads\/2025\/09\/Color-Dinner-Set-Wholesale-With-Chinese-Opera-Faces-Patterns-10-300x212.webp 300w, https:\/\/www.lovinghomecollection.com\/wp-content\/uploads\/2025\/09\/Color-Dinner-Set-Wholesale-With-Chinese-Opera-Faces-Patterns-10-768x543.webp 768w, https:\/\/www.lovinghomecollection.com\/wp-content\/uploads\/2025\/09\/Color-Dinner-Set-Wholesale-With-Chinese-Opera-Faces-Patterns-10-18x12.webp 18w, https:\/\/www.lovinghomecollection.com\/wp-content\/uploads\/2025\/09\/Color-Dinner-Set-Wholesale-With-Chinese-Opera-Faces-Patterns-10-1200x848.webp 1200w, https:\/\/www.lovinghomecollection.com\/wp-content\/uploads\/2025\/09\/Color-Dinner-Set-Wholesale-With-Chinese-Opera-Faces-Patterns-10-600x424.webp 600w\" sizes=\"(max-width: 1754px) 100vw, 1754px\" \/><\/figure>\n<\/div>\n<\/div>","protected":false},"excerpt":{"rendered":"<p>Willkommen zum Kauf von Porzellangeschirr in gro\u00dfen Mengen. Diese Farbe Abendessen Set Gro\u00dfhandel sch\u00f6n kombiniert die traditionellen Elemente des Gesichts Make-up aus der chinesischen Oper mit modernen Essgeschirr Design, das seinen Charme der orientalischen Stil pr\u00e4sentieren wird.<\/p>\n<table style=\"border-collapse: collapse; width: 338.02pt;\" border=\"0\" width=\"338\" cellspacing=\"0\" cellpadding=\"0\">\n<tbody>\n<tr style=\"height: 18.00pt;\">\n<td class=\"et3\" style=\"height: 18.00pt; width: 124.50pt;\" width=\"124\" height=\"18\">Hersteller<\/td>\n<td class=\"et3\" style=\"width: 214.40pt;\" width=\"214\">Liebevolles Zuhause<\/td>\n<\/tr>\n<tr style=\"height: 18.00pt;\">\n<td class=\"et3\" style=\"height: 18.00pt; width: 124.50pt;\" width=\"124\" height=\"18\">Sammlung Name<\/td>\n<td class=\"et4\" style=\"width: 214.40pt;\" width=\"214\">Operngesichter<\/td>\n<\/tr>\n<tr style=\"height: 18.00pt;\">\n<td class=\"et3\" style=\"height: 18.00pt; width: 124.50pt;\" width=\"124\" height=\"18\">Verwendung<\/td>\n<td class=\"et3\" style=\"width: 214.40pt;\" width=\"214\">Haus, Restaurant, Hotel<\/td>\n<\/tr>\n<tr style=\"height: 36.00pt;\">\n<td class=\"et3\" style=\"height: 36.00pt; width: 124.50pt;\" width=\"124\" height=\"36\">Essgeschirr Typ<\/td>\n<td class=\"et3\" style=\"width: 214.40pt;\" width=\"214\">Teller, Sch\u00fcssel, Teekanne, Milchk\u00e4nnchen, Zuckerdose, Tasse und Untertasse, Becher<\/td>\n<\/tr>\n<tr style=\"height: 18.00pt;\">\n<td class=\"et3\" style=\"height: 18.00pt; width: 124.50pt;\" width=\"124\" height=\"18\">Material<\/td>\n<td class=\"et3\" style=\"width: 214.40pt;\" width=\"214\">Dauerhaftes Porzellan<\/td>\n<\/tr>\n<tr style=\"height: 18.00pt;\">\n<td class=\"et3\" style=\"height: 18.00pt; width: 124.50pt;\" width=\"124\" height=\"18\">Dimension<\/td>\n<td class=\"et3\" style=\"width: 214.40pt;\" width=\"214\">Wie Detailbild<\/td>\n<\/tr>\n<tr style=\"height: 18.00pt;\">\n<td class=\"et3\" style=\"height: 18.00pt; width: 124.50pt;\" width=\"124\" height=\"18\">Verkaufende Einheiten<\/td>\n<td class=\"et3\" style=\"width: 214.40pt;\" width=\"214\">Einzelnes Element<\/td>\n<\/tr>\n<tr style=\"height: 18.00pt;\">\n<td class=\"et3\" style=\"height: 18.00pt; width: 124.50pt;\" width=\"124\" height=\"18\">MOQ<\/td>\n<td class=\"et3\" style=\"width: 214.40pt;\" width=\"214\">1200\/St\u00fcck pro Artikel<\/td>\n<\/tr>\n<tr style=\"height: 18.00pt;\">\n<td class=\"et3\" style=\"height: 18.00pt; width: 124.50pt;\" width=\"124\" height=\"18\">Kundenspezifische Option<\/td>\n<td class=\"et3\" style=\"width: 214.40pt;\" width=\"214\">Farbe\/Gr\u00f6\u00dfe\/Glasur\/Logo\/Verpackung<\/td>\n<\/tr>\n<\/tbody>\n<\/table>","protected":false},"featured_media":4843,"comment_status":"closed","ping_status":"closed","template":"","meta":{"_acf_changed":false},"product_brand":[],"product_cat":[19],"product_tag":[25,39,27,26],"class_list":{"0":"post-4841","1":"product","2":"type-product","3":"status-publish","4":"has-post-thumbnail","6":"product_cat-dinnerware-wholesale","7":"product_tag-wholesale-plates-and-bowls","8":"product_tag-sugar-jars-wholesale","9":"product_tag-wholesale-tea-cups-and-saucers","10":"product_tag-wholesale-teapots","12":"first","13":"instock","14":"shipping-taxable","15":"product-type-simple"},"acf":[],"_links":{"self":[{"href":"https:\/\/www.lovinghomecollection.com\/de\/wp-json\/wp\/v2\/product\/4841","targetHints":{"allow":["GET"]}}],"collection":[{"href":"https:\/\/www.lovinghomecollection.com\/de\/wp-json\/wp\/v2\/product"}],"about":[{"href":"https:\/\/www.lovinghomecollection.com\/de\/wp-json\/wp\/v2\/types\/product"}],"replies":[{"embeddable":true,"href":"https:\/\/www.lovinghomecollection.com\/de\/wp-json\/wp\/v2\/comments?post=4841"}],"wp:featuredmedia":[{"embeddable":true,"href":"https:\/\/www.lovinghomecollection.com\/de\/wp-json\/wp\/v2\/media\/4843"}],"wp:attachment":[{"href":"https:\/\/www.lovinghomecollection.com\/de\/wp-json\/wp\/v2\/media?parent=4841"}],"wp:term":[{"taxonomy":"product_brand","embeddable":true,"href":"https:\/\/www.lovinghomecollection.com\/de\/wp-json\/wp\/v2\/product_brand?post=4841"},{"taxonomy":"product_cat","embeddable":true,"href":"https:\/\/www.lovinghomecollection.com\/de\/wp-json\/wp\/v2\/product_cat?post=4841"},{"taxonomy":"product_tag","embeddable":true,"href":"https:\/\/www.lovinghomecollection.com\/de\/wp-json\/wp\/v2\/product_tag?post=4841"}],"curies":[{"name":"wp","href":"https:\/\/api.w.org\/{rel}","templated":true}]}}