{"id":4830,"date":"2025-09-23T07:07:14","date_gmt":"2025-09-23T07:07:14","guid":{"rendered":"https:\/\/www.lovinghomecollection.com\/?post_type=product&#038;p=4830"},"modified":"2026-01-30T09:21:00","modified_gmt":"2026-01-30T09:21:00","slug":"colorful-dinner-set-wholesale","status":"publish","type":"product","link":"https:\/\/www.lovinghomecollection.com\/de\/produkt\/colorful-dinner-set-wholesale\/","title":{"rendered":"Buntes Tafelservice Gro\u00dfhandel, handbemaltes Blumengeschirr"},"content":{"rendered":"<div class=\"wp-block-columns is-layout-flex wp-container-core-columns-is-layout-9d6595d7 wp-block-columns-is-layout-flex\">\n<div class=\"wp-block-column is-layout-flow wp-block-column-is-layout-flow\" style=\"flex-basis:60%\">\n<h2 class=\"wp-block-heading\">Premium Buntes Abendessen Set Gro\u00dfhandel Merkmale:<\/h2>\n\n\n\n<ul class=\"wp-block-list\">\n<li><strong>Handgemalte Aquarelle mit k\u00fcnstlerischer Textur: <\/strong>Unsere farbenfrohen Tafelsets werden von Hand mit Blumenmustern bemalt, wodurch ein nat\u00fcrlicher und lebendiger Aquarelleffekt entsteht, der das Geschirr sowohl zu einem Sammlerst\u00fcck als auch praktisch macht.<\/li>\n\n\n\n<li><strong>Vollformat-Koordination: <\/strong>Unser Massengeschirr bietet mehr als 10 Formen, darunter Essteller, Suppenschalen und Teetassen, die alle eine einheitliche Farbe und ein einheitliches Muster haben, so dass sie leicht auf jeden Esstisch abgestimmt werden k\u00f6nnen.<\/li>\n\n\n\n<li><strong>Hochwertiges Porzellan:<\/strong> Dieses farbenfrohe Tafelservice im Gro\u00dfhandel ist aus hochtemperaturfestem Porzellan hergestellt, das eine feine, haltbare Textur aufweist. Es ist mikrowellen-, sp\u00fclmaschinen- und ofenfest und garantiert sowohl \u00c4sthetik als auch Langlebigkeit.<\/li>\n\n\n\n<li><strong>Mehrere Farbe Thema Koordinierung: <\/strong>Unser Massengeschirr bietet eine Vielzahl von Farboptionen, jede mit einem koordinierten Blumenmuster, um verschiedene Dekorationsanforderungen zu erf\u00fcllen.<\/li>\n\n\n\n<li><strong>Gro\u00dfhandel und kundenspezifische L\u00f6sungen: <\/strong>Unser farbenfrohes Tafelservice-Gro\u00dfhandel unterst\u00fctzt Logo, Verpackungsanpassung und Mix-and-Match-Beschaffung und bietet flexible Lieferl\u00f6sungen von kleinen Geschenksets bis hin zur gro\u00dfen Hotelbeschaffung.<\/li>\n<\/ul>\n<\/div>\n\n\n\n<div class=\"wp-block-column is-layout-flow wp-block-column-is-layout-flow\">\n<figure class=\"wp-block-image size-full\"><img decoding=\"async\" width=\"1200\" height=\"1200\" src=\"https:\/\/www.lovinghomecollection.com\/wp-content\/uploads\/2025\/09\/Colorful-Dinner-Set-Wholesale-Hand-Painted-Flower-Tableware-7.webp\" alt=\"Bunte Dinner Set Gro\u00dfhandel, Hand-Painted Blume Geschirr-7\" class=\"wp-image-4837\" srcset=\"https:\/\/www.lovinghomecollection.com\/wp-content\/uploads\/2025\/09\/Colorful-Dinner-Set-Wholesale-Hand-Painted-Flower-Tableware-7.webp 1200w, https:\/\/www.lovinghomecollection.com\/wp-content\/uploads\/2025\/09\/Colorful-Dinner-Set-Wholesale-Hand-Painted-Flower-Tableware-7-300x300.webp 300w, https:\/\/www.lovinghomecollection.com\/wp-content\/uploads\/2025\/09\/Colorful-Dinner-Set-Wholesale-Hand-Painted-Flower-Tableware-7-150x150.webp 150w, https:\/\/www.lovinghomecollection.com\/wp-content\/uploads\/2025\/09\/Colorful-Dinner-Set-Wholesale-Hand-Painted-Flower-Tableware-7-768x768.webp 768w, https:\/\/www.lovinghomecollection.com\/wp-content\/uploads\/2025\/09\/Colorful-Dinner-Set-Wholesale-Hand-Painted-Flower-Tableware-7-12x12.webp 12w, https:\/\/www.lovinghomecollection.com\/wp-content\/uploads\/2025\/09\/Colorful-Dinner-Set-Wholesale-Hand-Painted-Flower-Tableware-7-600x600.webp 600w, https:\/\/www.lovinghomecollection.com\/wp-content\/uploads\/2025\/09\/Colorful-Dinner-Set-Wholesale-Hand-Painted-Flower-Tableware-7-100x100.webp 100w\" sizes=\"(max-width: 1200px) 100vw, 1200px\" \/><\/figure>\n<\/div>\n<\/div>\n\n\n\n<h2 class=\"wp-block-heading has-text-align-center\">Produkt-Display von Aquarelle Garten Bunte Abendessen Set Gro\u00dfhandel<\/h2>\n\n\n\n<div class=\"wp-block-columns is-layout-flex wp-container-core-columns-is-layout-9d6595d7 wp-block-columns-is-layout-flex\">\n<div class=\"wp-block-column is-layout-flow wp-block-column-is-layout-flow\">\n<figure class=\"wp-block-image size-full\"><img decoding=\"async\" width=\"1754\" height=\"1240\" src=\"https:\/\/www.lovinghomecollection.com\/wp-content\/uploads\/2025\/09\/Colorful-Dinner-Set-Wholesale-Hand-Painted-Flower-Tableware-8.webp\" alt=\"Bunte Abendessen Set Gro\u00dfhandel, Hand-Painted Blume Geschirr-8\" class=\"wp-image-4838\" srcset=\"https:\/\/www.lovinghomecollection.com\/wp-content\/uploads\/2025\/09\/Colorful-Dinner-Set-Wholesale-Hand-Painted-Flower-Tableware-8.webp 1754w, https:\/\/www.lovinghomecollection.com\/wp-content\/uploads\/2025\/09\/Colorful-Dinner-Set-Wholesale-Hand-Painted-Flower-Tableware-8-300x212.webp 300w, https:\/\/www.lovinghomecollection.com\/wp-content\/uploads\/2025\/09\/Colorful-Dinner-Set-Wholesale-Hand-Painted-Flower-Tableware-8-768x543.webp 768w, https:\/\/www.lovinghomecollection.com\/wp-content\/uploads\/2025\/09\/Colorful-Dinner-Set-Wholesale-Hand-Painted-Flower-Tableware-8-18x12.webp 18w, https:\/\/www.lovinghomecollection.com\/wp-content\/uploads\/2025\/09\/Colorful-Dinner-Set-Wholesale-Hand-Painted-Flower-Tableware-8-1200x848.webp 1200w, https:\/\/www.lovinghomecollection.com\/wp-content\/uploads\/2025\/09\/Colorful-Dinner-Set-Wholesale-Hand-Painted-Flower-Tableware-8-600x424.webp 600w\" sizes=\"(max-width: 1754px) 100vw, 1754px\" \/><\/figure>\n<\/div>\n\n\n\n<div class=\"wp-block-column is-layout-flow wp-block-column-is-layout-flow\">\n<figure class=\"wp-block-image size-full\"><img decoding=\"async\" width=\"1754\" height=\"1240\" src=\"https:\/\/www.lovinghomecollection.com\/wp-content\/uploads\/2025\/09\/Colorful-Dinner-Set-Wholesale-Hand-Painted-Flower-Tableware-9.webp\" alt=\"Bunte Dinner Set Gro\u00dfhandel, Hand-Painted Blume Geschirr-9\" class=\"wp-image-4839\" srcset=\"https:\/\/www.lovinghomecollection.com\/wp-content\/uploads\/2025\/09\/Colorful-Dinner-Set-Wholesale-Hand-Painted-Flower-Tableware-9.webp 1754w, https:\/\/www.lovinghomecollection.com\/wp-content\/uploads\/2025\/09\/Colorful-Dinner-Set-Wholesale-Hand-Painted-Flower-Tableware-9-300x212.webp 300w, https:\/\/www.lovinghomecollection.com\/wp-content\/uploads\/2025\/09\/Colorful-Dinner-Set-Wholesale-Hand-Painted-Flower-Tableware-9-768x543.webp 768w, https:\/\/www.lovinghomecollection.com\/wp-content\/uploads\/2025\/09\/Colorful-Dinner-Set-Wholesale-Hand-Painted-Flower-Tableware-9-18x12.webp 18w, https:\/\/www.lovinghomecollection.com\/wp-content\/uploads\/2025\/09\/Colorful-Dinner-Set-Wholesale-Hand-Painted-Flower-Tableware-9-1200x848.webp 1200w, https:\/\/www.lovinghomecollection.com\/wp-content\/uploads\/2025\/09\/Colorful-Dinner-Set-Wholesale-Hand-Painted-Flower-Tableware-9-600x424.webp 600w\" sizes=\"(max-width: 1754px) 100vw, 1754px\" \/><\/figure>\n<\/div>\n<\/div>","protected":false},"excerpt":{"rendered":"<p>Willkommen zum Kauf von Geschirr in gro\u00dfen Mengen. Unser farbenfrohes Tafelservice im Gro\u00dfhandel mit handgemalten, wundersch\u00f6nen Blumenmustern ist einzigartig und k\u00fcnstlerisch. Wir bieten eine Vielzahl von Formen und Farben, von Esstellern und einzelnen Suppensch\u00fcsseln bis hin zu Bechern.<\/p>\n<table style=\"border-collapse: collapse; width: 338.02pt;\" border=\"0\" width=\"338\" cellspacing=\"0\" cellpadding=\"0\">\n<tbody>\n<tr style=\"height: 18.00pt;\">\n<td class=\"et3\" style=\"height: 18.00pt; width: 124.50pt;\" width=\"124\" height=\"18\">Hersteller<\/td>\n<td class=\"et3\" style=\"width: 214.40pt;\" width=\"214\">Liebevolles Zuhause<\/td>\n<\/tr>\n<tr style=\"height: 18.00pt;\">\n<td class=\"et3\" style=\"height: 18.00pt; width: 124.50pt;\" width=\"124\" height=\"18\">Sammlung Name<\/td>\n<td class=\"et4\" style=\"width: 214.40pt;\" width=\"214\">Aquarelle Garten<\/td>\n<\/tr>\n<tr style=\"height: 18.00pt;\">\n<td class=\"et3\" style=\"height: 18.00pt; width: 124.50pt;\" width=\"124\" height=\"18\">Verwendung<\/td>\n<td class=\"et3\" style=\"width: 214.40pt;\" width=\"214\">Haus, Restaurant, Hotel<\/td>\n<\/tr>\n<tr style=\"height: 36.00pt;\">\n<td class=\"et3\" style=\"height: 36.00pt; width: 124.50pt;\" width=\"124\" height=\"36\">Essgeschirr Typ<\/td>\n<td class=\"et3\" style=\"width: 214.40pt;\" width=\"214\">Teller, Sch\u00fcssel, Tortenst\u00e4nder, Tasse und Untertasse, Becher<\/td>\n<\/tr>\n<tr style=\"height: 18.00pt;\">\n<td class=\"et3\" style=\"height: 18.00pt; width: 124.50pt;\" width=\"124\" height=\"18\">Material<\/td>\n<td class=\"et3\" style=\"width: 214.40pt;\" width=\"214\">Dauerhaftes Porzellan<\/td>\n<\/tr>\n<tr style=\"height: 18.00pt;\">\n<td class=\"et3\" style=\"height: 18.00pt; width: 124.50pt;\" width=\"124\" height=\"18\">Dimension<\/td>\n<td class=\"et3\" style=\"width: 214.40pt;\" width=\"214\">Wie Detailbild<\/td>\n<\/tr>\n<tr style=\"height: 18.00pt;\">\n<td class=\"et3\" style=\"height: 18.00pt; width: 124.50pt;\" width=\"124\" height=\"18\">Verkaufende Einheiten<\/td>\n<td class=\"et3\" style=\"width: 214.40pt;\" width=\"214\">Einzelnes Element<\/td>\n<\/tr>\n<tr style=\"height: 18.00pt;\">\n<td class=\"et3\" style=\"height: 18.00pt; width: 124.50pt;\" width=\"124\" height=\"18\">MOQ<\/td>\n<td class=\"et3\" style=\"width: 214.40pt;\" width=\"214\">1200\/St\u00fcck pro Artikel<\/td>\n<\/tr>\n<tr style=\"height: 18.00pt;\">\n<td class=\"et3\" style=\"height: 18.00pt; width: 124.50pt;\" width=\"124\" height=\"18\">Kundenspezifische Option<\/td>\n<td class=\"et3\" style=\"width: 214.40pt;\" width=\"214\">Farbe\/Gr\u00f6\u00dfe\/Glasur\/Logo\/Verpackung<\/td>\n<\/tr>\n<\/tbody>\n<\/table>","protected":false},"featured_media":4840,"comment_status":"closed","ping_status":"closed","template":"","meta":{"_acf_changed":false},"product_brand":[],"product_cat":[19,47],"product_tag":[37,25,27],"class_list":{"0":"post-4830","1":"product","2":"type-product","3":"status-publish","4":"has-post-thumbnail","6":"product_cat-dinnerware-wholesale","7":"product_cat-lightweight-dinnerware-supplier","8":"product_tag-bulk-cake-stands","9":"product_tag-wholesale-plates-and-bowls","10":"product_tag-wholesale-tea-cups-and-saucers","12":"first","13":"instock","14":"shipping-taxable","15":"product-type-simple"},"acf":[],"_links":{"self":[{"href":"https:\/\/www.lovinghomecollection.com\/de\/wp-json\/wp\/v2\/product\/4830","targetHints":{"allow":["GET"]}}],"collection":[{"href":"https:\/\/www.lovinghomecollection.com\/de\/wp-json\/wp\/v2\/product"}],"about":[{"href":"https:\/\/www.lovinghomecollection.com\/de\/wp-json\/wp\/v2\/types\/product"}],"replies":[{"embeddable":true,"href":"https:\/\/www.lovinghomecollection.com\/de\/wp-json\/wp\/v2\/comments?post=4830"}],"wp:featuredmedia":[{"embeddable":true,"href":"https:\/\/www.lovinghomecollection.com\/de\/wp-json\/wp\/v2\/media\/4840"}],"wp:attachment":[{"href":"https:\/\/www.lovinghomecollection.com\/de\/wp-json\/wp\/v2\/media?parent=4830"}],"wp:term":[{"taxonomy":"product_brand","embeddable":true,"href":"https:\/\/www.lovinghomecollection.com\/de\/wp-json\/wp\/v2\/product_brand?post=4830"},{"taxonomy":"product_cat","embeddable":true,"href":"https:\/\/www.lovinghomecollection.com\/de\/wp-json\/wp\/v2\/product_cat?post=4830"},{"taxonomy":"product_tag","embeddable":true,"href":"https:\/\/www.lovinghomecollection.com\/de\/wp-json\/wp\/v2\/product_tag?post=4830"}],"curies":[{"name":"wp","href":"https:\/\/api.w.org\/{rel}","templated":true}]}}