{"id":4812,"date":"2025-09-18T08:14:16","date_gmt":"2025-09-18T08:14:16","guid":{"rendered":"https:\/\/www.lovinghomecollection.com\/?post_type=product&#038;p=4812"},"modified":"2025-11-11T09:13:06","modified_gmt":"2025-11-11T09:13:06","slug":"white-dinnerware-wholesale","status":"publish","type":"product","link":"https:\/\/www.lovinghomecollection.com\/de\/produkt\/white-dinnerware-wholesale\/","title":{"rendered":"Brauner Rand Wei\u00dfes Essgeschirr Gro\u00dfhandel mit unschlagbarem Preis"},"content":{"rendered":"<div class=\"wp-block-columns is-layout-flex wp-container-core-columns-is-layout-9d6595d7 wp-block-columns-is-layout-flex\">\n<div class=\"wp-block-column is-layout-flow wp-block-column-is-layout-flow\" style=\"flex-basis:60%\">\n<h2 class=\"wp-block-heading\">Premium White Dinnerware Gro\u00dfhandel Merkmale:<\/h2>\n\n\n\n<ul class=\"wp-block-list\">\n<li><strong>Hochwertiges Porzellan<\/strong> - Unser wei\u00dfes Essgeschirr im Gro\u00dfhandel ist aus bei hoher Temperatur gebranntem Porzellan gefertigt, was jedes St\u00fcck extrem haltbar und robust, aber leicht macht.<\/li>\n\n\n\n<li><strong>Exquisite gepr\u00e4gte Muster<\/strong> - Die kunstvoll ge\u00e4tzten Pr\u00e4gemuster auf diesen wei\u00dfen Geschirrsets f\u00fcr den Gro\u00dfhandel sind sowohl sch\u00f6n als auch einzigartig und verleihen ihnen einen Hauch von Raffinesse und einen Schuss Kunstfertigkeit.<\/li>\n\n\n\n<li><strong>Klassischer brauner Rahmen<\/strong> - Die schlichte, aber zeitlose braune Umrandung des wei\u00dfen Geschirrs bringt einen Hauch von Raffinesse und Eleganz in die Farbpalette, die jede Tafel\u00e4sthetik erg\u00e4nzt und ein luxuri\u00f6ses Gef\u00fchl vermittelt.<\/li>\n\n\n\n<li><strong>Unschlagbarer Wert<\/strong> - Wir bieten qualitativ hochwertige Essgeschirr-Sets zu wettbewerbsf\u00e4higen Preisen an, so dass Sie ein hervorragendes Preis-Leistungs-Verh\u00e4ltnis erhalten, ohne auf Qualit\u00e4t verzichten zu m\u00fcssen.<\/li>\n<\/ul>\n<\/div>\n\n\n\n<div class=\"wp-block-column is-layout-flow wp-block-column-is-layout-flow\">\n<figure class=\"wp-block-image size-full\"><img decoding=\"async\" width=\"750\" height=\"750\" src=\"https:\/\/www.lovinghomecollection.com\/wp-content\/uploads\/2025\/09\/Brown-Rim-White-Dinnerware-Wholesale-with-Unbeatable-Price-1.webp\" alt=\"Brown Rim Wei\u00df Geschirr Gro\u00dfhandel mit unschlagbaren Preis-1\" class=\"wp-image-4813\" srcset=\"https:\/\/www.lovinghomecollection.com\/wp-content\/uploads\/2025\/09\/Brown-Rim-White-Dinnerware-Wholesale-with-Unbeatable-Price-1.webp 750w, https:\/\/www.lovinghomecollection.com\/wp-content\/uploads\/2025\/09\/Brown-Rim-White-Dinnerware-Wholesale-with-Unbeatable-Price-1-300x300.webp 300w, https:\/\/www.lovinghomecollection.com\/wp-content\/uploads\/2025\/09\/Brown-Rim-White-Dinnerware-Wholesale-with-Unbeatable-Price-1-150x150.webp 150w, https:\/\/www.lovinghomecollection.com\/wp-content\/uploads\/2025\/09\/Brown-Rim-White-Dinnerware-Wholesale-with-Unbeatable-Price-1-12x12.webp 12w, https:\/\/www.lovinghomecollection.com\/wp-content\/uploads\/2025\/09\/Brown-Rim-White-Dinnerware-Wholesale-with-Unbeatable-Price-1-600x600.webp 600w, https:\/\/www.lovinghomecollection.com\/wp-content\/uploads\/2025\/09\/Brown-Rim-White-Dinnerware-Wholesale-with-Unbeatable-Price-1-100x100.webp 100w\" sizes=\"(max-width: 750px) 100vw, 750px\" \/><\/figure>\n<\/div>\n<\/div>\n\n\n\n<h2 class=\"wp-block-heading has-text-align-center\">Produktdarstellung von The Rhine White Dinnerware Gro\u00dfhandel<\/h2>\n\n\n\n<div class=\"wp-block-columns is-layout-flex wp-container-core-columns-is-layout-9d6595d7 wp-block-columns-is-layout-flex\">\n<div class=\"wp-block-column is-layout-flow wp-block-column-is-layout-flow\">\n<figure class=\"wp-block-image size-full\"><img decoding=\"async\" width=\"1160\" height=\"824\" src=\"https:\/\/www.lovinghomecollection.com\/wp-content\/uploads\/2025\/09\/Brown-Rim-White-Dinnerware-Wholesale-with-Unbeatable-Price-10.webp\" alt=\"Brown Rim Wei\u00df Geschirr Gro\u00dfhandel mit unschlagbaren Preis-10\" class=\"wp-image-4822\" srcset=\"https:\/\/www.lovinghomecollection.com\/wp-content\/uploads\/2025\/09\/Brown-Rim-White-Dinnerware-Wholesale-with-Unbeatable-Price-10.webp 1160w, https:\/\/www.lovinghomecollection.com\/wp-content\/uploads\/2025\/09\/Brown-Rim-White-Dinnerware-Wholesale-with-Unbeatable-Price-10-300x213.webp 300w, https:\/\/www.lovinghomecollection.com\/wp-content\/uploads\/2025\/09\/Brown-Rim-White-Dinnerware-Wholesale-with-Unbeatable-Price-10-768x546.webp 768w, https:\/\/www.lovinghomecollection.com\/wp-content\/uploads\/2025\/09\/Brown-Rim-White-Dinnerware-Wholesale-with-Unbeatable-Price-10-18x12.webp 18w, https:\/\/www.lovinghomecollection.com\/wp-content\/uploads\/2025\/09\/Brown-Rim-White-Dinnerware-Wholesale-with-Unbeatable-Price-10-600x426.webp 600w\" sizes=\"(max-width: 1160px) 100vw, 1160px\" \/><\/figure>\n<\/div>\n\n\n\n<div class=\"wp-block-column is-layout-flow wp-block-column-is-layout-flow\">\n<figure class=\"wp-block-image size-full\"><img decoding=\"async\" width=\"1160\" height=\"820\" src=\"https:\/\/www.lovinghomecollection.com\/wp-content\/uploads\/2025\/09\/Brown-Rim-White-Dinnerware-Wholesale-with-Unbeatable-Price-8.webp\" alt=\"Brown Rim White Geschirr Gro\u00dfhandel mit unschlagbaren Preis-8\" class=\"wp-image-4820\" srcset=\"https:\/\/www.lovinghomecollection.com\/wp-content\/uploads\/2025\/09\/Brown-Rim-White-Dinnerware-Wholesale-with-Unbeatable-Price-8.webp 1160w, https:\/\/www.lovinghomecollection.com\/wp-content\/uploads\/2025\/09\/Brown-Rim-White-Dinnerware-Wholesale-with-Unbeatable-Price-8-300x212.webp 300w, https:\/\/www.lovinghomecollection.com\/wp-content\/uploads\/2025\/09\/Brown-Rim-White-Dinnerware-Wholesale-with-Unbeatable-Price-8-768x543.webp 768w, https:\/\/www.lovinghomecollection.com\/wp-content\/uploads\/2025\/09\/Brown-Rim-White-Dinnerware-Wholesale-with-Unbeatable-Price-8-18x12.webp 18w, https:\/\/www.lovinghomecollection.com\/wp-content\/uploads\/2025\/09\/Brown-Rim-White-Dinnerware-Wholesale-with-Unbeatable-Price-8-600x424.webp 600w\" sizes=\"(max-width: 1160px) 100vw, 1160px\" \/><\/figure>\n<\/div>\n<\/div>","protected":false},"excerpt":{"rendered":"<p>Suchen Sie nach gro\u00dfen Tafelsets? Unser wei\u00dfes Geschirr im Gro\u00dfhandel hat einen klassischen braunen Rand, der f\u00fcr ein klares, modernes Erscheinungsbild sorgt. Die reich gepr\u00e4gte Oberfl\u00e4che verleiht dem Geschirr einen Hauch von Raffinesse und ist perfekt f\u00fcr jeden Anlass.<\/p>\n<table style=\"border-collapse: collapse; width: 338.02pt;\" border=\"0\" width=\"338\" cellspacing=\"0\" cellpadding=\"0\">\n<tbody>\n<tr style=\"height: 18.00pt;\">\n<td class=\"et3\" style=\"height: 18.00pt; width: 124.50pt;\" width=\"124\" height=\"18\">Hersteller<\/td>\n<td class=\"et3\" style=\"width: 214.40pt;\" width=\"214\">Liebevolles Zuhause<\/td>\n<\/tr>\n<tr style=\"height: 18.00pt;\">\n<td class=\"et3\" style=\"height: 18.00pt; width: 124.50pt;\" width=\"124\" height=\"18\">Sammlung Name<\/td>\n<td class=\"et4\" style=\"width: 214.40pt;\" width=\"214\">Der Rhein<\/td>\n<\/tr>\n<tr style=\"height: 18.00pt;\">\n<td class=\"et3\" style=\"height: 18.00pt; width: 124.50pt;\" width=\"124\" height=\"18\">Verwendung<\/td>\n<td class=\"et3\" style=\"width: 214.40pt;\" width=\"214\">Haus, Restaurant, Hotel<\/td>\n<\/tr>\n<tr style=\"height: 36.00pt;\">\n<td class=\"et3\" style=\"height: 36.00pt; width: 124.50pt;\" width=\"124\" height=\"36\">Essgeschirr Typ<\/td>\n<td class=\"et3\" style=\"width: 214.40pt;\" width=\"214\">Teller, Sch\u00fcssel, Teekanne, Milchk\u00e4nnchen, Zuckerdose, Tasse und Untertasse, Becher<\/td>\n<\/tr>\n<tr style=\"height: 18.00pt;\">\n<td class=\"et3\" style=\"height: 18.00pt; width: 124.50pt;\" width=\"124\" height=\"18\">Material<\/td>\n<td class=\"et3\" style=\"width: 214.40pt;\" width=\"214\">Dauerhaftes Porzellan<\/td>\n<\/tr>\n<tr style=\"height: 18.00pt;\">\n<td class=\"et3\" style=\"height: 18.00pt; width: 124.50pt;\" width=\"124\" height=\"18\">Dimension<\/td>\n<td class=\"et3\" style=\"width: 214.40pt;\" width=\"214\">Wie Detailbild<\/td>\n<\/tr>\n<tr style=\"height: 18.00pt;\">\n<td class=\"et3\" style=\"height: 18.00pt; width: 124.50pt;\" width=\"124\" height=\"18\">Verkaufende Einheiten<\/td>\n<td class=\"et3\" style=\"width: 214.40pt;\" width=\"214\">Einzelnes Element<\/td>\n<\/tr>\n<tr style=\"height: 18.00pt;\">\n<td class=\"et3\" style=\"height: 18.00pt; width: 124.50pt;\" width=\"124\" height=\"18\">MOQ<\/td>\n<td class=\"et3\" style=\"width: 214.40pt;\" width=\"214\">1200\/St\u00fcck pro Artikel<\/td>\n<\/tr>\n<tr style=\"height: 18.00pt;\">\n<td class=\"et3\" style=\"height: 18.00pt; width: 124.50pt;\" width=\"124\" height=\"18\">Kundenspezifische Option<\/td>\n<td class=\"et3\" style=\"width: 214.40pt;\" width=\"214\">Farbe\/Gr\u00f6\u00dfe\/Glasur\/Logo\/Verpackung<\/td>\n<\/tr>\n<\/tbody>\n<\/table>","protected":false},"featured_media":4823,"comment_status":"closed","ping_status":"closed","template":"","meta":{"_acf_changed":false},"product_brand":[],"product_cat":[19,49],"product_tag":[25,39,27,26],"class_list":{"0":"post-4812","1":"product","2":"type-product","3":"status-publish","4":"has-post-thumbnail","6":"product_cat-dinnerware-wholesale","7":"product_cat-wholesale-white-tableware","8":"product_tag-wholesale-plates-and-bowls","9":"product_tag-sugar-jars-wholesale","10":"product_tag-wholesale-tea-cups-and-saucers","11":"product_tag-wholesale-teapots","13":"first","14":"instock","15":"shipping-taxable","16":"product-type-simple"},"acf":[],"_links":{"self":[{"href":"https:\/\/www.lovinghomecollection.com\/de\/wp-json\/wp\/v2\/product\/4812","targetHints":{"allow":["GET"]}}],"collection":[{"href":"https:\/\/www.lovinghomecollection.com\/de\/wp-json\/wp\/v2\/product"}],"about":[{"href":"https:\/\/www.lovinghomecollection.com\/de\/wp-json\/wp\/v2\/types\/product"}],"replies":[{"embeddable":true,"href":"https:\/\/www.lovinghomecollection.com\/de\/wp-json\/wp\/v2\/comments?post=4812"}],"wp:featuredmedia":[{"embeddable":true,"href":"https:\/\/www.lovinghomecollection.com\/de\/wp-json\/wp\/v2\/media\/4823"}],"wp:attachment":[{"href":"https:\/\/www.lovinghomecollection.com\/de\/wp-json\/wp\/v2\/media?parent=4812"}],"wp:term":[{"taxonomy":"product_brand","embeddable":true,"href":"https:\/\/www.lovinghomecollection.com\/de\/wp-json\/wp\/v2\/product_brand?post=4812"},{"taxonomy":"product_cat","embeddable":true,"href":"https:\/\/www.lovinghomecollection.com\/de\/wp-json\/wp\/v2\/product_cat?post=4812"},{"taxonomy":"product_tag","embeddable":true,"href":"https:\/\/www.lovinghomecollection.com\/de\/wp-json\/wp\/v2\/product_tag?post=4812"}],"curies":[{"name":"wp","href":"https:\/\/api.w.org\/{rel}","templated":true}]}}