{"id":4802,"date":"2025-09-18T07:51:11","date_gmt":"2025-09-18T07:51:11","guid":{"rendered":"https:\/\/www.lovinghomecollection.com\/?post_type=product&#038;p=4802"},"modified":"2025-11-11T09:13:14","modified_gmt":"2025-11-11T09:13:14","slug":"wholesale-porcelain-dinner-sets","status":"publish","type":"product","link":"https:\/\/www.lovinghomecollection.com\/de\/produkt\/wholesale-porcelain-dinner-sets\/","title":{"rendered":"Gro\u00dfhandel Porzellangeschirr, wei\u00dfes und braunes Geschirr"},"content":{"rendered":"<div class=\"wp-block-columns is-layout-flex wp-container-core-columns-is-layout-9d6595d7 wp-block-columns-is-layout-flex\">\n<div class=\"wp-block-column is-layout-flow wp-block-column-is-layout-flow\" style=\"flex-basis:60%\">\n<h2 class=\"wp-block-heading\">Premium Gro\u00dfhandel Porzellan Abendessen setzt Features:<\/h2>\n\n\n\n<ul class=\"wp-block-list\">\n<li><strong>Hochwertiges Porzellan<\/strong> - Unsere Porzellan-Geschirrsets f\u00fcr den Gro\u00dfhandel werden aus feinem Ton hergestellt, der bei hohen Temperaturen gebrannt wird, was ihnen eine hervorragende Stabilit\u00e4t und Haltbarkeit verleiht. Ihre glatte und hochgl\u00e4nzende Oberfl\u00e4che l\u00e4sst sie nicht nur sch\u00f6n aussehen, sondern auch leicht zu pflegen.<\/li>\n\n\n\n<li><strong>Klassische Farbkombination<\/strong> - Die wei\u00dfen und braunen Farben dieser Geschirrsets sind unaufdringlich, aber lebendig, warm und \u00e4sthetisch reizvoll. Sie f\u00fcgen sich wunderbar in jede Tischdekoration ein und eignen sich f\u00fcr jedes Restaurant oder Zuhause.<\/li>\n\n\n\n<li><strong>Verschiedene Formen<\/strong> - Unsere Porzellan-Geschirrsets f\u00fcr den Gro\u00dfhandel enthalten verschiedene Formen wie Teller, Sch\u00fcsseln und Tassen. Die Vielfalt im Design erm\u00f6glicht eine abwechslungsreiche Anpassung, um alle Essensanl\u00e4sse und die Pr\u00e4sentation von Speisen zu erf\u00fcllen.<\/li>\n\n\n\n<li><strong>Ideal f\u00fcr den gesch\u00e4ftlichen und privaten Gebrauch<\/strong> - Unsere gro\u00dfen Geschirrsets eignen sich nicht nur f\u00fcr den Gebrauch in der Familie zu Hause, sondern auch f\u00fcr Gesch\u00e4ftseinrichtungen wie Restaurants und Hotels. Sie sind elegant und langlebig, verbessern das Esserlebnis und machen jede Mahlzeit zu einem denkw\u00fcrdigen Ereignis.<\/li>\n<\/ul>\n<\/div>\n\n\n\n<div class=\"wp-block-column is-layout-flow wp-block-column-is-layout-flow\">\n<figure class=\"wp-block-image size-full\"><img decoding=\"async\" width=\"750\" height=\"750\" src=\"https:\/\/www.lovinghomecollection.com\/wp-content\/uploads\/2025\/09\/Wholesale-Porcelain-Dinner-Sets-White-Brown-Crockery-2.webp\" alt=\"Gro\u00dfhandel Porzellan Abendessen Sets, wei\u00df &amp; braun Geschirr-2\" class=\"wp-image-4804\" srcset=\"https:\/\/www.lovinghomecollection.com\/wp-content\/uploads\/2025\/09\/Wholesale-Porcelain-Dinner-Sets-White-Brown-Crockery-2.webp 750w, https:\/\/www.lovinghomecollection.com\/wp-content\/uploads\/2025\/09\/Wholesale-Porcelain-Dinner-Sets-White-Brown-Crockery-2-300x300.webp 300w, https:\/\/www.lovinghomecollection.com\/wp-content\/uploads\/2025\/09\/Wholesale-Porcelain-Dinner-Sets-White-Brown-Crockery-2-150x150.webp 150w, https:\/\/www.lovinghomecollection.com\/wp-content\/uploads\/2025\/09\/Wholesale-Porcelain-Dinner-Sets-White-Brown-Crockery-2-12x12.webp 12w, https:\/\/www.lovinghomecollection.com\/wp-content\/uploads\/2025\/09\/Wholesale-Porcelain-Dinner-Sets-White-Brown-Crockery-2-600x600.webp 600w, https:\/\/www.lovinghomecollection.com\/wp-content\/uploads\/2025\/09\/Wholesale-Porcelain-Dinner-Sets-White-Brown-Crockery-2-100x100.webp 100w\" sizes=\"(max-width: 750px) 100vw, 750px\" \/><\/figure>\n<\/div>\n<\/div>\n\n\n\n<h2 class=\"wp-block-heading has-text-align-center\">Produktdarstellung von Interior Art Porzellan-Geschirrsets im Gro\u00dfhandel<\/h2>\n\n\n\n<div class=\"wp-block-columns is-layout-flex wp-container-core-columns-is-layout-9d6595d7 wp-block-columns-is-layout-flex\">\n<div class=\"wp-block-column is-layout-flow wp-block-column-is-layout-flow\">\n<figure class=\"wp-block-image size-full\"><img decoding=\"async\" width=\"1160\" height=\"822\" src=\"https:\/\/www.lovinghomecollection.com\/wp-content\/uploads\/2025\/09\/Wholesale-Porcelain-Dinner-Sets-White-Brown-Crockery-8.webp\" alt=\"Gro\u00dfhandel Porzellan Abendessen Sets, wei\u00df &amp; braun Geschirr-8\" class=\"wp-image-4810\" srcset=\"https:\/\/www.lovinghomecollection.com\/wp-content\/uploads\/2025\/09\/Wholesale-Porcelain-Dinner-Sets-White-Brown-Crockery-8.webp 1160w, https:\/\/www.lovinghomecollection.com\/wp-content\/uploads\/2025\/09\/Wholesale-Porcelain-Dinner-Sets-White-Brown-Crockery-8-300x213.webp 300w, https:\/\/www.lovinghomecollection.com\/wp-content\/uploads\/2025\/09\/Wholesale-Porcelain-Dinner-Sets-White-Brown-Crockery-8-768x544.webp 768w, https:\/\/www.lovinghomecollection.com\/wp-content\/uploads\/2025\/09\/Wholesale-Porcelain-Dinner-Sets-White-Brown-Crockery-8-18x12.webp 18w, https:\/\/www.lovinghomecollection.com\/wp-content\/uploads\/2025\/09\/Wholesale-Porcelain-Dinner-Sets-White-Brown-Crockery-8-600x425.webp 600w\" sizes=\"(max-width: 1160px) 100vw, 1160px\" \/><\/figure>\n<\/div>\n\n\n\n<div class=\"wp-block-column is-layout-flow wp-block-column-is-layout-flow\">\n<figure class=\"wp-block-image size-full\"><img decoding=\"async\" width=\"1156\" height=\"822\" src=\"https:\/\/www.lovinghomecollection.com\/wp-content\/uploads\/2025\/09\/Wholesale-Porcelain-Dinner-Sets-White-Brown-Crockery-7.webp\" alt=\"Gro\u00dfhandel Porzellan Abendessen Sets, wei\u00df &amp; braun Geschirr-7\" class=\"wp-image-4809\" srcset=\"https:\/\/www.lovinghomecollection.com\/wp-content\/uploads\/2025\/09\/Wholesale-Porcelain-Dinner-Sets-White-Brown-Crockery-7.webp 1156w, https:\/\/www.lovinghomecollection.com\/wp-content\/uploads\/2025\/09\/Wholesale-Porcelain-Dinner-Sets-White-Brown-Crockery-7-300x213.webp 300w, https:\/\/www.lovinghomecollection.com\/wp-content\/uploads\/2025\/09\/Wholesale-Porcelain-Dinner-Sets-White-Brown-Crockery-7-768x546.webp 768w, https:\/\/www.lovinghomecollection.com\/wp-content\/uploads\/2025\/09\/Wholesale-Porcelain-Dinner-Sets-White-Brown-Crockery-7-18x12.webp 18w, https:\/\/www.lovinghomecollection.com\/wp-content\/uploads\/2025\/09\/Wholesale-Porcelain-Dinner-Sets-White-Brown-Crockery-7-600x427.webp 600w\" sizes=\"(max-width: 1156px) 100vw, 1156px\" \/><\/figure>\n<\/div>\n<\/div>","protected":false},"excerpt":{"rendered":"<p>Suchen Sie nach hochwertigen Porzellan-Geschirrsets f\u00fcr den Gro\u00dfhandel? Unsere klassischen wei\u00dfen und braunen Geschirrsets bieten eine Vielzahl von Formen, die zu jeder Veranstaltung passen. F\u00fcr ein Familientreffen oder ein Gesch\u00e4ftsbankett bieten sie ein elegantes und zugleich praktisches Esserlebnis.<\/p>\n<table style=\"border-collapse: collapse; width: 338.02pt;\" border=\"0\" width=\"338\" cellspacing=\"0\" cellpadding=\"0\">\n<tbody>\n<tr style=\"height: 18.00pt;\">\n<td class=\"et3\" style=\"height: 18.00pt; width: 124.50pt;\" width=\"124\" height=\"18\">Hersteller<\/td>\n<td class=\"et3\" style=\"width: 214.40pt;\" width=\"214\">Liebevolles Zuhause<\/td>\n<\/tr>\n<tr style=\"height: 18.00pt;\">\n<td class=\"et3\" style=\"height: 18.00pt; width: 124.50pt;\" width=\"124\" height=\"18\">Sammlung Name<\/td>\n<td class=\"et4\" style=\"width: 214.40pt;\" width=\"214\">Innere Kunst<\/td>\n<\/tr>\n<tr style=\"height: 18.00pt;\">\n<td class=\"et3\" style=\"height: 18.00pt; width: 124.50pt;\" width=\"124\" height=\"18\">Verwendung<\/td>\n<td class=\"et3\" style=\"width: 214.40pt;\" width=\"214\">Haus, Restaurant, Hotel<\/td>\n<\/tr>\n<tr style=\"height: 36.00pt;\">\n<td class=\"et3\" style=\"height: 36.00pt; width: 124.50pt;\" width=\"124\" height=\"36\">Essgeschirr Typ<\/td>\n<td class=\"et3\" style=\"width: 214.40pt;\" width=\"214\">Teller, Sch\u00fcssel, Teekanne, Milchk\u00e4nnchen, Zuckerdose, Tasse und Untertasse, Becher<\/td>\n<\/tr>\n<tr style=\"height: 18.00pt;\">\n<td class=\"et3\" style=\"height: 18.00pt; width: 124.50pt;\" width=\"124\" height=\"18\">Material<\/td>\n<td class=\"et3\" style=\"width: 214.40pt;\" width=\"214\">Dauerhaftes Porzellan<\/td>\n<\/tr>\n<tr style=\"height: 18.00pt;\">\n<td class=\"et3\" style=\"height: 18.00pt; width: 124.50pt;\" width=\"124\" height=\"18\">Dimension<\/td>\n<td class=\"et3\" style=\"width: 214.40pt;\" width=\"214\">Wie Detailbild<\/td>\n<\/tr>\n<tr style=\"height: 18.00pt;\">\n<td class=\"et3\" style=\"height: 18.00pt; width: 124.50pt;\" width=\"124\" height=\"18\">Verkaufende Einheiten<\/td>\n<td class=\"et3\" style=\"width: 214.40pt;\" width=\"214\">Einzelnes Element<\/td>\n<\/tr>\n<tr style=\"height: 18.00pt;\">\n<td class=\"et3\" style=\"height: 18.00pt; width: 124.50pt;\" width=\"124\" height=\"18\">MOQ<\/td>\n<td class=\"et3\" style=\"width: 214.40pt;\" width=\"214\">1200\/St\u00fcck pro Artikel<\/td>\n<\/tr>\n<tr style=\"height: 18.00pt;\">\n<td class=\"et3\" style=\"height: 18.00pt; width: 124.50pt;\" width=\"124\" height=\"18\">Kundenspezifische Option<\/td>\n<td class=\"et3\" style=\"width: 214.40pt;\" width=\"214\">Farbe\/Gr\u00f6\u00dfe\/Glasur\/Logo\/Verpackung<\/td>\n<\/tr>\n<\/tbody>\n<\/table>","protected":false},"featured_media":4811,"comment_status":"closed","ping_status":"closed","template":"","meta":{"_acf_changed":false},"product_brand":[],"product_cat":[19,49],"product_tag":[25,39,27,26],"class_list":{"0":"post-4802","1":"product","2":"type-product","3":"status-publish","4":"has-post-thumbnail","6":"product_cat-dinnerware-wholesale","7":"product_cat-wholesale-white-tableware","8":"product_tag-wholesale-plates-and-bowls","9":"product_tag-sugar-jars-wholesale","10":"product_tag-wholesale-tea-cups-and-saucers","11":"product_tag-wholesale-teapots","13":"first","14":"instock","15":"shipping-taxable","16":"product-type-simple"},"acf":[],"_links":{"self":[{"href":"https:\/\/www.lovinghomecollection.com\/de\/wp-json\/wp\/v2\/product\/4802","targetHints":{"allow":["GET"]}}],"collection":[{"href":"https:\/\/www.lovinghomecollection.com\/de\/wp-json\/wp\/v2\/product"}],"about":[{"href":"https:\/\/www.lovinghomecollection.com\/de\/wp-json\/wp\/v2\/types\/product"}],"replies":[{"embeddable":true,"href":"https:\/\/www.lovinghomecollection.com\/de\/wp-json\/wp\/v2\/comments?post=4802"}],"wp:featuredmedia":[{"embeddable":true,"href":"https:\/\/www.lovinghomecollection.com\/de\/wp-json\/wp\/v2\/media\/4811"}],"wp:attachment":[{"href":"https:\/\/www.lovinghomecollection.com\/de\/wp-json\/wp\/v2\/media?parent=4802"}],"wp:term":[{"taxonomy":"product_brand","embeddable":true,"href":"https:\/\/www.lovinghomecollection.com\/de\/wp-json\/wp\/v2\/product_brand?post=4802"},{"taxonomy":"product_cat","embeddable":true,"href":"https:\/\/www.lovinghomecollection.com\/de\/wp-json\/wp\/v2\/product_cat?post=4802"},{"taxonomy":"product_tag","embeddable":true,"href":"https:\/\/www.lovinghomecollection.com\/de\/wp-json\/wp\/v2\/product_tag?post=4802"}],"curies":[{"name":"wp","href":"https:\/\/api.w.org\/{rel}","templated":true}]}}