{"id":4791,"date":"2025-09-18T07:33:24","date_gmt":"2025-09-18T07:33:24","guid":{"rendered":"https:\/\/www.lovinghomecollection.com\/?post_type=product&#038;p=4791"},"modified":"2025-11-05T06:53:54","modified_gmt":"2025-11-05T06:53:54","slug":"wholesale-square-dinnerware-sets","status":"publish","type":"product","link":"https:\/\/www.lovinghomecollection.com\/de\/produkt\/wholesale-square-dinnerware-sets\/","title":{"rendered":"Gro\u00dfhandel Square Geschirr Sets, Catering servieren Geschirr"},"content":{"rendered":"<div class=\"wp-block-columns is-layout-flex wp-container-core-columns-is-layout-9d6595d7 wp-block-columns-is-layout-flex\">\n<div class=\"wp-block-column is-layout-flow wp-block-column-is-layout-flow\" style=\"flex-basis:60%\">\n<h2 class=\"wp-block-heading\">Premium-Gro\u00dfhandel Square Geschirr Sets Eigenschaften:<\/h2>\n\n\n\n<ul class=\"wp-block-list\">\n<li><strong>Hochwertiges Porzellan: <\/strong>Unsere quadratischen Geschirrsets f\u00fcr den Gro\u00dfhandel bestehen aus speziell ausgew\u00e4hltem, bei hoher Temperatur gebranntem Porzellan, dessen Oberfl\u00e4che glatt, fein und angenehm zu ber\u00fchren ist, und das widerstandsf\u00e4hig gegen Flecken und bequem zu benutzen und zu reinigen ist.<\/li>\n\n\n\n<li><strong>Einzigartiges Riffelmuster: <\/strong>Diese Gro\u00dfk\u00fcchengeschirr-Sets verf\u00fcgen \u00fcber ein exklusives Riffelmuster, das einen flie\u00dfenden visuellen Effekt erzeugt, der einen modernen und k\u00fcnstlerischen Look erg\u00e4nzt.<\/li>\n\n\n\n<li><strong>Vielseitige Kombinationen:<\/strong> Diese quadratischen Geschirrsets f\u00fcr den Gro\u00dfhandel umfassen eine Kombination aus quadratischen Tellern, runden Sch\u00fcsseln und Tassen, die speziell in verschiedenen Formen und Gr\u00f6\u00dfen entworfen wurden, um zu jedem Essanlass zu passen.<\/li>\n\n\n\n<li><strong>Ideal f\u00fcr die gewerbliche Nutzung: <\/strong>Unsere Geschirrsets sind modern und langlebig, halten einer hohen Beanspruchung stand und sind leicht zu reinigen und zu pflegen. Damit sind sie eine ausgezeichnete Wahl, um das Esserlebnis zu verbessern und die Kunden zufrieden zu stellen.<\/li>\n<\/ul>\n<\/div>\n\n\n\n<div class=\"wp-block-column is-layout-flow wp-block-column-is-layout-flow\">\n<figure class=\"wp-block-image size-full\"><img decoding=\"async\" width=\"750\" height=\"750\" src=\"https:\/\/www.lovinghomecollection.com\/wp-content\/uploads\/2025\/09\/Wholesale-Square-Dinnerware-Sets-Catering-Serving-Crockery-6.webp\" alt=\"Gro\u00dfhandel Square Geschirr Sets, Catering servieren Geschirr-6\" class=\"wp-image-4797\" srcset=\"https:\/\/www.lovinghomecollection.com\/wp-content\/uploads\/2025\/09\/Wholesale-Square-Dinnerware-Sets-Catering-Serving-Crockery-6.webp 750w, https:\/\/www.lovinghomecollection.com\/wp-content\/uploads\/2025\/09\/Wholesale-Square-Dinnerware-Sets-Catering-Serving-Crockery-6-300x300.webp 300w, https:\/\/www.lovinghomecollection.com\/wp-content\/uploads\/2025\/09\/Wholesale-Square-Dinnerware-Sets-Catering-Serving-Crockery-6-150x150.webp 150w, https:\/\/www.lovinghomecollection.com\/wp-content\/uploads\/2025\/09\/Wholesale-Square-Dinnerware-Sets-Catering-Serving-Crockery-6-12x12.webp 12w, https:\/\/www.lovinghomecollection.com\/wp-content\/uploads\/2025\/09\/Wholesale-Square-Dinnerware-Sets-Catering-Serving-Crockery-6-600x600.webp 600w, https:\/\/www.lovinghomecollection.com\/wp-content\/uploads\/2025\/09\/Wholesale-Square-Dinnerware-Sets-Catering-Serving-Crockery-6-100x100.webp 100w\" sizes=\"(max-width: 750px) 100vw, 750px\" \/><\/figure>\n<\/div>\n<\/div>\n\n\n\n<h2 class=\"wp-block-heading has-text-align-center\">Produkt-Display der durch \u00c4tzen Gro\u00dfhandel Square Geschirr Sets<\/h2>\n\n\n\n<div class=\"wp-block-columns is-layout-flex wp-container-core-columns-is-layout-9d6595d7 wp-block-columns-is-layout-flex\">\n<div class=\"wp-block-column is-layout-flow wp-block-column-is-layout-flow\">\n<figure class=\"wp-block-image size-full\"><img decoding=\"async\" width=\"2338\" height=\"1653\" src=\"https:\/\/www.lovinghomecollection.com\/wp-content\/uploads\/2025\/09\/Wholesale-Square-Dinnerware-Sets-Catering-Serving-Crockery-9.webp\" alt=\"Gro\u00dfhandel Square Geschirr Sets, Catering servieren Crockery-9\" class=\"wp-image-4800\" srcset=\"https:\/\/www.lovinghomecollection.com\/wp-content\/uploads\/2025\/09\/Wholesale-Square-Dinnerware-Sets-Catering-Serving-Crockery-9.webp 2338w, https:\/\/www.lovinghomecollection.com\/wp-content\/uploads\/2025\/09\/Wholesale-Square-Dinnerware-Sets-Catering-Serving-Crockery-9-300x212.webp 300w, https:\/\/www.lovinghomecollection.com\/wp-content\/uploads\/2025\/09\/Wholesale-Square-Dinnerware-Sets-Catering-Serving-Crockery-9-768x543.webp 768w, https:\/\/www.lovinghomecollection.com\/wp-content\/uploads\/2025\/09\/Wholesale-Square-Dinnerware-Sets-Catering-Serving-Crockery-9-18x12.webp 18w, https:\/\/www.lovinghomecollection.com\/wp-content\/uploads\/2025\/09\/Wholesale-Square-Dinnerware-Sets-Catering-Serving-Crockery-9-1200x848.webp 1200w, https:\/\/www.lovinghomecollection.com\/wp-content\/uploads\/2025\/09\/Wholesale-Square-Dinnerware-Sets-Catering-Serving-Crockery-9-600x424.webp 600w\" sizes=\"(max-width: 2338px) 100vw, 2338px\" \/><\/figure>\n<\/div>\n\n\n\n<div class=\"wp-block-column is-layout-flow wp-block-column-is-layout-flow\">\n<figure class=\"wp-block-image size-full\"><img decoding=\"async\" width=\"2338\" height=\"1653\" src=\"https:\/\/www.lovinghomecollection.com\/wp-content\/uploads\/2025\/09\/Wholesale-Square-Dinnerware-Sets-Catering-Serving-Crockery-8.webp\" alt=\"Gro\u00dfhandel Square Geschirr Sets, Catering servieren Geschirr-8\" class=\"wp-image-4799\" srcset=\"https:\/\/www.lovinghomecollection.com\/wp-content\/uploads\/2025\/09\/Wholesale-Square-Dinnerware-Sets-Catering-Serving-Crockery-8.webp 2338w, https:\/\/www.lovinghomecollection.com\/wp-content\/uploads\/2025\/09\/Wholesale-Square-Dinnerware-Sets-Catering-Serving-Crockery-8-300x212.webp 300w, https:\/\/www.lovinghomecollection.com\/wp-content\/uploads\/2025\/09\/Wholesale-Square-Dinnerware-Sets-Catering-Serving-Crockery-8-768x543.webp 768w, https:\/\/www.lovinghomecollection.com\/wp-content\/uploads\/2025\/09\/Wholesale-Square-Dinnerware-Sets-Catering-Serving-Crockery-8-18x12.webp 18w, https:\/\/www.lovinghomecollection.com\/wp-content\/uploads\/2025\/09\/Wholesale-Square-Dinnerware-Sets-Catering-Serving-Crockery-8-1200x848.webp 1200w, https:\/\/www.lovinghomecollection.com\/wp-content\/uploads\/2025\/09\/Wholesale-Square-Dinnerware-Sets-Catering-Serving-Crockery-8-600x424.webp 600w\" sizes=\"(max-width: 2338px) 100vw, 2338px\" \/><\/figure>\n<\/div>\n<\/div>","protected":false},"excerpt":{"rendered":"<p>Suchen Sie einen Lieferanten f\u00fcr Catering-Geschirr? Unsere quadratischen Geschirrsets f\u00fcr den Gro\u00dfhandel sind aus hochwertigem Porzellan gefertigt und bestehen aus quadratischen Tellern, runden Schalen und Tassen. Die Oberfl\u00e4chen sind mit einem speziellen Riffelmuster versehen, das sie schlicht, aber elegant aussehen l\u00e4sst.<\/p>\n<table style=\"border-collapse: collapse; width: 338.02pt;\" border=\"0\" width=\"338\" cellspacing=\"0\" cellpadding=\"0\">\n<tbody>\n<tr style=\"height: 18.00pt;\">\n<td class=\"et3\" style=\"height: 18.00pt; width: 124.50pt;\" width=\"124\" height=\"18\">Hersteller<\/td>\n<td class=\"et3\" style=\"width: 214.40pt;\" width=\"214\">Liebevolles Zuhause<\/td>\n<\/tr>\n<tr style=\"height: 18.00pt;\">\n<td class=\"et3\" style=\"height: 18.00pt; width: 124.50pt;\" width=\"124\" height=\"18\">Sammlung Name<\/td>\n<td class=\"et4\" style=\"width: 214.40pt;\" width=\"214\">Durch \u00c4tzen<\/td>\n<\/tr>\n<tr style=\"height: 18.00pt;\">\n<td class=\"et3\" style=\"height: 18.00pt; width: 124.50pt;\" width=\"124\" height=\"18\">Verwendung<\/td>\n<td class=\"et3\" style=\"width: 214.40pt;\" width=\"214\">Haus, Restaurant, Hotel<\/td>\n<\/tr>\n<tr style=\"height: 36.00pt;\">\n<td class=\"et3\" style=\"height: 36.00pt; width: 124.50pt;\" width=\"124\" height=\"36\">Essgeschirr Typ<\/td>\n<td class=\"et3\" style=\"width: 214.40pt;\" width=\"214\">Teller, Sch\u00fcssel, Becher<\/td>\n<\/tr>\n<tr style=\"height: 18.00pt;\">\n<td class=\"et3\" style=\"height: 18.00pt; width: 124.50pt;\" width=\"124\" height=\"18\">Material<\/td>\n<td class=\"et3\" style=\"width: 214.40pt;\" width=\"214\">Dauerhaftes Porzellan<\/td>\n<\/tr>\n<tr style=\"height: 18.00pt;\">\n<td class=\"et3\" style=\"height: 18.00pt; width: 124.50pt;\" width=\"124\" height=\"18\">Dimension<\/td>\n<td class=\"et3\" style=\"width: 214.40pt;\" width=\"214\">Wie Detailbild<\/td>\n<\/tr>\n<tr style=\"height: 18.00pt;\">\n<td class=\"et3\" style=\"height: 18.00pt; width: 124.50pt;\" width=\"124\" height=\"18\">Verkaufende Einheiten<\/td>\n<td class=\"et3\" style=\"width: 214.40pt;\" width=\"214\">Einzelnes Element<\/td>\n<\/tr>\n<tr style=\"height: 18.00pt;\">\n<td class=\"et3\" style=\"height: 18.00pt; width: 124.50pt;\" width=\"124\" height=\"18\">MOQ<\/td>\n<td class=\"et3\" style=\"width: 214.40pt;\" width=\"214\">1200\/St\u00fcck pro Artikel<\/td>\n<\/tr>\n<tr style=\"height: 18.00pt;\">\n<td class=\"et3\" style=\"height: 18.00pt; width: 124.50pt;\" width=\"124\" height=\"18\">Kundenspezifische Option<\/td>\n<td class=\"et3\" style=\"width: 214.40pt;\" width=\"214\">Farbe\/Gr\u00f6\u00dfe\/Glasur\/Logo\/Verpackung<\/td>\n<\/tr>\n<\/tbody>\n<\/table>","protected":false},"featured_media":4792,"comment_status":"closed","ping_status":"closed","template":"","meta":{"_acf_changed":false},"product_brand":[],"product_cat":[19,49],"product_tag":[25,27],"class_list":{"0":"post-4791","1":"product","2":"type-product","3":"status-publish","4":"has-post-thumbnail","6":"product_cat-dinnerware-wholesale","7":"product_cat-wholesale-white-tableware","8":"product_tag-wholesale-plates-and-bowls","9":"product_tag-wholesale-tea-cups-and-saucers","11":"first","12":"instock","13":"shipping-taxable","14":"product-type-simple"},"acf":[],"_links":{"self":[{"href":"https:\/\/www.lovinghomecollection.com\/de\/wp-json\/wp\/v2\/product\/4791","targetHints":{"allow":["GET"]}}],"collection":[{"href":"https:\/\/www.lovinghomecollection.com\/de\/wp-json\/wp\/v2\/product"}],"about":[{"href":"https:\/\/www.lovinghomecollection.com\/de\/wp-json\/wp\/v2\/types\/product"}],"replies":[{"embeddable":true,"href":"https:\/\/www.lovinghomecollection.com\/de\/wp-json\/wp\/v2\/comments?post=4791"}],"wp:featuredmedia":[{"embeddable":true,"href":"https:\/\/www.lovinghomecollection.com\/de\/wp-json\/wp\/v2\/media\/4792"}],"wp:attachment":[{"href":"https:\/\/www.lovinghomecollection.com\/de\/wp-json\/wp\/v2\/media?parent=4791"}],"wp:term":[{"taxonomy":"product_brand","embeddable":true,"href":"https:\/\/www.lovinghomecollection.com\/de\/wp-json\/wp\/v2\/product_brand?post=4791"},{"taxonomy":"product_cat","embeddable":true,"href":"https:\/\/www.lovinghomecollection.com\/de\/wp-json\/wp\/v2\/product_cat?post=4791"},{"taxonomy":"product_tag","embeddable":true,"href":"https:\/\/www.lovinghomecollection.com\/de\/wp-json\/wp\/v2\/product_tag?post=4791"}],"curies":[{"name":"wp","href":"https:\/\/api.w.org\/{rel}","templated":true}]}}