{"id":4513,"date":"2025-08-05T10:24:02","date_gmt":"2025-08-05T10:24:02","guid":{"rendered":"https:\/\/www.lovinghomecollection.com\/?post_type=product&#038;p=4513"},"modified":"2025-11-05T06:53:45","modified_gmt":"2025-11-05T06:53:45","slug":"wholesale-dinner-service-sets","status":"publish","type":"product","link":"https:\/\/www.lovinghomecollection.com\/de\/produkt\/wholesale-dinner-service-sets\/","title":{"rendered":"Gro\u00dfhandel Abendessen Service Sets, Obst Muster Geschirr Bulk"},"content":{"rendered":"<div class=\"wp-block-columns is-layout-flex wp-container-core-columns-is-layout-9d6595d7 wp-block-columns-is-layout-flex\">\n<div class=\"wp-block-column is-layout-flow wp-block-column-is-layout-flow\" style=\"flex-basis:60%\">\n<h2 class=\"wp-block-heading\">Premium Gro\u00dfhandel Abendessen Service Sets Eigenschaften:<\/h2>\n\n\n\n<ul class=\"wp-block-list\">\n<li><strong>Muster f\u00fcr frisches Obst: <\/strong>Unsere Tafelservice-Sets f\u00fcr den Gro\u00dfhandel zeichnen sich durch eine Vielzahl von bezaubernden Obst- und Naturmustern, leuchtenden Farben und verspielten Formen aus und schaffen eine entspannte und angenehme Essatmosph\u00e4re.<\/li>\n\n\n\n<li><strong>Sowohl \u00e4sthetisch als auch in Bezug auf die Haltbarkeit: <\/strong>Dieses gro\u00dfe Geschirrset ist aus strapazierf\u00e4higem Porzellan gefertigt und verf\u00fcgt \u00fcber eine glatte Glasur, die fleckenresistent und leicht zu reinigen ist. Au\u00dferdem ist es hitzebest\u00e4ndig sowie mikrowellen- und sp\u00fclmaschinengeeignet.<\/li>\n\n\n\n<li><strong>Kombinierbar f\u00fcr eine Vielzahl von Anl\u00e4ssen: <\/strong>Unsere Gro\u00dfhandelsservice-Sets umfassen eine Vielzahl g\u00e4ngiger Geschirrteile, darunter flache Teller, tiefe Teller, ovale Platten, Salatsch\u00fcsseln und Becher, um die unterschiedlichsten Bed\u00fcrfnisse zu erf\u00fcllen.<\/li>\n\n\n\n<li><strong>Erf\u00fcllung unterschiedlicher Marken- und Marktanforderungen:<\/strong> Wir bieten OEM\/ODM-Dienstleistungen f\u00fcr gro\u00dfe Geschirrsets an, einschlie\u00dflich Logoanpassung, Musteranpassung und Verpackungsanpassung, und helfen unseren Kunden, ihr eigenes, einzigartiges Geschirr zu kreieren.<\/li>\n<\/ul>\n<\/div>\n\n\n\n<div class=\"wp-block-column is-layout-flow wp-block-column-is-layout-flow\">\n<figure class=\"wp-block-image size-full\"><img decoding=\"async\" width=\"1200\" height=\"1200\" src=\"https:\/\/www.lovinghomecollection.com\/wp-content\/uploads\/2025\/08\/Wholesale-Dinner-Service-Sets-Fruit-Pattern-Crockery-Bulk-3.webp\" alt=\"Gro\u00dfhandel Abendessen Service Sets, Obst Muster Geschirr Bulk-3\" class=\"wp-image-4544\" srcset=\"https:\/\/www.lovinghomecollection.com\/wp-content\/uploads\/2025\/08\/Wholesale-Dinner-Service-Sets-Fruit-Pattern-Crockery-Bulk-3.webp 1200w, https:\/\/www.lovinghomecollection.com\/wp-content\/uploads\/2025\/08\/Wholesale-Dinner-Service-Sets-Fruit-Pattern-Crockery-Bulk-3-300x300.webp 300w, https:\/\/www.lovinghomecollection.com\/wp-content\/uploads\/2025\/08\/Wholesale-Dinner-Service-Sets-Fruit-Pattern-Crockery-Bulk-3-150x150.webp 150w, https:\/\/www.lovinghomecollection.com\/wp-content\/uploads\/2025\/08\/Wholesale-Dinner-Service-Sets-Fruit-Pattern-Crockery-Bulk-3-768x768.webp 768w, https:\/\/www.lovinghomecollection.com\/wp-content\/uploads\/2025\/08\/Wholesale-Dinner-Service-Sets-Fruit-Pattern-Crockery-Bulk-3-12x12.webp 12w, https:\/\/www.lovinghomecollection.com\/wp-content\/uploads\/2025\/08\/Wholesale-Dinner-Service-Sets-Fruit-Pattern-Crockery-Bulk-3-600x600.webp 600w, https:\/\/www.lovinghomecollection.com\/wp-content\/uploads\/2025\/08\/Wholesale-Dinner-Service-Sets-Fruit-Pattern-Crockery-Bulk-3-100x100.webp 100w\" sizes=\"(max-width: 1200px) 100vw, 1200px\" \/><\/figure>\n<\/div>\n<\/div>\n\n\n\n<h2 class=\"wp-block-heading has-text-align-center\">Produktdarstellung von Fruit Breeze Gro\u00dfhandelsservice Sets<\/h2>\n\n\n\n<div class=\"wp-block-columns is-layout-flex wp-container-core-columns-is-layout-9d6595d7 wp-block-columns-is-layout-flex\">\n<div class=\"wp-block-column is-layout-flow wp-block-column-is-layout-flow\">\n<figure class=\"wp-block-image size-full\"><img decoding=\"async\" width=\"2137\" height=\"2171\" src=\"https:\/\/www.lovinghomecollection.com\/wp-content\/uploads\/2025\/08\/Wholesale-Dinner-Service-Sets-Fruit-Pattern-Crockery-Bulk-9.webp\" alt=\"Gro\u00dfhandel Abendessen Service Sets, Obst Muster Geschirr Bulk-9\" class=\"wp-image-4550\" srcset=\"https:\/\/www.lovinghomecollection.com\/wp-content\/uploads\/2025\/08\/Wholesale-Dinner-Service-Sets-Fruit-Pattern-Crockery-Bulk-9.webp 2137w, https:\/\/www.lovinghomecollection.com\/wp-content\/uploads\/2025\/08\/Wholesale-Dinner-Service-Sets-Fruit-Pattern-Crockery-Bulk-9-295x300.webp 295w, https:\/\/www.lovinghomecollection.com\/wp-content\/uploads\/2025\/08\/Wholesale-Dinner-Service-Sets-Fruit-Pattern-Crockery-Bulk-9-768x780.webp 768w, https:\/\/www.lovinghomecollection.com\/wp-content\/uploads\/2025\/08\/Wholesale-Dinner-Service-Sets-Fruit-Pattern-Crockery-Bulk-9-12x12.webp 12w, https:\/\/www.lovinghomecollection.com\/wp-content\/uploads\/2025\/08\/Wholesale-Dinner-Service-Sets-Fruit-Pattern-Crockery-Bulk-9-1200x1219.webp 1200w, https:\/\/www.lovinghomecollection.com\/wp-content\/uploads\/2025\/08\/Wholesale-Dinner-Service-Sets-Fruit-Pattern-Crockery-Bulk-9-600x610.webp 600w\" sizes=\"(max-width: 2137px) 100vw, 2137px\" \/><\/figure>\n<\/div>\n\n\n\n<div class=\"wp-block-column is-layout-flow wp-block-column-is-layout-flow\">\n<figure class=\"wp-block-image size-full\"><img decoding=\"async\" width=\"2137\" height=\"1703\" src=\"https:\/\/www.lovinghomecollection.com\/wp-content\/uploads\/2025\/08\/Wholesale-Dinner-Service-Sets-Fruit-Pattern-Crockery-Bulk-10.webp\" alt=\"Gro\u00dfhandel Abendessen Service Sets, Obst Muster Geschirr Bulk-10\" class=\"wp-image-4551\" srcset=\"https:\/\/www.lovinghomecollection.com\/wp-content\/uploads\/2025\/08\/Wholesale-Dinner-Service-Sets-Fruit-Pattern-Crockery-Bulk-10.webp 2137w, https:\/\/www.lovinghomecollection.com\/wp-content\/uploads\/2025\/08\/Wholesale-Dinner-Service-Sets-Fruit-Pattern-Crockery-Bulk-10-300x239.webp 300w, https:\/\/www.lovinghomecollection.com\/wp-content\/uploads\/2025\/08\/Wholesale-Dinner-Service-Sets-Fruit-Pattern-Crockery-Bulk-10-768x612.webp 768w, https:\/\/www.lovinghomecollection.com\/wp-content\/uploads\/2025\/08\/Wholesale-Dinner-Service-Sets-Fruit-Pattern-Crockery-Bulk-10-15x12.webp 15w, https:\/\/www.lovinghomecollection.com\/wp-content\/uploads\/2025\/08\/Wholesale-Dinner-Service-Sets-Fruit-Pattern-Crockery-Bulk-10-1200x956.webp 1200w, https:\/\/www.lovinghomecollection.com\/wp-content\/uploads\/2025\/08\/Wholesale-Dinner-Service-Sets-Fruit-Pattern-Crockery-Bulk-10-600x478.webp 600w\" sizes=\"(max-width: 2137px) 100vw, 2137px\" \/><\/figure>\n<\/div>\n<\/div>","protected":false},"excerpt":{"rendered":"<p>Willkommen zum Kauf von Gro\u00dfhandelsservice-Sets. Dieses Porzellan-Geschirrset im Casual-Stil bietet lebendige und bezaubernde Obstmotive, die ein lebendiges und doch nat\u00fcrliches Gef\u00fchl vermitteln. Gefertigt aus hochwertigem Porzellan, bietet das Set eine feine Textur und Haltbarkeit.<\/p>\n<table style=\"border-collapse: collapse; width: 338.02pt;\" border=\"0\" width=\"338\" cellspacing=\"0\" cellpadding=\"0\">\n<tbody>\n<tr style=\"height: 18.00pt;\">\n<td class=\"et3\" style=\"height: 18.00pt; width: 124.50pt;\" width=\"124\" height=\"18\">Hersteller<\/td>\n<td class=\"et3\" style=\"width: 214.40pt;\" width=\"214\">Liebevolles Zuhause<\/td>\n<\/tr>\n<tr style=\"height: 18.00pt;\">\n<td class=\"et3\" style=\"height: 18.00pt; width: 124.50pt;\" width=\"124\" height=\"18\">Sammlung Name<\/td>\n<td class=\"et4\" style=\"width: 214.40pt;\" width=\"214\">Fruchtbrise<\/td>\n<\/tr>\n<tr style=\"height: 18.00pt;\">\n<td class=\"et3\" style=\"height: 18.00pt; width: 124.50pt;\" width=\"124\" height=\"18\">Verwendung<\/td>\n<td class=\"et3\" style=\"width: 214.40pt;\" width=\"214\">Haus, Restaurant, Hotel<\/td>\n<\/tr>\n<tr style=\"height: 36.00pt;\">\n<td class=\"et3\" style=\"height: 36.00pt; width: 124.50pt;\" width=\"124\" height=\"36\">Essgeschirr Typ<\/td>\n<td class=\"et3\" style=\"width: 214.40pt;\" width=\"214\">Teller, Sch\u00fcssel, Tortenst\u00e4nder, Tasse und Untertasse, Becher,\u00a0<\/td>\n<\/tr>\n<tr style=\"height: 18.00pt;\">\n<td class=\"et3\" style=\"height: 18.00pt; width: 124.50pt;\" width=\"124\" height=\"18\">Material<\/td>\n<td class=\"et3\" style=\"width: 214.40pt;\" width=\"214\">Dauerhaftes Porzellan<\/td>\n<\/tr>\n<tr style=\"height: 18.00pt;\">\n<td class=\"et3\" style=\"height: 18.00pt; width: 124.50pt;\" width=\"124\" height=\"18\">Dimension<\/td>\n<td class=\"et3\" style=\"width: 214.40pt;\" width=\"214\">Wie Detailbild<\/td>\n<\/tr>\n<tr style=\"height: 18.00pt;\">\n<td class=\"et3\" style=\"height: 18.00pt; width: 124.50pt;\" width=\"124\" height=\"18\">Verkaufende Einheiten<\/td>\n<td class=\"et3\" style=\"width: 214.40pt;\" width=\"214\">Einzelnes Element<\/td>\n<\/tr>\n<tr style=\"height: 18.00pt;\">\n<td class=\"et3\" style=\"height: 18.00pt; width: 124.50pt;\" width=\"124\" height=\"18\">MOQ<\/td>\n<td class=\"et3\" style=\"width: 214.40pt;\" width=\"214\">1200\/St\u00fcck pro Artikel<\/td>\n<\/tr>\n<tr style=\"height: 18.00pt;\">\n<td class=\"et3\" style=\"height: 18.00pt; width: 124.50pt;\" width=\"124\" height=\"18\">Kundenspezifische Option<\/td>\n<td class=\"et3\" style=\"width: 214.40pt;\" width=\"214\">Farbe\/Gr\u00f6\u00dfe\/Glasur\/Logo\/Verpackung<\/td>\n<\/tr>\n<\/tbody>\n<\/table>","protected":false},"featured_media":4552,"comment_status":"closed","ping_status":"closed","template":"","meta":{"_acf_changed":false},"product_brand":[],"product_cat":[19,47],"product_tag":[37,25,27],"class_list":{"0":"post-4513","1":"product","2":"type-product","3":"status-publish","4":"has-post-thumbnail","6":"product_cat-dinnerware-wholesale","7":"product_cat-lightweight-dinnerware-supplier","8":"product_tag-bulk-cake-stands","9":"product_tag-wholesale-plates-and-bowls","10":"product_tag-wholesale-tea-cups-and-saucers","12":"first","13":"instock","14":"shipping-taxable","15":"product-type-simple"},"acf":[],"_links":{"self":[{"href":"https:\/\/www.lovinghomecollection.com\/de\/wp-json\/wp\/v2\/product\/4513","targetHints":{"allow":["GET"]}}],"collection":[{"href":"https:\/\/www.lovinghomecollection.com\/de\/wp-json\/wp\/v2\/product"}],"about":[{"href":"https:\/\/www.lovinghomecollection.com\/de\/wp-json\/wp\/v2\/types\/product"}],"replies":[{"embeddable":true,"href":"https:\/\/www.lovinghomecollection.com\/de\/wp-json\/wp\/v2\/comments?post=4513"}],"wp:featuredmedia":[{"embeddable":true,"href":"https:\/\/www.lovinghomecollection.com\/de\/wp-json\/wp\/v2\/media\/4552"}],"wp:attachment":[{"href":"https:\/\/www.lovinghomecollection.com\/de\/wp-json\/wp\/v2\/media?parent=4513"}],"wp:term":[{"taxonomy":"product_brand","embeddable":true,"href":"https:\/\/www.lovinghomecollection.com\/de\/wp-json\/wp\/v2\/product_brand?post=4513"},{"taxonomy":"product_cat","embeddable":true,"href":"https:\/\/www.lovinghomecollection.com\/de\/wp-json\/wp\/v2\/product_cat?post=4513"},{"taxonomy":"product_tag","embeddable":true,"href":"https:\/\/www.lovinghomecollection.com\/de\/wp-json\/wp\/v2\/product_tag?post=4513"}],"curies":[{"name":"wp","href":"https:\/\/api.w.org\/{rel}","templated":true}]}}