{"id":3627,"date":"2025-05-20T04:08:36","date_gmt":"2025-05-20T04:08:36","guid":{"rendered":"https:\/\/www.lovinghomecollection.com\/?post_type=product&#038;p=3627"},"modified":"2025-11-19T10:02:05","modified_gmt":"2025-11-19T10:02:05","slug":"wholesale-rustic-dinnerware-sets","status":"publish","type":"product","link":"https:\/\/www.lovinghomecollection.com\/de\/produkt\/wholesale-rustic-dinnerware-sets\/","title":{"rendered":"Gro\u00dfhandel Rustikales Geschirr Sets mit Weihnachtsmustern"},"content":{"rendered":"<div class=\"wp-block-columns is-layout-flex wp-container-core-columns-is-layout-9d6595d7 wp-block-columns-is-layout-flex\">\n<div class=\"wp-block-column is-layout-flow wp-block-column-is-layout-flow\" style=\"flex-basis:60%\">\n<h2 class=\"wp-block-heading\">Premium Gro\u00dfhandel Rustikale Geschirr Sets Eigenschaften:<\/h2>\n\n\n\n<ul class=\"wp-block-list\">\n<li><strong>Rustikales Design: <\/strong>Dieses rustikale Gro\u00dfhandelsgeschirr hat eine rustikale und nat\u00fcrliche Form, die eine warme und gem\u00fctliche Atmosph\u00e4re beim Essen im Urlaub schafft, ganz im Einklang mit dem derzeit beliebten \"rustikalen\" Wohntrend.<\/li>\n\n\n\n<li><strong>Klassische Weihnachtsdekoration mit Muster:<\/strong> Dieses Keramikgeschirr in gro\u00dfen Mengen wird mit traditionellen Weihnachtselementen wie Stechpalmen, Weihnachtsb\u00e4umen und Kr\u00e4nzen kombiniert. Die festliche Atmosph\u00e4re ist stark und eignet sich f\u00fcr den hei\u00dfen Verkauf in der Weihnachtszeit.<\/li>\n\n\n\n<li><strong>Hochwertige keramische Handwerkskunst: <\/strong>Unsere Gro\u00dfhandel rustikalen Geschirr-Sets verwenden Hochtemperatur-Brennen Technologie, die Oberfl\u00e4che ist stark und nicht leicht zu kratzen, geeignet f\u00fcr den langfristigen Einsatz in Haushalten und kommerziellen Orten.<\/li>\n\n\n\n<li><strong>Geeignet f\u00fcr mehrere Vertriebskan\u00e4le: <\/strong>Unser Keramikgeschirr in loser Sch\u00fcttung unterst\u00fctzt den Gro\u00dfhandel und die Individualisierung, geeignet f\u00fcr Superm\u00e4rkte, E-Commerce-Plattformen, Hausmarken, Weihnachtssortimente usw.<\/li>\n<\/ul>\n<\/div>\n\n\n\n<div class=\"wp-block-column is-layout-flow wp-block-column-is-layout-flow\">\n<figure class=\"wp-block-image size-full\"><img decoding=\"async\" width=\"1200\" height=\"1200\" src=\"https:\/\/www.lovinghomecollection.com\/wp-content\/uploads\/2025\/05\/Wholesale-Rustic-Dinnerware-Sets-With-Christmas-Patterns-5.webp\" alt=\"Gro\u00dfhandel Rustikale Geschirr-Sets mit Weihnachts-Muster-5\" class=\"wp-image-3904\" srcset=\"https:\/\/www.lovinghomecollection.com\/wp-content\/uploads\/2025\/05\/Wholesale-Rustic-Dinnerware-Sets-With-Christmas-Patterns-5.webp 1200w, https:\/\/www.lovinghomecollection.com\/wp-content\/uploads\/2025\/05\/Wholesale-Rustic-Dinnerware-Sets-With-Christmas-Patterns-5-300x300.webp 300w, https:\/\/www.lovinghomecollection.com\/wp-content\/uploads\/2025\/05\/Wholesale-Rustic-Dinnerware-Sets-With-Christmas-Patterns-5-150x150.webp 150w, https:\/\/www.lovinghomecollection.com\/wp-content\/uploads\/2025\/05\/Wholesale-Rustic-Dinnerware-Sets-With-Christmas-Patterns-5-768x768.webp 768w, https:\/\/www.lovinghomecollection.com\/wp-content\/uploads\/2025\/05\/Wholesale-Rustic-Dinnerware-Sets-With-Christmas-Patterns-5-12x12.webp 12w, https:\/\/www.lovinghomecollection.com\/wp-content\/uploads\/2025\/05\/Wholesale-Rustic-Dinnerware-Sets-With-Christmas-Patterns-5-600x600.webp 600w, https:\/\/www.lovinghomecollection.com\/wp-content\/uploads\/2025\/05\/Wholesale-Rustic-Dinnerware-Sets-With-Christmas-Patterns-5-100x100.webp 100w\" sizes=\"(max-width: 1200px) 100vw, 1200px\" \/><\/figure>\n<\/div>\n<\/div>\n\n\n\n<h2 class=\"wp-block-heading has-text-align-center\">Produkt-Display von Santa's Geschenk Gro\u00dfhandel Rustikale Geschirr-Sets<\/h2>\n\n\n\n<div class=\"wp-block-columns is-layout-flex wp-container-core-columns-is-layout-9d6595d7 wp-block-columns-is-layout-flex\">\n<div class=\"wp-block-column is-layout-flow wp-block-column-is-layout-flow\">\n<figure class=\"wp-block-image size-full\"><img decoding=\"async\" width=\"1673\" height=\"1658\" src=\"https:\/\/www.lovinghomecollection.com\/wp-content\/uploads\/2025\/05\/Wholesale-Rustic-Dinnerware-Sets-With-Christmas-Patterns-9.webp\" alt=\"Gro\u00dfhandel Rustikales Geschirr Sets mit Weihnachtsmustern-9\" class=\"wp-image-3908\" srcset=\"https:\/\/www.lovinghomecollection.com\/wp-content\/uploads\/2025\/05\/Wholesale-Rustic-Dinnerware-Sets-With-Christmas-Patterns-9.webp 1673w, https:\/\/www.lovinghomecollection.com\/wp-content\/uploads\/2025\/05\/Wholesale-Rustic-Dinnerware-Sets-With-Christmas-Patterns-9-300x297.webp 300w, https:\/\/www.lovinghomecollection.com\/wp-content\/uploads\/2025\/05\/Wholesale-Rustic-Dinnerware-Sets-With-Christmas-Patterns-9-150x150.webp 150w, https:\/\/www.lovinghomecollection.com\/wp-content\/uploads\/2025\/05\/Wholesale-Rustic-Dinnerware-Sets-With-Christmas-Patterns-9-768x761.webp 768w, https:\/\/www.lovinghomecollection.com\/wp-content\/uploads\/2025\/05\/Wholesale-Rustic-Dinnerware-Sets-With-Christmas-Patterns-9-12x12.webp 12w, https:\/\/www.lovinghomecollection.com\/wp-content\/uploads\/2025\/05\/Wholesale-Rustic-Dinnerware-Sets-With-Christmas-Patterns-9-1200x1189.webp 1200w, https:\/\/www.lovinghomecollection.com\/wp-content\/uploads\/2025\/05\/Wholesale-Rustic-Dinnerware-Sets-With-Christmas-Patterns-9-600x595.webp 600w, https:\/\/www.lovinghomecollection.com\/wp-content\/uploads\/2025\/05\/Wholesale-Rustic-Dinnerware-Sets-With-Christmas-Patterns-9-100x100.webp 100w\" sizes=\"(max-width: 1673px) 100vw, 1673px\" \/><\/figure>\n<\/div>\n\n\n\n<div class=\"wp-block-column is-layout-flow wp-block-column-is-layout-flow\">\n<figure class=\"wp-block-image size-full\"><img decoding=\"async\" width=\"1673\" height=\"1403\" src=\"https:\/\/www.lovinghomecollection.com\/wp-content\/uploads\/2025\/05\/Wholesale-Rustic-Dinnerware-Sets-With-Christmas-Patterns-10.webp\" alt=\"Gro\u00dfhandel Rustikales Geschirr Sets mit Weihnachtsmustern-10\" class=\"wp-image-3909\" srcset=\"https:\/\/www.lovinghomecollection.com\/wp-content\/uploads\/2025\/05\/Wholesale-Rustic-Dinnerware-Sets-With-Christmas-Patterns-10.webp 1673w, https:\/\/www.lovinghomecollection.com\/wp-content\/uploads\/2025\/05\/Wholesale-Rustic-Dinnerware-Sets-With-Christmas-Patterns-10-300x252.webp 300w, https:\/\/www.lovinghomecollection.com\/wp-content\/uploads\/2025\/05\/Wholesale-Rustic-Dinnerware-Sets-With-Christmas-Patterns-10-768x644.webp 768w, https:\/\/www.lovinghomecollection.com\/wp-content\/uploads\/2025\/05\/Wholesale-Rustic-Dinnerware-Sets-With-Christmas-Patterns-10-14x12.webp 14w, https:\/\/www.lovinghomecollection.com\/wp-content\/uploads\/2025\/05\/Wholesale-Rustic-Dinnerware-Sets-With-Christmas-Patterns-10-1200x1006.webp 1200w, https:\/\/www.lovinghomecollection.com\/wp-content\/uploads\/2025\/05\/Wholesale-Rustic-Dinnerware-Sets-With-Christmas-Patterns-10-600x503.webp 600w\" sizes=\"(max-width: 1673px) 100vw, 1673px\" \/><\/figure>\n<\/div>\n<\/div>\n\n\n\n<p><\/p>","protected":false},"excerpt":{"rendered":"<p>Willkommen zum Kauf von Keramikgeschirr in gro\u00dfen Mengen. Unsere rustikalen Gro\u00dfhandelsgeschirrsets im Weihnachtsstil kombinieren nat\u00fcrliche Texturen mit traditionellen Feiertagsmustern. Es ist warm und rustikal, voll von Winter-Atmosph\u00e4re, und ist eine ideale Wahl f\u00fcr Weihnachten Tisch decken, Urlaub Geschenke und Einzelhandel Gro\u00dfhandel.<\/p>\n<table width=\"338\">\n<tbody>\n<tr>\n<td width=\"124\">Hersteller<\/td>\n<td width=\"214\">Liebevolles Zuhause<\/td>\n<\/tr>\n<tr>\n<td width=\"124\">Sammlung Name<\/td>\n<td width=\"214\">Die Geschenkesammlung des Weihnachtsmanns<\/td>\n<\/tr>\n<tr>\n<td width=\"124\">Verwendung<\/td>\n<td width=\"214\">Haus, Hotel, Restaurant<\/td>\n<\/tr>\n<tr>\n<td width=\"124\">Essgeschirr Typ<\/td>\n<td width=\"214\">Becher, Tasse &amp; Untertasse, Teller, Schale, Dippschale<\/td>\n<\/tr>\n<tr>\n<td width=\"124\">Material<\/td>\n<td width=\"214\">Dauerhaftes Porzellan<\/td>\n<\/tr>\n<tr>\n<td width=\"124\">Dimension<\/td>\n<td width=\"214\">Wie Detailbild<\/td>\n<\/tr>\n<tr>\n<td width=\"124\">Verkaufende Einheiten<\/td>\n<td width=\"214\">Einzelnes Element<\/td>\n<\/tr>\n<tr>\n<td width=\"124\">MOQ<\/td>\n<td width=\"214\">1200\/St\u00fcck pro Artikel<\/td>\n<\/tr>\n<tr>\n<td width=\"124\">Kundenspezifische Option<\/td>\n<td width=\"214\">Farbe\/Gr\u00f6\u00dfe\/Glasur\/Logo\/Verpackung<\/td>\n<\/tr>\n<\/tbody>\n<\/table>","protected":false},"featured_media":3900,"comment_status":"closed","ping_status":"closed","template":"","meta":{"_acf_changed":false},"product_brand":[],"product_cat":[19,52],"product_tag":[25,34,27],"class_list":{"0":"post-3627","1":"product","2":"type-product","3":"status-publish","4":"has-post-thumbnail","6":"product_cat-dinnerware-wholesale","7":"product_cat-holiday-tableware-supplier","8":"product_tag-wholesale-plates-and-bowls","9":"product_tag-olive-oil-dipping-bowls-wholesale","10":"product_tag-wholesale-tea-cups-and-saucers","12":"first","13":"instock","14":"shipping-taxable","15":"product-type-simple"},"acf":[],"_links":{"self":[{"href":"https:\/\/www.lovinghomecollection.com\/de\/wp-json\/wp\/v2\/product\/3627","targetHints":{"allow":["GET"]}}],"collection":[{"href":"https:\/\/www.lovinghomecollection.com\/de\/wp-json\/wp\/v2\/product"}],"about":[{"href":"https:\/\/www.lovinghomecollection.com\/de\/wp-json\/wp\/v2\/types\/product"}],"replies":[{"embeddable":true,"href":"https:\/\/www.lovinghomecollection.com\/de\/wp-json\/wp\/v2\/comments?post=3627"}],"wp:featuredmedia":[{"embeddable":true,"href":"https:\/\/www.lovinghomecollection.com\/de\/wp-json\/wp\/v2\/media\/3900"}],"wp:attachment":[{"href":"https:\/\/www.lovinghomecollection.com\/de\/wp-json\/wp\/v2\/media?parent=3627"}],"wp:term":[{"taxonomy":"product_brand","embeddable":true,"href":"https:\/\/www.lovinghomecollection.com\/de\/wp-json\/wp\/v2\/product_brand?post=3627"},{"taxonomy":"product_cat","embeddable":true,"href":"https:\/\/www.lovinghomecollection.com\/de\/wp-json\/wp\/v2\/product_cat?post=3627"},{"taxonomy":"product_tag","embeddable":true,"href":"https:\/\/www.lovinghomecollection.com\/de\/wp-json\/wp\/v2\/product_tag?post=3627"}],"curies":[{"name":"wp","href":"https:\/\/api.w.org\/{rel}","templated":true}]}}