{"id":3605,"date":"2025-05-20T03:31:30","date_gmt":"2025-05-20T03:31:30","guid":{"rendered":"https:\/\/www.lovinghomecollection.com\/?post_type=product&#038;p=3605"},"modified":"2025-05-20T03:31:32","modified_gmt":"2025-05-20T03:31:32","slug":"dinnerware-sets-bulk","status":"publish","type":"product","link":"https:\/\/www.lovinghomecollection.com\/de\/produkt\/dinnerware-sets-bulk\/","title":{"rendered":"Cupid's Love Cute Dinnerware Sets Bulk Supply f\u00fcr Veranstaltungen"},"content":{"rendered":"<div class=\"wp-block-columns is-layout-flex wp-container-core-columns-is-layout-9d6595d7 wp-block-columns-is-layout-flex\">\n<div class=\"wp-block-column is-layout-flow wp-block-column-is-layout-flow\" style=\"flex-basis:60%\">\n<h2 class=\"wp-block-heading\">Premium-Geschirrsets Bulk Merkmale:<\/h2>\n\n\n\n<ul class=\"wp-block-list\">\n<li><strong>S\u00fc\u00dfes rot-wei\u00dfes Farbdesign:<\/strong> Diese Geschirrsets sind in klassischem Rot und Wei\u00df gehalten, was optisch frisch wirkt, und das Herzmuster macht es noch niedlicher und romantischer und ist bei Frauen und Paaren sehr beliebt.<\/li>\n\n\n\n<li><strong>Anwendbar auf mehrere Szenenaktivit\u00e4ten: <\/strong>Diese Gro\u00dfhandelsgeschirrsets mit romantischen Motiven eignen sich besonders gut f\u00fcr den Valentinstag, Hochzeitsbankette, Mottopartys und andere feierliche Aktivit\u00e4ten, um das Ambiente zu verbessern.<\/li>\n\n\n\n<li><strong>Hochwertiges keramisches Material: <\/strong>Unsere Geschirrsets bestehen aus bei hohen Temperaturen gebrannter Keramik mit glatter, leicht zu reinigender Oberfl\u00e4che und verbinden Sch\u00f6nheit und Zweckm\u00e4\u00dfigkeit.<\/li>\n\n\n\n<li><strong>Unterst\u00fctzung von Massenlieferungen und Anpassungen:<\/strong> Wir bieten einen Gro\u00dfhandelsservice f\u00fcr Geschirrsets und k\u00f6nnen Muster und Verpackungen je nach Veranstaltung oder Markenanforderungen anpassen.<\/li>\n<\/ul>\n<\/div>\n\n\n\n<div class=\"wp-block-column is-layout-flow wp-block-column-is-layout-flow\">\n<figure class=\"wp-block-image size-full\"><img decoding=\"async\" width=\"1200\" height=\"1200\" src=\"https:\/\/www.lovinghomecollection.com\/wp-content\/uploads\/2025\/05\/Cupids-Love-Cute-Dinnerware-Sets-Bulk-Supply-For-Events-1.webp\" alt=\"Cupid&#039;s Love Cute Dinnerware Sets Bulk Supply f\u00fcr Events-1\" class=\"wp-image-3878\" srcset=\"https:\/\/www.lovinghomecollection.com\/wp-content\/uploads\/2025\/05\/Cupids-Love-Cute-Dinnerware-Sets-Bulk-Supply-For-Events-1.webp 1200w, https:\/\/www.lovinghomecollection.com\/wp-content\/uploads\/2025\/05\/Cupids-Love-Cute-Dinnerware-Sets-Bulk-Supply-For-Events-1-300x300.webp 300w, https:\/\/www.lovinghomecollection.com\/wp-content\/uploads\/2025\/05\/Cupids-Love-Cute-Dinnerware-Sets-Bulk-Supply-For-Events-1-150x150.webp 150w, https:\/\/www.lovinghomecollection.com\/wp-content\/uploads\/2025\/05\/Cupids-Love-Cute-Dinnerware-Sets-Bulk-Supply-For-Events-1-768x768.webp 768w, https:\/\/www.lovinghomecollection.com\/wp-content\/uploads\/2025\/05\/Cupids-Love-Cute-Dinnerware-Sets-Bulk-Supply-For-Events-1-12x12.webp 12w, https:\/\/www.lovinghomecollection.com\/wp-content\/uploads\/2025\/05\/Cupids-Love-Cute-Dinnerware-Sets-Bulk-Supply-For-Events-1-600x600.webp 600w, https:\/\/www.lovinghomecollection.com\/wp-content\/uploads\/2025\/05\/Cupids-Love-Cute-Dinnerware-Sets-Bulk-Supply-For-Events-1-100x100.webp 100w\" sizes=\"(max-width: 1200px) 100vw, 1200px\" \/><\/figure>\n<\/div>\n<\/div>\n\n\n\n<h2 class=\"wp-block-heading has-text-align-center\">Produktdarstellung von Cupid's Love Geschirrsets Bulk<\/h2>\n\n\n\n<div class=\"wp-block-columns is-layout-flex wp-container-core-columns-is-layout-9d6595d7 wp-block-columns-is-layout-flex\">\n<div class=\"wp-block-column is-layout-flow wp-block-column-is-layout-flow\">\n<figure class=\"wp-block-image size-full\"><img decoding=\"async\" width=\"1673\" height=\"2640\" src=\"https:\/\/www.lovinghomecollection.com\/wp-content\/uploads\/2025\/05\/Cupids-Love-Cute-Dinnerware-Sets-Bulk-Supply-For-Events-9.webp\" alt=\"Cupid&#039;s Love Cute Dinnerware Sets Bulk Supply f\u00fcr Events-9\" class=\"wp-image-3886\" srcset=\"https:\/\/www.lovinghomecollection.com\/wp-content\/uploads\/2025\/05\/Cupids-Love-Cute-Dinnerware-Sets-Bulk-Supply-For-Events-9.webp 1673w, https:\/\/www.lovinghomecollection.com\/wp-content\/uploads\/2025\/05\/Cupids-Love-Cute-Dinnerware-Sets-Bulk-Supply-For-Events-9-190x300.webp 190w, https:\/\/www.lovinghomecollection.com\/wp-content\/uploads\/2025\/05\/Cupids-Love-Cute-Dinnerware-Sets-Bulk-Supply-For-Events-9-768x1212.webp 768w, https:\/\/www.lovinghomecollection.com\/wp-content\/uploads\/2025\/05\/Cupids-Love-Cute-Dinnerware-Sets-Bulk-Supply-For-Events-9-8x12.webp 8w, https:\/\/www.lovinghomecollection.com\/wp-content\/uploads\/2025\/05\/Cupids-Love-Cute-Dinnerware-Sets-Bulk-Supply-For-Events-9-1200x1894.webp 1200w, https:\/\/www.lovinghomecollection.com\/wp-content\/uploads\/2025\/05\/Cupids-Love-Cute-Dinnerware-Sets-Bulk-Supply-For-Events-9-600x947.webp 600w\" sizes=\"(max-width: 1673px) 100vw, 1673px\" \/><\/figure>\n<\/div>\n\n\n\n<div class=\"wp-block-column is-layout-flow wp-block-column-is-layout-flow\">\n<figure class=\"wp-block-image size-full\"><img decoding=\"async\" width=\"1673\" height=\"2070\" src=\"https:\/\/www.lovinghomecollection.com\/wp-content\/uploads\/2025\/05\/Cupids-Love-Cute-Dinnerware-Sets-Bulk-Supply-For-Events-10.webp\" alt=\"Cupid&#039;s Love Cute Dinnerware Sets Bulk Supply f\u00fcr Events-10\" class=\"wp-image-3887\" srcset=\"https:\/\/www.lovinghomecollection.com\/wp-content\/uploads\/2025\/05\/Cupids-Love-Cute-Dinnerware-Sets-Bulk-Supply-For-Events-10.webp 1673w, https:\/\/www.lovinghomecollection.com\/wp-content\/uploads\/2025\/05\/Cupids-Love-Cute-Dinnerware-Sets-Bulk-Supply-For-Events-10-242x300.webp 242w, https:\/\/www.lovinghomecollection.com\/wp-content\/uploads\/2025\/05\/Cupids-Love-Cute-Dinnerware-Sets-Bulk-Supply-For-Events-10-768x950.webp 768w, https:\/\/www.lovinghomecollection.com\/wp-content\/uploads\/2025\/05\/Cupids-Love-Cute-Dinnerware-Sets-Bulk-Supply-For-Events-10-10x12.webp 10w, https:\/\/www.lovinghomecollection.com\/wp-content\/uploads\/2025\/05\/Cupids-Love-Cute-Dinnerware-Sets-Bulk-Supply-For-Events-10-1200x1485.webp 1200w, https:\/\/www.lovinghomecollection.com\/wp-content\/uploads\/2025\/05\/Cupids-Love-Cute-Dinnerware-Sets-Bulk-Supply-For-Events-10-600x742.webp 600w\" sizes=\"(max-width: 1673px) 100vw, 1673px\" \/><\/figure>\n<\/div>\n<\/div>\n\n\n\n<p><\/p>","protected":false},"excerpt":{"rendered":"<p>Willkommen beim Kauf von kommerziellem Geschirrbedarf. Diese niedlichen Stil Geschirr-Sets bulk ist mit verspielten roten Liebe Muster, die s\u00fc\u00df und romantisch ist dekoriert. Es ist sehr geeignet f\u00fcr das Layout und die Bulk-Lieferung von Valentinstag, Hochzeiten, Geburtstagsfeiern und andere Veranstaltung Szenen.<\/p>\n<table style=\"border-collapse: collapse; width: 338.02pt;\" border=\"0\" width=\"338\" cellspacing=\"0\" cellpadding=\"0\">\n<tbody>\n<tr style=\"height: 18.00pt;\">\n<td class=\"et3\" style=\"height: 18.00pt; width: 124.50pt;\" width=\"124\" height=\"18\">Hersteller<\/td>\n<td class=\"et3\" style=\"width: 214.40pt;\" width=\"214\">Liebevolles Zuhause<\/td>\n<\/tr>\n<tr style=\"height: 18.00pt;\">\n<td class=\"et3\" style=\"height: 18.00pt; width: 124.50pt;\" width=\"124\" height=\"18\">Sammlung Name<\/td>\n<td class=\"et4\" style=\"width: 214.40pt;\" width=\"214\">Cupid's Love Kollektion<\/td>\n<\/tr>\n<tr style=\"height: 18.00pt;\">\n<td class=\"et3\" style=\"height: 18.00pt; width: 124.50pt;\" width=\"124\" height=\"18\">Verwendung<\/td>\n<td class=\"et3\" style=\"width: 214.40pt;\" width=\"214\">Haus, Restaurant, Hotel<\/td>\n<\/tr>\n<tr style=\"height: 36.00pt;\">\n<td class=\"et3\" style=\"height: 36.00pt; width: 124.50pt;\" width=\"124\" height=\"36\">Essgeschirr Typ<\/td>\n<td class=\"et3\" style=\"width: 214.40pt;\" width=\"214\">Teekanne, Zuckerkanne, Milchk\u00e4nnchen, Tasse und Untertasse, Tasse, Teller, Sch\u00fcssel, Kuchenst\u00e4nder<\/td>\n<\/tr>\n<tr style=\"height: 18.00pt;\">\n<td class=\"et3\" style=\"height: 18.00pt; width: 124.50pt;\" width=\"124\" height=\"18\">Material<\/td>\n<td class=\"et3\" style=\"width: 214.40pt;\" width=\"214\">Dauerhaftes Porzellan<\/td>\n<\/tr>\n<tr style=\"height: 18.00pt;\">\n<td class=\"et3\" style=\"height: 18.00pt; width: 124.50pt;\" width=\"124\" height=\"18\">Dimension<\/td>\n<td class=\"et3\" style=\"width: 214.40pt;\" width=\"214\">Wie Detailbild<\/td>\n<\/tr>\n<tr style=\"height: 18.00pt;\">\n<td class=\"et3\" style=\"height: 18.00pt; width: 124.50pt;\" width=\"124\" height=\"18\">Verkaufende Einheiten<\/td>\n<td class=\"et3\" style=\"width: 214.40pt;\" width=\"214\">Einzelnes Element<\/td>\n<\/tr>\n<tr style=\"height: 18.00pt;\">\n<td class=\"et3\" style=\"height: 18.00pt; width: 124.50pt;\" width=\"124\" height=\"18\">MOQ<\/td>\n<td class=\"et3\" style=\"width: 214.40pt;\" width=\"214\">1200\/St\u00fcck pro Artikel<\/td>\n<\/tr>\n<tr style=\"height: 18.00pt;\">\n<td class=\"et3\" style=\"height: 18.00pt; width: 124.50pt;\" width=\"124\" height=\"18\">Kundenspezifische Option<\/td>\n<td class=\"et3\" style=\"width: 214.40pt;\" width=\"214\">Farbe\/Gr\u00f6\u00dfe\/Glasur\/Logo\/Verpackung<\/td>\n<\/tr>\n<\/tbody>\n<\/table>","protected":false},"featured_media":3885,"comment_status":"closed","ping_status":"closed","template":"","meta":{"_acf_changed":false},"product_brand":[],"product_cat":[19],"product_tag":[37,25,27,26],"class_list":{"0":"post-3605","1":"product","2":"type-product","3":"status-publish","4":"has-post-thumbnail","6":"product_cat-dinnerware-wholesale","7":"product_tag-bulk-cake-stands","8":"product_tag-wholesale-plates-and-bowls","9":"product_tag-wholesale-tea-cups-and-saucers","10":"product_tag-wholesale-teapots","12":"first","13":"instock","14":"shipping-taxable","15":"product-type-simple"},"acf":[],"_links":{"self":[{"href":"https:\/\/www.lovinghomecollection.com\/de\/wp-json\/wp\/v2\/product\/3605","targetHints":{"allow":["GET"]}}],"collection":[{"href":"https:\/\/www.lovinghomecollection.com\/de\/wp-json\/wp\/v2\/product"}],"about":[{"href":"https:\/\/www.lovinghomecollection.com\/de\/wp-json\/wp\/v2\/types\/product"}],"replies":[{"embeddable":true,"href":"https:\/\/www.lovinghomecollection.com\/de\/wp-json\/wp\/v2\/comments?post=3605"}],"wp:featuredmedia":[{"embeddable":true,"href":"https:\/\/www.lovinghomecollection.com\/de\/wp-json\/wp\/v2\/media\/3885"}],"wp:attachment":[{"href":"https:\/\/www.lovinghomecollection.com\/de\/wp-json\/wp\/v2\/media?parent=3605"}],"wp:term":[{"taxonomy":"product_brand","embeddable":true,"href":"https:\/\/www.lovinghomecollection.com\/de\/wp-json\/wp\/v2\/product_brand?post=3605"},{"taxonomy":"product_cat","embeddable":true,"href":"https:\/\/www.lovinghomecollection.com\/de\/wp-json\/wp\/v2\/product_cat?post=3605"},{"taxonomy":"product_tag","embeddable":true,"href":"https:\/\/www.lovinghomecollection.com\/de\/wp-json\/wp\/v2\/product_tag?post=3605"}],"curies":[{"name":"wp","href":"https:\/\/api.w.org\/{rel}","templated":true}]}}