{"id":3594,"date":"2025-05-20T03:22:03","date_gmt":"2025-05-20T03:22:03","guid":{"rendered":"https:\/\/www.lovinghomecollection.com\/?post_type=product&#038;p=3594"},"modified":"2025-11-19T10:02:26","modified_gmt":"2025-11-19T10:02:26","slug":"dinnerware-set-wholesale","status":"publish","type":"product","link":"https:\/\/www.lovinghomecollection.com\/de\/produkt\/dinnerware-set-wholesale\/","title":{"rendered":"Holiday Dinnerware Set Gro\u00dfhandel, Bespoke Christmas Crockery"},"content":{"rendered":"<div class=\"wp-block-columns is-layout-flex wp-container-core-columns-is-layout-9d6595d7 wp-block-columns-is-layout-flex\">\n<div class=\"wp-block-column is-layout-flow wp-block-column-is-layout-flow\" style=\"flex-basis:60%\">\n<h2 class=\"wp-block-heading\">Premium-Geschirrset Gro\u00dfhandel Eigenschaften:<\/h2>\n\n\n\n<ul class=\"wp-block-list\">\n<li><strong>Starke festliche Atmosph\u00e4re: <\/strong>Dieses Geschirrset f\u00fcr den Gro\u00dfhandel ist in den klassischen Farben Rot und Wei\u00df gehalten und hat ein m\u00e4rchenhaftes Pilzmuster, das eine warme und fr\u00f6hliche Weihnachtsatmosph\u00e4re schafft.<\/li>\n\n\n\n<li><strong>Exklusiver Anpassungsservice: <\/strong>Unsere ma\u00dfgeschneiderten Geschirrsets k\u00f6nnen in Bezug auf Muster, Farbe und Verpackung an die Kundenbed\u00fcrfnisse angepasst werden und eignen sich f\u00fcr die Entwicklung von Produktlinien f\u00fcr Markenurlaube.<\/li>\n\n\n\n<li><strong>Hochwertige keramische Handwerkskunst: <\/strong>Unser Urlaubsgeschirr verwendet hochtemperaturbest\u00e4ndige Keramikmaterialien, die zart und haltbar sind und sowohl dekorativ als auch praktisch sind.<\/li>\n\n\n\n<li><strong>Multi-Szenario-Anwendung: <\/strong>Diese ma\u00dfgeschneiderten Geschirrsets eignen sich f\u00fcr Familienfeiern, Geschenkverk\u00e4ufe, Weihnachtsm\u00e4rkte, E-Commerce-Plattformen und andere Vertriebskan\u00e4le.<\/li>\n<\/ul>\n<\/div>\n\n\n\n<div class=\"wp-block-column is-layout-flow wp-block-column-is-layout-flow\">\n<figure class=\"wp-block-image size-full\"><img decoding=\"async\" width=\"1200\" height=\"1200\" src=\"https:\/\/www.lovinghomecollection.com\/wp-content\/uploads\/2025\/05\/Holiday-Dinnerware-Set-Wholesale-Bespoke-Christmas-Crockery-6.webp\" alt=\"Urlaub Geschirr Set Gro\u00dfhandel, Bespoke Weihnachten Geschirr-6\" class=\"wp-image-3872\" srcset=\"https:\/\/www.lovinghomecollection.com\/wp-content\/uploads\/2025\/05\/Holiday-Dinnerware-Set-Wholesale-Bespoke-Christmas-Crockery-6.webp 1200w, https:\/\/www.lovinghomecollection.com\/wp-content\/uploads\/2025\/05\/Holiday-Dinnerware-Set-Wholesale-Bespoke-Christmas-Crockery-6-300x300.webp 300w, https:\/\/www.lovinghomecollection.com\/wp-content\/uploads\/2025\/05\/Holiday-Dinnerware-Set-Wholesale-Bespoke-Christmas-Crockery-6-150x150.webp 150w, https:\/\/www.lovinghomecollection.com\/wp-content\/uploads\/2025\/05\/Holiday-Dinnerware-Set-Wholesale-Bespoke-Christmas-Crockery-6-768x768.webp 768w, https:\/\/www.lovinghomecollection.com\/wp-content\/uploads\/2025\/05\/Holiday-Dinnerware-Set-Wholesale-Bespoke-Christmas-Crockery-6-12x12.webp 12w, https:\/\/www.lovinghomecollection.com\/wp-content\/uploads\/2025\/05\/Holiday-Dinnerware-Set-Wholesale-Bespoke-Christmas-Crockery-6-600x600.webp 600w, https:\/\/www.lovinghomecollection.com\/wp-content\/uploads\/2025\/05\/Holiday-Dinnerware-Set-Wholesale-Bespoke-Christmas-Crockery-6-100x100.webp 100w\" sizes=\"(max-width: 1200px) 100vw, 1200px\" \/><\/figure>\n<\/div>\n<\/div>\n\n\n\n<h2 class=\"wp-block-heading has-text-align-center\">Produkt-Display von Fairy Mushroom Dinnerware Set Gro\u00dfhandel<\/h2>\n\n\n\n<div class=\"wp-block-columns is-layout-flex wp-container-core-columns-is-layout-9d6595d7 wp-block-columns-is-layout-flex\">\n<div class=\"wp-block-column is-layout-flow wp-block-column-is-layout-flow\">\n<figure class=\"wp-block-image size-full\"><img decoding=\"async\" width=\"1789\" height=\"1185\" src=\"https:\/\/www.lovinghomecollection.com\/wp-content\/uploads\/2025\/05\/Holiday-Dinnerware-Set-Wholesale-Bespoke-Christmas-Crockery-9.webp\" alt=\"Urlaub Geschirr Set Gro\u00dfhandel, ma\u00dfgeschneiderte Weihnachten Crockery-9\" class=\"wp-image-3875\" srcset=\"https:\/\/www.lovinghomecollection.com\/wp-content\/uploads\/2025\/05\/Holiday-Dinnerware-Set-Wholesale-Bespoke-Christmas-Crockery-9.webp 1789w, https:\/\/www.lovinghomecollection.com\/wp-content\/uploads\/2025\/05\/Holiday-Dinnerware-Set-Wholesale-Bespoke-Christmas-Crockery-9-300x199.webp 300w, https:\/\/www.lovinghomecollection.com\/wp-content\/uploads\/2025\/05\/Holiday-Dinnerware-Set-Wholesale-Bespoke-Christmas-Crockery-9-768x509.webp 768w, https:\/\/www.lovinghomecollection.com\/wp-content\/uploads\/2025\/05\/Holiday-Dinnerware-Set-Wholesale-Bespoke-Christmas-Crockery-9-18x12.webp 18w, https:\/\/www.lovinghomecollection.com\/wp-content\/uploads\/2025\/05\/Holiday-Dinnerware-Set-Wholesale-Bespoke-Christmas-Crockery-9-1200x795.webp 1200w, https:\/\/www.lovinghomecollection.com\/wp-content\/uploads\/2025\/05\/Holiday-Dinnerware-Set-Wholesale-Bespoke-Christmas-Crockery-9-600x397.webp 600w\" sizes=\"(max-width: 1789px) 100vw, 1789px\" \/><\/figure>\n<\/div>\n\n\n\n<div class=\"wp-block-column is-layout-flow wp-block-column-is-layout-flow\">\n<figure class=\"wp-block-image size-full\"><img decoding=\"async\" width=\"1765\" height=\"1019\" src=\"https:\/\/www.lovinghomecollection.com\/wp-content\/uploads\/2025\/05\/Holiday-Dinnerware-Set-Wholesale-Bespoke-Christmas-Crockery-10.webp\" alt=\"Urlaub Geschirr Set Gro\u00dfhandel, ma\u00dfgeschneiderte Weihnachten Geschirr-10\" class=\"wp-image-3876\" srcset=\"https:\/\/www.lovinghomecollection.com\/wp-content\/uploads\/2025\/05\/Holiday-Dinnerware-Set-Wholesale-Bespoke-Christmas-Crockery-10.webp 1765w, https:\/\/www.lovinghomecollection.com\/wp-content\/uploads\/2025\/05\/Holiday-Dinnerware-Set-Wholesale-Bespoke-Christmas-Crockery-10-300x173.webp 300w, https:\/\/www.lovinghomecollection.com\/wp-content\/uploads\/2025\/05\/Holiday-Dinnerware-Set-Wholesale-Bespoke-Christmas-Crockery-10-768x443.webp 768w, https:\/\/www.lovinghomecollection.com\/wp-content\/uploads\/2025\/05\/Holiday-Dinnerware-Set-Wholesale-Bespoke-Christmas-Crockery-10-18x10.webp 18w, https:\/\/www.lovinghomecollection.com\/wp-content\/uploads\/2025\/05\/Holiday-Dinnerware-Set-Wholesale-Bespoke-Christmas-Crockery-10-1200x693.webp 1200w, https:\/\/www.lovinghomecollection.com\/wp-content\/uploads\/2025\/05\/Holiday-Dinnerware-Set-Wholesale-Bespoke-Christmas-Crockery-10-600x346.webp 600w\" sizes=\"(max-width: 1765px) 100vw, 1765px\" \/><\/figure>\n<\/div>\n<\/div>\n\n\n\n<p><\/p>","protected":false},"excerpt":{"rendered":"<p>Willkommen zum Kauf von ma\u00dfgeschneiderten Geschirrsets. Dieser Urlaub Geschirr-Set Gro\u00dfhandel ist mit einem edlen roten und wei\u00dfen Farbschema mit einem M\u00e4rchen Pilz Muster, das f\u00fcr Weihnachten Tisch decken und Geschenk-Verkauf geeignet ist erstellt.<\/p>\n<table style=\"border-collapse: collapse; width: 338.02pt;\" border=\"0\" width=\"338\" cellspacing=\"0\" cellpadding=\"0\">\n<tbody>\n<tr style=\"height: 18.00pt;\">\n<td class=\"et3\" style=\"height: 18.00pt; width: 124.50pt;\" width=\"124\" height=\"18\">Hersteller<\/td>\n<td class=\"et3\" style=\"width: 214.40pt;\" width=\"214\">Liebevolles Zuhause<\/td>\n<\/tr>\n<tr style=\"height: 18.00pt;\">\n<td class=\"et3\" style=\"height: 18.00pt; width: 124.50pt;\" width=\"124\" height=\"18\">Sammlung Name<\/td>\n<td class=\"et4\" style=\"width: 214.40pt;\" width=\"214\">Fairy Mushroom Kollektion<\/td>\n<\/tr>\n<tr style=\"height: 18.00pt;\">\n<td class=\"et3\" style=\"height: 18.00pt; width: 124.50pt;\" width=\"124\" height=\"18\">Verwendung<\/td>\n<td class=\"et3\" style=\"width: 214.40pt;\" width=\"214\">Haus, Restaurant, Hotel<\/td>\n<\/tr>\n<tr style=\"height: 36.00pt;\">\n<td class=\"et3\" style=\"height: 36.00pt; width: 124.50pt;\" width=\"124\" height=\"36\">Essgeschirr Typ<\/td>\n<td class=\"et3\" style=\"width: 214.40pt;\" width=\"214\">Teekanne, Zuckerkanne, Milchk\u00e4nnchen, Tasse und Untertasse, Tasse, Teller, Sch\u00fcssel, Kuchenst\u00e4nder<\/td>\n<\/tr>\n<tr style=\"height: 18.00pt;\">\n<td class=\"et3\" style=\"height: 18.00pt; width: 124.50pt;\" width=\"124\" height=\"18\">Material<\/td>\n<td class=\"et3\" style=\"width: 214.40pt;\" width=\"214\">Dauerhaftes Porzellan<\/td>\n<\/tr>\n<tr style=\"height: 18.00pt;\">\n<td class=\"et3\" style=\"height: 18.00pt; width: 124.50pt;\" width=\"124\" height=\"18\">Dimension<\/td>\n<td class=\"et3\" style=\"width: 214.40pt;\" width=\"214\">Wie Detailbild<\/td>\n<\/tr>\n<tr style=\"height: 18.00pt;\">\n<td class=\"et3\" style=\"height: 18.00pt; width: 124.50pt;\" width=\"124\" height=\"18\">Verkaufende Einheiten<\/td>\n<td class=\"et3\" style=\"width: 214.40pt;\" width=\"214\">Einzelnes Element<\/td>\n<\/tr>\n<tr style=\"height: 18.00pt;\">\n<td class=\"et3\" style=\"height: 18.00pt; width: 124.50pt;\" width=\"124\" height=\"18\">MOQ<\/td>\n<td class=\"et3\" style=\"width: 214.40pt;\" width=\"214\">1200\/St\u00fcck pro Artikel<\/td>\n<\/tr>\n<tr style=\"height: 18.00pt;\">\n<td class=\"et3\" style=\"height: 18.00pt; width: 124.50pt;\" width=\"124\" height=\"18\">Kundenspezifische Option<\/td>\n<td class=\"et3\" style=\"width: 214.40pt;\" width=\"214\">Farbe\/Gr\u00f6\u00dfe\/Glasur\/Logo\/Verpackung<\/td>\n<\/tr>\n<\/tbody>\n<\/table>","protected":false},"featured_media":3867,"comment_status":"closed","ping_status":"closed","template":"","meta":{"_acf_changed":false},"product_brand":[],"product_cat":[19,52],"product_tag":[37,25,39,27,26],"class_list":{"0":"post-3594","1":"product","2":"type-product","3":"status-publish","4":"has-post-thumbnail","6":"product_cat-dinnerware-wholesale","7":"product_cat-holiday-tableware-supplier","8":"product_tag-bulk-cake-stands","9":"product_tag-wholesale-plates-and-bowls","10":"product_tag-sugar-jars-wholesale","11":"product_tag-wholesale-tea-cups-and-saucers","12":"product_tag-wholesale-teapots","14":"first","15":"instock","16":"shipping-taxable","17":"product-type-simple"},"acf":[],"_links":{"self":[{"href":"https:\/\/www.lovinghomecollection.com\/de\/wp-json\/wp\/v2\/product\/3594","targetHints":{"allow":["GET"]}}],"collection":[{"href":"https:\/\/www.lovinghomecollection.com\/de\/wp-json\/wp\/v2\/product"}],"about":[{"href":"https:\/\/www.lovinghomecollection.com\/de\/wp-json\/wp\/v2\/types\/product"}],"replies":[{"embeddable":true,"href":"https:\/\/www.lovinghomecollection.com\/de\/wp-json\/wp\/v2\/comments?post=3594"}],"wp:featuredmedia":[{"embeddable":true,"href":"https:\/\/www.lovinghomecollection.com\/de\/wp-json\/wp\/v2\/media\/3867"}],"wp:attachment":[{"href":"https:\/\/www.lovinghomecollection.com\/de\/wp-json\/wp\/v2\/media?parent=3594"}],"wp:term":[{"taxonomy":"product_brand","embeddable":true,"href":"https:\/\/www.lovinghomecollection.com\/de\/wp-json\/wp\/v2\/product_brand?post=3594"},{"taxonomy":"product_cat","embeddable":true,"href":"https:\/\/www.lovinghomecollection.com\/de\/wp-json\/wp\/v2\/product_cat?post=3594"},{"taxonomy":"product_tag","embeddable":true,"href":"https:\/\/www.lovinghomecollection.com\/de\/wp-json\/wp\/v2\/product_tag?post=3594"}],"curies":[{"name":"wp","href":"https:\/\/api.w.org\/{rel}","templated":true}]}}