{"id":3560,"date":"2025-05-12T03:08:49","date_gmt":"2025-05-12T03:08:49","guid":{"rendered":"https:\/\/www.lovinghomecollection.com\/?post_type=product&#038;p=3560"},"modified":"2025-05-12T03:08:51","modified_gmt":"2025-05-12T03:08:51","slug":"ceramic-cookie-jars-wholesale","status":"publish","type":"product","link":"https:\/\/www.lovinghomecollection.com\/de\/produkt\/ceramic-cookie-jars-wholesale\/","title":{"rendered":"Keramik-Keks-Gl\u00e4ser Gro\u00dfhandel, Keramik-Kanister f\u00fcr K\u00fcche"},"content":{"rendered":"<div class=\"wp-block-columns is-layout-flex wp-container-core-columns-is-layout-9d6595d7 wp-block-columns-is-layout-flex\">\n<div class=\"wp-block-column is-layout-flow wp-block-column-is-layout-flow\" style=\"flex-basis:60%\">\n<h2 class=\"wp-block-heading\">Premium-Keramik-Keks-Gl\u00e4ser Gro\u00dfhandel Eigenschaften:<\/h2>\n\n\n\n<ul class=\"wp-block-list\">\n<li><strong>Elegante florale und fruchtige Muster erhellen die K\u00fcche: <\/strong>Diese Keramik-Keksdosen aus dem Gro\u00dfhandel haben elegante Blumen- und Fruchtmuster, die eine frische und lebendige Atmosph\u00e4re in die K\u00fcche bringen und zudem sehr funktionell und dekorativ sind.<\/li>\n\n\n\n<li><strong>Bei hohen Temperaturen gebrannte Keramik, gesund und langlebig:<\/strong> Unsere Gro\u00dfhandels-K\u00fcchenkanister sind aus hochwertiger Keramik, die bei hohen Temperaturen gebrannt wird, gut abdichtet und geruchsneutral ist. Sie k\u00f6nnen Trockenwaren wie Kekse, Tee und S\u00fc\u00dfigkeiten sicher aufbewahren.<\/li>\n\n\n\n<li><strong>Klassischer wei\u00dfer Sockel, vielseitige und vielseitige Stile: <\/strong>Diese keramischen Keksdosen Gro\u00dfhandel sind aus wei\u00dfer Basis Glasur mit sch\u00f6nen Designs, die einfach und frisch aussehende, leicht mit modernen, l\u00e4ndlichen, retro und andere Stile der K\u00fcche Dekorationen passen gemacht.<\/li>\n\n\n\n<li><strong>Es sind mehrere Kapazit\u00e4ten verf\u00fcgbar, um unterschiedliche Speicheranforderungen zu erf\u00fcllen: <\/strong>Wir bieten Gro\u00dfhandel K\u00fcche Kanister mit einer Vielzahl von Spezifikationen und Gr\u00f6\u00dfen, die verwendet werden k\u00f6nnen, um verschiedene Arten von trockenen Waren zu verpacken, oder kann als ein Satz, geeignet f\u00fcr den privaten Gebrauch oder Einzelhandel Gro\u00dfhandel abgestimmt werden.<\/li>\n<\/ul>\n<\/div>\n\n\n\n<div class=\"wp-block-column is-layout-flow wp-block-column-is-layout-flow\">\n<figure class=\"wp-block-image size-full\"><img decoding=\"async\" width=\"1200\" height=\"1200\" src=\"https:\/\/www.lovinghomecollection.com\/wp-content\/uploads\/2025\/05\/Ceramic-Cookie-Jars-Wholesale-Ceramic-Canisters-For-Kitchen-2.webp\" alt=\"Keramische Pl\u00e4tzchen Gl\u00e4ser Gro\u00dfhandel, Keramik-Kanister f\u00fcr K\u00fcche-2\" class=\"wp-image-3818\" srcset=\"https:\/\/www.lovinghomecollection.com\/wp-content\/uploads\/2025\/05\/Ceramic-Cookie-Jars-Wholesale-Ceramic-Canisters-For-Kitchen-2.webp 1200w, https:\/\/www.lovinghomecollection.com\/wp-content\/uploads\/2025\/05\/Ceramic-Cookie-Jars-Wholesale-Ceramic-Canisters-For-Kitchen-2-300x300.webp 300w, https:\/\/www.lovinghomecollection.com\/wp-content\/uploads\/2025\/05\/Ceramic-Cookie-Jars-Wholesale-Ceramic-Canisters-For-Kitchen-2-150x150.webp 150w, https:\/\/www.lovinghomecollection.com\/wp-content\/uploads\/2025\/05\/Ceramic-Cookie-Jars-Wholesale-Ceramic-Canisters-For-Kitchen-2-768x768.webp 768w, https:\/\/www.lovinghomecollection.com\/wp-content\/uploads\/2025\/05\/Ceramic-Cookie-Jars-Wholesale-Ceramic-Canisters-For-Kitchen-2-12x12.webp 12w, https:\/\/www.lovinghomecollection.com\/wp-content\/uploads\/2025\/05\/Ceramic-Cookie-Jars-Wholesale-Ceramic-Canisters-For-Kitchen-2-600x600.webp 600w, https:\/\/www.lovinghomecollection.com\/wp-content\/uploads\/2025\/05\/Ceramic-Cookie-Jars-Wholesale-Ceramic-Canisters-For-Kitchen-2-100x100.webp 100w\" sizes=\"(max-width: 1200px) 100vw, 1200px\" \/><\/figure>\n<\/div>\n<\/div>\n\n\n\n<h2 class=\"wp-block-heading has-text-align-center\">Produkt-Display von Jolly Jars Gro\u00dfhandel keramische Kanister<\/h2>\n\n\n\n<div class=\"wp-block-columns is-layout-flex wp-container-core-columns-is-layout-9d6595d7 wp-block-columns-is-layout-flex\">\n<div class=\"wp-block-column is-layout-flow wp-block-column-is-layout-flow\">\n<figure class=\"wp-block-image size-full\"><img decoding=\"async\" width=\"2383\" height=\"2723\" src=\"https:\/\/www.lovinghomecollection.com\/wp-content\/uploads\/2025\/05\/Ceramic-Cookie-Jars-Wholesale-Ceramic-Canisters-For-Kitchen-9.webp\" alt=\"Keramik-Keks-Gl\u00e4ser Gro\u00dfhandel, Keramik-Kanister f\u00fcr K\u00fcche-9\" class=\"wp-image-3825\" srcset=\"https:\/\/www.lovinghomecollection.com\/wp-content\/uploads\/2025\/05\/Ceramic-Cookie-Jars-Wholesale-Ceramic-Canisters-For-Kitchen-9.webp 2383w, https:\/\/www.lovinghomecollection.com\/wp-content\/uploads\/2025\/05\/Ceramic-Cookie-Jars-Wholesale-Ceramic-Canisters-For-Kitchen-9-263x300.webp 263w, https:\/\/www.lovinghomecollection.com\/wp-content\/uploads\/2025\/05\/Ceramic-Cookie-Jars-Wholesale-Ceramic-Canisters-For-Kitchen-9-768x878.webp 768w, https:\/\/www.lovinghomecollection.com\/wp-content\/uploads\/2025\/05\/Ceramic-Cookie-Jars-Wholesale-Ceramic-Canisters-For-Kitchen-9-11x12.webp 11w, https:\/\/www.lovinghomecollection.com\/wp-content\/uploads\/2025\/05\/Ceramic-Cookie-Jars-Wholesale-Ceramic-Canisters-For-Kitchen-9-1200x1371.webp 1200w, https:\/\/www.lovinghomecollection.com\/wp-content\/uploads\/2025\/05\/Ceramic-Cookie-Jars-Wholesale-Ceramic-Canisters-For-Kitchen-9-600x686.webp 600w\" sizes=\"(max-width: 2383px) 100vw, 2383px\" \/><\/figure>\n<\/div>\n\n\n\n<div class=\"wp-block-column is-layout-flow wp-block-column-is-layout-flow\">\n<figure class=\"wp-block-image size-full\"><img decoding=\"async\" width=\"2383\" height=\"2227\" src=\"https:\/\/www.lovinghomecollection.com\/wp-content\/uploads\/2025\/05\/Ceramic-Cookie-Jars-Wholesale-Ceramic-Canisters-For-Kitchen-10.webp\" alt=\"Keramik-Keks-Gl\u00e4ser Gro\u00dfhandel, Keramik-Kanister f\u00fcr K\u00fcche-10\" class=\"wp-image-3826\" srcset=\"https:\/\/www.lovinghomecollection.com\/wp-content\/uploads\/2025\/05\/Ceramic-Cookie-Jars-Wholesale-Ceramic-Canisters-For-Kitchen-10.webp 2383w, https:\/\/www.lovinghomecollection.com\/wp-content\/uploads\/2025\/05\/Ceramic-Cookie-Jars-Wholesale-Ceramic-Canisters-For-Kitchen-10-300x280.webp 300w, https:\/\/www.lovinghomecollection.com\/wp-content\/uploads\/2025\/05\/Ceramic-Cookie-Jars-Wholesale-Ceramic-Canisters-For-Kitchen-10-768x718.webp 768w, https:\/\/www.lovinghomecollection.com\/wp-content\/uploads\/2025\/05\/Ceramic-Cookie-Jars-Wholesale-Ceramic-Canisters-For-Kitchen-10-13x12.webp 13w, https:\/\/www.lovinghomecollection.com\/wp-content\/uploads\/2025\/05\/Ceramic-Cookie-Jars-Wholesale-Ceramic-Canisters-For-Kitchen-10-1200x1121.webp 1200w, https:\/\/www.lovinghomecollection.com\/wp-content\/uploads\/2025\/05\/Ceramic-Cookie-Jars-Wholesale-Ceramic-Canisters-For-Kitchen-10-600x561.webp 600w\" sizes=\"(max-width: 2383px) 100vw, 2383px\" \/><\/figure>\n<\/div>\n<\/div>\n\n\n\n<p><\/p>","protected":false},"excerpt":{"rendered":"<p>Willkommen zum Kauf Gro\u00dfhandel K\u00fcche Kanister. Diese Keramik Keksdosen Gro\u00dfhandel Serie ist elegant in Form und geeignet f\u00fcr die Lagerung von K\u00fcche trockene Waren wie Kekse, getrocknete Fr\u00fcchte und Tee. Nicht nur praktisch, sondern kann auch als K\u00fcchendekoration verwendet werden.<\/p>\n<table style=\"border-collapse: collapse; width: 338.02pt;\" border=\"0\" width=\"338\" cellspacing=\"0\" cellpadding=\"0\">\n<tbody>\n<tr style=\"height: 18.00pt;\">\n<td class=\"et3\" style=\"height: 18.00pt; width: 124.50pt;\" width=\"124\" height=\"18\">Hersteller<\/td>\n<td class=\"et3\" style=\"width: 214.40pt;\" width=\"214\">Liebevolles Zuhause<\/td>\n<\/tr>\n<tr style=\"height: 18.00pt;\">\n<td class=\"et3\" style=\"height: 18.00pt; width: 124.50pt;\" width=\"124\" height=\"18\">Sammlung Name<\/td>\n<td class=\"et4\" style=\"width: 214.40pt;\" width=\"214\">Jolly-Gl\u00e4ser<\/td>\n<\/tr>\n<tr style=\"height: 18.00pt;\">\n<td class=\"et3\" style=\"height: 18.00pt; width: 124.50pt;\" width=\"124\" height=\"18\">Verwendung<\/td>\n<td class=\"et3\" style=\"width: 214.40pt;\" width=\"214\">Haus, Restaurant, Hotel<\/td>\n<\/tr>\n<tr style=\"height: 53.00pt;\">\n<td class=\"et3\" style=\"height: 53.00pt; width: 124.50pt;\" width=\"124\" height=\"53\">Essgeschirr Typ<\/td>\n<td class=\"et3\" style=\"width: 214.40pt;\" width=\"214\">Keramische Kanister<\/td>\n<\/tr>\n<tr style=\"height: 18.00pt;\">\n<td class=\"et3\" style=\"height: 18.00pt; width: 124.50pt;\" width=\"124\" height=\"18\">Material<\/td>\n<td class=\"et3\" style=\"width: 214.40pt;\" width=\"214\">Dauerhaftes Porzellan<\/td>\n<\/tr>\n<tr style=\"height: 18.00pt;\">\n<td class=\"et3\" style=\"height: 18.00pt; width: 124.50pt;\" width=\"124\" height=\"18\">Dimension<\/td>\n<td class=\"et3\" style=\"width: 214.40pt;\" width=\"214\">Wie Detailbild<\/td>\n<\/tr>\n<tr style=\"height: 18.00pt;\">\n<td class=\"et3\" style=\"height: 18.00pt; width: 124.50pt;\" width=\"124\" height=\"18\">Verkaufende Einheiten<\/td>\n<td class=\"et3\" style=\"width: 214.40pt;\" width=\"214\">Einzelnes Element<\/td>\n<\/tr>\n<tr style=\"height: 18.00pt;\">\n<td class=\"et3\" style=\"height: 18.00pt; width: 124.50pt;\" width=\"124\" height=\"18\">MOQ<\/td>\n<td class=\"et3\" style=\"width: 214.40pt;\" width=\"214\">1200\/St\u00fcck pro Artikel<\/td>\n<\/tr>\n<tr style=\"height: 18.00pt;\">\n<td class=\"et3\" style=\"height: 18.00pt; width: 124.50pt;\" width=\"124\" height=\"18\">Kundenspezifische Option<\/td>\n<td class=\"et3\" style=\"width: 214.40pt;\" width=\"214\">Farbe\/Gr\u00f6\u00dfe\/Glasur\/Logo\/Verpackung<\/td>\n<\/tr>\n<\/tbody>\n<\/table>","protected":false},"featured_media":3824,"comment_status":"closed","ping_status":"closed","template":"","meta":{"_acf_changed":false},"product_brand":[],"product_cat":[18],"product_tag":[39],"class_list":{"0":"post-3560","1":"product","2":"type-product","3":"status-publish","4":"has-post-thumbnail","6":"product_cat-ceramic-kitchenware-wholesale","7":"product_tag-sugar-jars-wholesale","9":"first","10":"instock","11":"shipping-taxable","12":"product-type-simple"},"acf":[],"_links":{"self":[{"href":"https:\/\/www.lovinghomecollection.com\/de\/wp-json\/wp\/v2\/product\/3560","targetHints":{"allow":["GET"]}}],"collection":[{"href":"https:\/\/www.lovinghomecollection.com\/de\/wp-json\/wp\/v2\/product"}],"about":[{"href":"https:\/\/www.lovinghomecollection.com\/de\/wp-json\/wp\/v2\/types\/product"}],"replies":[{"embeddable":true,"href":"https:\/\/www.lovinghomecollection.com\/de\/wp-json\/wp\/v2\/comments?post=3560"}],"wp:featuredmedia":[{"embeddable":true,"href":"https:\/\/www.lovinghomecollection.com\/de\/wp-json\/wp\/v2\/media\/3824"}],"wp:attachment":[{"href":"https:\/\/www.lovinghomecollection.com\/de\/wp-json\/wp\/v2\/media?parent=3560"}],"wp:term":[{"taxonomy":"product_brand","embeddable":true,"href":"https:\/\/www.lovinghomecollection.com\/de\/wp-json\/wp\/v2\/product_brand?post=3560"},{"taxonomy":"product_cat","embeddable":true,"href":"https:\/\/www.lovinghomecollection.com\/de\/wp-json\/wp\/v2\/product_cat?post=3560"},{"taxonomy":"product_tag","embeddable":true,"href":"https:\/\/www.lovinghomecollection.com\/de\/wp-json\/wp\/v2\/product_tag?post=3560"}],"curies":[{"name":"wp","href":"https:\/\/api.w.org\/{rel}","templated":true}]}}