{"id":3537,"date":"2025-05-12T07:36:23","date_gmt":"2025-05-12T07:36:23","guid":{"rendered":"https:\/\/www.lovinghomecollection.com\/?post_type=product&#038;p=3537"},"modified":"2025-06-05T03:43:22","modified_gmt":"2025-06-05T03:43:22","slug":"wholesale-ceramic-dinner-set","status":"publish","type":"product","link":"https:\/\/www.lovinghomecollection.com\/de\/produkt\/wholesale-ceramic-dinner-set\/","title":{"rendered":"Pastell Farbe Gro\u00dfhandel keramischen Abendessen Set, Teller Schalen Tassen"},"content":{"rendered":"<div class=\"wp-block-columns is-layout-flex wp-container-core-columns-is-layout-9d6595d7 wp-block-columns-is-layout-flex\">\n<div class=\"wp-block-column is-layout-flow wp-block-column-is-layout-flow\" style=\"flex-basis:60%\">\n<h2 class=\"wp-block-heading\">Premium Gro\u00dfhandel Keramik Abendessen Set Features:<\/h2>\n\n\n\n<ul class=\"wp-block-list\">\n<li><strong>Sanfte Macaron-Farbgebung, die einen heilsamen Esstisch schafft: <\/strong>Dieses Gro\u00dfhandels-Keramikgeschirr verwendet frische und sanfte Pastellfarben wie Hellrosa, Mintgr\u00fcn, Himmelblau usw., um eine warme und gem\u00fctliche Essatmosph\u00e4re zu schaffen, die bei jungen Verbrauchern sehr beliebt ist.<\/li>\n\n\n\n<li><strong>Vollst\u00e4ndige Ausstattung f\u00fcr den t\u00e4glichen Essensbedarf: <\/strong>Unser Massengeschirr umfasst Basisgeschirr wie Teller, Sch\u00fcsseln, Tassen usw. in verschiedenen Gr\u00f6\u00dfen, geeignet f\u00fcr Fr\u00fchst\u00fcck, Hauptmahlzeiten, Nachmittagstee und andere Anl\u00e4sse.<\/li>\n\n\n\n<li><strong>Bei hohen Temperaturen gebrannte Keramik, gesund und langlebig: <\/strong>Unser Gro\u00dfhandels-Keramikgeschirr besteht aus hochwertigem Keramikmaterial, das bei hoher Temperatur gebrannt wird, keine sch\u00e4dlichen Stoffe enth\u00e4lt, robust und langlebig ist und nicht leicht Ger\u00fcche annimmt. Es ist f\u00fcr den privaten und kommerziellen Einsatz in der Gastronomie geeignet.<\/li>\n\n\n\n<li><strong>Es stehen mehrere Farbkombinationen zur Verf\u00fcgung, und eine individuelle Anpassung durch Mischung und Anpassung wird unterst\u00fctzt: <\/strong>Dieses Geschirr in loser Sch\u00fcttung hat eine Vielzahl von Farben, die frei kombiniert und aufeinander abgestimmt werden k\u00f6nnen, und unterst\u00fctzt auch OEM\/ODM-Anpassungsdienste, die f\u00fcr die Markenbeschaffung, die Entwicklung von Geschenksets und den Gro\u00dfhandelsvertrieb geeignet sind.<\/li>\n<\/ul>\n<\/div>\n\n\n\n<div class=\"wp-block-column is-layout-flow wp-block-column-is-layout-flow\">\n<figure class=\"wp-block-image size-full\"><img decoding=\"async\" width=\"1200\" height=\"1200\" src=\"https:\/\/www.lovinghomecollection.com\/wp-content\/uploads\/2025\/05\/Pastel-Color-Wholesale-Ceramic-Dinner-Set-Plates-Bowls-Cups-2.webp\" alt=\"Pastell Farbe Gro\u00dfhandel keramische Abendessen Set, Teller Schalen Tassen-2\" class=\"wp-image-3841\" srcset=\"https:\/\/www.lovinghomecollection.com\/wp-content\/uploads\/2025\/05\/Pastel-Color-Wholesale-Ceramic-Dinner-Set-Plates-Bowls-Cups-2.webp 1200w, https:\/\/www.lovinghomecollection.com\/wp-content\/uploads\/2025\/05\/Pastel-Color-Wholesale-Ceramic-Dinner-Set-Plates-Bowls-Cups-2-300x300.webp 300w, https:\/\/www.lovinghomecollection.com\/wp-content\/uploads\/2025\/05\/Pastel-Color-Wholesale-Ceramic-Dinner-Set-Plates-Bowls-Cups-2-150x150.webp 150w, https:\/\/www.lovinghomecollection.com\/wp-content\/uploads\/2025\/05\/Pastel-Color-Wholesale-Ceramic-Dinner-Set-Plates-Bowls-Cups-2-768x768.webp 768w, https:\/\/www.lovinghomecollection.com\/wp-content\/uploads\/2025\/05\/Pastel-Color-Wholesale-Ceramic-Dinner-Set-Plates-Bowls-Cups-2-12x12.webp 12w, https:\/\/www.lovinghomecollection.com\/wp-content\/uploads\/2025\/05\/Pastel-Color-Wholesale-Ceramic-Dinner-Set-Plates-Bowls-Cups-2-600x600.webp 600w, https:\/\/www.lovinghomecollection.com\/wp-content\/uploads\/2025\/05\/Pastel-Color-Wholesale-Ceramic-Dinner-Set-Plates-Bowls-Cups-2-100x100.webp 100w\" sizes=\"(max-width: 1200px) 100vw, 1200px\" \/><\/figure>\n<\/div>\n<\/div>\n\n\n\n<h2 class=\"wp-block-heading has-text-align-center\">Produkt-Display von Luna Pastell Gro\u00dfhandel keramische Abendessen Set<\/h2>\n\n\n\n<div class=\"wp-block-columns is-layout-flex wp-container-core-columns-is-layout-9d6595d7 wp-block-columns-is-layout-flex\">\n<div class=\"wp-block-column is-layout-flow wp-block-column-is-layout-flow\">\n<figure class=\"wp-block-image size-full\"><img decoding=\"async\" width=\"2406\" height=\"2482\" src=\"https:\/\/www.lovinghomecollection.com\/wp-content\/uploads\/2025\/05\/Pastel-Color-Wholesale-Ceramic-Dinner-Set-Plates-Bowls-Cups-9.webp\" alt=\"Pastell Farbe Gro\u00dfhandel keramische Abendessen Set, Teller Schalen Tassen-9\" class=\"wp-image-3848\" srcset=\"https:\/\/www.lovinghomecollection.com\/wp-content\/uploads\/2025\/05\/Pastel-Color-Wholesale-Ceramic-Dinner-Set-Plates-Bowls-Cups-9.webp 2406w, https:\/\/www.lovinghomecollection.com\/wp-content\/uploads\/2025\/05\/Pastel-Color-Wholesale-Ceramic-Dinner-Set-Plates-Bowls-Cups-9-291x300.webp 291w, https:\/\/www.lovinghomecollection.com\/wp-content\/uploads\/2025\/05\/Pastel-Color-Wholesale-Ceramic-Dinner-Set-Plates-Bowls-Cups-9-768x792.webp 768w, https:\/\/www.lovinghomecollection.com\/wp-content\/uploads\/2025\/05\/Pastel-Color-Wholesale-Ceramic-Dinner-Set-Plates-Bowls-Cups-9-12x12.webp 12w, https:\/\/www.lovinghomecollection.com\/wp-content\/uploads\/2025\/05\/Pastel-Color-Wholesale-Ceramic-Dinner-Set-Plates-Bowls-Cups-9-1200x1238.webp 1200w, https:\/\/www.lovinghomecollection.com\/wp-content\/uploads\/2025\/05\/Pastel-Color-Wholesale-Ceramic-Dinner-Set-Plates-Bowls-Cups-9-600x619.webp 600w\" sizes=\"(max-width: 2406px) 100vw, 2406px\" \/><\/figure>\n<\/div>\n\n\n\n<div class=\"wp-block-column is-layout-flow wp-block-column-is-layout-flow\">\n<figure class=\"wp-block-image size-full\"><img decoding=\"async\" width=\"2406\" height=\"2098\" src=\"https:\/\/www.lovinghomecollection.com\/wp-content\/uploads\/2025\/05\/Pastel-Color-Wholesale-Ceramic-Dinner-Set-Plates-Bowls-Cups-10.webp\" alt=\"Pastell Farbe Gro\u00dfhandel keramische Abendessen Set, Teller Schalen Tassen-10\" class=\"wp-image-3849\" srcset=\"https:\/\/www.lovinghomecollection.com\/wp-content\/uploads\/2025\/05\/Pastel-Color-Wholesale-Ceramic-Dinner-Set-Plates-Bowls-Cups-10.webp 2406w, https:\/\/www.lovinghomecollection.com\/wp-content\/uploads\/2025\/05\/Pastel-Color-Wholesale-Ceramic-Dinner-Set-Plates-Bowls-Cups-10-300x262.webp 300w, https:\/\/www.lovinghomecollection.com\/wp-content\/uploads\/2025\/05\/Pastel-Color-Wholesale-Ceramic-Dinner-Set-Plates-Bowls-Cups-10-768x670.webp 768w, https:\/\/www.lovinghomecollection.com\/wp-content\/uploads\/2025\/05\/Pastel-Color-Wholesale-Ceramic-Dinner-Set-Plates-Bowls-Cups-10-14x12.webp 14w, https:\/\/www.lovinghomecollection.com\/wp-content\/uploads\/2025\/05\/Pastel-Color-Wholesale-Ceramic-Dinner-Set-Plates-Bowls-Cups-10-1200x1046.webp 1200w, https:\/\/www.lovinghomecollection.com\/wp-content\/uploads\/2025\/05\/Pastel-Color-Wholesale-Ceramic-Dinner-Set-Plates-Bowls-Cups-10-600x523.webp 600w\" sizes=\"(max-width: 2406px) 100vw, 2406px\" \/><\/figure>\n<\/div>\n<\/div>\n\n\n\n<p><\/p>","protected":false},"excerpt":{"rendered":"<p>Willkommen zum Kauf von Gro\u00dfhandelsgeschirr. Diese Morandi-Farbgeschirrserie umfasst eine Vielzahl von Sch\u00fcsseln, Tellern und Utensilien. Sie ist in drei eleganten Farben erh\u00e4ltlich: beige, hellgr\u00fcn und rosa. Sie verbindet modernes Design mit Sch\u00f6nheit und Zweckm\u00e4\u00dfigkeit. Es besteht aus hochwertigem Keramikmaterial, das robust und langlebig ist. Es eignet sich f\u00fcr t\u00e4gliche Familienessen und Bankette und wertet den gesamten Stil des Esstisches auf.<\/p>\n<table style=\"border-collapse: collapse; width: 338.02pt;\" border=\"0\" width=\"338\" cellspacing=\"0\" cellpadding=\"0\">\n<tbody>\n<tr style=\"height: 18.00pt;\">\n<td class=\"et3\" style=\"height: 18.00pt; width: 124.50pt;\" width=\"124\" height=\"18\">Hersteller<\/td>\n<td class=\"et3\" style=\"width: 214.40pt;\" width=\"214\">Liebevolles Zuhause<\/td>\n<\/tr>\n<tr style=\"height: 18.00pt;\">\n<td class=\"et3\" style=\"height: 18.00pt; width: 124.50pt;\" width=\"124\" height=\"18\">Sammlung Name<\/td>\n<td class=\"et4\" style=\"width: 214.40pt;\" width=\"214\">Luna Pastell<\/td>\n<\/tr>\n<tr style=\"height: 18.00pt;\">\n<td class=\"et3\" style=\"height: 18.00pt; width: 124.50pt;\" width=\"124\" height=\"18\">Verwendung<\/td>\n<td class=\"et3\" style=\"width: 214.40pt;\" width=\"214\">Haus, Restaurant, Hotel<\/td>\n<\/tr>\n<tr style=\"height: 106.00pt;\">\n<td class=\"et3\" style=\"height: 106.00pt; width: 124.50pt;\" width=\"124\" height=\"106\">Essgeschirr Typ<\/td>\n<td class=\"et3\" style=\"width: 214.40pt;\" width=\"214\">Teekanne, Zuckertopf, Milchk\u00e4nnchen, Tasse und Untertasse, Becher, Teller, Sch\u00fcssel, Vorratsglas, Butterdose, K\u00e4sebrett, \u00d6lflasche, Olivenschale, Tapas-Set, Werkzeug, Halter, Kuchenst\u00e4nder, Eierbecher<\/td>\n<\/tr>\n<tr style=\"height: 18.00pt;\">\n<td class=\"et3\" style=\"height: 18.00pt; width: 124.50pt;\" width=\"124\" height=\"18\">Material<\/td>\n<td class=\"et3\" style=\"width: 214.40pt;\" width=\"214\">Dauerhaftes Porzellan<\/td>\n<\/tr>\n<tr style=\"height: 18.00pt;\">\n<td class=\"et3\" style=\"height: 18.00pt; width: 124.50pt;\" width=\"124\" height=\"18\">Dimension<\/td>\n<td class=\"et3\" style=\"width: 214.40pt;\" width=\"214\">Wie Detailbild<\/td>\n<\/tr>\n<tr style=\"height: 18.00pt;\">\n<td class=\"et3\" style=\"height: 18.00pt; width: 124.50pt;\" width=\"124\" height=\"18\">Verkaufende Einheiten<\/td>\n<td class=\"et3\" style=\"width: 214.40pt;\" width=\"214\">Einzelnes Element<\/td>\n<\/tr>\n<tr style=\"height: 18.00pt;\">\n<td class=\"et3\" style=\"height: 18.00pt; width: 124.50pt;\" width=\"124\" height=\"18\">MOQ<\/td>\n<td class=\"et3\" style=\"width: 214.40pt;\" width=\"214\">1200\/St\u00fcck pro Artikel<\/td>\n<\/tr>\n<tr style=\"height: 18.00pt;\">\n<td class=\"et3\" style=\"height: 18.00pt; width: 124.50pt;\" width=\"124\" height=\"18\">Kundenspezifische Option<\/td>\n<td class=\"et3\" style=\"width: 214.40pt;\" width=\"214\">Farbe\/Gr\u00f6\u00dfe\/Glasur\/Logo\/Verpackung<\/td>\n<\/tr>\n<\/tbody>\n<\/table>","protected":false},"featured_media":3845,"comment_status":"closed","ping_status":"closed","template":"","meta":{"_acf_changed":false},"product_brand":[],"product_cat":[19],"product_tag":[40,25,41,39,27,26],"class_list":{"0":"post-3537","1":"product","2":"type-product","3":"status-publish","4":"has-post-thumbnail","6":"product_cat-dinnerware-wholesale","7":"product_tag-oil-bottles-wholesale","8":"product_tag-wholesale-plates-and-bowls","9":"product_tag-salt-and-pepper-shakers-bulk","10":"product_tag-sugar-jars-wholesale","11":"product_tag-wholesale-tea-cups-and-saucers","12":"product_tag-wholesale-teapots","14":"first","15":"instock","16":"shipping-taxable","17":"product-type-simple"},"acf":[],"_links":{"self":[{"href":"https:\/\/www.lovinghomecollection.com\/de\/wp-json\/wp\/v2\/product\/3537","targetHints":{"allow":["GET"]}}],"collection":[{"href":"https:\/\/www.lovinghomecollection.com\/de\/wp-json\/wp\/v2\/product"}],"about":[{"href":"https:\/\/www.lovinghomecollection.com\/de\/wp-json\/wp\/v2\/types\/product"}],"replies":[{"embeddable":true,"href":"https:\/\/www.lovinghomecollection.com\/de\/wp-json\/wp\/v2\/comments?post=3537"}],"wp:featuredmedia":[{"embeddable":true,"href":"https:\/\/www.lovinghomecollection.com\/de\/wp-json\/wp\/v2\/media\/3845"}],"wp:attachment":[{"href":"https:\/\/www.lovinghomecollection.com\/de\/wp-json\/wp\/v2\/media?parent=3537"}],"wp:term":[{"taxonomy":"product_brand","embeddable":true,"href":"https:\/\/www.lovinghomecollection.com\/de\/wp-json\/wp\/v2\/product_brand?post=3537"},{"taxonomy":"product_cat","embeddable":true,"href":"https:\/\/www.lovinghomecollection.com\/de\/wp-json\/wp\/v2\/product_cat?post=3537"},{"taxonomy":"product_tag","embeddable":true,"href":"https:\/\/www.lovinghomecollection.com\/de\/wp-json\/wp\/v2\/product_tag?post=3537"}],"curies":[{"name":"wp","href":"https:\/\/api.w.org\/{rel}","templated":true}]}}